{"id":4861,"date":"2025-07-24T17:38:18","date_gmt":"2025-07-24T09:38:18","guid":{"rendered":"https:\/\/theperfumebottles.com\/?post_type=product&#038;p=4861"},"modified":"2026-04-01T14:02:53","modified_gmt":"2026-04-01T06:02:53","slug":"cream-storage-jars-empty-skincare-containers-wholesale","status":"publish","type":"product","link":"https:\/\/theperfumebottles.com\/ro\/produs\/cream-storage-jars-empty-skincare-containers-wholesale\/","title":{"rendered":"Borcane de depozitare a cremei de 28 g \u2013 Recipiente goale pentru \u00eengrijirea pielii, en-gros"},"content":{"rendered":"<p>Borcanele pentru depozitarea cremei au un design cilindric compact, disponibil \u00een dou\u0103 variante de sticl\u0103: sticl\u0103 mat\u0103 moale \u0219i sticl\u0103 transparent\u0103 cristalin\u0103. Borcanul mat\u0103 are un capac cu filet din metal argintiu, \u00een timp ce borcanul transparent are un capac din metal auriu.<\/p>\n<h2><span class=\"highlights\" data-v-df95d256=\"\">Specifica\u021bii cheie <\/span><\/h2>\n<table style=\"border-collapse: collapse; width: 600px; height: 81px; margin-left: 320px;\" border=\"0\" width=\"144\" cellspacing=\"0\" cellpadding=\"0\">\n<tbody>\n<tr style=\"height: 13.50pt;\">\n<td style=\"height: 13.50pt; width: 54.00pt;\" width=\"72\" height=\"18\">Caracteristic\u0103<\/td>\n<td style=\"width: 54.00pt;\" width=\"72\">Detaliu<\/td>\n<\/tr>\n<tr style=\"height: 13.50pt;\">\n<td style=\"height: 13.50pt;\" height=\"18\">Capacitate<\/td>\n<td>30 ml (1 uncie)<\/td>\n<\/tr>\n<tr style=\"height: 13.50pt;\">\n<td style=\"height: 13.50pt;\" height=\"18\">Form\u0103<\/td>\n<td>Laturi drepte<\/td>\n<\/tr>\n<tr style=\"height: 13.50pt;\">\n<td style=\"height: 13.50pt;\" height=\"18\">Mecanism de etan\u0219are<\/td>\n<td>Capac metalic filetat (personalizabil)<\/td>\n<\/tr>\n<tr style=\"height: 13.50pt;\">\n<td style=\"height: 13.50pt;\" height=\"18\">Material<\/td>\n<td>Sticl\u0103 de cristal<\/td>\n<\/tr>\n<tr style=\"height: 13.50pt;\">\n<td style=\"height: 13.50pt;\" height=\"18\">Culoare<\/td>\n<td>\u00cenghe\u021bat<\/td>\n<\/tr>\n<tr style=\"height: 13.50pt;\">\n<td style=\"height: 13.50pt;\" height=\"18\">Cazuri de utilizare<\/td>\n<td>Crem\u0103 de fa\u021b\u0103, crem\u0103 de corp, crem\u0103 de ochi, crem\u0103 de buze<\/td>\n<\/tr>\n<\/tbody>\n<\/table>\n<h2>Poveste de succes: Comand\u0103 personalizat\u0103 de la un brand de produse de \u00eengrijire a pielii de lux din Emiratele Arabe Unite<\/h2>\n<p>Un brand de produse de \u00eengrijire a pielii cu sediul \u00een Dubai a selectat recipientele noastre goale de 50 ml pentru \u00eengrijirea pielii \u0219i a personalizat capacele din argint placate cu aur de 24K \u0219i aur roz. Rezultatul a fost uimitor, deoarece tema metalelor pre\u021bioase s-a potrivit cu pozi\u021bionarea de lux a brandului, ceea ce a contribuit la cre\u0219terea v\u00e2nz\u0103rilor de cutii cadou pentru sezonul de s\u0103rb\u0103tori cu 60%. Capacele metalice etan\u0219e au prelungit durata de valabilitate a cremelor lor pe baz\u0103 de plante cu 30%. Succesul imens al brandului a dus la o comand\u0103 suplimentar\u0103 de 300.000 de recipiente pentru a produce o nou\u0103 linie de uleiuri \u0219i seruri faciale.<\/p>\n<h2><span class=\"highlights\" data-v-df95d256=\"\"> Sfat pentru personalizare<\/span><\/h2>\n<ul>\n<li><span class=\"highlights\" data-v-df95d256=\"\"><strong>Op\u021biuni de culoare:<\/strong> \u00cenlocui\u021bi sticla mat\u0103 cu sticl\u0103 transparent\u0103 sau chihlimbar pentru colec\u021biile sezoniere. <\/span><\/li>\n<li><span class=\"highlights\" data-v-df95d256=\"\"><strong>\u00cembun\u0103t\u0103\u021biri ale capacului:<\/strong> Adaug\u0103 o \u00eenchidere magnetic\u0103 pentru o experien\u021b\u0103 de top cu sticla. <\/span><\/li>\n<li><span class=\"highlights\" data-v-df95d256=\"\"><strong>R\u0103sturnare ecologic\u0103:<\/strong> Asocia\u021bi recipientele goale pentru produse de \u00eengrijire a pielii cu etichete biodegradabile sau cerneluri pe baz\u0103 de plante pentru a v\u0103 alinia cu tendin\u021bele \u00een materie de ambalaje sustenabile pentru produse cosmetice.<\/span><\/li>\n<\/ul>","protected":false},"excerpt":{"rendered":"<p>Borcane premium pentru depozitarea cremelor, din sticl\u0103 mat\u0103 \u0219i transparent\u0103. Recipiente goale pentru \u00eengrijirea pielii, cu capace aurii \u0219i argintii, perfecte pentru ambalarea produselor cosmetice de \u00eenalt\u0103 calitate. Mostre gratuite.<\/p>","protected":false},"featured_media":4862,"comment_status":"open","ping_status":"closed","template":"","meta":{"_acf_changed":false,"site-sidebar-layout":"default","site-content-layout":"","ast-site-content-layout":"default","site-content-style":"default","site-sidebar-style":"default","ast-global-header-display":"","ast-banner-title-visibility":"","ast-main-header-display":"","ast-hfb-above-header-display":"","ast-hfb-below-header-display":"","ast-hfb-mobile-header-display":"","site-post-title":"","ast-breadcrumbs-content":"","ast-featured-img":"","footer-sml-layout":"","ast-disable-related-posts":"","theme-transparent-header-meta":"default","adv-header-id-meta":"","stick-header-meta":"","header-above-stick-meta":"","header-main-stick-meta":"","header-below-stick-meta":"","astra-migrate-meta-layouts":"set","ast-page-background-enabled":"default","ast-page-background-meta":{"desktop":{"background-color":"var(--ast-global-color-5)","background-image":"","background-repeat":"repeat","background-position":"center center","background-size":"auto","background-attachment":"scroll","background-type":"","background-media":"","overlay-type":"","overlay-color":"","overlay-opacity":"","overlay-gradient":""},"tablet":{"background-color":"","background-image":"","background-repeat":"repeat","background-position":"center center","background-size":"auto","background-attachment":"scroll","background-type":"","background-media":"","overlay-type":"","overlay-color":"","overlay-opacity":"","overlay-gradient":""},"mobile":{"background-color":"","background-image":"","background-repeat":"repeat","background-position":"center center","background-size":"auto","background-attachment":"scroll","background-type":"","background-media":"","overlay-type":"","overlay-color":"","overlay-opacity":"","overlay-gradient":""}},"ast-content-background-meta":{"desktop":{"background-color":"var(--ast-global-color-4)","background-image":"","background-repeat":"repeat","background-position":"center center","background-size":"auto","background-attachment":"scroll","background-type":"","background-media":"","overlay-type":"","overlay-color":"","overlay-opacity":"","overlay-gradient":""},"tablet":{"background-color":"var(--ast-global-color-4)","background-image":"","background-repeat":"repeat","background-position":"center center","background-size":"auto","background-attachment":"scroll","background-type":"","background-media":"","overlay-type":"","overlay-color":"","overlay-opacity":"","overlay-gradient":""},"mobile":{"background-color":"var(--ast-global-color-4)","background-image":"","background-repeat":"repeat","background-position":"center center","background-size":"auto","background-attachment":"scroll","background-type":"","background-media":"","overlay-type":"","overlay-color":"","overlay-opacity":"","overlay-gradient":""}}},"product_brand":[],"product_cat":[56,62,72],"product_tag":[181,182],"class_list":{"0":"post-4861","1":"product","2":"type-product","3":"status-publish","4":"has-post-thumbnail","6":"product_cat-cosmetic-jars","7":"product_cat-cosmetic-containers","8":"product_cat-cosmetic-packaging","9":"product_tag-cream-storage-jars","10":"product_tag-empty-skincare-containers","11":"desktop-align-left","12":"tablet-align-left","13":"mobile-align-left","15":"first","16":"instock","17":"shipping-taxable","18":"product-type-simple"},"acf":[],"jetpack_sharing_enabled":true,"_links":{"self":[{"href":"https:\/\/theperfumebottles.com\/ro\/wp-json\/wp\/v2\/product\/4861","targetHints":{"allow":["GET"]}}],"collection":[{"href":"https:\/\/theperfumebottles.com\/ro\/wp-json\/wp\/v2\/product"}],"about":[{"href":"https:\/\/theperfumebottles.com\/ro\/wp-json\/wp\/v2\/types\/product"}],"replies":[{"embeddable":true,"href":"https:\/\/theperfumebottles.com\/ro\/wp-json\/wp\/v2\/comments?post=4861"}],"wp:featuredmedia":[{"embeddable":true,"href":"https:\/\/theperfumebottles.com\/ro\/wp-json\/wp\/v2\/media\/4862"}],"wp:attachment":[{"href":"https:\/\/theperfumebottles.com\/ro\/wp-json\/wp\/v2\/media?parent=4861"}],"wp:term":[{"taxonomy":"product_brand","embeddable":true,"href":"https:\/\/theperfumebottles.com\/ro\/wp-json\/wp\/v2\/product_brand?post=4861"},{"taxonomy":"product_cat","embeddable":true,"href":"https:\/\/theperfumebottles.com\/ro\/wp-json\/wp\/v2\/product_cat?post=4861"},{"taxonomy":"product_tag","embeddable":true,"href":"https:\/\/theperfumebottles.com\/ro\/wp-json\/wp\/v2\/product_tag?post=4861"}],"curies":[{"name":"wp","href":"https:\/\/api.w.org\/{rel}","templated":true}]}}