{"id":4911,"date":"2025-07-25T17:51:40","date_gmt":"2025-07-25T09:51:40","guid":{"rendered":"https:\/\/theperfumebottles.com\/?post_type=product&#038;p=4911"},"modified":"2026-05-05T13:15:47","modified_gmt":"2026-05-05T05:15:47","slug":"beauty-cream-jars-with-lids-for-cosmetic-wholesale","status":"publish","type":"product","link":"https:\/\/theperfumebottles.com\/ro\/produs\/beauty-cream-jars-with-lids-for-cosmetic-wholesale\/","title":{"rendered":"5g \u2013 80g Beauty Cream Jars with Lids for Cosmetic Wholesale"},"content":{"rendered":"<p>Aceste borcane pentru crem\u0103 de \u00eenfrumuse\u021bare au un design cilindric \u0219i sunt fabricate din sticl\u0103 chihlimbar bogat\u0103, cu un capac negru lucios. Sunt disponibile \u00een diferite dimensiuni, de la borcane mici pentru mostre p\u00e2n\u0103 la recipiente mari \u0219i de mare capacitate.<\/p>\n<h2>Specifica\u021bii cheie<\/h2>\n<p>&nbsp;<\/p>\n<table style=\"border-collapse: collapse; width: 80%; height: 131px; margin-left: auto; margin-right: auto;\" border=\"0\" width=\"144\" cellspacing=\"0\" cellpadding=\"0\">\n<tbody>\n<tr style=\"height: 13.50pt;\">\n<td style=\"height: 13.5pt; width: 54pt; text-align: center;\" width=\"72\" height=\"18\">Atribut<\/td>\n<td style=\"width: 54pt; text-align: center;\" width=\"72\">Detalii<\/td>\n<\/tr>\n<tr style=\"height: 13.50pt;\">\n<td style=\"height: 13.5pt; text-align: center;\" height=\"18\">Capacity(g)<\/td>\n<td style=\"text-align: center;\">5, 8, 15, 30, 40, 50, 80<\/td>\n<\/tr>\n<tr style=\"height: 13.50pt;\">\n<td style=\"height: 13.5pt; text-align: center;\" height=\"18\">Mecanism de etan\u0219are<\/td>\n<td style=\"text-align: center;\">G\u00e2t filetat + capac metalic (personalizabil)<\/td>\n<\/tr>\n<tr style=\"height: 13.50pt;\">\n<td style=\"height: 13.5pt; text-align: center;\" height=\"18\">Form\u0103<\/td>\n<td style=\"text-align: center;\">Rund\u0103<\/td>\n<\/tr>\n<tr style=\"height: 13.50pt;\">\n<td style=\"height: 13.5pt; text-align: center;\" height=\"18\">Material<\/td>\n<td style=\"text-align: center;\">Sticl\u0103 de cristal<\/td>\n<\/tr>\n<tr style=\"height: 13.50pt;\">\n<td style=\"height: 13.5pt; text-align: center;\" height=\"18\">Culoare<\/td>\n<td style=\"text-align: center;\">Chihlimbar (culori personalizate disponibile)<\/td>\n<\/tr>\n<tr style=\"height: 13.50pt;\">\n<td style=\"height: 13.5pt; text-align: center;\" height=\"18\">Caz de utilizare<\/td>\n<td style=\"text-align: center;\">Ambalaj crem\u0103, masc\u0103 \u0219i unguent pentru ochi<\/td>\n<\/tr>\n<\/tbody>\n<\/table>\n<h2>Poveste de succes<\/h2>\n<p>O companie de \u00eengrijire a pielii din domeniul s\u0103n\u0103t\u0103\u021bii a ales recipientele noastre cosmetice rotunde de culoarea chihlimbarului, cu capac \u0219i capac de 15 g, cu numere de etape (1-4), serigrafiate \u0219i cu sigilii de siguran\u021b\u0103 create la comand\u0103. Protec\u021bia UV, extrem de important\u0103, a crescut durata de valabilitate a formulei cu 40 de ori. Acest sistem complet de \u00eengrijire a dus, de asemenea, la o cre\u0219tere cu 30% a num\u0103rului de persoane care au cump\u0103rat setul complet, fa\u021b\u0103 de achizi\u021bionarea unui singur produs. Succesul m\u0103rcii a dus la comandarea a 1,5 milioane de recipiente suplimentare pentru ambalarea noii sale linii de produse de \u00eengrijire post-operatorie \u0219i a cremei de protec\u021bie solar\u0103.<\/p>\n<h2>Sfaturi pentru personalizare<\/h2>\n<ul>\n<li><strong>Contrast de culoare:<\/strong> Asorteaz\u0103 sticla chihlimbar\u0103 cu etichete aurii sau albe pentru un aspect de lux.<\/li>\n<li><strong>Compatibilitate cu cea\u021b\u0103 fin\u0103:<\/strong> Ad\u0103uga\u021bi o pomp\u0103 sau un pipet\u0103 pentru un anumit software.<\/li>\n<li><strong>Textur\u0103 \u0219i design tactil:<\/strong> Ad\u0103uga\u021bi modele \u00een relief sau texturi \u00een relief pe borcanul de sticl\u0103 pentru a \u00eenfrumuse\u021ba aderen\u021ba \u0219i a spori \u00eenc\u00e2ntarea vizual\u0103.<\/li>\n<\/ul>","protected":false},"excerpt":{"rendered":"<p data-spm-anchor-id=\"5176.28103460.0.i4.29ab1db8t1fv9E\">Borcane pentru crem\u0103 de \u00eenfrumuse\u021bare din sticl\u0103 chihlimbar\u0103, de la 5g la 80g, cu capace negre elegante. Recipientele cosmetice cu capac asigur\u0103 protec\u021bie UV \u0219i prospe\u021bime. Mostre gratuite disponibile.<\/p>","protected":false},"featured_media":7784,"comment_status":"open","ping_status":"closed","template":"","meta":{"_acf_changed":false,"site-sidebar-layout":"default","site-content-layout":"","ast-site-content-layout":"default","site-content-style":"default","site-sidebar-style":"default","ast-global-header-display":"","ast-banner-title-visibility":"","ast-main-header-display":"","ast-hfb-above-header-display":"","ast-hfb-below-header-display":"","ast-hfb-mobile-header-display":"","site-post-title":"","ast-breadcrumbs-content":"","ast-featured-img":"","footer-sml-layout":"","ast-disable-related-posts":"","theme-transparent-header-meta":"default","adv-header-id-meta":"","stick-header-meta":"","header-above-stick-meta":"","header-main-stick-meta":"","header-below-stick-meta":"","astra-migrate-meta-layouts":"set","ast-page-background-enabled":"default","ast-page-background-meta":{"desktop":{"background-color":"var(--ast-global-color-5)","background-image":"","background-repeat":"repeat","background-position":"center center","background-size":"auto","background-attachment":"scroll","background-type":"","background-media":"","overlay-type":"","overlay-color":"","overlay-opacity":"","overlay-gradient":""},"tablet":{"background-color":"","background-image":"","background-repeat":"repeat","background-position":"center center","background-size":"auto","background-attachment":"scroll","background-type":"","background-media":"","overlay-type":"","overlay-color":"","overlay-opacity":"","overlay-gradient":""},"mobile":{"background-color":"","background-image":"","background-repeat":"repeat","background-position":"center center","background-size":"auto","background-attachment":"scroll","background-type":"","background-media":"","overlay-type":"","overlay-color":"","overlay-opacity":"","overlay-gradient":""}},"ast-content-background-meta":{"desktop":{"background-color":"var(--ast-global-color-4)","background-image":"","background-repeat":"repeat","background-position":"center center","background-size":"auto","background-attachment":"scroll","background-type":"","background-media":"","overlay-type":"","overlay-color":"","overlay-opacity":"","overlay-gradient":""},"tablet":{"background-color":"var(--ast-global-color-4)","background-image":"","background-repeat":"repeat","background-position":"center center","background-size":"auto","background-attachment":"scroll","background-type":"","background-media":"","overlay-type":"","overlay-color":"","overlay-opacity":"","overlay-gradient":""},"mobile":{"background-color":"var(--ast-global-color-4)","background-image":"","background-repeat":"repeat","background-position":"center center","background-size":"auto","background-attachment":"scroll","background-type":"","background-media":"","overlay-type":"","overlay-color":"","overlay-opacity":"","overlay-gradient":""}}},"product_brand":[],"product_cat":[56,62,72],"product_tag":[189,190],"class_list":{"0":"post-4911","1":"product","2":"type-product","3":"status-publish","4":"has-post-thumbnail","6":"product_cat-cosmetic-jars","7":"product_cat-cosmetic-containers","8":"product_cat-cosmetic-packaging","9":"product_tag-beauty-cream-jar","10":"product_tag-cosmetic-pots-with-lids","11":"desktop-align-left","12":"tablet-align-left","13":"mobile-align-left","15":"first","16":"instock","17":"shipping-taxable","18":"product-type-simple"},"acf":[],"jetpack_sharing_enabled":true,"_links":{"self":[{"href":"https:\/\/theperfumebottles.com\/ro\/wp-json\/wp\/v2\/product\/4911","targetHints":{"allow":["GET"]}}],"collection":[{"href":"https:\/\/theperfumebottles.com\/ro\/wp-json\/wp\/v2\/product"}],"about":[{"href":"https:\/\/theperfumebottles.com\/ro\/wp-json\/wp\/v2\/types\/product"}],"replies":[{"embeddable":true,"href":"https:\/\/theperfumebottles.com\/ro\/wp-json\/wp\/v2\/comments?post=4911"}],"wp:featuredmedia":[{"embeddable":true,"href":"https:\/\/theperfumebottles.com\/ro\/wp-json\/wp\/v2\/media\/7784"}],"wp:attachment":[{"href":"https:\/\/theperfumebottles.com\/ro\/wp-json\/wp\/v2\/media?parent=4911"}],"wp:term":[{"taxonomy":"product_brand","embeddable":true,"href":"https:\/\/theperfumebottles.com\/ro\/wp-json\/wp\/v2\/product_brand?post=4911"},{"taxonomy":"product_cat","embeddable":true,"href":"https:\/\/theperfumebottles.com\/ro\/wp-json\/wp\/v2\/product_cat?post=4911"},{"taxonomy":"product_tag","embeddable":true,"href":"https:\/\/theperfumebottles.com\/ro\/wp-json\/wp\/v2\/product_tag?post=4911"}],"curies":[{"name":"wp","href":"https:\/\/api.w.org\/{rel}","templated":true}]}}