{"id":4932,"date":"2025-07-25T17:57:13","date_gmt":"2025-07-25T09:57:13","guid":{"rendered":"https:\/\/theperfumebottles.com\/?post_type=product&#038;p=4932"},"modified":"2026-03-30T15:56:01","modified_gmt":"2026-03-30T07:56:01","slug":"clear-50ml-cosmetic-containers-with-gold-lids-wholesale","status":"publish","type":"product","link":"https:\/\/theperfumebottles.com\/ro\/produs\/clear-50ml-cosmetic-containers-with-gold-lids-wholesale\/","title":{"rendered":"Recipiente cosmetice transparente de 50 ml cu capace aurii, en-gros"},"content":{"rendered":"<p>Aceste recipiente cosmetice de 50 ml au un design sofisticat, stratificat. Sticla este realizat\u0103 dintr-un tub cilindric transparent din sticl\u0103, cu un cap\u0103t central \u0219i un inel metalic auriu lucios \u00een jurul acestuia. Capacul este din acril transparent, cu o ram\u0103 metalic\u0103 sub\u021bire, aurie.<\/p>\n<h2><span class=\"highlights\" data-v-df95d256=\"\">Specifica\u021bii cheie <\/span><\/h2>\n<table style=\"border-collapse: collapse; width: 80%; height: 5px; margin-left: auto; margin-right: auto;\" border=\"0\" width=\"144\" cellspacing=\"0\" cellpadding=\"0\">\n<tbody>\n<tr style=\"height: 13.50pt;\">\n<td style=\"height: 13.50pt; width: 54.00pt;\" width=\"72\" height=\"18\">Atribut<\/td>\n<td style=\"width: 54.00pt;\" width=\"72\">Detalii<\/td>\n<\/tr>\n<tr style=\"height: 13.50pt;\">\n<td style=\"height: 13.50pt;\" height=\"18\">Capacitate<\/td>\n<td>50 ml<\/td>\n<\/tr>\n<tr style=\"height: 13.50pt;\">\n<td style=\"height: 13.50pt;\" height=\"18\">Mecanism de etan\u0219are<\/td>\n<td>G\u00e2t filetat + capac din plastic (personalizabil)<\/td>\n<\/tr>\n<tr style=\"height: 13.50pt;\">\n<td style=\"height: 13.50pt;\" height=\"18\">Form\u0103<\/td>\n<td>Rund\u0103<\/td>\n<\/tr>\n<tr style=\"height: 13.50pt;\">\n<td style=\"height: 13.50pt;\" height=\"18\">Material<\/td>\n<td>Sticl\u0103 de cristal<\/td>\n<\/tr>\n<tr style=\"height: 13.50pt;\">\n<td style=\"height: 13.50pt;\" height=\"18\">Culoare<\/td>\n<td>\u0218terge (personalizat)<\/td>\n<\/tr>\n<tr style=\"height: 13.50pt;\">\n<td style=\"height: 13.50pt;\" height=\"18\">Caz de utilizare<\/td>\n<td>Crem\u0103 de \u00eengrijire a pielii, ambalaj lo\u021biune<\/td>\n<\/tr>\n<\/tbody>\n<\/table>\n<h2>Poveste de succes: Crem\u0103 de noapte de lux din Orientul Mijlociu<\/h2>\n<p>Borcanele noastre cosmetice din sticl\u0103 transparent\u0103, de 50 ml, au fost personalizate de o companie de produse cosmetice de lux din Orientul Mijlociu, care a ad\u0103ugat inele aurii cu un strat PVD auriu roz \u0219i un finisaj \u00een relief. Borcanele transparente au fost o demonstra\u021bie perfect\u0103 a foi\u021bei de aur, iar acest lucru a dus la o cre\u0219tere de 300% a distribuirilor pe re\u021belele de socializare. Cele 50.000 de unit\u0103\u021bi ini\u021biale s-au v\u00e2ndut \u00een 72 de ore datorit\u0103 ambalajelor frumoase. Succesul masiv al brandului a dus la o comand\u0103 de 750.000 de borcane suplimentare pentru a lansa o nou\u0103 familie de primeri iluminatori \u0219i uleiuri faciale.<\/p>\n<h2><span class=\"highlights\" data-v-df95d256=\"\">Sfaturi pentru personalizare <\/span><\/h2>\n<ul>\n<li><strong>Armonie de culori:<\/strong> Combin\u0103 sticla curat\u0103 cu etichete \u00een nuan\u021be pastelate sau albe pentru a crea un aspect proasp\u0103t, modern \u0219i modern.<\/li>\n<li><strong>Designul etichetei:<\/strong> Folose\u0219te etichete evidente sau metalice pentru a te concentra pe ingredientele cheie \u0219i avantajele produsului, \u00eembun\u0103t\u0103\u021bind at\u00e2t aspectul, c\u00e2t \u0219i informa\u021biile despre cump\u0103r\u0103tor.<\/li>\n<li><strong>Caracteristici texturate:<\/strong> \u00cencorpora\u021bi stiluri \u00een relief sau texturi \u00een relief la borcanele de sticl\u0103 pentru a \u00eembun\u0103t\u0103\u021bi aderen\u021ba \u0219i a ad\u0103uga o atrac\u021bie vizibil\u0103 \u0219i tactil\u0103.<\/li>\n<\/ul>","protected":false},"excerpt":{"rendered":"<p>Recipiente cosmetice de 50 ml cu sticl\u0103 transparent\u0103 \u0219i accente aurii. Borcanele cosmetice din sticl\u0103 transparent\u0103 ofer\u0103 un aspect luxos \u0219i o etan\u0219are ermetic\u0103. Mostre gratuite disponibile ast\u0103zi.<\/p>","protected":false},"featured_media":4946,"comment_status":"open","ping_status":"closed","template":"","meta":{"_acf_changed":false,"site-sidebar-layout":"default","site-content-layout":"","ast-site-content-layout":"default","site-content-style":"default","site-sidebar-style":"default","ast-global-header-display":"","ast-banner-title-visibility":"","ast-main-header-display":"","ast-hfb-above-header-display":"","ast-hfb-below-header-display":"","ast-hfb-mobile-header-display":"","site-post-title":"","ast-breadcrumbs-content":"","ast-featured-img":"","footer-sml-layout":"","ast-disable-related-posts":"","theme-transparent-header-meta":"default","adv-header-id-meta":"","stick-header-meta":"","header-above-stick-meta":"","header-main-stick-meta":"","header-below-stick-meta":"","astra-migrate-meta-layouts":"set","ast-page-background-enabled":"default","ast-page-background-meta":{"desktop":{"background-color":"var(--ast-global-color-5)","background-image":"","background-repeat":"repeat","background-position":"center center","background-size":"auto","background-attachment":"scroll","background-type":"","background-media":"","overlay-type":"","overlay-color":"","overlay-opacity":"","overlay-gradient":""},"tablet":{"background-color":"","background-image":"","background-repeat":"repeat","background-position":"center center","background-size":"auto","background-attachment":"scroll","background-type":"","background-media":"","overlay-type":"","overlay-color":"","overlay-opacity":"","overlay-gradient":""},"mobile":{"background-color":"","background-image":"","background-repeat":"repeat","background-position":"center center","background-size":"auto","background-attachment":"scroll","background-type":"","background-media":"","overlay-type":"","overlay-color":"","overlay-opacity":"","overlay-gradient":""}},"ast-content-background-meta":{"desktop":{"background-color":"var(--ast-global-color-4)","background-image":"","background-repeat":"repeat","background-position":"center center","background-size":"auto","background-attachment":"scroll","background-type":"","background-media":"","overlay-type":"","overlay-color":"","overlay-opacity":"","overlay-gradient":""},"tablet":{"background-color":"var(--ast-global-color-4)","background-image":"","background-repeat":"repeat","background-position":"center center","background-size":"auto","background-attachment":"scroll","background-type":"","background-media":"","overlay-type":"","overlay-color":"","overlay-opacity":"","overlay-gradient":""},"mobile":{"background-color":"var(--ast-global-color-4)","background-image":"","background-repeat":"repeat","background-position":"center center","background-size":"auto","background-attachment":"scroll","background-type":"","background-media":"","overlay-type":"","overlay-color":"","overlay-opacity":"","overlay-gradient":""}}},"product_brand":[],"product_cat":[56,62,72],"product_tag":[197,198],"class_list":{"0":"post-4932","1":"product","2":"type-product","3":"status-publish","4":"has-post-thumbnail","6":"product_cat-cosmetic-jars","7":"product_cat-cosmetic-containers","8":"product_cat-cosmetic-packaging","9":"product_tag-50ml-cosmetic-containers","10":"product_tag-clear-glass-cosmetic-jars","11":"desktop-align-left","12":"tablet-align-left","13":"mobile-align-left","15":"first","16":"instock","17":"shipping-taxable","18":"product-type-simple"},"acf":[],"jetpack_sharing_enabled":true,"_links":{"self":[{"href":"https:\/\/theperfumebottles.com\/ro\/wp-json\/wp\/v2\/product\/4932","targetHints":{"allow":["GET"]}}],"collection":[{"href":"https:\/\/theperfumebottles.com\/ro\/wp-json\/wp\/v2\/product"}],"about":[{"href":"https:\/\/theperfumebottles.com\/ro\/wp-json\/wp\/v2\/types\/product"}],"replies":[{"embeddable":true,"href":"https:\/\/theperfumebottles.com\/ro\/wp-json\/wp\/v2\/comments?post=4932"}],"wp:featuredmedia":[{"embeddable":true,"href":"https:\/\/theperfumebottles.com\/ro\/wp-json\/wp\/v2\/media\/4946"}],"wp:attachment":[{"href":"https:\/\/theperfumebottles.com\/ro\/wp-json\/wp\/v2\/media?parent=4932"}],"wp:term":[{"taxonomy":"product_brand","embeddable":true,"href":"https:\/\/theperfumebottles.com\/ro\/wp-json\/wp\/v2\/product_brand?post=4932"},{"taxonomy":"product_cat","embeddable":true,"href":"https:\/\/theperfumebottles.com\/ro\/wp-json\/wp\/v2\/product_cat?post=4932"},{"taxonomy":"product_tag","embeddable":true,"href":"https:\/\/theperfumebottles.com\/ro\/wp-json\/wp\/v2\/product_tag?post=4932"}],"curies":[{"name":"wp","href":"https:\/\/api.w.org\/{rel}","templated":true}]}}