{"id":4985,"date":"2025-07-29T17:23:15","date_gmt":"2025-07-29T09:23:15","guid":{"rendered":"https:\/\/theperfumebottles.com\/?post_type=product&#038;p=4985"},"modified":"2026-04-28T15:56:07","modified_gmt":"2026-04-28T07:56:07","slug":"30ml-amber-cosmetic-jars-with-custom-options-in-bulk","status":"publish","type":"product","link":"https:\/\/theperfumebottles.com\/ro\/produs\/30ml-amber-cosmetic-jars-with-custom-options-in-bulk\/","title":{"rendered":"Borcane cosmetice chihlimbar de 30 ml cu op\u021biuni personalizate \u00een vrac"},"content":{"rendered":"<p>Ai nevoie de ambalaje cosmetice care s\u0103 combine func\u021bionalitatea \u0219i elegan\u021ba? Aceste borcane cosmetice de culoare chihlimbar de 30 ml sunt concepute pentru brandurile de \u00eengrijire a pielii \u0219i furnizorii de ambalaje pentru produse cosmetice care doresc s\u0103 aib\u0103 un impact semnificativ.<\/p>\n<h2>Specifica\u021bii cheie<\/h2>\n<table style=\"border-collapse: collapse; width: 986px; height: 5px; margin-left: 120px;\" border=\"0\" width=\"432\" cellspacing=\"0\" cellpadding=\"0\">\n<tbody>\n<tr style=\"height: 13.50pt;\">\n<td style=\"height: 13.5pt; width: 54pt; text-align: center;\" width=\"72\" height=\"18\">Capacitate<\/td>\n<td style=\"width: 54pt; text-align: center;\" width=\"72\">Metoda de etan\u0219are<\/td>\n<td style=\"width: 54pt; text-align: center;\" width=\"72\">Form\u0103<\/td>\n<td style=\"width: 54pt; text-align: center;\" width=\"72\">Material<\/td>\n<td style=\"width: 54pt; text-align: center;\" width=\"72\">Culoare<\/td>\n<td style=\"width: 54pt; text-align: center;\" width=\"72\">Caz de utilizare<\/td>\n<\/tr>\n<tr style=\"height: 13.50pt;\">\n<td style=\"height: 13.5pt; text-align: center;\" height=\"18\">30 ml<\/td>\n<td style=\"text-align: center;\">G\u00e2t filetat + capac din plastic<\/td>\n<td style=\"text-align: center;\">Rund\u0103<\/td>\n<td style=\"text-align: center;\">Sticl\u0103 de cristal<\/td>\n<td style=\"text-align: center;\">Chihlimbar (personalizabil)<\/td>\n<td style=\"text-align: center;\">Balsamuri de buze, lo\u021biuni, creme<\/td>\n<\/tr>\n<\/tbody>\n<\/table>\n<h2>Poveste de succes: Renovarea ambalajului unui brand de produse naturale pentru \u00eengrijirea pielii<\/h2>\n<p>Un startup de produse cosmetice curate avea nevoie de borcane cosmetice de culoarea chihlimbarului de 30 ml pentru serul lor de vitamina C. Au ales recipientele noastre cosmetice cu capace personalizate negre mate \u0219i etichete minimaliste. Rezultatul? O cre\u0219tere cu 60% a \u00eencrederii clien\u021bilor, cump\u0103r\u0103torii coment\u00e2nd: \u201eBorcanele cosmetice de culoarea chihlimbarului se simt ca un spa de lux \u00een baia mea.\u201d<\/p>\n<h2>Sfaturi pentru personalizare<\/h2>\n<ul>\n<li><strong>Contrast de culoare:<\/strong> Asorteaz\u0103 sticla chihlimbar\u0103 cu capace albe sau aurii pentru un aspect de top.<\/li>\n<li><strong>Designul etichetei:<\/strong> Folose\u0219te etichete mate cu m\u0103rci \u00eenregistrate \u00een relief pentru o experien\u021b\u0103 tactil\u0103 mai pl\u0103cut\u0103.<\/li>\n<li><strong>Amestec de materiale:<\/strong> Combin\u0103 sticla chihlimbar\u0103 cu capace din o\u021bel periat sau plastic mat pentru a crea un aspect contemporan de recipiente pentru ambalarea cosmeticelor.<\/li>\n<\/ul>","protected":false},"excerpt":{"rendered":"<p>Borcane cosmetice chihlimbar de 30 ml pentru lo\u021biuni \u0219i creme. Ecologice, cu protec\u021bie UV \u0219i gata de expediere. Perfecte pentru ambalarea produselor cosmetice \u00een vrac.<\/p>","protected":false},"featured_media":4986,"comment_status":"open","ping_status":"closed","template":"","meta":{"_acf_changed":false,"site-sidebar-layout":"default","site-content-layout":"","ast-site-content-layout":"default","site-content-style":"default","site-sidebar-style":"default","ast-global-header-display":"","ast-banner-title-visibility":"","ast-main-header-display":"","ast-hfb-above-header-display":"","ast-hfb-below-header-display":"","ast-hfb-mobile-header-display":"","site-post-title":"","ast-breadcrumbs-content":"","ast-featured-img":"","footer-sml-layout":"","ast-disable-related-posts":"","theme-transparent-header-meta":"default","adv-header-id-meta":"","stick-header-meta":"","header-above-stick-meta":"","header-main-stick-meta":"","header-below-stick-meta":"","astra-migrate-meta-layouts":"set","ast-page-background-enabled":"default","ast-page-background-meta":{"desktop":{"background-color":"var(--ast-global-color-5)","background-image":"","background-repeat":"repeat","background-position":"center center","background-size":"auto","background-attachment":"scroll","background-type":"","background-media":"","overlay-type":"","overlay-color":"","overlay-opacity":"","overlay-gradient":""},"tablet":{"background-color":"","background-image":"","background-repeat":"repeat","background-position":"center center","background-size":"auto","background-attachment":"scroll","background-type":"","background-media":"","overlay-type":"","overlay-color":"","overlay-opacity":"","overlay-gradient":""},"mobile":{"background-color":"","background-image":"","background-repeat":"repeat","background-position":"center center","background-size":"auto","background-attachment":"scroll","background-type":"","background-media":"","overlay-type":"","overlay-color":"","overlay-opacity":"","overlay-gradient":""}},"ast-content-background-meta":{"desktop":{"background-color":"var(--ast-global-color-4)","background-image":"","background-repeat":"repeat","background-position":"center center","background-size":"auto","background-attachment":"scroll","background-type":"","background-media":"","overlay-type":"","overlay-color":"","overlay-opacity":"","overlay-gradient":""},"tablet":{"background-color":"var(--ast-global-color-4)","background-image":"","background-repeat":"repeat","background-position":"center center","background-size":"auto","background-attachment":"scroll","background-type":"","background-media":"","overlay-type":"","overlay-color":"","overlay-opacity":"","overlay-gradient":""},"mobile":{"background-color":"var(--ast-global-color-4)","background-image":"","background-repeat":"repeat","background-position":"center center","background-size":"auto","background-attachment":"scroll","background-type":"","background-media":"","overlay-type":"","overlay-color":"","overlay-opacity":"","overlay-gradient":""}}},"product_brand":[],"product_cat":[56,62,72],"product_tag":[201,200],"class_list":{"0":"post-4985","1":"product","2":"type-product","3":"status-publish","4":"has-post-thumbnail","6":"product_cat-cosmetic-jars","7":"product_cat-cosmetic-containers","8":"product_cat-cosmetic-packaging","9":"product_tag-30ml-cosmetic-jars","10":"product_tag-amber-cosmetic-jars","11":"desktop-align-left","12":"tablet-align-left","13":"mobile-align-left","15":"first","16":"instock","17":"shipping-taxable","18":"product-type-simple"},"acf":[],"jetpack_sharing_enabled":true,"_links":{"self":[{"href":"https:\/\/theperfumebottles.com\/ro\/wp-json\/wp\/v2\/product\/4985","targetHints":{"allow":["GET"]}}],"collection":[{"href":"https:\/\/theperfumebottles.com\/ro\/wp-json\/wp\/v2\/product"}],"about":[{"href":"https:\/\/theperfumebottles.com\/ro\/wp-json\/wp\/v2\/types\/product"}],"replies":[{"embeddable":true,"href":"https:\/\/theperfumebottles.com\/ro\/wp-json\/wp\/v2\/comments?post=4985"}],"wp:featuredmedia":[{"embeddable":true,"href":"https:\/\/theperfumebottles.com\/ro\/wp-json\/wp\/v2\/media\/4986"}],"wp:attachment":[{"href":"https:\/\/theperfumebottles.com\/ro\/wp-json\/wp\/v2\/media?parent=4985"}],"wp:term":[{"taxonomy":"product_brand","embeddable":true,"href":"https:\/\/theperfumebottles.com\/ro\/wp-json\/wp\/v2\/product_brand?post=4985"},{"taxonomy":"product_cat","embeddable":true,"href":"https:\/\/theperfumebottles.com\/ro\/wp-json\/wp\/v2\/product_cat?post=4985"},{"taxonomy":"product_tag","embeddable":true,"href":"https:\/\/theperfumebottles.com\/ro\/wp-json\/wp\/v2\/product_tag?post=4985"}],"curies":[{"name":"wp","href":"https:\/\/api.w.org\/{rel}","templated":true}]}}