{"id":4990,"date":"2025-07-29T17:27:28","date_gmt":"2025-07-29T09:27:28","guid":{"rendered":"https:\/\/theperfumebottles.com\/?post_type=product&#038;p=4990"},"modified":"2026-03-30T14:38:28","modified_gmt":"2026-03-30T06:38:28","slug":"custom-1-oz-cosmetic-jars-with-lids-wholesale","status":"publish","type":"product","link":"https:\/\/theperfumebottles.com\/ro\/produs\/custom-1-oz-cosmetic-jars-with-lids-wholesale\/","title":{"rendered":"Borcane cosmetice personalizate cu capace, 5g \u2013 80g, en-gros"},"content":{"rendered":"<p>Sunt borcane rotunde de 28 ml pentru cosmetice, fabricate din dou\u0103 tipuri: sticl\u0103 mat\u0103 moale \u0219i sticl\u0103 cristalin\u0103, ambalate \u00een sticle cilindrice de sticl\u0103. Borcanele au un \u0219urub filetat standard \u0219i pot avea capace metalice cu filet, negre, argintii sau aurii.<\/p>\n<h2><strong data-spm-anchor-id=\"5176.28103460.0.i23.29ab1db81jJxsg\">Specifica\u021bii cheie<\/strong><\/h2>\n<table style=\"border-collapse: collapse; width: 80%; margin-left: auto; margin-right: auto;\" border=\"0\" width=\"360\" cellspacing=\"0\" cellpadding=\"0\">\n<tbody>\n<tr style=\"height: 13.50pt;\">\n<td style=\"height: 13.50pt; width: 54.00pt;\" width=\"72\" height=\"18\">Capacitate<\/td>\n<td style=\"width: 54.00pt;\" width=\"72\">Metoda de etan\u0219are<\/td>\n<td style=\"width: 54.00pt;\" width=\"72\">Material<\/td>\n<td style=\"width: 54.00pt;\" width=\"72\">Op\u021biuni de culoare<\/td>\n<td style=\"width: 54.00pt;\" width=\"72\">Utilizare<\/td>\n<\/tr>\n<tr style=\"height: 13.50pt;\">\n<td style=\"height: 13.50pt;\" height=\"18\">5g<\/td>\n<td class=\"et2\" rowspan=\"7\">G\u00e2t filetat + capac din plastic\/metal<\/td>\n<td class=\"et2\" rowspan=\"7\">Sticl\u0103 de cristal<\/td>\n<td class=\"et2\" rowspan=\"7\">Capac chihlimbar, mat \u0219i auriu sau dup\u0103 cum dori\u021bi<\/td>\n<td class=\"et2\" rowspan=\"7\">Crem\u0103 de fa\u021b\u0103, crem\u0103 de corp, crem\u0103 de ochi, crem\u0103 de buze\u2026<\/td>\n<\/tr>\n<tr style=\"height: 13.50pt;\">\n<td style=\"height: 13.50pt;\" height=\"18\">10g<\/td>\n<\/tr>\n<tr style=\"height: 13.50pt;\">\n<td style=\"height: 13.50pt;\" height=\"18\">15g (0,5 oz)<\/td>\n<\/tr>\n<tr style=\"height: 13.50pt;\">\n<td style=\"height: 13.50pt;\" height=\"18\">20g<\/td>\n<\/tr>\n<tr style=\"height: 13.50pt;\">\n<td style=\"height: 13.50pt;\" height=\"18\">30g (1 uncie)<\/td>\n<\/tr>\n<tr style=\"height: 13.50pt;\">\n<td style=\"height: 13.50pt;\" height=\"18\">50g<\/td>\n<\/tr>\n<tr style=\"height: 13.50pt;\">\n<td style=\"height: 13.50pt;\" height=\"18\">80g<\/td>\n<\/tr>\n<\/tbody>\n<\/table>\n<h2>Poveste de succes: Comand\u0103 personalizat\u0103 cu un brand american de produse de \u00eengrijire a pielii organice<\/h2>\n<p>Sistemul nostru personalizat de ambalare a produselor cosmetice a fost ales de un brand californian de produse organice pentru \u00eengrijirea pielii, care avea sticl\u0103 transparent\u0103 cu capace aurii. Solu\u021bia personalizat\u0103 de ambalare a avut consecin\u021be dramatice: conversia online s-a \u00eembun\u0103t\u0103\u021bit cu 20%, iar capacele metalice de \u00eenalt\u0103 calitate au creat o etan\u0219are ideal\u0103 care nu numai c\u0103 a prelungit durata de valabilitate a uleiurilor esen\u021biale naturale cu 30%, dar a contribuit \u0219i la eviden\u021bierea impecabil\u0103 a texturii serului depozitat \u00een sticle transparente. De asemenea, au comandat \u00eenc\u0103 420.000 de borcane pe baza acestui succes pentru a lansa o nou\u0103 linie specializat\u0103 \u00een \u00eengrijirea pielii \u0219i un acord cu un parteneriat prin abonament.<\/p>\n<h2>Solu\u021bii personalizate de ambalare pentru cosmetice<\/h2>\n<ul>\n<li>Materialul \u0219i finisajul capacului: Pe l\u00e2ng\u0103 faptul c\u0103 se poate alege metalul standard, exist\u0103 numeroase op\u021biuni de culoare personalizate, cum ar fi bambus, plut\u0103 sau plastic mat.<\/li>\n<li>Dimensiuni personalizate: Crea\u021bi dimensiuni specializate, non-standard (de exemplu, dimensiunea de c\u0103l\u0103torie de 50 g).<\/li>\n<li>Sigiliu interior: Pentru a ad\u0103uga mai mult\u0103 prospe\u021bime, ad\u0103uga\u021bi folie de aluminiu sau sigiliu cu senzor sub capac.<\/li>\n<\/ul>","protected":false},"excerpt":{"rendered":"<p>Borcane cosmetice de 28 g pentru \u00eengrijirea pielii \u0219i frumuse\u021be. Ambalaje cosmetice personalizate cu sticl\u0103 de protec\u021bie UV, pre\u021buri en-gros \u0219i gata de livrare.<\/p>","protected":false},"featured_media":4994,"comment_status":"open","ping_status":"closed","template":"","meta":{"_acf_changed":false,"site-sidebar-layout":"default","site-content-layout":"","ast-site-content-layout":"default","site-content-style":"default","site-sidebar-style":"default","ast-global-header-display":"","ast-banner-title-visibility":"","ast-main-header-display":"","ast-hfb-above-header-display":"","ast-hfb-below-header-display":"","ast-hfb-mobile-header-display":"","site-post-title":"","ast-breadcrumbs-content":"","ast-featured-img":"","footer-sml-layout":"","ast-disable-related-posts":"","theme-transparent-header-meta":"default","adv-header-id-meta":"","stick-header-meta":"","header-above-stick-meta":"","header-main-stick-meta":"","header-below-stick-meta":"","astra-migrate-meta-layouts":"set","ast-page-background-enabled":"default","ast-page-background-meta":{"desktop":{"background-color":"var(--ast-global-color-5)","background-image":"","background-repeat":"repeat","background-position":"center center","background-size":"auto","background-attachment":"scroll","background-type":"","background-media":"","overlay-type":"","overlay-color":"","overlay-opacity":"","overlay-gradient":""},"tablet":{"background-color":"","background-image":"","background-repeat":"repeat","background-position":"center center","background-size":"auto","background-attachment":"scroll","background-type":"","background-media":"","overlay-type":"","overlay-color":"","overlay-opacity":"","overlay-gradient":""},"mobile":{"background-color":"","background-image":"","background-repeat":"repeat","background-position":"center center","background-size":"auto","background-attachment":"scroll","background-type":"","background-media":"","overlay-type":"","overlay-color":"","overlay-opacity":"","overlay-gradient":""}},"ast-content-background-meta":{"desktop":{"background-color":"var(--ast-global-color-4)","background-image":"","background-repeat":"repeat","background-position":"center center","background-size":"auto","background-attachment":"scroll","background-type":"","background-media":"","overlay-type":"","overlay-color":"","overlay-opacity":"","overlay-gradient":""},"tablet":{"background-color":"var(--ast-global-color-4)","background-image":"","background-repeat":"repeat","background-position":"center center","background-size":"auto","background-attachment":"scroll","background-type":"","background-media":"","overlay-type":"","overlay-color":"","overlay-opacity":"","overlay-gradient":""},"mobile":{"background-color":"var(--ast-global-color-4)","background-image":"","background-repeat":"repeat","background-position":"center center","background-size":"auto","background-attachment":"scroll","background-type":"","background-media":"","overlay-type":"","overlay-color":"","overlay-opacity":"","overlay-gradient":""}}},"product_brand":[],"product_cat":[56,62,72],"product_tag":[203,202],"class_list":{"0":"post-4990","1":"product","2":"type-product","3":"status-publish","4":"has-post-thumbnail","6":"product_cat-cosmetic-jars","7":"product_cat-cosmetic-containers","8":"product_cat-cosmetic-packaging","9":"product_tag-1-oz-cosmetic-jars","10":"product_tag-custom-cosmetic-packaging","11":"desktop-align-left","12":"tablet-align-left","13":"mobile-align-left","15":"first","16":"instock","17":"shipping-taxable","18":"product-type-simple"},"acf":[],"jetpack_sharing_enabled":true,"_links":{"self":[{"href":"https:\/\/theperfumebottles.com\/ro\/wp-json\/wp\/v2\/product\/4990","targetHints":{"allow":["GET"]}}],"collection":[{"href":"https:\/\/theperfumebottles.com\/ro\/wp-json\/wp\/v2\/product"}],"about":[{"href":"https:\/\/theperfumebottles.com\/ro\/wp-json\/wp\/v2\/types\/product"}],"replies":[{"embeddable":true,"href":"https:\/\/theperfumebottles.com\/ro\/wp-json\/wp\/v2\/comments?post=4990"}],"wp:featuredmedia":[{"embeddable":true,"href":"https:\/\/theperfumebottles.com\/ro\/wp-json\/wp\/v2\/media\/4994"}],"wp:attachment":[{"href":"https:\/\/theperfumebottles.com\/ro\/wp-json\/wp\/v2\/media?parent=4990"}],"wp:term":[{"taxonomy":"product_brand","embeddable":true,"href":"https:\/\/theperfumebottles.com\/ro\/wp-json\/wp\/v2\/product_brand?post=4990"},{"taxonomy":"product_cat","embeddable":true,"href":"https:\/\/theperfumebottles.com\/ro\/wp-json\/wp\/v2\/product_cat?post=4990"},{"taxonomy":"product_tag","embeddable":true,"href":"https:\/\/theperfumebottles.com\/ro\/wp-json\/wp\/v2\/product_tag?post=4990"}],"curies":[{"name":"wp","href":"https:\/\/api.w.org\/{rel}","templated":true}]}}