{"id":5173,"date":"2025-08-05T16:32:00","date_gmt":"2025-08-05T08:32:00","guid":{"rendered":"https:\/\/theperfumebottles.com\/?post_type=product&#038;p=5173"},"modified":"2025-08-05T09:28:45","modified_gmt":"2025-08-05T01:28:45","slug":"bulk-glass-pump-bottle-cosmetic-glass-bottle-solutions","status":"publish","type":"product","link":"https:\/\/theperfumebottles.com\/ro\/produs\/bulk-glass-pump-bottle-cosmetic-glass-bottle-solutions\/","title":{"rendered":"Sticl\u0103 cu pomp\u0103 \u00een vrac \u2013 Solu\u021bii pentru sticle cosmetice din sticl\u0103"},"content":{"rendered":"<p>Uite aceast\u0103 excelent\u0103 sticl\u0103 cu pomp\u0103 din sticl\u0103! Simpl\u0103, sofisticat\u0103 \u0219i discret\u0103, dar totu\u0219i sofisticat\u0103. Aceasta nu este o sticl\u0103 obi\u0219nuit\u0103 de produse cosmetice; \u00ee\u021bi va \u00eembun\u0103t\u0103\u021bi rutina zilnic\u0103 de \u00eengrijire a pielii. Este curat\u0103 \u0219i non-lipicioas\u0103, f\u0103r\u0103 senza\u021bia ieftin\u0103 \u0219i \u00eence\u021bo\u0219at\u0103 a sticlelor de plastic. Sticla mat\u0103 se ata\u0219eaz\u0103 cu fiecare ap\u0103sare. Creezi un logo? Te \u00een\u021belegem! Nevoile tale de ambalaje cosmetice din sticl\u0103 sunt specifice. Oferim solu\u021bii flexibile, adapt\u00e2ndu-ne at\u00e2t la personalizarea lotului mic, c\u00e2t \u0219i la produc\u021bia la scar\u0103 larg\u0103, asigur\u00e2ndu-ne c\u0103 produsele tale ies \u00een eviden\u021b\u0103 fa\u021b\u0103 de ambalajul \u00een sine.<\/p>\n<h2>Specifica\u021bii cheie<\/h2>\n<table style=\"border-collapse: collapse;margin-left: auto;margin-right: auto;width: 80%\" border=\"0\" width=\"555\" cellspacing=\"0\" cellpadding=\"0\">\n<tbody>\n<tr style=\"height: 13.50pt\">\n<td style=\"height: 13.50pt;width: 136.50pt\" width=\"182\" height=\"18\">Caracteristic\u0103<\/td>\n<td style=\"width: 279.75pt\" width=\"373\">Detalii<\/td>\n<\/tr>\n<tr style=\"height: 13.50pt\">\n<td style=\"height: 13.50pt\" height=\"18\">M\u0103rimi disponibile<\/td>\n<td>20 ml, 30 ml, 50 ml, 100 ml, 120 ml, 200 ml<\/td>\n<\/tr>\n<tr style=\"height: 13.50pt\">\n<td style=\"height: 13.50pt\" height=\"18\">Material<\/td>\n<td>Sticl\u0103 mat\u0103 premium<\/td>\n<\/tr>\n<tr style=\"height: 13.50pt\">\n<td style=\"height: 13.50pt\" height=\"18\">Capac<\/td>\n<td>Capac cu filet auriu + cap de pomp\u0103 din plastic<\/td>\n<\/tr>\n<tr style=\"height: 13.50pt\">\n<td style=\"height: 13.50pt\" height=\"18\">Termina<\/td>\n<td>M\u00e2ner mat moale, antiderapant<\/td>\n<\/tr>\n<tr style=\"height: 13.50pt\">\n<td style=\"height: 13.50pt\" height=\"18\">Personalizare<\/td>\n<td>Op\u021biuni de finisare full color, etichet\u0103 \u0219i capac<\/td>\n<\/tr>\n<tr style=\"height: 13.50pt\">\n<td style=\"height: 13.50pt\" height=\"18\">Cel mai bun pentru<\/td>\n<td style=\"text-align: left\">Seruri, lo\u021biuni, produse de cur\u0103\u021bare, uleiuri de fa\u021b\u0103, cadouri<\/td>\n<\/tr>\n<\/tbody>\n<\/table>\n<h2>Poveste de succes<\/h2>\n<p>O marc\u0103 de uleiuri naturale pentru fa\u021b\u0103 folosea anterior o sticl\u0103 transparent\u0103 de plastic cu o pomp\u0103 standard. Produsul \u00een sine era destul de bun, dar clien\u021bii se pl\u00e2ngeau \u00eencontinuu c\u0103 ambalajul \u201ear\u0103ta ieftin\u201d \u0219i \u201egol, uitat\u201d.<\/p>\n<p>Mai t\u00e2rziu, au trecut la sticla noastr\u0103 cosmetic\u0103 din sticl\u0103 de 50 ml - o sticl\u0103 alb\u0103 mat\u0103, cu capac auriu \u0219i o etichet\u0103 neagr\u0103 moale. Schimbarea a fost imediat\u0103. Clien\u021bii au comentat: \u201eM\u0103 simt mult mai bine\u201d \u0219i \u201eNu suport s\u0103 o arunc dup\u0103 ce o folosesc\u201d. Unul dintre ei a comentat chiar: \u201eNu numai c\u0103 o folosesc, dar o \u021bin chiar \u0219i pe comod\u0103 ca decor\u201d. Aceast\u0103 schimbare a dus la o cre\u0219tere cu 45% a ratei de r\u0103scump\u0103rare. Ambalajul lor din sticla de lo\u021biune din sticl\u0103 a devenit un motiv pentru care oamenii le aleg \u00een detrimentul m\u0103rcilor consacrate.<\/p>\n<h2>Un produs bun este perfec\u021bionat cu un ambalaj excelent<\/h2>\n<p>\u00cengrijirea pielii nu se rezum\u0103 doar la ceea ce se afl\u0103 \u00een sticl\u0103; senza\u021bia pe care o ai atunci c\u00e2nd o folose\u0219ti este la fel de important\u0103. Sticlele noastre cu pomp\u0103 de sticl\u0103 \u0219i sticlele pentru cosmetice sunt mai mult dec\u00e2t simple recipiente; ele transform\u0103 \u00eengrijirea zilnic\u0103 a pielii \u00eentr-un ritual, o modalitate de a spune: \u201eMeri\u021bi s\u0103 fii tratat bine\u201d. De la sticle de lo\u021biune din sticl\u0103 p\u00e2n\u0103 la solu\u021bii complete de ambalare a sticlelor cu pomp\u0103 de sticl\u0103, te ajut\u0103m s\u0103 creezi un produs cu adev\u0103rat memorabil.<\/p>","protected":false},"excerpt":{"rendered":"<p>Sticl\u0103 cu pomp\u0103 din sticl\u0103 de \u00eenalt\u0103 calitate \u0219i sticl\u0103 cosmetic\u0103 din sticl\u0103, ideale pentru ambalarea produselor de \u00eengrijire a pielii \u0219i a produselor cosmetice. Perfect\u0103 pentru comenzi en-gros \u0219i \u00een vrac.<\/p>","protected":false},"featured_media":5174,"comment_status":"open","ping_status":"closed","template":"","meta":{"_acf_changed":false,"site-sidebar-layout":"default","site-content-layout":"","ast-site-content-layout":"default","site-content-style":"default","site-sidebar-style":"default","ast-global-header-display":"","ast-banner-title-visibility":"","ast-main-header-display":"","ast-hfb-above-header-display":"","ast-hfb-below-header-display":"","ast-hfb-mobile-header-display":"","site-post-title":"","ast-breadcrumbs-content":"","ast-featured-img":"","footer-sml-layout":"","ast-disable-related-posts":"","theme-transparent-header-meta":"default","adv-header-id-meta":"","stick-header-meta":"","header-above-stick-meta":"","header-main-stick-meta":"","header-below-stick-meta":"","astra-migrate-meta-layouts":"set","ast-page-background-enabled":"default","ast-page-background-meta":{"desktop":{"background-color":"var(--ast-global-color-5)","background-image":"","background-repeat":"repeat","background-position":"center center","background-size":"auto","background-attachment":"scroll","background-type":"","background-media":"","overlay-type":"","overlay-color":"","overlay-opacity":"","overlay-gradient":""},"tablet":{"background-color":"","background-image":"","background-repeat":"repeat","background-position":"center center","background-size":"auto","background-attachment":"scroll","background-type":"","background-media":"","overlay-type":"","overlay-color":"","overlay-opacity":"","overlay-gradient":""},"mobile":{"background-color":"","background-image":"","background-repeat":"repeat","background-position":"center center","background-size":"auto","background-attachment":"scroll","background-type":"","background-media":"","overlay-type":"","overlay-color":"","overlay-opacity":"","overlay-gradient":""}},"ast-content-background-meta":{"desktop":{"background-color":"var(--ast-global-color-4)","background-image":"","background-repeat":"repeat","background-position":"center center","background-size":"auto","background-attachment":"scroll","background-type":"","background-media":"","overlay-type":"","overlay-color":"","overlay-opacity":"","overlay-gradient":""},"tablet":{"background-color":"var(--ast-global-color-4)","background-image":"","background-repeat":"repeat","background-position":"center center","background-size":"auto","background-attachment":"scroll","background-type":"","background-media":"","overlay-type":"","overlay-color":"","overlay-opacity":"","overlay-gradient":""},"mobile":{"background-color":"var(--ast-global-color-4)","background-image":"","background-repeat":"repeat","background-position":"center center","background-size":"auto","background-attachment":"scroll","background-type":"","background-media":"","overlay-type":"","overlay-color":"","overlay-opacity":"","overlay-gradient":""}}},"product_brand":[],"product_cat":[62,72,71],"product_tag":[190,204],"class_list":{"0":"post-5173","1":"product","2":"type-product","3":"status-publish","4":"has-post-thumbnail","6":"product_cat-cosmetic-containers","7":"product_cat-cosmetic-packaging","8":"product_cat-glass-lotion-bottles","9":"product_tag-cosmetic-pots-with-lids","10":"product_tag-frosted-cosmetic-jars","11":"desktop-align-left","12":"tablet-align-left","13":"mobile-align-left","15":"first","16":"instock","17":"shipping-taxable","18":"product-type-simple"},"acf":[],"jetpack_sharing_enabled":true,"_links":{"self":[{"href":"https:\/\/theperfumebottles.com\/ro\/wp-json\/wp\/v2\/product\/5173","targetHints":{"allow":["GET"]}}],"collection":[{"href":"https:\/\/theperfumebottles.com\/ro\/wp-json\/wp\/v2\/product"}],"about":[{"href":"https:\/\/theperfumebottles.com\/ro\/wp-json\/wp\/v2\/types\/product"}],"replies":[{"embeddable":true,"href":"https:\/\/theperfumebottles.com\/ro\/wp-json\/wp\/v2\/comments?post=5173"}],"wp:featuredmedia":[{"embeddable":true,"href":"https:\/\/theperfumebottles.com\/ro\/wp-json\/wp\/v2\/media\/5174"}],"wp:attachment":[{"href":"https:\/\/theperfumebottles.com\/ro\/wp-json\/wp\/v2\/media?parent=5173"}],"wp:term":[{"taxonomy":"product_brand","embeddable":true,"href":"https:\/\/theperfumebottles.com\/ro\/wp-json\/wp\/v2\/product_brand?post=5173"},{"taxonomy":"product_cat","embeddable":true,"href":"https:\/\/theperfumebottles.com\/ro\/wp-json\/wp\/v2\/product_cat?post=5173"},{"taxonomy":"product_tag","embeddable":true,"href":"https:\/\/theperfumebottles.com\/ro\/wp-json\/wp\/v2\/product_tag?post=5173"}],"curies":[{"name":"wp","href":"https:\/\/api.w.org\/{rel}","templated":true}]}}