{"id":5245,"date":"2025-08-07T10:30:11","date_gmt":"2025-08-07T02:30:11","guid":{"rendered":"https:\/\/theperfumebottles.com\/?post_type=product&#038;p=5245"},"modified":"2026-03-30T14:21:28","modified_gmt":"2026-03-30T06:21:28","slug":"essential-oil-glass-roller-bottles-for-packaging-wholesale","status":"publish","type":"product","link":"https:\/\/theperfumebottles.com\/ro\/produs\/essential-oil-glass-roller-bottles-for-packaging-wholesale\/","title":{"rendered":"Sticle cu role din sticl\u0103 pentru ulei esen\u021bial de 1 ml -100 ml pentru ambalare en-gros"},"content":{"rendered":"<p>Ai nevoie de sticle roll-on din sticl\u0103 care combin\u0103 precizia \u0219i elegan\u021ba? Aceste sticle roll-on pentru uleiuri esen\u021biale sunt concepute pentru brandurile care \u00ee\u0219i doresc ambalaje cosmetice care s\u0103 ias\u0103 \u00een eviden\u021b\u0103.<\/p>\n<h2><strong data-spm-anchor-id=\"5176.28103460.0.i9.29ab1db8AYaOUi\">Specifica\u021bii cheie<\/strong><\/h2>\n<table style=\"margin-left: auto; margin-right: auto; border-collapse: collapse; width: 80%;\" border=\"0\" width=\"144\" cellspacing=\"0\" cellpadding=\"0\">\n<tbody>\n<tr style=\"height: 13.50pt;\">\n<td style=\"height: 13.5pt; width: 54pt; text-align: center;\" width=\"72\" height=\"18\">Caracteristic\u0103<\/td>\n<td style=\"width: 54pt; text-align: center;\" width=\"72\">Detalii<\/td>\n<\/tr>\n<tr style=\"height: 13.50pt;\">\n<td style=\"height: 13.5pt; text-align: center;\" height=\"18\">Capacitate<\/td>\n<td style=\"text-align: center;\">1 ml, 2 ml, 3 ml, 5 ml, 10 ml, 15 ml, 20 ml, 30 ml, 50 ml, 100 ml<\/td>\n<\/tr>\n<tr style=\"height: 13.50pt;\">\n<td style=\"height: 13.5pt; text-align: center;\" height=\"18\">Material<\/td>\n<td style=\"text-align: center;\">Sticl\u0103 de cristal<\/td>\n<\/tr>\n<tr style=\"height: 13.50pt;\">\n<td style=\"height: 13.5pt; text-align: center;\" height=\"18\">Mecanism de etan\u0219are<\/td>\n<td style=\"text-align: center;\">Roll-On (V\u00e2rf metalic)<\/td>\n<\/tr>\n<tr style=\"height: 13.50pt;\">\n<td style=\"height: 13.5pt; text-align: center;\" height=\"18\">Culoare<\/td>\n<td style=\"text-align: center;\">Chihlimbar\/Negru\/Maro\/Verde\/transparent<\/td>\n<\/tr>\n<tr style=\"height: 13.50pt;\">\n<td style=\"height: 13.5pt; text-align: center;\" height=\"18\">Utilizare<\/td>\n<td style=\"text-align: center;\">Substan\u021be chimice de laborator pentru uleiuri esen\u021biale\/parfumuri\/chimie\u2026<\/td>\n<\/tr>\n<\/tbody>\n<\/table>\n<h2>Caz de succes<\/h2>\n<p>O companie australian\u0103 de produse naturale pentru s\u0103n\u0103tate avea nevoie disperat\u0103 de un depozit solid de sticle cu role pentru uleiuri esen\u021biale. \u00cen cele din urm\u0103, s-au hot\u0103r\u00e2t asupra sticlelor cu role din sticl\u0103 chihlimbar de 50 ml pe care le vindeam. De asemenea, am fabricat bilele cu role din o\u021bel inoxidabil pentru a face aplicarea u\u0219oar\u0103 \u0219i delicat\u0103 \u00een timpul fazei de personalizare \u0219i le-am echipat cu capace negre mate, astfel \u00eenc\u00e2t s\u0103 par\u0103 la mod\u0103 \u0219i moderne. Mai mult, clientul a decis s\u0103 utilizeze serigrafia pentru a imprima sigla m\u0103rcii sale \u0219i a folosit un alt finisaj mat pentru a diferen\u021bia \u00eentre diferitele formule \u0219i versiuni de produse, deoarece clientul dorea s\u0103 utilizeze loturi diferite.<\/p>\n<p>Produsul a \u00eenregistrat o cre\u0219tere de 30% \u00een primele dou\u0103 luni de la lansare. Datorit\u0103 reac\u021biei pozitive a pie\u021bei, clientul a plasat imediat o comand\u0103 ulterioar\u0103 \u0219i a extins aceast\u0103 solu\u021bie de ambalare pentru a include \u0219i alte linii din gama sa de produse, care sunt amestecuri de uleiuri esen\u021biale.<\/p>\n<h2>\u00a0Sugestie de personalizare<\/h2>\n<ul>\n<li><strong>Op\u021biuni de protec\u021bie la lumin\u0103:<\/strong> Sticla brun\u0103 este potrivit\u0103 pentru uleiurile vitale; sticla verde este potrivit\u0103 pentru parfumuri \u0219i utilizare \u00een laborator.<\/li>\n<li><strong>Elegant \u0219i durabil:<\/strong> Populare \u00een 2025, culorile mate cu satura\u021bie excesiv\u0103 (precum Klein Blue, Fluorescent Green) se combin\u0103 cu etichete rezistente la uzur\u0103 \u0219i imprimare UV. Dispunerea cu bil\u0103 \u0219i capac asigur\u0103 igiena.<\/li>\n<li><strong>Dimensiuni versatile:<\/strong> Disponibil \u00een variante de 1 ml - 100 ml (5 ml pentru c\u0103l\u0103torii, 30 ml elegant) pentru a satisface numeroase nevoi de ambalare.<\/li>\n<\/ul>","protected":false},"excerpt":{"rendered":"<p>Descoperi\u021bi solu\u021bii de uleiuri esen\u021biale \u00een sticle de sticl\u0103 cu role de la un furnizor de \u00eencredere de ambalaje cosmetice. Durabile, gata de livrare \u0219i personalizabile pentru comenzi en-gros.<\/p>","protected":false},"featured_media":7498,"comment_status":"open","ping_status":"closed","template":"","meta":{"_acf_changed":false,"site-sidebar-layout":"default","site-content-layout":"","ast-site-content-layout":"default","site-content-style":"default","site-sidebar-style":"default","ast-global-header-display":"","ast-banner-title-visibility":"","ast-main-header-display":"","ast-hfb-above-header-display":"","ast-hfb-below-header-display":"","ast-hfb-mobile-header-display":"","site-post-title":"","ast-breadcrumbs-content":"","ast-featured-img":"","footer-sml-layout":"","ast-disable-related-posts":"","theme-transparent-header-meta":"default","adv-header-id-meta":"","stick-header-meta":"","header-above-stick-meta":"","header-main-stick-meta":"","header-below-stick-meta":"","astra-migrate-meta-layouts":"set","ast-page-background-enabled":"default","ast-page-background-meta":{"desktop":{"background-color":"var(--ast-global-color-5)","background-image":"","background-repeat":"repeat","background-position":"center center","background-size":"auto","background-attachment":"scroll","background-type":"","background-media":"","overlay-type":"","overlay-color":"","overlay-opacity":"","overlay-gradient":""},"tablet":{"background-color":"","background-image":"","background-repeat":"repeat","background-position":"center center","background-size":"auto","background-attachment":"scroll","background-type":"","background-media":"","overlay-type":"","overlay-color":"","overlay-opacity":"","overlay-gradient":""},"mobile":{"background-color":"","background-image":"","background-repeat":"repeat","background-position":"center center","background-size":"auto","background-attachment":"scroll","background-type":"","background-media":"","overlay-type":"","overlay-color":"","overlay-opacity":"","overlay-gradient":""}},"ast-content-background-meta":{"desktop":{"background-color":"var(--ast-global-color-4)","background-image":"","background-repeat":"repeat","background-position":"center center","background-size":"auto","background-attachment":"scroll","background-type":"","background-media":"","overlay-type":"","overlay-color":"","overlay-opacity":"","overlay-gradient":""},"tablet":{"background-color":"var(--ast-global-color-4)","background-image":"","background-repeat":"repeat","background-position":"center center","background-size":"auto","background-attachment":"scroll","background-type":"","background-media":"","overlay-type":"","overlay-color":"","overlay-opacity":"","overlay-gradient":""},"mobile":{"background-color":"var(--ast-global-color-4)","background-image":"","background-repeat":"repeat","background-position":"center center","background-size":"auto","background-attachment":"scroll","background-type":"","background-media":"","overlay-type":"","overlay-color":"","overlay-opacity":"","overlay-gradient":""}}},"product_brand":[],"product_cat":[60,62,72,57],"product_tag":[206,205],"class_list":{"0":"post-5245","1":"product","2":"type-product","3":"status-publish","4":"has-post-thumbnail","6":"product_cat-roller-bottles","7":"product_cat-cosmetic-containers","8":"product_cat-cosmetic-packaging","9":"product_cat-essential-oil-bottles","10":"product_tag-glass-roller-bottle","11":"product_tag-roll-on-bottles-essential-oils","12":"desktop-align-left","13":"tablet-align-left","14":"mobile-align-left","16":"first","17":"instock","18":"shipping-taxable","19":"product-type-simple"},"acf":[],"jetpack_sharing_enabled":true,"_links":{"self":[{"href":"https:\/\/theperfumebottles.com\/ro\/wp-json\/wp\/v2\/product\/5245","targetHints":{"allow":["GET"]}}],"collection":[{"href":"https:\/\/theperfumebottles.com\/ro\/wp-json\/wp\/v2\/product"}],"about":[{"href":"https:\/\/theperfumebottles.com\/ro\/wp-json\/wp\/v2\/types\/product"}],"replies":[{"embeddable":true,"href":"https:\/\/theperfumebottles.com\/ro\/wp-json\/wp\/v2\/comments?post=5245"}],"wp:featuredmedia":[{"embeddable":true,"href":"https:\/\/theperfumebottles.com\/ro\/wp-json\/wp\/v2\/media\/7498"}],"wp:attachment":[{"href":"https:\/\/theperfumebottles.com\/ro\/wp-json\/wp\/v2\/media?parent=5245"}],"wp:term":[{"taxonomy":"product_brand","embeddable":true,"href":"https:\/\/theperfumebottles.com\/ro\/wp-json\/wp\/v2\/product_brand?post=5245"},{"taxonomy":"product_cat","embeddable":true,"href":"https:\/\/theperfumebottles.com\/ro\/wp-json\/wp\/v2\/product_cat?post=5245"},{"taxonomy":"product_tag","embeddable":true,"href":"https:\/\/theperfumebottles.com\/ro\/wp-json\/wp\/v2\/product_tag?post=5245"}],"curies":[{"name":"wp","href":"https:\/\/api.w.org\/{rel}","templated":true}]}}