{"id":5272,"date":"2025-08-07T13:32:39","date_gmt":"2025-08-07T05:32:39","guid":{"rendered":"https:\/\/theperfumebottles.com\/?post_type=product&#038;p=5272"},"modified":"2025-08-07T17:51:17","modified_gmt":"2025-08-07T09:51:17","slug":"10ml-glass-roll-on-bottle-perfume-bottle-roller-for-cosmetic-packaging-wholesale","status":"publish","type":"product","link":"https:\/\/theperfumebottles.com\/ro\/produs\/10ml-glass-roll-on-bottle-perfume-bottle-roller-for-cosmetic-packaging-wholesale\/","title":{"rendered":"Sticl\u0103 Roll On de 10 ml \u2013 Sticl\u0103 de parfum cu rol\u0103 pentru ambalaje cosmetice, en-gros"},"content":{"rendered":"<p>Cau\u021bi un recipient care combin\u0103 func\u021bionalitatea cu elegan\u021ba? Rola noastr\u0103 pentru sticle de parfum este conceput\u0103 pentru brandurile care \u00ee\u0219i doresc ambalaje cosmetice care s\u0103 ias\u0103 \u00een eviden\u021b\u0103.<\/p>\n<h3><strong data-spm-anchor-id=\"5176.28103460.0.i50.11491db8QY3D0b\">Specifica\u021bii cheie<\/strong><\/h3>\n<table style=\"margin-right: auto;margin-left: auto;width: 80%\" width=\"144\">\n<tbody>\n<tr>\n<td width=\"72\">Caracteristic\u0103<\/td>\n<td width=\"72\">Detalii<\/td>\n<\/tr>\n<tr>\n<td>Capacitate<\/td>\n<td>3ml, 5ml, 10ml<\/td>\n<\/tr>\n<tr>\n<td>Material<\/td>\n<td>Sticl\u0103 de cristal<\/td>\n<\/tr>\n<tr>\n<td>Op\u021biuni de culoare<\/td>\n<td>Personalizat<\/td>\n<\/tr>\n<tr>\n<td>Mecanism de etan\u0219are<\/td>\n<td>Roll-On (V\u00e2rf metalic)<\/td>\n<\/tr>\n<tr>\n<td>Utilizare<\/td>\n<td>Parfum<\/td>\n<\/tr>\n<\/tbody>\n<\/table>\n<h2>Poveste de succes: Cum Middle Pefume M<span class=\"HwtZe\" lang=\"en\"><span class=\"jCAhz ChMk0b\"><span class=\"ryNqvb\">produc\u0103tor<\/span><\/span><\/span> V\u00e2nz\u0103ri sporite cu sticle roll-on personalizate<\/h2>\n<p>C\u00e2nd parfumul din mijloc <span class=\"HwtZe\" lang=\"en\"><span class=\"jCAhz ChMk0b\"><span class=\"ryNqvb\">produc\u0103tor <\/span><\/span><\/span>C\u00e2nd au lansat o linie de mostre de sticle de parfum cu role, au colaborat cu noi pentru a crea sticle roll-on de sticl\u0103 de 10 ml, din sticl\u0103 de culoarea ceaiului. Prin comenzi en-gros \u0219i ad\u0103ugarea de etichete personalizate cu finisaj mat, au redus costurile ambalajelor cosmetice cu 20% \u0219i au observat o cre\u0219tere cu 60% a num\u0103rului de clien\u021bi fideli. \u201eDesignul asem\u0103n\u0103tor unui borcan d\u0103dea senza\u021bia de lux, dar practic pentru utilizarea zilnic\u0103\u201d, spune fondatoarea lor.<\/p>\n<h2>Sfaturi pentru personalizare<\/h2>\n<ul>\n<li><strong>Avantajele v\u00e2nz\u0103rilor \u00een vrac:<\/strong> Comand\u0103 ambalaje \u00een vrac pentru a economisi 25% - perfect pentru magazine pop-up sau pachete de s\u0103rb\u0103tori.<\/li>\n<li><strong>Eticheteaz\u0103 ca un profesionist:<\/strong> Folose\u0219te accente holografice sau text \u00een relief pentru a face sticla ta s\u0103 ias\u0103 \u00een eviden\u021b\u0103 pe pagina principal\u0103.<\/li>\n<li><strong>Psihologia culorilor:<\/strong> Asorteaz\u0103 nuan\u021be \u00eendr\u0103zne\u021be cu capace aurii pentru un aspect de ambalaj cosmetic care strig\u0103 \u201epremium\u201d.<\/li>\n<\/ul>","protected":false},"excerpt":{"rendered":"<p>\u00cembun\u0103t\u0103\u021bi\u021bi-v\u0103 ambalajele pentru produse cosmetice cu sticla noastr\u0103 roll-on din sticl\u0103 de 3 ml, 5 ml, 10 ml - ideal\u0103 pentru parfumuri, produse de \u00eengrijire a pielii \u0219i recipiente pentru cosmetice. Durabil\u0103, personalizabil\u0103 \u0219i gata de livrare pentru comenzi en-gros.<\/p>","protected":false},"featured_media":5274,"comment_status":"open","ping_status":"closed","template":"","meta":{"_acf_changed":false,"site-sidebar-layout":"default","site-content-layout":"","ast-site-content-layout":"default","site-content-style":"default","site-sidebar-style":"default","ast-global-header-display":"","ast-banner-title-visibility":"","ast-main-header-display":"","ast-hfb-above-header-display":"","ast-hfb-below-header-display":"","ast-hfb-mobile-header-display":"","site-post-title":"","ast-breadcrumbs-content":"","ast-featured-img":"","footer-sml-layout":"","ast-disable-related-posts":"","theme-transparent-header-meta":"default","adv-header-id-meta":"","stick-header-meta":"","header-above-stick-meta":"","header-main-stick-meta":"","header-below-stick-meta":"","astra-migrate-meta-layouts":"set","ast-page-background-enabled":"default","ast-page-background-meta":{"desktop":{"background-color":"var(--ast-global-color-5)","background-image":"","background-repeat":"repeat","background-position":"center center","background-size":"auto","background-attachment":"scroll","background-type":"","background-media":"","overlay-type":"","overlay-color":"","overlay-opacity":"","overlay-gradient":""},"tablet":{"background-color":"","background-image":"","background-repeat":"repeat","background-position":"center center","background-size":"auto","background-attachment":"scroll","background-type":"","background-media":"","overlay-type":"","overlay-color":"","overlay-opacity":"","overlay-gradient":""},"mobile":{"background-color":"","background-image":"","background-repeat":"repeat","background-position":"center center","background-size":"auto","background-attachment":"scroll","background-type":"","background-media":"","overlay-type":"","overlay-color":"","overlay-opacity":"","overlay-gradient":""}},"ast-content-background-meta":{"desktop":{"background-color":"var(--ast-global-color-4)","background-image":"","background-repeat":"repeat","background-position":"center center","background-size":"auto","background-attachment":"scroll","background-type":"","background-media":"","overlay-type":"","overlay-color":"","overlay-opacity":"","overlay-gradient":""},"tablet":{"background-color":"var(--ast-global-color-4)","background-image":"","background-repeat":"repeat","background-position":"center center","background-size":"auto","background-attachment":"scroll","background-type":"","background-media":"","overlay-type":"","overlay-color":"","overlay-opacity":"","overlay-gradient":""},"mobile":{"background-color":"var(--ast-global-color-4)","background-image":"","background-repeat":"repeat","background-position":"center center","background-size":"auto","background-attachment":"scroll","background-type":"","background-media":"","overlay-type":"","overlay-color":"","overlay-opacity":"","overlay-gradient":""}}},"product_brand":[],"product_cat":[72,62,57,60],"product_tag":[209,210],"class_list":{"0":"post-5272","1":"product","2":"type-product","3":"status-publish","4":"has-post-thumbnail","6":"product_cat-cosmetic-packaging","7":"product_cat-cosmetic-containers","8":"product_cat-essential-oil-bottles","9":"product_cat-roller-bottles","10":"product_tag-10ml-glass-roll-on-bottle","11":"product_tag-perfume-bottle-roller","12":"desktop-align-left","13":"tablet-align-left","14":"mobile-align-left","16":"first","17":"instock","18":"shipping-taxable","19":"product-type-simple"},"acf":[],"jetpack_sharing_enabled":true,"_links":{"self":[{"href":"https:\/\/theperfumebottles.com\/ro\/wp-json\/wp\/v2\/product\/5272","targetHints":{"allow":["GET"]}}],"collection":[{"href":"https:\/\/theperfumebottles.com\/ro\/wp-json\/wp\/v2\/product"}],"about":[{"href":"https:\/\/theperfumebottles.com\/ro\/wp-json\/wp\/v2\/types\/product"}],"replies":[{"embeddable":true,"href":"https:\/\/theperfumebottles.com\/ro\/wp-json\/wp\/v2\/comments?post=5272"}],"wp:featuredmedia":[{"embeddable":true,"href":"https:\/\/theperfumebottles.com\/ro\/wp-json\/wp\/v2\/media\/5274"}],"wp:attachment":[{"href":"https:\/\/theperfumebottles.com\/ro\/wp-json\/wp\/v2\/media?parent=5272"}],"wp:term":[{"taxonomy":"product_brand","embeddable":true,"href":"https:\/\/theperfumebottles.com\/ro\/wp-json\/wp\/v2\/product_brand?post=5272"},{"taxonomy":"product_cat","embeddable":true,"href":"https:\/\/theperfumebottles.com\/ro\/wp-json\/wp\/v2\/product_cat?post=5272"},{"taxonomy":"product_tag","embeddable":true,"href":"https:\/\/theperfumebottles.com\/ro\/wp-json\/wp\/v2\/product_tag?post=5272"}],"curies":[{"name":"wp","href":"https:\/\/api.w.org\/{rel}","templated":true}]}}