{"id":5273,"date":"2025-08-07T18:04:47","date_gmt":"2025-08-07T10:04:47","guid":{"rendered":"https:\/\/theperfumebottles.com\/?post_type=product&#038;p=5273"},"modified":"2026-04-02T14:26:39","modified_gmt":"2026-04-02T06:26:39","slug":"glass-lotion-bottle-with-pump-for-bulk-supply","status":"publish","type":"product","link":"https:\/\/theperfumebottles.com\/ro\/produs\/glass-lotion-bottle-with-pump-for-bulk-supply\/","title":{"rendered":"Sticl\u0103 de lo\u021biune din sticl\u0103 de 20 ml, 30 ml, 40 ml, 60 ml, cu pomp\u0103 pentru aprovizionare \u00een vrac"},"content":{"rendered":"<p>Designul sticlei acestei lo\u021biuni cu pomp\u0103 are o form\u0103 cilindric\u0103, care folose\u0219te sticl\u0103 mat\u0103 pentru a-i crea aspectul alb-l\u0103ptos moale. Corpul sticlei \u0219i pompa din plastic alb sunt conectate printr-o textur\u0103 natural\u0103 din bambus, care se extinde p\u00e2n\u0103 la capacul protector transparent ce protejeaz\u0103 capul pompei.<\/p>\n<h2>Specifica\u021bii cheie<\/h2>\n<table style=\"border-collapse: collapse; margin-left: auto; margin-right: auto; width: 80%;\" border=\"0\" width=\"652\" cellspacing=\"0\" cellpadding=\"0\">\n<tbody>\n<tr style=\"height: 13.50pt;\">\n<td style=\"height: 13.50pt; width: 116.25pt;\" width=\"155\" height=\"18\">Caracteristic\u0103<\/td>\n<td style=\"width: 372.75pt;\" width=\"497\">Detaliu<\/td>\n<\/tr>\n<tr style=\"height: 13.50pt;\">\n<td style=\"height: 13.50pt;\" height=\"18\">M\u0103rimi disponibile<\/td>\n<td>20ml, 30ml, 40ml, 60ml (sticl\u0103 ideal\u0103 pentru lo\u021biune cu pomp\u0103)<\/td>\n<\/tr>\n<tr style=\"height: 13.50pt;\">\n<td style=\"height: 13.50pt;\" height=\"18\">Material<\/td>\n<td>Sticl\u0103 sodiu-calcic\u0103<\/td>\n<\/tr>\n<tr style=\"height: 13.50pt;\">\n<td style=\"height: 13.50pt;\" height=\"18\">Pompa<\/td>\n<td>plastic cu guler din lemn natural<\/td>\n<\/tr>\n<tr style=\"height: 13.50pt;\">\n<td style=\"height: 13.50pt;\" height=\"18\">Termina<\/td>\n<td>Corp din sticl\u0103 alb\u0103 mat\u0103<\/td>\n<\/tr>\n<tr style=\"height: 13.50pt;\">\n<td style=\"height: 13.50pt;\" height=\"18\">Personalizare<\/td>\n<td>Culoare, ton lemn, op\u021biuni logo<\/td>\n<\/tr>\n<tr style=\"height: 13.50pt;\">\n<td style=\"height: 13.50pt;\" height=\"18\">Ideal pentru<\/td>\n<td>Lo\u021biune, ser, crem\u0103 hidratant\u0103, \u00eengrijire corporal\u0103<\/td>\n<\/tr>\n<\/tbody>\n<\/table>\n<h2>Poveste de succes<\/h2>\n<p>Un brand Pure Beauty din California a selectat produsul nostru de lo\u021biune cu sticl\u0103 de 20 ml, pe care l-a personalizat prin ad\u0103ugarea unui logo gravat cu laser pe g\u00e2tul din bambus \u0219i a unui cap de pomp\u0103 de vid f\u0103r\u0103 BPA. Combina\u021bia de materiale naturale a sporit autenticitatea \u0219i sustenabilitatea brandului cu 40%, conform sondajelor realizate \u00een r\u00e2ndul consumatorilor, \u00een timp ce capul pompei de vid a prelungit durata de valabilitate a lo\u021biunii lor f\u0103r\u0103 conservan\u021bi cu 35%. Brandul a ob\u021binut un mare succes \u0219i, ulterior, a plasat o comand\u0103 suplimentar\u0103 de 500.000 de sticle pentru a produce o nou\u0103 linie de gel de du\u0219 \u0219i crem\u0103 de m\u00e2ini.<\/p>\n<h2>Vrei s\u0103-l personalizezi pe al t\u0103u?<\/h2>\n<p>Nu trebuie s\u0103 te limitezi la alb. Aceast\u0103 lo\u021biune din sticl\u0103 goal\u0103 este complet adaptabil\u0103.<\/p>\n<ul>\n<li><strong>Schimba\u021bi culoarea:<\/strong> \u00cencearc\u0103 un salvie deschis, un bej cald sau un bleumarin \u00eenchis. Se potrive\u0219te cu atmosfera brandului t\u0103u.<\/li>\n<li><strong>Schimb\u0103 lemnul:<\/strong> Stejar deschis la culoare, nuc sau bambus? Da, po\u021bi.<\/li>\n<li><strong>Ad\u0103uga\u021bi sigla dvs.:<\/strong> Oferim gravur\u0103 laser sau serigrafie - alegerea dumneavoastr\u0103.<\/li>\n<li><strong>Scalare inteligent\u0103:<\/strong> Ave\u021bi nevoie de 1000 de unit\u0103\u021bi pentru un test? Sau 30.000 pentru o lansare important\u0103? Ne ocup\u0103m de ambele.<\/li>\n<\/ul>\n<p>Aceast\u0103 sticl\u0103 de lo\u021biune cu pomp\u0103 nu este doar un recipient. Este o p\u00e2nz\u0103. Tu aduci viziunea. Noi o facem realitate.<\/p>","protected":false},"excerpt":{"rendered":"<p>Sticl\u0103 de lo\u021biune premium cu pomp\u0103 din sticl\u0103 mat\u0103 \u0219i inel natural din bambus. Lo\u021biune din sticl\u0103 ideal\u0103 pentru m\u0103rcile de \u00eengrijire a pielii. Livrare rapid\u0103 \u00een \u00eentreaga lume.<\/p>","protected":false},"featured_media":5286,"comment_status":"open","ping_status":"closed","template":"","meta":{"_acf_changed":false,"site-sidebar-layout":"default","site-content-layout":"","ast-site-content-layout":"default","site-content-style":"default","site-sidebar-style":"default","ast-global-header-display":"","ast-banner-title-visibility":"","ast-main-header-display":"","ast-hfb-above-header-display":"","ast-hfb-below-header-display":"","ast-hfb-mobile-header-display":"","site-post-title":"","ast-breadcrumbs-content":"","ast-featured-img":"","footer-sml-layout":"","ast-disable-related-posts":"","theme-transparent-header-meta":"default","adv-header-id-meta":"","stick-header-meta":"","header-above-stick-meta":"","header-main-stick-meta":"","header-below-stick-meta":"","astra-migrate-meta-layouts":"set","ast-page-background-enabled":"default","ast-page-background-meta":{"desktop":{"background-color":"var(--ast-global-color-5)","background-image":"","background-repeat":"repeat","background-position":"center center","background-size":"auto","background-attachment":"scroll","background-type":"","background-media":"","overlay-type":"","overlay-color":"","overlay-opacity":"","overlay-gradient":""},"tablet":{"background-color":"","background-image":"","background-repeat":"repeat","background-position":"center center","background-size":"auto","background-attachment":"scroll","background-type":"","background-media":"","overlay-type":"","overlay-color":"","overlay-opacity":"","overlay-gradient":""},"mobile":{"background-color":"","background-image":"","background-repeat":"repeat","background-position":"center center","background-size":"auto","background-attachment":"scroll","background-type":"","background-media":"","overlay-type":"","overlay-color":"","overlay-opacity":"","overlay-gradient":""}},"ast-content-background-meta":{"desktop":{"background-color":"var(--ast-global-color-4)","background-image":"","background-repeat":"repeat","background-position":"center center","background-size":"auto","background-attachment":"scroll","background-type":"","background-media":"","overlay-type":"","overlay-color":"","overlay-opacity":"","overlay-gradient":""},"tablet":{"background-color":"var(--ast-global-color-4)","background-image":"","background-repeat":"repeat","background-position":"center center","background-size":"auto","background-attachment":"scroll","background-type":"","background-media":"","overlay-type":"","overlay-color":"","overlay-opacity":"","overlay-gradient":""},"mobile":{"background-color":"var(--ast-global-color-4)","background-image":"","background-repeat":"repeat","background-position":"center center","background-size":"auto","background-attachment":"scroll","background-type":"","background-media":"","overlay-type":"","overlay-color":"","overlay-opacity":"","overlay-gradient":""}}},"product_brand":[],"product_cat":[71,72,62],"product_tag":[190,204],"class_list":{"0":"post-5273","1":"product","2":"type-product","3":"status-publish","4":"has-post-thumbnail","6":"product_cat-glass-lotion-bottles","7":"product_cat-cosmetic-packaging","8":"product_cat-cosmetic-containers","9":"product_tag-cosmetic-pots-with-lids","10":"product_tag-frosted-cosmetic-jars","11":"desktop-align-left","12":"tablet-align-left","13":"mobile-align-left","15":"first","16":"instock","17":"shipping-taxable","18":"product-type-simple"},"acf":[],"jetpack_sharing_enabled":true,"_links":{"self":[{"href":"https:\/\/theperfumebottles.com\/ro\/wp-json\/wp\/v2\/product\/5273","targetHints":{"allow":["GET"]}}],"collection":[{"href":"https:\/\/theperfumebottles.com\/ro\/wp-json\/wp\/v2\/product"}],"about":[{"href":"https:\/\/theperfumebottles.com\/ro\/wp-json\/wp\/v2\/types\/product"}],"replies":[{"embeddable":true,"href":"https:\/\/theperfumebottles.com\/ro\/wp-json\/wp\/v2\/comments?post=5273"}],"wp:featuredmedia":[{"embeddable":true,"href":"https:\/\/theperfumebottles.com\/ro\/wp-json\/wp\/v2\/media\/5286"}],"wp:attachment":[{"href":"https:\/\/theperfumebottles.com\/ro\/wp-json\/wp\/v2\/media?parent=5273"}],"wp:term":[{"taxonomy":"product_brand","embeddable":true,"href":"https:\/\/theperfumebottles.com\/ro\/wp-json\/wp\/v2\/product_brand?post=5273"},{"taxonomy":"product_cat","embeddable":true,"href":"https:\/\/theperfumebottles.com\/ro\/wp-json\/wp\/v2\/product_cat?post=5273"},{"taxonomy":"product_tag","embeddable":true,"href":"https:\/\/theperfumebottles.com\/ro\/wp-json\/wp\/v2\/product_tag?post=5273"}],"curies":[{"name":"wp","href":"https:\/\/api.w.org\/{rel}","templated":true}]}}