{"id":5287,"date":"2025-08-07T18:38:59","date_gmt":"2025-08-07T10:38:59","guid":{"rendered":"https:\/\/theperfumebottles.com\/?post_type=product&#038;p=5287"},"modified":"2026-04-02T14:06:27","modified_gmt":"2026-04-02T06:06:27","slug":"wholesale-cosmetic-bottles-glass-with-lotion-pump","status":"publish","type":"product","link":"https:\/\/theperfumebottles.com\/ro\/produs\/wholesale-cosmetic-bottles-glass-with-lotion-pump\/","title":{"rendered":"En-gros de 30 ml sticle cosmetice goale din sticl\u0103 cu pomp\u0103 de lo\u021biune Glod"},"content":{"rendered":"<p>Sticla cosmetic\u0103 din sticl\u0103 de \u00eenalt\u0103 calitate are un design cilindric, care include o baz\u0103 rotunjit\u0103 \u00eembun\u0103t\u0103\u021bit\u0103, construit\u0103 din sticl\u0103 premium ultra-clar\u0103. Produsul este prev\u0103zut cu o pomp\u0103 de pulverizare aurie sofisticat\u0103, cu un capac de siguran\u021b\u0103 din sticl\u0103 transparent\u0103 \u0219i op\u021biuni multiple de culoare.<\/p>\n<h2>Specifica\u021bii cheie<\/h2>\n<table style=\"border-collapse: collapse; margin-left: auto; margin-right: auto; width: 80%;\" border=\"0\" width=\"526\" cellspacing=\"0\" cellpadding=\"0\">\n<tbody>\n<tr style=\"height: 13.50pt;\">\n<td style=\"height: 13.50pt; width: 116.25pt;\" width=\"155\" height=\"18\">Caracteristic\u0103<\/td>\n<td style=\"width: 278.25pt;\" width=\"371\">Detaliu<\/td>\n<\/tr>\n<tr style=\"height: 13.50pt;\">\n<td style=\"height: 13.50pt;\" height=\"18\">Capacitate<\/td>\n<td>30 ml (dimensiunea optim\u0103 a sticlelor cosmetice din sticl\u0103)<\/td>\n<\/tr>\n<tr style=\"height: 13.50pt;\">\n<td style=\"height: 13.50pt;\" height=\"18\">Material<\/td>\n<td>Sticl\u0103 sodiu-calcic\u0103<\/td>\n<\/tr>\n<tr style=\"height: 13.50pt;\">\n<td style=\"height: 13.50pt;\" height=\"18\">Pompa<\/td>\n<td>Pomp\u0103 cu disc metalic (nuan\u021b\u0103 aurie)<\/td>\n<\/tr>\n<tr style=\"height: 13.50pt;\">\n<td style=\"height: 13.50pt;\" height=\"18\">Form\u0103<\/td>\n<td>Profil cilindric, elegant<\/td>\n<\/tr>\n<tr style=\"height: 13.50pt;\">\n<td style=\"height: 13.50pt;\" height=\"18\">Personalizare<\/td>\n<td>Op\u021biuni de culoare pentru sticl\u0103 \u0219i pomp\u0103<\/td>\n<\/tr>\n<tr style=\"height: 13.50pt;\">\n<td style=\"height: 13.50pt;\" height=\"18\">Caz de utilizare<\/td>\n<td>Lo\u021biune, ser, crem\u0103 hidratant\u0103<\/td>\n<\/tr>\n<\/tbody>\n<\/table>\n<h2>Poveste de succes<\/h2>\n<p>Parfumierul francez a ales pomp\u0103 pentru sticla noastr\u0103 de lo\u021biune goal\u0103 de 30 ml pentru designul s\u0103u personalizat, care a inclus un cap de pomp\u0103 auriu mat \u0219i un logo al m\u0103rcii sablat. Baza ponderat\u0103 confer\u0103 produsului o \u201esenza\u021bie premium\u201d, un aspect men\u021bionat \u00een 95% din recenziile clien\u021bilor. Pulverizatorul auriu creeaz\u0103 o cea\u021b\u0103 fin\u0103 care cre\u0219te valoarea produsului, reduc\u00e2nd \u00een acela\u0219i timp risipa de pulverizare cu 30%. Spray-ul de parfum a avut un succes puternic \u00een v\u00e2nz\u0103ri, ceea ce i-a determinat s\u0103 comande 300.000 de sticle suplimentare pentru noua lor linie de spray-uri de parfum pentru camer\u0103 \u0219i \u021bes\u0103turi.<\/p>\n<h2>Op\u021biuni de personalizare pentru sticlele de lo\u021biune<\/h2>\n<ul>\n<li>Finisajele capului \u0219i g\u00e2tului pompei ofer\u0103 patru op\u021biuni de culoare, inclusiv auriu, auriu roz, argintiu \u0219i negru.<\/li>\n<li>Sistemul ofer\u0103 dou\u0103 set\u0103ri de pulverizare cu cea\u021b\u0103, care includ cea\u021b\u0103 fin\u0103 \u0219i cea\u021b\u0103 medie, \u00eempreun\u0103 cu func\u021bionalitate de pulverizare continu\u0103.<\/li>\n<li>Produsul include un capac metalic magnetic care ofer\u0103 protec\u021bie complet\u0103 \u00eempotriva scurgerilor, men\u021bin\u00e2nd \u00een acela\u0219i timp o transportabilitate u\u0219oar\u0103.<\/li>\n<\/ul>","protected":false},"excerpt":{"rendered":"<p>Furnizare \u00een vrac de sticle cosmetice din sticl\u0103 cu pomp\u0103 goal\u0103 pentru lo\u021biune - op\u021biuni personalizate disponibile pentru m\u0103rci de \u00eengrijire a pielii \u0219i frumuse\u021be la pre\u021buri en-gros.<\/p>","protected":false},"featured_media":5290,"comment_status":"open","ping_status":"closed","template":"","meta":{"_acf_changed":false,"site-sidebar-layout":"default","site-content-layout":"","ast-site-content-layout":"default","site-content-style":"default","site-sidebar-style":"default","ast-global-header-display":"","ast-banner-title-visibility":"","ast-main-header-display":"","ast-hfb-above-header-display":"","ast-hfb-below-header-display":"","ast-hfb-mobile-header-display":"","site-post-title":"","ast-breadcrumbs-content":"","ast-featured-img":"","footer-sml-layout":"","ast-disable-related-posts":"","theme-transparent-header-meta":"default","adv-header-id-meta":"","stick-header-meta":"","header-above-stick-meta":"","header-main-stick-meta":"","header-below-stick-meta":"","astra-migrate-meta-layouts":"set","ast-page-background-enabled":"default","ast-page-background-meta":{"desktop":{"background-color":"var(--ast-global-color-5)","background-image":"","background-repeat":"repeat","background-position":"center center","background-size":"auto","background-attachment":"scroll","background-type":"","background-media":"","overlay-type":"","overlay-color":"","overlay-opacity":"","overlay-gradient":""},"tablet":{"background-color":"","background-image":"","background-repeat":"repeat","background-position":"center center","background-size":"auto","background-attachment":"scroll","background-type":"","background-media":"","overlay-type":"","overlay-color":"","overlay-opacity":"","overlay-gradient":""},"mobile":{"background-color":"","background-image":"","background-repeat":"repeat","background-position":"center center","background-size":"auto","background-attachment":"scroll","background-type":"","background-media":"","overlay-type":"","overlay-color":"","overlay-opacity":"","overlay-gradient":""}},"ast-content-background-meta":{"desktop":{"background-color":"var(--ast-global-color-4)","background-image":"","background-repeat":"repeat","background-position":"center center","background-size":"auto","background-attachment":"scroll","background-type":"","background-media":"","overlay-type":"","overlay-color":"","overlay-opacity":"","overlay-gradient":""},"tablet":{"background-color":"var(--ast-global-color-4)","background-image":"","background-repeat":"repeat","background-position":"center center","background-size":"auto","background-attachment":"scroll","background-type":"","background-media":"","overlay-type":"","overlay-color":"","overlay-opacity":"","overlay-gradient":""},"mobile":{"background-color":"var(--ast-global-color-4)","background-image":"","background-repeat":"repeat","background-position":"center center","background-size":"auto","background-attachment":"scroll","background-type":"","background-media":"","overlay-type":"","overlay-color":"","overlay-opacity":"","overlay-gradient":""}}},"product_brand":[],"product_cat":[71,72,62],"product_tag":[190,204],"class_list":{"0":"post-5287","1":"product","2":"type-product","3":"status-publish","4":"has-post-thumbnail","6":"product_cat-glass-lotion-bottles","7":"product_cat-cosmetic-packaging","8":"product_cat-cosmetic-containers","9":"product_tag-cosmetic-pots-with-lids","10":"product_tag-frosted-cosmetic-jars","11":"desktop-align-left","12":"tablet-align-left","13":"mobile-align-left","15":"first","16":"instock","17":"shipping-taxable","18":"product-type-simple"},"acf":[],"jetpack_sharing_enabled":true,"_links":{"self":[{"href":"https:\/\/theperfumebottles.com\/ro\/wp-json\/wp\/v2\/product\/5287","targetHints":{"allow":["GET"]}}],"collection":[{"href":"https:\/\/theperfumebottles.com\/ro\/wp-json\/wp\/v2\/product"}],"about":[{"href":"https:\/\/theperfumebottles.com\/ro\/wp-json\/wp\/v2\/types\/product"}],"replies":[{"embeddable":true,"href":"https:\/\/theperfumebottles.com\/ro\/wp-json\/wp\/v2\/comments?post=5287"}],"wp:featuredmedia":[{"embeddable":true,"href":"https:\/\/theperfumebottles.com\/ro\/wp-json\/wp\/v2\/media\/5290"}],"wp:attachment":[{"href":"https:\/\/theperfumebottles.com\/ro\/wp-json\/wp\/v2\/media?parent=5287"}],"wp:term":[{"taxonomy":"product_brand","embeddable":true,"href":"https:\/\/theperfumebottles.com\/ro\/wp-json\/wp\/v2\/product_brand?post=5287"},{"taxonomy":"product_cat","embeddable":true,"href":"https:\/\/theperfumebottles.com\/ro\/wp-json\/wp\/v2\/product_cat?post=5287"},{"taxonomy":"product_tag","embeddable":true,"href":"https:\/\/theperfumebottles.com\/ro\/wp-json\/wp\/v2\/product_tag?post=5287"}],"curies":[{"name":"wp","href":"https:\/\/api.w.org\/{rel}","templated":true}]}}