{"id":5311,"date":"2025-08-08T17:15:15","date_gmt":"2025-08-08T09:15:15","guid":{"rendered":"https:\/\/theperfumebottles.com\/?post_type=product&#038;p=5311"},"modified":"2025-08-08T17:17:29","modified_gmt":"2025-08-08T09:17:29","slug":"glass-roller-ball-bottle-essential-roll-on-container-for-cosmetic-packaging","status":"publish","type":"product","link":"https:\/\/theperfumebottles.com\/ro\/produs\/glass-roller-ball-bottle-essential-roll-on-container-for-cosmetic-packaging\/","title":{"rendered":"Sticle cu bil\u0103 tip rol\u0103 de sticl\u0103 de 30 ml \u0219i 50 ml \u2013 Recipient tip rol\u0103 pentru ambalaje cosmetice"},"content":{"rendered":"<p>Ave\u021bi nevoie de un recipient care s\u0103 v\u0103 protejeze produsul de deteriorarea u\u0219oar\u0103, facilit\u00e2nd \u00een acela\u0219i timp aplicarea? Sticlele noastre roll-on din sticl\u0103 sunt concepute pentru brandurile care \u00ee\u0219i doresc ambalaje cosmetice func\u021bionale \u0219i elegante.<\/p>\n<h2>Specifica\u021bii cheie<\/h2>\n<table style=\"border-collapse: collapse; width: 80%; margin-left: auto; margin-right: auto;\" border=\"0\" width=\"144\" cellspacing=\"0\" cellpadding=\"0\">\n<tbody>\n<tr style=\"height: 13.50pt;\">\n<td style=\"height: 13.50pt; width: 54.00pt;\" width=\"72\" height=\"18\">Caracteristic\u0103<\/td>\n<td style=\"width: 54.00pt;\" width=\"72\">Detalii<\/td>\n<\/tr>\n<tr style=\"height: 13.50pt;\">\n<td style=\"height: 13.50pt;\" height=\"18\">Capacitate<\/td>\n<td>30ml 50ml<\/td>\n<\/tr>\n<tr style=\"height: 13.50pt;\">\n<td style=\"height: 13.50pt;\" height=\"18\">Material<\/td>\n<td>Sticl\u0103 transparent\u0103<\/td>\n<\/tr>\n<tr style=\"height: 13.50pt;\">\n<td style=\"height: 13.50pt;\" height=\"18\">Mecanism de etan\u0219are<\/td>\n<td>Roll-on<\/td>\n<\/tr>\n<tr style=\"height: 13.50pt;\">\n<td style=\"height: 13.50pt;\" height=\"18\">Montaj<\/td>\n<td>Bil\u0103 cu bil\u0103 din plastic + capac din plastic negru<\/td>\n<\/tr>\n<\/tbody>\n<\/table>\n<h2>Poveste de succes: Cum a crescut v\u00e2nz\u0103rile un brand de produse ecologice pentru \u00eengrijirea pielii cu ambalaje personalizate roll-on<\/h2>\n<p>Un produc\u0103tor de produse ecologice pentru \u00eengrijirea pielii a lansat o linie de produse pentru \u00eengrijirea pielii, adres\u00e2ndu-se clien\u021bilor preocupa\u021bi de mediu, \u0219i a ales sticle de sticl\u0103 tip \u201eondulator\u201d pentru ambalajele cosmeticelor sale. Comand\u00e2nd ambalajele \u00een vrac \u0219i incluz\u00e2nd etichete personalizate cu mesaje ecologice, a redus taxele de ambalare cu 20% \u0219i a observat o cre\u0219tere a veniturilor cu 60%.<\/p>\n<h2>Instruc\u021biuni de personalizare<\/h2>\n<ul>\n<li><strong>Linii simplificate pentru sticle:<\/strong> Un aspect simplificat, f\u0103r\u0103 ornamente inutile \u0219i un finisaj mat, \u00eentruchipeaz\u0103 o estetic\u0103 minimalist\u0103 modern\u0103.<\/li>\n<li><strong>Recunoa\u0219tere vizual\u0103 \u00eembun\u0103t\u0103\u021bit\u0103:<\/strong> Sticla transparent\u0103 \u0219i capacul negru creeaz\u0103 o imagine suspendat\u0103, eviden\u021biind bog\u0103\u021bia \u0219i textura lichidului din interior.<\/li>\n<\/ul>","protected":false},"excerpt":{"rendered":"<p>Descoperi\u021bi sticla cu bil\u0103 tip roll-on din sticl\u0103, cu sticl\u0103 transparent\u0103 rezistent\u0103 la UV \u0219i design roll-on de precizie. Perfect\u0103 pentru \u00eengrijirea pielii, ambalaje pentru produse cosmetice \u0219i comenzi en-gros.<\/p>","protected":false},"featured_media":5312,"comment_status":"open","ping_status":"closed","template":"","meta":{"_acf_changed":false,"site-sidebar-layout":"default","site-content-layout":"","ast-site-content-layout":"default","site-content-style":"default","site-sidebar-style":"default","ast-global-header-display":"","ast-banner-title-visibility":"","ast-main-header-display":"","ast-hfb-above-header-display":"","ast-hfb-below-header-display":"","ast-hfb-mobile-header-display":"","site-post-title":"","ast-breadcrumbs-content":"","ast-featured-img":"","footer-sml-layout":"","ast-disable-related-posts":"","theme-transparent-header-meta":"default","adv-header-id-meta":"","stick-header-meta":"","header-above-stick-meta":"","header-main-stick-meta":"","header-below-stick-meta":"","astra-migrate-meta-layouts":"set","ast-page-background-enabled":"default","ast-page-background-meta":{"desktop":{"background-color":"var(--ast-global-color-5)","background-image":"","background-repeat":"repeat","background-position":"center center","background-size":"auto","background-attachment":"scroll","background-type":"","background-media":"","overlay-type":"","overlay-color":"","overlay-opacity":"","overlay-gradient":""},"tablet":{"background-color":"","background-image":"","background-repeat":"repeat","background-position":"center center","background-size":"auto","background-attachment":"scroll","background-type":"","background-media":"","overlay-type":"","overlay-color":"","overlay-opacity":"","overlay-gradient":""},"mobile":{"background-color":"","background-image":"","background-repeat":"repeat","background-position":"center center","background-size":"auto","background-attachment":"scroll","background-type":"","background-media":"","overlay-type":"","overlay-color":"","overlay-opacity":"","overlay-gradient":""}},"ast-content-background-meta":{"desktop":{"background-color":"var(--ast-global-color-4)","background-image":"","background-repeat":"repeat","background-position":"center center","background-size":"auto","background-attachment":"scroll","background-type":"","background-media":"","overlay-type":"","overlay-color":"","overlay-opacity":"","overlay-gradient":""},"tablet":{"background-color":"var(--ast-global-color-4)","background-image":"","background-repeat":"repeat","background-position":"center center","background-size":"auto","background-attachment":"scroll","background-type":"","background-media":"","overlay-type":"","overlay-color":"","overlay-opacity":"","overlay-gradient":""},"mobile":{"background-color":"var(--ast-global-color-4)","background-image":"","background-repeat":"repeat","background-position":"center center","background-size":"auto","background-attachment":"scroll","background-type":"","background-media":"","overlay-type":"","overlay-color":"","overlay-opacity":"","overlay-gradient":""}}},"product_brand":[],"product_cat":[72,62,57,60],"product_tag":[215,214],"class_list":{"0":"post-5311","1":"product","2":"type-product","3":"status-publish","4":"has-post-thumbnail","6":"product_cat-cosmetic-packaging","7":"product_cat-cosmetic-containers","8":"product_cat-essential-oil-bottles","9":"product_cat-roller-bottles","10":"product_tag-glass-roller-ball-bottle","11":"product_tag-roll-on-glass-bottles","12":"desktop-align-left","13":"tablet-align-left","14":"mobile-align-left","16":"first","17":"instock","18":"shipping-taxable","19":"product-type-simple"},"acf":[],"jetpack_sharing_enabled":true,"_links":{"self":[{"href":"https:\/\/theperfumebottles.com\/ro\/wp-json\/wp\/v2\/product\/5311","targetHints":{"allow":["GET"]}}],"collection":[{"href":"https:\/\/theperfumebottles.com\/ro\/wp-json\/wp\/v2\/product"}],"about":[{"href":"https:\/\/theperfumebottles.com\/ro\/wp-json\/wp\/v2\/types\/product"}],"replies":[{"embeddable":true,"href":"https:\/\/theperfumebottles.com\/ro\/wp-json\/wp\/v2\/comments?post=5311"}],"wp:featuredmedia":[{"embeddable":true,"href":"https:\/\/theperfumebottles.com\/ro\/wp-json\/wp\/v2\/media\/5312"}],"wp:attachment":[{"href":"https:\/\/theperfumebottles.com\/ro\/wp-json\/wp\/v2\/media?parent=5311"}],"wp:term":[{"taxonomy":"product_brand","embeddable":true,"href":"https:\/\/theperfumebottles.com\/ro\/wp-json\/wp\/v2\/product_brand?post=5311"},{"taxonomy":"product_cat","embeddable":true,"href":"https:\/\/theperfumebottles.com\/ro\/wp-json\/wp\/v2\/product_cat?post=5311"},{"taxonomy":"product_tag","embeddable":true,"href":"https:\/\/theperfumebottles.com\/ro\/wp-json\/wp\/v2\/product_tag?post=5311"}],"curies":[{"name":"wp","href":"https:\/\/api.w.org\/{rel}","templated":true}]}}