{"id":5355,"date":"2025-08-08T18:08:52","date_gmt":"2025-08-08T10:08:52","guid":{"rendered":"https:\/\/theperfumebottles.com\/?post_type=product&#038;p=5355"},"modified":"2026-04-01T15:09:21","modified_gmt":"2026-04-01T07:09:21","slug":"bulk-glass-amber-pump-bottle-for-cosmetic-packaging","status":"publish","type":"product","link":"https:\/\/theperfumebottles.com\/ro\/produs\/bulk-glass-amber-pump-bottle-for-cosmetic-packaging\/","title":{"rendered":"Sticle cu pomp\u0103 chihlimbar din sticl\u0103 de 5 ml - 100 ml pentru ambalaje cosmetice"},"content":{"rendered":"<p>Sticla cu pomp\u0103 din sticl\u0103 de culoarea chihlimbarului are un design modern, care creeaz\u0103 un recipient cu forma sa cilindric\u0103 rotunjit\u0103, realizat din sticl\u0103 translucid\u0103 premium de culoarea chihlimbarului, cu capul de pomp\u0103 negru asortat exact cu cel al capacului de siguran\u021b\u0103 din sticl\u0103 transparent\u0103.<\/p>\n<h2>Specifica\u021bii cheie<\/h2>\n<table style=\"border-collapse: collapse; margin-left: auto; margin-right: auto; width: 80%;\" border=\"0\" width=\"486\" cellspacing=\"0\" cellpadding=\"0\">\n<tbody>\n<tr style=\"height: 13.50pt;\">\n<td style=\"height: 13.50pt; width: 117.75pt;\" width=\"157\" height=\"18\">Caracteristic\u0103<\/td>\n<td style=\"width: 246.75pt;\" width=\"329\">Detaliu<\/td>\n<\/tr>\n<tr style=\"height: 13.50pt;\">\n<td style=\"height: 13.50pt;\" height=\"18\">Op\u021biuni de capacitate<\/td>\n<td>5ml, 10ml, 15ml, 20ml, 30ml, 50ml, 100ml<\/td>\n<\/tr>\n<tr style=\"height: 13.50pt;\">\n<td style=\"height: 13.50pt;\" height=\"18\">Interval de dimensiuni ale sticlei<\/td>\n<td>22\u201344,5 mm diametru, 50\u2013112 mm \u00een\u0103l\u021bime<\/td>\n<\/tr>\n<tr style=\"height: 13.50pt;\">\n<td style=\"height: 13.50pt;\" height=\"18\">Material<\/td>\n<td>Sticl\u0103 maro de \u00eenalt\u0103 claritate<\/td>\n<\/tr>\n<tr style=\"height: 13.50pt;\">\n<td style=\"height: 13.50pt;\" height=\"18\">\u00cenchidere<\/td>\n<td>Pomp\u0103 neagr\u0103 cu v\u00e2rf \u00eenclinat<\/td>\n<\/tr>\n<tr style=\"height: 13.50pt;\">\n<td style=\"height: 13.50pt;\" height=\"18\">Tub de pomp\u0103<\/td>\n<td>Tub lung \u0219i transparent pentru utilizare complet\u0103<\/td>\n<\/tr>\n<tr style=\"height: 13.50pt;\">\n<td style=\"height: 13.50pt;\" height=\"18\">Ideal pentru<\/td>\n<td>Seruri, lo\u021biuni, uleiuri faciale<\/td>\n<\/tr>\n<\/tbody>\n<\/table>\n<h2>Poveste de succes<\/h2>\n<p>Marca profesional\u0103 de produse de \u00eengrijire a pielii a ales sticlele noastre din sticl\u0103 maro de 30 ml cu pomp\u0103, dup\u0103 ce au ad\u0103ugat o etichet\u0103 serigrafiat\u0103 \u201eairless\u201d \u0219i o pomp\u0103 eficient\u0103, potrivit\u0103 pentru produsele lor seroase v\u00e2scoase. Protec\u021bia UV men\u021bine o eficacitate de 95% a ingredientelor pentru ser pe parcursul a 12 luni. Sistemul de pomp\u0103 reduce oxidarea \u0219i produc\u021bia de de\u0219euri cu 30% \u00een compara\u021bie cu pipetele. Marca a ob\u021binut un succes masiv cu produsul s\u0103u, ceea ce a dus la o comand\u0103 ulterioar\u0103 de 750.000 de sticle pentru \u00eentreaga sa gam\u0103 de seruri antioxidante \u0219i produse de \u00eengrijire a pielii.<\/p>\n<h2>Sticle de sticl\u0103 maro cu op\u021biuni de personalizare a pompei<\/h2>\n<ul>\n<li>Sticla de sticl\u0103 de culoarea chihlimbarului deschis este disponibil\u0103 \u00een trei nuan\u021be diferite, care includ chihlimbar deschis, chihlimbar mediu \u0219i chihlimbar \u00eenchis.<\/li>\n<li>Sistemul cu pomp\u0103 de vid ofer\u0103 utilizatorilor un sistem complet de pomp\u0103 de vid care garanteaz\u0103 protec\u021bie maxim\u0103 pentru ingredientele active instabile prin mecanisme de ap\u0103rare antioxidante.<\/li>\n<li>Partea de jos a sticlei poate afi\u0219a o scal\u0103 \u00een relief care arat\u0103 \u201e100 ml\u201d sau utilizatorii pot alege s\u0103 afi\u0219eze sigla m\u0103rcii lor printr-un mic afi\u0219aj cu sigla.<\/li>\n<\/ul>","protected":false},"excerpt":{"rendered":"<p>Sticl\u0103 elegant\u0103 cu pomp\u0103 de culoare chihlimbar, cu pomp\u0103 \u0219i capac sigure. Sticle din sticl\u0103 maro cu pomp\u0103 pentru creme \u0219i lichide. Se accept\u0103 op\u021biuni de personalizare a m\u0103rcii. Mostre gratuite.<\/p>","protected":false},"featured_media":5356,"comment_status":"open","ping_status":"closed","template":"","meta":{"_acf_changed":false,"site-sidebar-layout":"default","site-content-layout":"","ast-site-content-layout":"default","site-content-style":"default","site-sidebar-style":"default","ast-global-header-display":"","ast-banner-title-visibility":"","ast-main-header-display":"","ast-hfb-above-header-display":"","ast-hfb-below-header-display":"","ast-hfb-mobile-header-display":"","site-post-title":"","ast-breadcrumbs-content":"","ast-featured-img":"","footer-sml-layout":"","ast-disable-related-posts":"","theme-transparent-header-meta":"default","adv-header-id-meta":"","stick-header-meta":"","header-above-stick-meta":"","header-main-stick-meta":"","header-below-stick-meta":"","astra-migrate-meta-layouts":"set","ast-page-background-enabled":"default","ast-page-background-meta":{"desktop":{"background-color":"var(--ast-global-color-5)","background-image":"","background-repeat":"repeat","background-position":"center center","background-size":"auto","background-attachment":"scroll","background-type":"","background-media":"","overlay-type":"","overlay-color":"","overlay-opacity":"","overlay-gradient":""},"tablet":{"background-color":"","background-image":"","background-repeat":"repeat","background-position":"center center","background-size":"auto","background-attachment":"scroll","background-type":"","background-media":"","overlay-type":"","overlay-color":"","overlay-opacity":"","overlay-gradient":""},"mobile":{"background-color":"","background-image":"","background-repeat":"repeat","background-position":"center center","background-size":"auto","background-attachment":"scroll","background-type":"","background-media":"","overlay-type":"","overlay-color":"","overlay-opacity":"","overlay-gradient":""}},"ast-content-background-meta":{"desktop":{"background-color":"var(--ast-global-color-4)","background-image":"","background-repeat":"repeat","background-position":"center center","background-size":"auto","background-attachment":"scroll","background-type":"","background-media":"","overlay-type":"","overlay-color":"","overlay-opacity":"","overlay-gradient":""},"tablet":{"background-color":"var(--ast-global-color-4)","background-image":"","background-repeat":"repeat","background-position":"center center","background-size":"auto","background-attachment":"scroll","background-type":"","background-media":"","overlay-type":"","overlay-color":"","overlay-opacity":"","overlay-gradient":""},"mobile":{"background-color":"var(--ast-global-color-4)","background-image":"","background-repeat":"repeat","background-position":"center center","background-size":"auto","background-attachment":"scroll","background-type":"","background-media":"","overlay-type":"","overlay-color":"","overlay-opacity":"","overlay-gradient":""}}},"product_brand":[],"product_cat":[71,72,62],"product_tag":[190,204],"class_list":{"0":"post-5355","1":"product","2":"type-product","3":"status-publish","4":"has-post-thumbnail","6":"product_cat-glass-lotion-bottles","7":"product_cat-cosmetic-packaging","8":"product_cat-cosmetic-containers","9":"product_tag-cosmetic-pots-with-lids","10":"product_tag-frosted-cosmetic-jars","11":"desktop-align-left","12":"tablet-align-left","13":"mobile-align-left","15":"first","16":"instock","17":"shipping-taxable","18":"product-type-simple"},"acf":[],"jetpack_sharing_enabled":true,"_links":{"self":[{"href":"https:\/\/theperfumebottles.com\/ro\/wp-json\/wp\/v2\/product\/5355","targetHints":{"allow":["GET"]}}],"collection":[{"href":"https:\/\/theperfumebottles.com\/ro\/wp-json\/wp\/v2\/product"}],"about":[{"href":"https:\/\/theperfumebottles.com\/ro\/wp-json\/wp\/v2\/types\/product"}],"replies":[{"embeddable":true,"href":"https:\/\/theperfumebottles.com\/ro\/wp-json\/wp\/v2\/comments?post=5355"}],"wp:featuredmedia":[{"embeddable":true,"href":"https:\/\/theperfumebottles.com\/ro\/wp-json\/wp\/v2\/media\/5356"}],"wp:attachment":[{"href":"https:\/\/theperfumebottles.com\/ro\/wp-json\/wp\/v2\/media?parent=5355"}],"wp:term":[{"taxonomy":"product_brand","embeddable":true,"href":"https:\/\/theperfumebottles.com\/ro\/wp-json\/wp\/v2\/product_brand?post=5355"},{"taxonomy":"product_cat","embeddable":true,"href":"https:\/\/theperfumebottles.com\/ro\/wp-json\/wp\/v2\/product_cat?post=5355"},{"taxonomy":"product_tag","embeddable":true,"href":"https:\/\/theperfumebottles.com\/ro\/wp-json\/wp\/v2\/product_tag?post=5355"}],"curies":[{"name":"wp","href":"https:\/\/api.w.org\/{rel}","templated":true}]}}