{"id":5404,"date":"2025-08-11T18:02:10","date_gmt":"2025-08-11T10:02:10","guid":{"rendered":"https:\/\/theperfumebottles.com\/?post_type=product&#038;p=5404"},"modified":"2026-04-01T14:48:59","modified_gmt":"2026-04-01T06:48:59","slug":"custom-frosted-empty-lotion-bottle-with-pump-and-gold-lid","status":"publish","type":"product","link":"https:\/\/theperfumebottles.com\/ro\/produs\/custom-frosted-empty-lotion-bottle-with-pump-and-gold-lid\/","title":{"rendered":"Sticl\u0103 de lo\u021biune goal\u0103 personalizat\u0103, mat\u0103, de 30 ml, cu pomp\u0103 \u0219i capac auriu"},"content":{"rendered":"<p>Luxoasa sticl\u0103 goal\u0103 pentru lo\u021biune, cu sistem de pomp\u0103, prezint\u0103 un corp cu pere\u021bi drepti, construit de designeri din sticl\u0103 alb-l\u0103ptos mat\u0103. Designul sticlei prezint\u0103 un elegant capac auriu pentru pomp\u0103, care ofer\u0103 un aspect de rafinament de \u00eenalt\u0103 calitate.<\/p>\n<h2>Specifica\u021bii cheie<\/h2>\n<table style=\"border-collapse: collapse; margin-left: auto; margin-right: auto; width: 80%;\" border=\"0\" width=\"445\" cellspacing=\"0\" cellpadding=\"0\">\n<tbody>\n<tr style=\"height: 13.50pt;\">\n<td style=\"height: 13.50pt; width: 136.50pt;\" width=\"182\" height=\"18\">Caracteristic\u0103<\/td>\n<td style=\"width: 197.25pt;\" width=\"263\">Detaliu<\/td>\n<\/tr>\n<tr style=\"height: 13.50pt;\">\n<td style=\"height: 13.50pt;\" height=\"18\">Capacitate<\/td>\n<td>30 ml<\/td>\n<\/tr>\n<tr style=\"height: 13.50pt;\">\n<td style=\"height: 13.50pt;\" height=\"18\">Material<\/td>\n<td>Sticl\u0103 premium<\/td>\n<\/tr>\n<tr style=\"height: 13.50pt;\">\n<td style=\"height: 13.50pt;\" height=\"18\">Termina<\/td>\n<td>Alb mat (mat\u0103)<\/td>\n<\/tr>\n<tr style=\"height: 13.50pt;\">\n<td style=\"height: 13.50pt;\" height=\"18\">Culoarea pompei<\/td>\n<td>Aur (personalizabil)<\/td>\n<\/tr>\n<tr style=\"height: 13.50pt;\">\n<td style=\"height: 13.50pt;\" height=\"18\">Form\u0103<\/td>\n<td>Cilindric<\/td>\n<\/tr>\n<tr style=\"height: 13.50pt;\">\n<td style=\"height: 13.50pt;\" height=\"18\">\u00cenchidere<\/td>\n<td>Capac de pomp\u0103 cu \u00een\u0219urubare<\/td>\n<\/tr>\n<tr style=\"height: 13.50pt;\">\n<td style=\"height: 13.50pt;\" height=\"18\">Ambalaj per unitate<\/td>\n<td>Cutie de 20 * 20 * 20 cm<\/td>\n<\/tr>\n<tr style=\"height: 13.50pt;\">\n<td style=\"height: 13.50pt;\" height=\"18\">Cel mai bun pentru<\/td>\n<td>Lo\u021biuni, seruri, produse de \u00eengrijire corporal\u0103<\/td>\n<\/tr>\n<\/tbody>\n<\/table>\n<h2>Poveste de succes: Comand\u0103 personalizat\u0103 de la un brand european de produse de lux pentru \u00eengrijire corporal\u0103<\/h2>\n<p>Un brand francez de produse de \u00eengrijire corporal\u0103 de lux a selectat sticla noastr\u0103 de lo\u021biune de 200 ml cu pomp\u0103 \u0219i a creat un design personalizat care a inclus un capac mat placat cu aur de 18K \u0219i un cap special de pomp\u0103 de vid. Sticla personalizat\u0103 a devenit un succes major deoarece finisajul s\u0103u mat moale a devenit principalul element de design al brandului, f\u0103c\u00e2ndu-i pe consumatori s\u0103 vad\u0103 produsul ca fiind cu 50% mai delicat \u0219i mai luxos. Capul pompei de vid a permis produsului s\u0103 men\u021bin\u0103 calitatea uleiului esen\u021bial cu 40% mai mult timp, reduc\u00e2nd \u00een acela\u0219i timp de\u0219eurile pentru mediu. Brandul a comandat un stoc suplimentar de 300.000 de sticle pentru a-\u0219i sus\u021bine viitoarea linie de uleiuri esen\u021biale uscate parfumate \u0219i colec\u021bia de s\u0103rb\u0103tori \u00een edi\u021bie limitat\u0103.<\/p>\n<h2>Vrei s\u0103-l personalizezi? Iat\u0103 cum \u00eel po\u021bi personaliza<\/h2>\n<p>Marca ta nu este generic\u0103. Nici sticla ta nu ar trebui s\u0103 fie.<\/p>\n<ul>\n<li>Schimba\u021bi culoarea pompei \u2013 negru, argintiu, auriu-roz? Gata.<\/li>\n<li>Ajusta\u021bi \u00een\u0103l\u021bimea g\u00e2tului \u2013 o putem modifica pentru o potrivire mai bun\u0103 a etichetei.<\/li>\n<li>Ad\u0103uga\u021bi pompe sigure pentru copii sau cu \u00eencuietoare \u2013 excelente pentru produsele pentru bebelu\u0219i.<\/li>\n<li>Ave\u021bi nevoie de o alt\u0103 dimensiune de pomp\u0103 pentru sticle de lo\u021biune goale? Oferim \u0219i versiuni de 15 ml, 50 ml \u0219i 100 ml.<\/li>\n<\/ul>\n<p>\u0218i dac\u0103 v\u0103 face\u021bi griji cu privire la transport sau depozitare \u00een vrac - nu v\u0103 face\u021bi griji. Proiect\u0103m solu\u021biile noastre de ambalare cu pomp\u0103 pentru sticle goale de lo\u021biune astfel \u00eenc\u00e2t s\u0103 fie stivuibile, sigure \u0219i u\u0219or de manipulat la scar\u0103 larg\u0103. Ne ocup\u0103m de nevoile dumneavoastr\u0103 legate de pomp\u0103 pentru sticle goale de lo\u021biune, deoarece nu se rezum\u0103 doar la sticl\u0103. Este vorba despre vitez\u0103, consecven\u021b\u0103 \u0219i un aspect pl\u0103cut \u00eenc\u0103 din prima zi.<\/p>","protected":false},"excerpt":{"rendered":"<p>Sticl\u0103 de lo\u021biune goal\u0103 premium cu pomp\u0103, din sticl\u0103 mat\u0103 \u0219i capac auriu de lux. Sticl\u0103 de lo\u021biune cu pomp\u0103 pentru m\u0103rci de \u00eengrijire a pielii. Livrare rapid\u0103 \u00een \u00eentreaga lume.<\/p>","protected":false},"featured_media":5418,"comment_status":"open","ping_status":"closed","template":"","meta":{"_acf_changed":false,"site-sidebar-layout":"default","site-content-layout":"","ast-site-content-layout":"default","site-content-style":"default","site-sidebar-style":"default","ast-global-header-display":"","ast-banner-title-visibility":"","ast-main-header-display":"","ast-hfb-above-header-display":"","ast-hfb-below-header-display":"","ast-hfb-mobile-header-display":"","site-post-title":"","ast-breadcrumbs-content":"","ast-featured-img":"","footer-sml-layout":"","ast-disable-related-posts":"","theme-transparent-header-meta":"default","adv-header-id-meta":"","stick-header-meta":"","header-above-stick-meta":"","header-main-stick-meta":"","header-below-stick-meta":"","astra-migrate-meta-layouts":"set","ast-page-background-enabled":"default","ast-page-background-meta":{"desktop":{"background-color":"var(--ast-global-color-5)","background-image":"","background-repeat":"repeat","background-position":"center center","background-size":"auto","background-attachment":"scroll","background-type":"","background-media":"","overlay-type":"","overlay-color":"","overlay-opacity":"","overlay-gradient":""},"tablet":{"background-color":"","background-image":"","background-repeat":"repeat","background-position":"center center","background-size":"auto","background-attachment":"scroll","background-type":"","background-media":"","overlay-type":"","overlay-color":"","overlay-opacity":"","overlay-gradient":""},"mobile":{"background-color":"","background-image":"","background-repeat":"repeat","background-position":"center center","background-size":"auto","background-attachment":"scroll","background-type":"","background-media":"","overlay-type":"","overlay-color":"","overlay-opacity":"","overlay-gradient":""}},"ast-content-background-meta":{"desktop":{"background-color":"var(--ast-global-color-4)","background-image":"","background-repeat":"repeat","background-position":"center center","background-size":"auto","background-attachment":"scroll","background-type":"","background-media":"","overlay-type":"","overlay-color":"","overlay-opacity":"","overlay-gradient":""},"tablet":{"background-color":"var(--ast-global-color-4)","background-image":"","background-repeat":"repeat","background-position":"center center","background-size":"auto","background-attachment":"scroll","background-type":"","background-media":"","overlay-type":"","overlay-color":"","overlay-opacity":"","overlay-gradient":""},"mobile":{"background-color":"var(--ast-global-color-4)","background-image":"","background-repeat":"repeat","background-position":"center center","background-size":"auto","background-attachment":"scroll","background-type":"","background-media":"","overlay-type":"","overlay-color":"","overlay-opacity":"","overlay-gradient":""}}},"product_brand":[],"product_cat":[71,72,62],"product_tag":[190,204],"class_list":{"0":"post-5404","1":"product","2":"type-product","3":"status-publish","4":"has-post-thumbnail","6":"product_cat-glass-lotion-bottles","7":"product_cat-cosmetic-packaging","8":"product_cat-cosmetic-containers","9":"product_tag-cosmetic-pots-with-lids","10":"product_tag-frosted-cosmetic-jars","11":"desktop-align-left","12":"tablet-align-left","13":"mobile-align-left","15":"first","16":"instock","17":"shipping-taxable","18":"product-type-simple"},"acf":[],"jetpack_sharing_enabled":true,"_links":{"self":[{"href":"https:\/\/theperfumebottles.com\/ro\/wp-json\/wp\/v2\/product\/5404","targetHints":{"allow":["GET"]}}],"collection":[{"href":"https:\/\/theperfumebottles.com\/ro\/wp-json\/wp\/v2\/product"}],"about":[{"href":"https:\/\/theperfumebottles.com\/ro\/wp-json\/wp\/v2\/types\/product"}],"replies":[{"embeddable":true,"href":"https:\/\/theperfumebottles.com\/ro\/wp-json\/wp\/v2\/comments?post=5404"}],"wp:featuredmedia":[{"embeddable":true,"href":"https:\/\/theperfumebottles.com\/ro\/wp-json\/wp\/v2\/media\/5418"}],"wp:attachment":[{"href":"https:\/\/theperfumebottles.com\/ro\/wp-json\/wp\/v2\/media?parent=5404"}],"wp:term":[{"taxonomy":"product_brand","embeddable":true,"href":"https:\/\/theperfumebottles.com\/ro\/wp-json\/wp\/v2\/product_brand?post=5404"},{"taxonomy":"product_cat","embeddable":true,"href":"https:\/\/theperfumebottles.com\/ro\/wp-json\/wp\/v2\/product_cat?post=5404"},{"taxonomy":"product_tag","embeddable":true,"href":"https:\/\/theperfumebottles.com\/ro\/wp-json\/wp\/v2\/product_tag?post=5404"}],"curies":[{"name":"wp","href":"https:\/\/api.w.org\/{rel}","templated":true}]}}