{"id":5405,"date":"2025-08-11T17:27:27","date_gmt":"2025-08-11T09:27:27","guid":{"rendered":"https:\/\/theperfumebottles.com\/?post_type=product&#038;p=5405"},"modified":"2026-03-30T15:26:17","modified_gmt":"2026-03-30T07:26:17","slug":"essential-oil-roll-on-bottles-in-bulk","status":"publish","type":"product","link":"https:\/\/theperfumebottles.com\/ro\/produs\/essential-oil-roll-on-bottles-in-bulk\/","title":{"rendered":"Sticle roll-on cu ulei esen\u021bial de 3 ml - 30 ml, \u00een vrac"},"content":{"rendered":"<p>Ai nevoie de sticle roll-on cu uleiuri esen\u021biale care s\u0103 atrag\u0103 aten\u021bia \u0219i s\u0103 ofere performan\u021b\u0103? Sticlele noastre roll-on din sticl\u0103 sunt create pentru brandurile care \u00ee\u0219i doresc recipiente pentru uleiuri esen\u021biale care s\u0103 \u00eembine luxul cu caracterul practic.<\/p>\n<h2>Specifica\u021bii cheie<\/h2>\n<table style=\"border-collapse: collapse; width: 80%; margin-left: auto; margin-right: auto;\" border=\"0\" width=\"227\" cellspacing=\"0\" cellpadding=\"0\">\n<tbody>\n<tr style=\"height: 13.50pt;\">\n<td style=\"height: 13.5pt; width: 116.25pt; text-align: center;\" width=\"155\" height=\"18\">Caracteristic\u0103<\/td>\n<td style=\"width: 54pt; text-align: center;\" width=\"72\">Detalii<\/td>\n<\/tr>\n<tr style=\"height: 13.50pt;\">\n<td style=\"height: 13.5pt; text-align: center;\" height=\"18\">Capacitate<\/td>\n<td style=\"text-align: center;\">3ml, 5ml, 10ml, 15ml, 20ml, 30ml<\/td>\n<\/tr>\n<tr style=\"height: 13.50pt;\">\n<td style=\"height: 13.5pt; text-align: center;\" height=\"18\">Material<\/td>\n<td style=\"text-align: center;\">Sticl\u0103<\/td>\n<\/tr>\n<tr style=\"height: 13.50pt;\">\n<td style=\"height: 13.5pt; text-align: center;\" height=\"18\">Mecanism de etan\u0219are<\/td>\n<td style=\"text-align: center;\">Capac filetat cu rol\u0103<\/td>\n<\/tr>\n<tr style=\"height: 13.50pt;\">\n<td style=\"height: 13.5pt; text-align: center;\" height=\"18\">Form\u0103<\/td>\n<td style=\"text-align: center;\">Rund\u0103<\/td>\n<\/tr>\n<tr style=\"height: 13.50pt;\">\n<td style=\"height: 13.5pt; text-align: center;\" height=\"18\">Culoare<\/td>\n<td style=\"text-align: center;\">Clar, personalizabil<\/td>\n<\/tr>\n<tr style=\"height: 13.50pt;\">\n<td style=\"height: 13.5pt; text-align: center;\" height=\"18\">Imprimare la suprafa\u021b\u0103<\/td>\n<td style=\"text-align: center;\">Personalizabil<\/td>\n<\/tr>\n<\/tbody>\n<\/table>\n<h2>Studiu de caz<\/h2>\n<p>O companie de \u00eengrijire a pielii, \u00een c\u0103utarea unei posibilit\u0103\u021bi de a-\u0219i consolida veniturile, a decis s\u0103-\u0219i reinventeze linia de uleiuri esen\u021biale, aleg\u00e2nd sticlele noastre roll-on de 30 ml cu rol\u0103 din o\u021bel inoxidabil \u0219i capac auriu ca ambalaj. Prin comenzi en-gros \u0219i personalizarea sticlelor roll-on pentru uleiuri esen\u021biale \u00een culorile logo-ului lor, au redus semnificativ costurile de ambalare \u0219i au crescut num\u0103rul de clien\u021bi fideli cu 65%.<\/p>\n<h2>List\u0103 de verificare pentru personalizare<\/h2>\n<ul>\n<li><strong>corp de sticl\u0103<\/strong>Sticl\u0103 borosilicat\u0103 \/ Maro (de preferin\u021b\u0103) sau alt\u0103 culoare rezistent\u0103 la lumin\u0103 \/ Determina\u021bi capacitatea (de exemplu, 10 ml)<\/li>\n<li><strong>Rollerball<\/strong>O\u021bel inoxidabil (preferabil) \/ Determina\u021bi dimensiunea bilei (de exemplu, 5 mm)<\/li>\n<li><strong>Capac<\/strong>Asigura\u021bi o etan\u0219are bun\u0103 \/ Selecta\u021bi culoarea \u0219i finisajul (de exemplu, capac alb lucios)<\/li>\n<li><strong>Imprimare<\/strong>Determina\u021bi imprimarea logo-ului \u0219i a textului (de exemplu, serigrafie aurie)<\/li>\n<li><strong>Testarea e\u0219antionului<\/strong>Asigura\u021bi-v\u0103 c\u0103 solicita\u021bi o mostr\u0103 martor pentru a testa etan\u0219area \u0219i netezimea rolei.<\/li>\n<li><strong>Furnizor<\/strong>Discuta\u021bi MOQ, pre\u021bul, timpul de e\u0219antionare \u0219i ciclul de produc\u021bie.<\/li>\n<\/ul>","protected":false},"excerpt":{"rendered":"<p>G\u0103si\u021bi sticle roll-on premium cu uleiuri esen\u021biale \u0219i sticle roll-on de 30 ml pentru brandul dvs. Ideal pentru afacerile care caut\u0103 ambalaje personalizate de \u00eenalt\u0103 calitate pentru comenzi \u00een vrac.<\/p>","protected":false},"featured_media":6631,"comment_status":"closed","ping_status":"closed","template":"","meta":{"_acf_changed":false,"site-sidebar-layout":"default","site-content-layout":"","ast-site-content-layout":"default","site-content-style":"default","site-sidebar-style":"default","ast-global-header-display":"","ast-banner-title-visibility":"","ast-main-header-display":"","ast-hfb-above-header-display":"","ast-hfb-below-header-display":"","ast-hfb-mobile-header-display":"","site-post-title":"","ast-breadcrumbs-content":"","ast-featured-img":"","footer-sml-layout":"","ast-disable-related-posts":"","theme-transparent-header-meta":"default","adv-header-id-meta":"","stick-header-meta":"","header-above-stick-meta":"","header-main-stick-meta":"","header-below-stick-meta":"","astra-migrate-meta-layouts":"set","ast-page-background-enabled":"default","ast-page-background-meta":{"desktop":{"background-color":"var(--ast-global-color-5)","background-image":"","background-repeat":"repeat","background-position":"center center","background-size":"auto","background-attachment":"scroll","background-type":"","background-media":"","overlay-type":"","overlay-color":"","overlay-opacity":"","overlay-gradient":""},"tablet":{"background-color":"","background-image":"","background-repeat":"repeat","background-position":"center center","background-size":"auto","background-attachment":"scroll","background-type":"","background-media":"","overlay-type":"","overlay-color":"","overlay-opacity":"","overlay-gradient":""},"mobile":{"background-color":"","background-image":"","background-repeat":"repeat","background-position":"center center","background-size":"auto","background-attachment":"scroll","background-type":"","background-media":"","overlay-type":"","overlay-color":"","overlay-opacity":"","overlay-gradient":""}},"ast-content-background-meta":{"desktop":{"background-color":"var(--ast-global-color-4)","background-image":"","background-repeat":"repeat","background-position":"center center","background-size":"auto","background-attachment":"scroll","background-type":"","background-media":"","overlay-type":"","overlay-color":"","overlay-opacity":"","overlay-gradient":""},"tablet":{"background-color":"var(--ast-global-color-4)","background-image":"","background-repeat":"repeat","background-position":"center center","background-size":"auto","background-attachment":"scroll","background-type":"","background-media":"","overlay-type":"","overlay-color":"","overlay-opacity":"","overlay-gradient":""},"mobile":{"background-color":"var(--ast-global-color-4)","background-image":"","background-repeat":"repeat","background-position":"center center","background-size":"auto","background-attachment":"scroll","background-type":"","background-media":"","overlay-type":"","overlay-color":"","overlay-opacity":"","overlay-gradient":""}}},"product_brand":[],"product_cat":[60,62,72,57],"product_tag":[223,222],"class_list":{"0":"post-5405","1":"product","2":"type-product","3":"status-publish","4":"has-post-thumbnail","6":"product_cat-roller-bottles","7":"product_cat-cosmetic-containers","8":"product_cat-cosmetic-packaging","9":"product_cat-essential-oil-bottles","10":"product_tag-essential-oil-roll-on-bottles","11":"product_tag-perfume-roller-bottles","12":"desktop-align-left","13":"tablet-align-left","14":"mobile-align-left","16":"first","17":"instock","18":"shipping-taxable","19":"product-type-simple"},"acf":[],"jetpack_sharing_enabled":true,"_links":{"self":[{"href":"https:\/\/theperfumebottles.com\/ro\/wp-json\/wp\/v2\/product\/5405","targetHints":{"allow":["GET"]}}],"collection":[{"href":"https:\/\/theperfumebottles.com\/ro\/wp-json\/wp\/v2\/product"}],"about":[{"href":"https:\/\/theperfumebottles.com\/ro\/wp-json\/wp\/v2\/types\/product"}],"replies":[{"embeddable":true,"href":"https:\/\/theperfumebottles.com\/ro\/wp-json\/wp\/v2\/comments?post=5405"}],"wp:featuredmedia":[{"embeddable":true,"href":"https:\/\/theperfumebottles.com\/ro\/wp-json\/wp\/v2\/media\/6631"}],"wp:attachment":[{"href":"https:\/\/theperfumebottles.com\/ro\/wp-json\/wp\/v2\/media?parent=5405"}],"wp:term":[{"taxonomy":"product_brand","embeddable":true,"href":"https:\/\/theperfumebottles.com\/ro\/wp-json\/wp\/v2\/product_brand?post=5405"},{"taxonomy":"product_cat","embeddable":true,"href":"https:\/\/theperfumebottles.com\/ro\/wp-json\/wp\/v2\/product_cat?post=5405"},{"taxonomy":"product_tag","embeddable":true,"href":"https:\/\/theperfumebottles.com\/ro\/wp-json\/wp\/v2\/product_tag?post=5405"}],"curies":[{"name":"wp","href":"https:\/\/api.w.org\/{rel}","templated":true}]}}