{"id":5410,"date":"2025-08-11T17:29:23","date_gmt":"2025-08-11T09:29:23","guid":{"rendered":"https:\/\/theperfumebottles.com\/?post_type=product&#038;p=5410"},"modified":"2026-03-30T16:30:37","modified_gmt":"2026-03-30T08:30:37","slug":"amber-glass-roll-on-bottles-for-cosmetic-packaging-bulk","status":"publish","type":"product","link":"https:\/\/theperfumebottles.com\/ro\/produs\/amber-glass-roll-on-bottles-for-cosmetic-packaging-bulk\/","title":{"rendered":"Sticle de sticl\u0103 chihlimbar roll-on de 5 ml-200 ml pentru ambalaje cosmetice \u00een vrac"},"content":{"rendered":"<p>Ave\u021bi nevoie de sticle de sticl\u0103 cu capac tip roll-on care s\u0103 v\u0103 protejeze produsele \u0219i s\u0103 arate uimitor? Sticlele noastre roll-on din sticl\u0103 chihlimbar sunt concepute pentru brandurile care \u00ee\u0219i doresc recipiente cosmetice care \u00eembin\u0103 protec\u021bia UV cu un stil modern.<\/p>\n<h2><strong data-spm-anchor-id=\"5176.28103460.0.i21.29ab1db8INmi4N\">Specifica\u021bii cheie<\/strong><\/h2>\n<table style=\"border-collapse: collapse; width: 80%; margin-left: auto; margin-right: auto;\" border=\"0\" width=\"227\" cellspacing=\"0\" cellpadding=\"0\">\n<tbody>\n<tr style=\"height: 13.50pt;\">\n<td style=\"height: 13.5pt; width: 116.25pt; text-align: center;\" width=\"155\" height=\"18\">Caracteristic\u0103<\/td>\n<td style=\"width: 54pt; text-align: center;\" width=\"72\">Detalii<\/td>\n<\/tr>\n<tr style=\"height: 13.50pt;\">\n<td style=\"height: 13.5pt; text-align: center;\" height=\"18\">Capacitate<\/td>\n<td style=\"text-align: center;\">5\/10\/15\/20\/30\/50\/60\/100\/120\/150\/200ml (Personalizat)<\/td>\n<\/tr>\n<tr style=\"height: 13.50pt;\">\n<td style=\"height: 13.5pt; text-align: center;\" height=\"18\">Material<\/td>\n<td style=\"text-align: center;\">Sticl\u0103 chihlimbar\u0103<\/td>\n<\/tr>\n<tr style=\"height: 13.50pt;\">\n<td style=\"height: 13.5pt; text-align: center;\" height=\"18\">Form\u0103<\/td>\n<td style=\"text-align: center;\">Rotund, p\u0103trat sau personalizat<\/td>\n<\/tr>\n<tr style=\"height: 13.50pt;\">\n<td style=\"height: 13.5pt; text-align: center;\" height=\"18\">Capac<\/td>\n<td style=\"text-align: center;\">Capac acrilic\/ROLL ON\/sau capacul personalizat<\/td>\n<\/tr>\n<tr style=\"height: 13.50pt;\">\n<td style=\"height: 13.5pt; text-align: center;\" height=\"18\">Culoare<\/td>\n<td style=\"text-align: center;\">Amber sau personalizat de tine<\/td>\n<\/tr>\n<tr style=\"height: 13.50pt;\">\n<td style=\"height: 13.5pt; text-align: center;\" height=\"18\">Imprimare la suprafa\u021b\u0103<\/td>\n<td style=\"text-align: center;\">Serigrafie<\/td>\n<\/tr>\n<tr style=\"height: 13.50pt;\">\n<td style=\"height: 13.5pt; text-align: center;\" height=\"18\">Utilizare<\/td>\n<td style=\"text-align: center;\">Ulei esen\u021bial<\/td>\n<\/tr>\n<\/tbody>\n<\/table>\n<h2>Sfaturi pentru personalizare<\/h2>\n<ul>\n<li><strong>Psihologia culorilor:<\/strong> Folose\u0219te chihlimbar pentru o estetic\u0103 natural\u0103 sau adaug\u0103 nuan\u021be personalizate pentru capace (negru, auriu) pentru alinierea logo-ului.<\/li>\n<li><strong>Not\u0103 tehnologic\u0103:<\/strong> Ad\u0103uga\u021bi m\u0103rci comerciale gravate sau coduri QR pe \u200b\u200bcapac pentru ambalaje interactive pentru produse cosmetice - clien\u021bii pot experimenta pentru a vedea tutoriale despre produse.<\/li>\n<\/ul>","protected":false},"excerpt":{"rendered":"<p>Ambalajele cosmetice sunt de o calitate superioar\u0103 cu sticle roll-on din sticl\u0103 chihlimbar. Ideale pentru \u00eengrijirea pielii, uleiuri esen\u021biale \u0219i ambalaje cosmetice. Mostre gratuite.<\/p>","protected":false},"featured_media":5411,"comment_status":"closed","ping_status":"closed","template":"","meta":{"_acf_changed":false,"site-sidebar-layout":"default","site-content-layout":"","ast-site-content-layout":"default","site-content-style":"default","site-sidebar-style":"default","ast-global-header-display":"","ast-banner-title-visibility":"","ast-main-header-display":"","ast-hfb-above-header-display":"","ast-hfb-below-header-display":"","ast-hfb-mobile-header-display":"","site-post-title":"","ast-breadcrumbs-content":"","ast-featured-img":"","footer-sml-layout":"","ast-disable-related-posts":"","theme-transparent-header-meta":"default","adv-header-id-meta":"","stick-header-meta":"","header-above-stick-meta":"","header-main-stick-meta":"","header-below-stick-meta":"","astra-migrate-meta-layouts":"set","ast-page-background-enabled":"default","ast-page-background-meta":{"desktop":{"background-color":"var(--ast-global-color-5)","background-image":"","background-repeat":"repeat","background-position":"center center","background-size":"auto","background-attachment":"scroll","background-type":"","background-media":"","overlay-type":"","overlay-color":"","overlay-opacity":"","overlay-gradient":""},"tablet":{"background-color":"","background-image":"","background-repeat":"repeat","background-position":"center center","background-size":"auto","background-attachment":"scroll","background-type":"","background-media":"","overlay-type":"","overlay-color":"","overlay-opacity":"","overlay-gradient":""},"mobile":{"background-color":"","background-image":"","background-repeat":"repeat","background-position":"center center","background-size":"auto","background-attachment":"scroll","background-type":"","background-media":"","overlay-type":"","overlay-color":"","overlay-opacity":"","overlay-gradient":""}},"ast-content-background-meta":{"desktop":{"background-color":"var(--ast-global-color-4)","background-image":"","background-repeat":"repeat","background-position":"center center","background-size":"auto","background-attachment":"scroll","background-type":"","background-media":"","overlay-type":"","overlay-color":"","overlay-opacity":"","overlay-gradient":""},"tablet":{"background-color":"var(--ast-global-color-4)","background-image":"","background-repeat":"repeat","background-position":"center center","background-size":"auto","background-attachment":"scroll","background-type":"","background-media":"","overlay-type":"","overlay-color":"","overlay-opacity":"","overlay-gradient":""},"mobile":{"background-color":"var(--ast-global-color-4)","background-image":"","background-repeat":"repeat","background-position":"center center","background-size":"auto","background-attachment":"scroll","background-type":"","background-media":"","overlay-type":"","overlay-color":"","overlay-opacity":"","overlay-gradient":""}}},"product_brand":[],"product_cat":[60,62,72,57],"product_tag":[224,225],"class_list":{"0":"post-5410","1":"product","2":"type-product","3":"status-publish","4":"has-post-thumbnail","6":"product_cat-roller-bottles","7":"product_cat-cosmetic-containers","8":"product_cat-cosmetic-packaging","9":"product_cat-essential-oil-bottles","10":"product_tag-amber-glass-roll-on-bottles","11":"product_tag-glass-bottle-with-roller-top","12":"desktop-align-left","13":"tablet-align-left","14":"mobile-align-left","16":"first","17":"instock","18":"shipping-taxable","19":"product-type-simple"},"acf":[],"jetpack_sharing_enabled":true,"_links":{"self":[{"href":"https:\/\/theperfumebottles.com\/ro\/wp-json\/wp\/v2\/product\/5410","targetHints":{"allow":["GET"]}}],"collection":[{"href":"https:\/\/theperfumebottles.com\/ro\/wp-json\/wp\/v2\/product"}],"about":[{"href":"https:\/\/theperfumebottles.com\/ro\/wp-json\/wp\/v2\/types\/product"}],"replies":[{"embeddable":true,"href":"https:\/\/theperfumebottles.com\/ro\/wp-json\/wp\/v2\/comments?post=5410"}],"wp:featuredmedia":[{"embeddable":true,"href":"https:\/\/theperfumebottles.com\/ro\/wp-json\/wp\/v2\/media\/5411"}],"wp:attachment":[{"href":"https:\/\/theperfumebottles.com\/ro\/wp-json\/wp\/v2\/media?parent=5410"}],"wp:term":[{"taxonomy":"product_brand","embeddable":true,"href":"https:\/\/theperfumebottles.com\/ro\/wp-json\/wp\/v2\/product_brand?post=5410"},{"taxonomy":"product_cat","embeddable":true,"href":"https:\/\/theperfumebottles.com\/ro\/wp-json\/wp\/v2\/product_cat?post=5410"},{"taxonomy":"product_tag","embeddable":true,"href":"https:\/\/theperfumebottles.com\/ro\/wp-json\/wp\/v2\/product_tag?post=5410"}],"curies":[{"name":"wp","href":"https:\/\/api.w.org\/{rel}","templated":true}]}}