{"id":5419,"date":"2025-08-11T18:31:04","date_gmt":"2025-08-11T10:31:04","guid":{"rendered":"https:\/\/theperfumebottles.com\/?post_type=product&#038;p=5419"},"modified":"2026-04-01T14:32:45","modified_gmt":"2026-04-01T06:32:45","slug":"bulk-lotion-bottle-pump-with-glass-cosmetic-bottles","status":"publish","type":"product","link":"https:\/\/theperfumebottles.com\/ro\/produs\/bulk-lotion-bottle-pump-with-glass-cosmetic-bottles\/","title":{"rendered":"Pomp\u0103 pentru sticl\u0103 de lo\u021biune \u00een vrac de 40 ml, 60 ml, 80 ml, cu sticle cosmetice din sticl\u0103"},"content":{"rendered":"<p>Pompa pentru sticlele de lo\u021biune func\u021bioneaz\u0103 prin intermediul recipientului s\u0103u de sticl\u0103, care are o form\u0103 cilindric\u0103 \u0219i porne\u0219te de la o baz\u0103 lat\u0103, care men\u021bine stabilitatea. Produsul din interiorul recipientului devine vizibil prin corpul transparent care se extinde p\u00e2n\u0103 la sec\u021biunea superioar\u0103, care con\u021bine o pomp\u0103 din plastic alb, a\u0219ezat\u0103 sub un ecran de sticl\u0103 transparent\u0103.<\/p>\n<h2>Specifica\u021bii cheie<\/h2>\n<table style=\"border-collapse: collapse; margin-left: auto; margin-right: auto; width: 80%;\" border=\"0\" width=\"424\" cellspacing=\"0\" cellpadding=\"0\">\n<tbody>\n<tr style=\"height: 13.50pt;\">\n<td style=\"height: 13.50pt; width: 91.50pt;\" width=\"122\" height=\"18\">Caracteristic\u0103<\/td>\n<td style=\"width: 226.50pt;\" width=\"302\">Detaliu<\/td>\n<\/tr>\n<tr style=\"height: 13.50pt;\">\n<td style=\"height: 13.50pt;\" height=\"18\">Capacit\u0103\u021bi<\/td>\n<td>40 ml, 60 ml, 80 ml<\/td>\n<\/tr>\n<tr style=\"height: 13.50pt;\">\n<td style=\"height: 13.50pt;\" height=\"18\">Material<\/td>\n<td>Sticl\u0103 transparent\u0103 de \u00eenalt\u0103 calitate<\/td>\n<\/tr>\n<tr style=\"height: 13.50pt;\">\n<td style=\"height: 13.50pt;\" height=\"18\">Form\u0103<\/td>\n<td>cilindric (personalizabil)<\/td>\n<\/tr>\n<tr style=\"height: 13.50pt;\">\n<td style=\"height: 13.50pt;\" height=\"18\">Culoarea pompei<\/td>\n<td>Alb<\/td>\n<\/tr>\n<tr style=\"height: 13.50pt;\">\n<td style=\"height: 13.50pt;\" height=\"18\">\u00cenchidere<\/td>\n<td>Pomp\u0103 de presare cu capac protector transparent<\/td>\n<\/tr>\n<tr style=\"height: 13.50pt;\">\n<td style=\"height: 13.50pt;\" height=\"18\">Ideal pentru<\/td>\n<td>Seruri, lo\u021biuni, tonere, \u00eengrijire corporal\u0103<\/td>\n<\/tr>\n<\/tbody>\n<\/table>\n<h2>Poveste de succes: Serul cel mai bine v\u00e2ndut de la un brand coreean de \u00eengrijire a pielii<\/h2>\n<p>Un cunoscut brand coreean de produse de \u00eengrijire a pielii a ales sticlele noastre cosmetice din sticl\u0103 de 30 ml \u0219i a personalizat efectul de sticl\u0103 mat\u0103 pe jum\u0103tatea inferioar\u0103 a sticlei \u0219i pe capul pompei placat cu aur. Dozatorul cu pomp\u0103 asigur\u0103 o dozare precis\u0103, cu doar 1-2 pic\u0103turi per utilizare, reduc\u00e2nd consumul mediu lunar cu 20% \u0219i prelungind durata de via\u021b\u0103 a produsului. Sticla transparent\u0103 din sticl\u0103 prezint\u0103 produsul \u00eentr-un mod care afi\u0219eaz\u0103 aspectul s\u0103u de lux, ceea ce duce la o cre\u0219tere cu 40% a ratelor de conversie online pentru videoclipurile cu produse. Brandul a ob\u021binut un succes extraordinar \u0219i, ulterior, a plasat o comand\u0103 suplimentar\u0103 de 750.000 de sticle pentru \u00eentreaga sa gam\u0103 de seruri \u0219i lo\u021biuni u\u0219oare.<\/p>\n<h2>Vrei s\u0103 personalizezi? Iat\u0103 de unde s\u0103 \u00eencepi<\/h2>\n<p>Nu trebuie s\u0103 te r\u0103m\u00e2i la alb. Sau la capacul standard. Acest recipient din sticl\u0103 pentru produse cosmetice este conceput pentru a se adapta.<\/p>\n<ul>\n<li>Schimb\u0103 culoarea pompei \u2013 alege negru, argintiu sau mat pentru o not\u0103 modern\u0103.<\/li>\n<li>Schimb\u0103 capacul \u2013 \u00eenlocuie\u0219te capacul transparent cu unul cu sigla sa. Detaliu mic. Impact mare.<\/li>\n<li>Ave\u021bi nevoie de o pomp\u0103 de lo\u021biune personalizat\u0103? Oferim o varietate de dimensiuni \u2013 nu ezita\u021bi s\u0103 ne \u00eentreba\u021bi.<\/li>\n<li>Op\u021biuni de ambalare ecologic\u0103? Da. Oferim inser\u021bii reciclabile \u0219i cutii vrac.<\/li>\n<\/ul>\n<p>V\u0103 ajut\u0103m s\u0103 construi\u021bi ambalaje ideale pentru sticle cosmetice din sticl\u0103 - nu doar s\u0103 v\u0103 vindem o sticl\u0103.<\/p>","protected":false},"excerpt":{"rendered":"<p>Pomp\u0103 pentru lo\u021biune din sticl\u0103 transparent\u0103, cu design elegant \u0219i dozare u\u0219oar\u0103. Sticle cosmetice din sticl\u0103 ideale pentru seruri \u0219i lo\u021biuni. Mostre gratuite disponibile ast\u0103zi.<\/p>","protected":false},"featured_media":5420,"comment_status":"open","ping_status":"closed","template":"","meta":{"_acf_changed":false,"site-sidebar-layout":"default","site-content-layout":"","ast-site-content-layout":"default","site-content-style":"default","site-sidebar-style":"default","ast-global-header-display":"","ast-banner-title-visibility":"","ast-main-header-display":"","ast-hfb-above-header-display":"","ast-hfb-below-header-display":"","ast-hfb-mobile-header-display":"","site-post-title":"","ast-breadcrumbs-content":"","ast-featured-img":"","footer-sml-layout":"","ast-disable-related-posts":"","theme-transparent-header-meta":"default","adv-header-id-meta":"","stick-header-meta":"","header-above-stick-meta":"","header-main-stick-meta":"","header-below-stick-meta":"","astra-migrate-meta-layouts":"set","ast-page-background-enabled":"default","ast-page-background-meta":{"desktop":{"background-color":"var(--ast-global-color-5)","background-image":"","background-repeat":"repeat","background-position":"center center","background-size":"auto","background-attachment":"scroll","background-type":"","background-media":"","overlay-type":"","overlay-color":"","overlay-opacity":"","overlay-gradient":""},"tablet":{"background-color":"","background-image":"","background-repeat":"repeat","background-position":"center center","background-size":"auto","background-attachment":"scroll","background-type":"","background-media":"","overlay-type":"","overlay-color":"","overlay-opacity":"","overlay-gradient":""},"mobile":{"background-color":"","background-image":"","background-repeat":"repeat","background-position":"center center","background-size":"auto","background-attachment":"scroll","background-type":"","background-media":"","overlay-type":"","overlay-color":"","overlay-opacity":"","overlay-gradient":""}},"ast-content-background-meta":{"desktop":{"background-color":"var(--ast-global-color-4)","background-image":"","background-repeat":"repeat","background-position":"center center","background-size":"auto","background-attachment":"scroll","background-type":"","background-media":"","overlay-type":"","overlay-color":"","overlay-opacity":"","overlay-gradient":""},"tablet":{"background-color":"var(--ast-global-color-4)","background-image":"","background-repeat":"repeat","background-position":"center center","background-size":"auto","background-attachment":"scroll","background-type":"","background-media":"","overlay-type":"","overlay-color":"","overlay-opacity":"","overlay-gradient":""},"mobile":{"background-color":"var(--ast-global-color-4)","background-image":"","background-repeat":"repeat","background-position":"center center","background-size":"auto","background-attachment":"scroll","background-type":"","background-media":"","overlay-type":"","overlay-color":"","overlay-opacity":"","overlay-gradient":""}}},"product_brand":[],"product_cat":[71,72,62],"product_tag":[190,204],"class_list":{"0":"post-5419","1":"product","2":"type-product","3":"status-publish","4":"has-post-thumbnail","6":"product_cat-glass-lotion-bottles","7":"product_cat-cosmetic-packaging","8":"product_cat-cosmetic-containers","9":"product_tag-cosmetic-pots-with-lids","10":"product_tag-frosted-cosmetic-jars","11":"desktop-align-left","12":"tablet-align-left","13":"mobile-align-left","15":"first","16":"instock","17":"shipping-taxable","18":"product-type-simple"},"acf":[],"jetpack_sharing_enabled":true,"_links":{"self":[{"href":"https:\/\/theperfumebottles.com\/ro\/wp-json\/wp\/v2\/product\/5419","targetHints":{"allow":["GET"]}}],"collection":[{"href":"https:\/\/theperfumebottles.com\/ro\/wp-json\/wp\/v2\/product"}],"about":[{"href":"https:\/\/theperfumebottles.com\/ro\/wp-json\/wp\/v2\/types\/product"}],"replies":[{"embeddable":true,"href":"https:\/\/theperfumebottles.com\/ro\/wp-json\/wp\/v2\/comments?post=5419"}],"wp:featuredmedia":[{"embeddable":true,"href":"https:\/\/theperfumebottles.com\/ro\/wp-json\/wp\/v2\/media\/5420"}],"wp:attachment":[{"href":"https:\/\/theperfumebottles.com\/ro\/wp-json\/wp\/v2\/media?parent=5419"}],"wp:term":[{"taxonomy":"product_brand","embeddable":true,"href":"https:\/\/theperfumebottles.com\/ro\/wp-json\/wp\/v2\/product_brand?post=5419"},{"taxonomy":"product_cat","embeddable":true,"href":"https:\/\/theperfumebottles.com\/ro\/wp-json\/wp\/v2\/product_cat?post=5419"},{"taxonomy":"product_tag","embeddable":true,"href":"https:\/\/theperfumebottles.com\/ro\/wp-json\/wp\/v2\/product_tag?post=5419"}],"curies":[{"name":"wp","href":"https:\/\/api.w.org\/{rel}","templated":true}]}}