{"id":5424,"date":"2025-08-11T18:00:42","date_gmt":"2025-08-11T10:00:42","guid":{"rendered":"https:\/\/theperfumebottles.com\/?post_type=product&#038;p=5424"},"modified":"2026-03-26T16:36:21","modified_gmt":"2026-03-26T08:36:21","slug":"clear-glass-roller-bottles-for-cosmetic-packaging-wholesale","status":"publish","type":"product","link":"https:\/\/theperfumebottles.com\/ro\/produs\/clear-glass-roller-bottles-for-cosmetic-packaging-wholesale\/","title":{"rendered":"Sticle cu rol\u0103 din sticl\u0103 transparent\u0103 de 10 ml pentru ambalaje cosmetice en-gros"},"content":{"rendered":"<p>Ai nevoie de sticle roll-on din sticl\u0103 care s\u0103 \u00eembine ecologicitatea cu luxul? Sticlele noastre roll-on din sticl\u0103 transparent\u0103 sunt concepute pentru brandurile care \u00ee\u0219i doresc recipiente cosmetice care s\u0103 aduc\u0103 bucurie \u0219i s\u0103 protejeze planeta.<\/p>\n<h2>Specifica\u021bii cheie<\/h2>\n<table style=\"border-collapse: collapse; width: 80%; margin-left: auto; margin-right: auto;\" border=\"0\" width=\"144\" cellspacing=\"0\" cellpadding=\"0\">\n<tbody>\n<tr style=\"height: 13.50pt;\">\n<td style=\"height: 13.50pt; width: 54.00pt;\" width=\"72\" height=\"18\">Caracteristic\u0103<\/td>\n<td style=\"width: 54.00pt;\" width=\"72\">Detalii<\/td>\n<\/tr>\n<tr style=\"height: 13.50pt;\">\n<td style=\"height: 13.50pt;\" height=\"18\">Capacitate<\/td>\n<td>10 ml<\/td>\n<\/tr>\n<tr style=\"height: 13.50pt;\">\n<td style=\"height: 13.50pt;\" height=\"18\">Capac<\/td>\n<td>Din lemn sau personalizat de tine<\/td>\n<\/tr>\n<tr style=\"height: 13.50pt;\">\n<td style=\"height: 13.50pt;\" height=\"18\">Form\u0103<\/td>\n<td>Cilindru<\/td>\n<\/tr>\n<tr style=\"height: 13.50pt;\">\n<td style=\"height: 13.50pt;\" height=\"18\">Imprimare la suprafa\u021b\u0103<\/td>\n<td>Serigrafie<\/td>\n<\/tr>\n<tr style=\"height: 13.50pt;\">\n<td style=\"height: 13.50pt;\" height=\"18\">Culoare<\/td>\n<td>Clar<\/td>\n<\/tr>\n<\/tbody>\n<\/table>\n<h2>Caz de succes<\/h2>\n<p><span aria-haspopup=\"dialog\" aria-expanded=\"false\" aria-controls=\"radix-_r_16_\" data-state=\"closed\" data-slot=\"popover-trigger\">O companie de uleiuri esen\u021biale din SUA a folosit sticlele noastre roll-on din cristal, fabricate din sticl\u0103 transparent\u0103, pentru a-\u0219i lansa noua colec\u021bie de uleiuri esen\u021biale cristaline.<\/span> <span aria-haspopup=\"dialog\" aria-expanded=\"false\" aria-controls=\"radix-_r_17_\" data-state=\"closed\" data-slot=\"popover-trigger\">\u00cen primul r\u00e2nd, am ales capace din bambus natural, \u00een conformitate cu imaginea lor de marc\u0103 de a fi ecologice.<\/span> <span aria-haspopup=\"dialog\" aria-expanded=\"false\" aria-controls=\"radix-_r_18_\" data-state=\"closed\" data-slot=\"popover-trigger\">De asemenea, am personalizat roll-on-ul, folosind o\u021bel inoxidabil neted pentru a cre\u0219te dispersia uleiurilor esen\u021biale.<\/span> <span aria-haspopup=\"dialog\" aria-expanded=\"false\" aria-controls=\"radix-_r_19_\" data-state=\"closed\" data-slot=\"popover-trigger\">Mai mult, am oferit servicii de imprimare a logo-urilor pentru sticlele de sticl\u0103 \u0219i am contribuit la eficientizarea designului ambalajelor pentru a cre\u0219te durata de valabilitate a produsului.<\/span> <span aria-haspopup=\"dialog\" aria-expanded=\"false\" aria-controls=\"radix-_r_1a_\" data-state=\"closed\" data-slot=\"popover-trigger\">\u00cen urma lans\u0103rii produsului personalizat, clientul a sus\u021binut c\u0103 v\u00e2nz\u0103rile online \u0219i offline au crescut considerabil, \u00een principal datorit\u0103 designului estetic neobi\u0219nuit al produsului \u0219i a experien\u021bei \u00eembun\u0103t\u0103\u021bite a utilizatorului.<\/span> <span aria-haspopup=\"dialog\" aria-expanded=\"false\" aria-controls=\"radix-_r_1b_\" data-state=\"closed\" data-slot=\"popover-trigger\">Au plasat mai multe comenzi \u00een decurs de trei luni, ceea ce a ad\u0103ugat o cantitate mai mare de produse \u0219i mai multe parfumuri la linie, ceea ce le-a consolidat \u0219i mai mult brandul pe pia\u021b\u0103.<\/span><\/p>\n<h2>\u00cendrum\u0103ri pentru personalizare<\/h2>\n<ul>\n<li><span aria-haspopup=\"dialog\" aria-expanded=\"false\" aria-controls=\"radix-_r_1c_\" data-state=\"closed\" data-slot=\"popover-trigger\"><strong>Material \u0219i finisaj capac:<\/strong> Alege\u021bi un capac din bambus natural, plastic sau aluminiu cu op\u021biuni de finisaje mate, lucioase sau anodizate, pentru a se potrivi diferitelor stiluri ale m\u0103rcii.<\/span><\/li>\n<li><span aria-haspopup=\"dialog\" aria-expanded=\"false\" aria-controls=\"radix-_r_1d_\" data-state=\"closed\" data-slot=\"popover-trigger\"><strong>Bil\u0103 cu rol\u0103:<\/strong> Alege\u021bi bile din o\u021bel inoxidabil, sticl\u0103 sau pietre pre\u021bioase (de exemplu, cuar\u021b roz, obsidian) pentru a personaliza sau \u00eembun\u0103t\u0103\u021bi func\u021bionalitatea sau pentru a ad\u0103uga un aspect de \u00eenalt\u0103 calitate, orientat spre bun\u0103stare.<\/span><\/li>\n<li><span aria-haspopup=\"dialog\" aria-expanded=\"false\" aria-controls=\"radix-_r_1e_\" data-state=\"closed\" data-slot=\"popover-trigger\"><strong>Culoarea \u0219i acoperirea sticlei:<\/strong> Alege\u021bi o culoare transparent\u0103, mat\u0103, chihlimbar sau personalizat\u0103, vopsit\u0103 prin pulverizare, pentru a p\u0103stra uleiurile sensibile la lumin\u0103 sau pentru a crea un aspect unic.<\/span><\/li>\n<\/ul>","protected":false},"excerpt":{"rendered":"<p>\u00cembun\u0103t\u0103\u021bi\u021bi ambalajele cosmetice cu sticle roll-on din sticl\u0103 transparent\u0103. Ideale pentru \u00eengrijirea pielii, parfumuri cu aerosoli fini \u0219i ambalaje cosmetice. Livrare rapid\u0103.<\/p>","protected":false},"featured_media":5430,"comment_status":"open","ping_status":"closed","template":"","meta":{"_acf_changed":false,"site-sidebar-layout":"default","site-content-layout":"","ast-site-content-layout":"default","site-content-style":"default","site-sidebar-style":"default","ast-global-header-display":"","ast-banner-title-visibility":"","ast-main-header-display":"","ast-hfb-above-header-display":"","ast-hfb-below-header-display":"","ast-hfb-mobile-header-display":"","site-post-title":"","ast-breadcrumbs-content":"","ast-featured-img":"","footer-sml-layout":"","ast-disable-related-posts":"","theme-transparent-header-meta":"default","adv-header-id-meta":"","stick-header-meta":"","header-above-stick-meta":"","header-main-stick-meta":"","header-below-stick-meta":"","astra-migrate-meta-layouts":"set","ast-page-background-enabled":"default","ast-page-background-meta":{"desktop":{"background-color":"var(--ast-global-color-5)","background-image":"","background-repeat":"repeat","background-position":"center center","background-size":"auto","background-attachment":"scroll","background-type":"","background-media":"","overlay-type":"","overlay-color":"","overlay-opacity":"","overlay-gradient":""},"tablet":{"background-color":"","background-image":"","background-repeat":"repeat","background-position":"center center","background-size":"auto","background-attachment":"scroll","background-type":"","background-media":"","overlay-type":"","overlay-color":"","overlay-opacity":"","overlay-gradient":""},"mobile":{"background-color":"","background-image":"","background-repeat":"repeat","background-position":"center center","background-size":"auto","background-attachment":"scroll","background-type":"","background-media":"","overlay-type":"","overlay-color":"","overlay-opacity":"","overlay-gradient":""}},"ast-content-background-meta":{"desktop":{"background-color":"var(--ast-global-color-4)","background-image":"","background-repeat":"repeat","background-position":"center center","background-size":"auto","background-attachment":"scroll","background-type":"","background-media":"","overlay-type":"","overlay-color":"","overlay-opacity":"","overlay-gradient":""},"tablet":{"background-color":"var(--ast-global-color-4)","background-image":"","background-repeat":"repeat","background-position":"center center","background-size":"auto","background-attachment":"scroll","background-type":"","background-media":"","overlay-type":"","overlay-color":"","overlay-opacity":"","overlay-gradient":""},"mobile":{"background-color":"var(--ast-global-color-4)","background-image":"","background-repeat":"repeat","background-position":"center center","background-size":"auto","background-attachment":"scroll","background-type":"","background-media":"","overlay-type":"","overlay-color":"","overlay-opacity":"","overlay-gradient":""}}},"product_brand":[],"product_cat":[60,62,72,57],"product_tag":[226,220],"class_list":{"0":"post-5424","1":"product","2":"type-product","3":"status-publish","4":"has-post-thumbnail","6":"product_cat-roller-bottles","7":"product_cat-cosmetic-containers","8":"product_cat-cosmetic-packaging","9":"product_cat-essential-oil-bottles","10":"product_tag-clear-glass-roller-bottles","11":"product_tag-glass-roll-on-bottles","12":"desktop-align-left","13":"tablet-align-left","14":"mobile-align-left","16":"first","17":"instock","18":"shipping-taxable","19":"product-type-simple"},"acf":[],"jetpack_sharing_enabled":true,"_links":{"self":[{"href":"https:\/\/theperfumebottles.com\/ro\/wp-json\/wp\/v2\/product\/5424","targetHints":{"allow":["GET"]}}],"collection":[{"href":"https:\/\/theperfumebottles.com\/ro\/wp-json\/wp\/v2\/product"}],"about":[{"href":"https:\/\/theperfumebottles.com\/ro\/wp-json\/wp\/v2\/types\/product"}],"replies":[{"embeddable":true,"href":"https:\/\/theperfumebottles.com\/ro\/wp-json\/wp\/v2\/comments?post=5424"}],"wp:featuredmedia":[{"embeddable":true,"href":"https:\/\/theperfumebottles.com\/ro\/wp-json\/wp\/v2\/media\/5430"}],"wp:attachment":[{"href":"https:\/\/theperfumebottles.com\/ro\/wp-json\/wp\/v2\/media?parent=5424"}],"wp:term":[{"taxonomy":"product_brand","embeddable":true,"href":"https:\/\/theperfumebottles.com\/ro\/wp-json\/wp\/v2\/product_brand?post=5424"},{"taxonomy":"product_cat","embeddable":true,"href":"https:\/\/theperfumebottles.com\/ro\/wp-json\/wp\/v2\/product_cat?post=5424"},{"taxonomy":"product_tag","embeddable":true,"href":"https:\/\/theperfumebottles.com\/ro\/wp-json\/wp\/v2\/product_tag?post=5424"}],"curies":[{"name":"wp","href":"https:\/\/api.w.org\/{rel}","templated":true}]}}