{"id":5472,"date":"2025-08-13T17:42:20","date_gmt":"2025-08-13T09:42:20","guid":{"rendered":"https:\/\/theperfumebottles.com\/?post_type=product&#038;p=5472"},"modified":"2025-08-14T18:34:52","modified_gmt":"2025-08-14T10:34:52","slug":"glass-perfume-roller-bottles-for-luxury-cosmetic-packaging-wholesale","status":"publish","type":"product","link":"https:\/\/theperfumebottles.com\/ro\/produs\/glass-perfume-roller-bottles-for-luxury-cosmetic-packaging-wholesale\/","title":{"rendered":"Sticle de parfum cu rol\u0103 de sticl\u0103 de 3 ml, 6 ml, 10 ml, 12 ml, pentru ambalaje cosmetice de lux, en-gros"},"content":{"rendered":"<p>8. C\u0103ut\u00e2nd sticle de baie cu role din sticl\u0103 care strig\u0103 lux? Sticlele noastre de baie de perfum\u0103 cu role combin\u0103 design bold cu precizie \u2014 g\u00e2ndi\u021bi-v\u0103 la forme octagonale, capete de ba\u0219tin\u0103 din aur \u0219i accente ro\u0219ii.<\/p>\n<h2><strong data-spm-anchor-id=\"5176.28103460.0.i7.29ab1db8wkbRsE\">Specifica\u021bii cheie<\/strong><\/h2>\n<table style=\"border-collapse: collapse;width: 80%;margin-right: auto;margin-left: auto\" border=\"0\" width=\"144\" cellspacing=\"0\" cellpadding=\"0\">\n<tbody>\n<tr style=\"height: 13.50pt\">\n<td style=\"height: 13.50pt;width: 54.00pt\" width=\"72\" height=\"18\">Caracteristic\u0103<\/td>\n<td style=\"width: 54.00pt\" width=\"72\">Detalii<\/td>\n<\/tr>\n<tr style=\"height: 13.50pt\">\n<td style=\"height: 13.50pt\" height=\"18\">Capacitate<\/td>\n<td>9. 3ml \/ 6ml \/ 10ml \/ 12ml<\/td>\n<\/tr>\n<tr style=\"height: 13.50pt\">\n<td style=\"height: 13.50pt\" height=\"18\">Form\u0103<\/td>\n<td>10. Octagon<\/td>\n<\/tr>\n<tr style=\"height: 13.50pt\">\n<td style=\"height: 13.50pt\" height=\"18\">Mecanism de etan\u0219are<\/td>\n<td>11. Cap de ba\u0219tin\u0103 din aur + Role metalic\u0103 de sus<\/td>\n<\/tr>\n<tr style=\"height: 13.50pt\">\n<td style=\"height: 13.50pt\" height=\"18\">Termina<\/td>\n<td>12. Sticl\u0103 clar\u0103 cu accent ro\u0219u (Culori personalizabile disponibile)<\/td>\n<\/tr>\n<tr style=\"height: 13.50pt\">\n<td style=\"height: 13.50pt\" height=\"18\">Imprimare la suprafa\u021b\u0103<\/td>\n<td>Serigrafie<\/td>\n<\/tr>\n<tr style=\"height: 13.50pt\">\n<td style=\"height: 13.50pt\" height=\"18\">Utilizare<\/td>\n<td>13. Pentru ambalajul uleiurilor esen\u021biale, al uleiurilor de perfum\u0103<\/td>\n<\/tr>\n<\/tbody>\n<\/table>\n<h2>14. Sfaturi pro pentru personalizare<\/h2>\n<ul>\n<li><strong>15. Avantaj ecologic:<\/strong>16. Alege ambalaj \u00een cantit\u0103\u021bi mari din sticl\u0103 reciclat\u0103. Clien\u021bii iubesc ambalajul de frumuse\u021be care se aliniaz\u0103 cu dorin\u021bele de sustenabilitate.<\/li>\n<li><strong>17. Alineaz\u0103 culoarea brandului:<\/strong>18. Folose\u0219te tip\u0103rirea pe ecran pentru a ad\u0103uga culoarea semnatic\u0103 a logoului pe sticlele de baie de fragan\u021b\u0103 cu role \u2014 ca un cap ro\u0219u pentru audacia sau albastru pentru lini\u0219tea. Acest lucru face ca ambalajul t\u0103u de frumuse\u021be s\u0103 fie recunoscut imediat.<\/li>\n<\/ul>\n<p>&nbsp;<\/p>","protected":false},"excerpt":{"rendered":"<p>7. \u00cembun\u0103t\u0103\u021be\u0219te ambalajul t\u0103u de frumuse\u021be cu sticle de baie de perfum\u0103 cu role. Perfect pentru \u00eengrijirea pielii, b\u0103i de perfum\u0103 fine \u0219i surse de ambalaj cosmetic.<\/p>","protected":false},"featured_media":5473,"comment_status":"closed","ping_status":"closed","template":"","meta":{"_acf_changed":false,"site-sidebar-layout":"default","site-content-layout":"","ast-site-content-layout":"default","site-content-style":"default","site-sidebar-style":"default","ast-global-header-display":"","ast-banner-title-visibility":"","ast-main-header-display":"","ast-hfb-above-header-display":"","ast-hfb-below-header-display":"","ast-hfb-mobile-header-display":"","site-post-title":"","ast-breadcrumbs-content":"","ast-featured-img":"","footer-sml-layout":"","ast-disable-related-posts":"","theme-transparent-header-meta":"default","adv-header-id-meta":"","stick-header-meta":"","header-above-stick-meta":"","header-main-stick-meta":"","header-below-stick-meta":"","astra-migrate-meta-layouts":"set","ast-page-background-enabled":"default","ast-page-background-meta":{"desktop":{"background-color":"var(--ast-global-color-5)","background-image":"","background-repeat":"repeat","background-position":"center center","background-size":"auto","background-attachment":"scroll","background-type":"","background-media":"","overlay-type":"","overlay-color":"","overlay-opacity":"","overlay-gradient":""},"tablet":{"background-color":"","background-image":"","background-repeat":"repeat","background-position":"center center","background-size":"auto","background-attachment":"scroll","background-type":"","background-media":"","overlay-type":"","overlay-color":"","overlay-opacity":"","overlay-gradient":""},"mobile":{"background-color":"","background-image":"","background-repeat":"repeat","background-position":"center center","background-size":"auto","background-attachment":"scroll","background-type":"","background-media":"","overlay-type":"","overlay-color":"","overlay-opacity":"","overlay-gradient":""}},"ast-content-background-meta":{"desktop":{"background-color":"var(--ast-global-color-4)","background-image":"","background-repeat":"repeat","background-position":"center center","background-size":"auto","background-attachment":"scroll","background-type":"","background-media":"","overlay-type":"","overlay-color":"","overlay-opacity":"","overlay-gradient":""},"tablet":{"background-color":"var(--ast-global-color-4)","background-image":"","background-repeat":"repeat","background-position":"center center","background-size":"auto","background-attachment":"scroll","background-type":"","background-media":"","overlay-type":"","overlay-color":"","overlay-opacity":"","overlay-gradient":""},"mobile":{"background-color":"var(--ast-global-color-4)","background-image":"","background-repeat":"repeat","background-position":"center center","background-size":"auto","background-attachment":"scroll","background-type":"","background-media":"","overlay-type":"","overlay-color":"","overlay-opacity":"","overlay-gradient":""}}},"product_brand":[],"product_cat":[72,62,57,60],"product_tag":[219,227],"class_list":{"0":"post-5472","1":"product","2":"type-product","3":"status-publish","4":"has-post-thumbnail","6":"product_cat-cosmetic-packaging","7":"product_cat-cosmetic-containers","8":"product_cat-essential-oil-bottles","9":"product_cat-roller-bottles","10":"product_tag-glass-perfume-roller-bottles","11":"product_tag-roll-on-glass-bottle","12":"desktop-align-left","13":"tablet-align-left","14":"mobile-align-left","16":"first","17":"instock","18":"shipping-taxable","19":"product-type-simple"},"acf":[],"jetpack_sharing_enabled":true,"_links":{"self":[{"href":"https:\/\/theperfumebottles.com\/ro\/wp-json\/wp\/v2\/product\/5472","targetHints":{"allow":["GET"]}}],"collection":[{"href":"https:\/\/theperfumebottles.com\/ro\/wp-json\/wp\/v2\/product"}],"about":[{"href":"https:\/\/theperfumebottles.com\/ro\/wp-json\/wp\/v2\/types\/product"}],"replies":[{"embeddable":true,"href":"https:\/\/theperfumebottles.com\/ro\/wp-json\/wp\/v2\/comments?post=5472"}],"wp:featuredmedia":[{"embeddable":true,"href":"https:\/\/theperfumebottles.com\/ro\/wp-json\/wp\/v2\/media\/5473"}],"wp:attachment":[{"href":"https:\/\/theperfumebottles.com\/ro\/wp-json\/wp\/v2\/media?parent=5472"}],"wp:term":[{"taxonomy":"product_brand","embeddable":true,"href":"https:\/\/theperfumebottles.com\/ro\/wp-json\/wp\/v2\/product_brand?post=5472"},{"taxonomy":"product_cat","embeddable":true,"href":"https:\/\/theperfumebottles.com\/ro\/wp-json\/wp\/v2\/product_cat?post=5472"},{"taxonomy":"product_tag","embeddable":true,"href":"https:\/\/theperfumebottles.com\/ro\/wp-json\/wp\/v2\/product_tag?post=5472"}],"curies":[{"name":"wp","href":"https:\/\/api.w.org\/{rel}","templated":true}]}}