{"id":5502,"date":"2025-08-12T18:03:13","date_gmt":"2025-08-12T10:03:13","guid":{"rendered":"https:\/\/theperfumebottles.com\/?post_type=product&#038;p=5502"},"modified":"2026-03-26T18:01:33","modified_gmt":"2026-03-26T10:01:33","slug":"matte-black-dropper-bottle-premium-essential-oil-glass-bottle","status":"publish","type":"product","link":"https:\/\/theperfumebottles.com\/ro\/produs\/matte-black-dropper-bottle-premium-essential-oil-glass-bottle\/","title":{"rendered":"Sticl\u0103 cu pipet\u0103 neagr\u0103 mat\u0103 | Sticl\u0103 premium pentru ulei esen\u021bial"},"content":{"rendered":"<p>Aceast\u0103 sticl\u0103 cu pipet\u0103 neagr\u0103 mat\u0103 con\u021bine 30 ml de ulei esen\u021bial, \u00eentr-o structur\u0103 moale \u0219i curat\u0103, cu un um\u0103r aplatizat, o form\u0103 dreptunghiular\u0103 cu margini bine rotunjite. Sticla este acoperit\u0103 cu un negru mat moale la atingere \u0219i ofer\u0103 o impresie vizual\u0103 de moliciune \u0219i o protec\u021bie suplimentar\u0103 \u00eempotriva luminii pentru formulele sensibile.<\/p>\n<p>Se utilizeaz\u0103 \u00eempreun\u0103 cu un ansamblu pipet\u0103 cu un bec alb din cauciuc \u0219i o pipet\u0103 de sticl\u0103, utilizat\u0103 pentru a distribui cu precizie \u0219i control. Gulerul poate fi \u00een finisaje metalice, precum auriu sau argintiu, ceea ce ofer\u0103 un contrast elegant cu suprafa\u021ba mat\u0103. Stabilitatea sa poate fi asigurat\u0103 datorit\u0103 bazei largi \u0219i panourilor plate, oferind totodat\u0103 mult spa\u021biu pentru scrierea etichetelor, motiv pentru care poate fi folosit pentru ambalarea produselor de \u00eengrijire a pielii \u0219i aromaterapie de calitate.<\/p>\n<h2>Specifica\u021bii cheie<\/h2>\n<table style=\"border-collapse: collapse; margin-left: auto; margin-right: auto; width: 80%;\" border=\"0\" width=\"407\" cellspacing=\"0\" cellpadding=\"0\">\n<tbody>\n<tr style=\"height: 13.50pt;\">\n<td style=\"height: 13.50pt; width: 108.75pt;\" width=\"145\" height=\"18\">Caracteristic\u0103<\/td>\n<td style=\"width: 196.50pt;\" width=\"262\">Detaliu<\/td>\n<\/tr>\n<tr style=\"height: 13.50pt;\">\n<td style=\"height: 13.50pt;\" height=\"18\">Capacitate<\/td>\n<td>30 ml<\/td>\n<\/tr>\n<tr style=\"height: 13.50pt;\">\n<td style=\"height: 13.50pt;\" height=\"18\">Material<\/td>\n<td>Sticl\u0103 de \u00eenalt\u0103 calitate<\/td>\n<\/tr>\n<tr style=\"height: 13.50pt;\">\n<td style=\"height: 13.50pt;\" height=\"18\">Form\u0103<\/td>\n<td>P\u0103trat<\/td>\n<\/tr>\n<tr style=\"height: 13.50pt;\">\n<td style=\"height: 13.50pt;\" height=\"18\">Culoare<\/td>\n<td>Negru (corp), Argintiu\/Auriu (capac)<\/td>\n<\/tr>\n<tr style=\"height: 13.50pt;\">\n<td style=\"height: 13.50pt;\" height=\"18\">Personalizare<\/td>\n<td>Sigl\u0103, culoare capac, ambalaj<\/td>\n<\/tr>\n<tr style=\"height: 13.50pt;\">\n<td style=\"height: 13.50pt;\" height=\"18\">Dimensiunea ambalajului<\/td>\n<td>26\u00d750\u00d750 mm<\/td>\n<\/tr>\n<tr style=\"height: 13.50pt;\">\n<td style=\"height: 13.50pt;\" height=\"18\">Ideal pentru<\/td>\n<td>Seruri, lo\u021biuni, tincturi<\/td>\n<\/tr>\n<\/tbody>\n<\/table>\n<h2>Un adev\u0103rat succes<\/h2>\n<p>O firm\u0103 francez\u0103 emblematic\u0103 a \u00eengrijirii pielii a vrut s\u0103 lanseze un ulei facial de \u00eenalt\u0103 calitate, \u00eens\u0103 nu a reu\u0219it s\u0103 aib\u0103 nevoie de mostre \u00een sticle transparente, incontestabile. \u00ce\u0219i doreau ceva \u00eendr\u0103zne\u021b, ceva care s\u0103 ofere clien\u021bilor o senza\u021bie de lux chiar \u00eenainte de a deschide cutia. Am recomandat o sticl\u0103 dreptunghiular\u0103 din sticl\u0103 neagr\u0103 de 30 ml, cu pipet\u0103 - complet\u0103, cu capac auriu \u0219i logo gravat cu laser. Contrastul a devenit impresionant: sticla neagr\u0103 con\u021binea uleiul, iar forma dreptunghiular\u0103 a ie\u0219it \u00een eviden\u021b\u0103 pe Instagram. Au comandat 50.000 de sticle, iar primul lot s-a v\u00e2ndut \u00een 3 s\u0103pt\u0103m\u00e2ni. Nu ave\u021bi nevoie de un logo atr\u0103g\u0103tor pentru a crea v\u00e2lv\u0103. Trebuie doar s\u0103 alege\u021bi ambalajul potrivit al sticlei cu pipet\u0103 en-gros.<\/p>\n<h2>Vrei s\u0103-\u021bi personalizezi produsul? \u00cencepe aici<\/h2>\n<ul>\n<li>G\u00e2nde\u0219te-te la clientul t\u0103u \u021bint\u0103. Prefer\u0103 frumuse\u021bea pur\u0103? Alege o \u0219apc\u0103 argintie - simpl\u0103 \u0219i modern\u0103. Prefer\u0103 luxul? Aurul simbolizeaz\u0103 \u201er\u0103sfa\u021b\u0103-te\u201d. Niciunul dintre ele nu-\u021bi place? Nicio problem\u0103. Spune-ne doar culoarea dorit\u0103 \u0219i ne vom adapta preferin\u021belor tale.<\/li>\n<li>Dori\u021bi ca sigla dvs. s\u0103 fie \u00een prim-plan \u0219i central? Putem grava, imprima sau embosa sigla direct pe sticl\u0103. Nu este nevoie de autocolante. Nu este nevoie de dezlipire.<\/li>\n<li>Dac\u0103 capacitatea de 30 ml nu este perfect\u0103, putem ajusta sticla de sticl\u0103 la dimensiunea pipetei dumneavoastr\u0103. Ave\u021bi nevoie de o sticl\u0103 mai \u00eenalt\u0103 sau mai lat\u0103? Ne vom adapta.<\/li>\n<\/ul>","protected":false},"excerpt":{"rendered":"<p>Sticl\u0103 cu pipet\u0103 de 30 ml, neagr\u0103 mat\u0103, cu protec\u021bie UV \u0219i guler metalic. Ideal\u0103 pentru uleiuri esen\u021biale, seruri \u0219i ambalaje premium pentru \u00eengrijirea pielii.<\/p>","protected":false},"featured_media":7479,"comment_status":"closed","ping_status":"closed","template":"","meta":{"_acf_changed":false,"site-sidebar-layout":"default","site-content-layout":"","ast-site-content-layout":"default","site-content-style":"default","site-sidebar-style":"default","ast-global-header-display":"","ast-banner-title-visibility":"","ast-main-header-display":"","ast-hfb-above-header-display":"","ast-hfb-below-header-display":"","ast-hfb-mobile-header-display":"","site-post-title":"","ast-breadcrumbs-content":"","ast-featured-img":"","footer-sml-layout":"","ast-disable-related-posts":"","theme-transparent-header-meta":"default","adv-header-id-meta":"","stick-header-meta":"","header-above-stick-meta":"","header-main-stick-meta":"","header-below-stick-meta":"","astra-migrate-meta-layouts":"set","ast-page-background-enabled":"default","ast-page-background-meta":{"desktop":{"background-color":"var(--ast-global-color-5)","background-image":"","background-repeat":"repeat","background-position":"center center","background-size":"auto","background-attachment":"scroll","background-type":"","background-media":"","overlay-type":"","overlay-color":"","overlay-opacity":"","overlay-gradient":""},"tablet":{"background-color":"","background-image":"","background-repeat":"repeat","background-position":"center center","background-size":"auto","background-attachment":"scroll","background-type":"","background-media":"","overlay-type":"","overlay-color":"","overlay-opacity":"","overlay-gradient":""},"mobile":{"background-color":"","background-image":"","background-repeat":"repeat","background-position":"center center","background-size":"auto","background-attachment":"scroll","background-type":"","background-media":"","overlay-type":"","overlay-color":"","overlay-opacity":"","overlay-gradient":""}},"ast-content-background-meta":{"desktop":{"background-color":"var(--ast-global-color-4)","background-image":"","background-repeat":"repeat","background-position":"center center","background-size":"auto","background-attachment":"scroll","background-type":"","background-media":"","overlay-type":"","overlay-color":"","overlay-opacity":"","overlay-gradient":""},"tablet":{"background-color":"var(--ast-global-color-4)","background-image":"","background-repeat":"repeat","background-position":"center center","background-size":"auto","background-attachment":"scroll","background-type":"","background-media":"","overlay-type":"","overlay-color":"","overlay-opacity":"","overlay-gradient":""},"mobile":{"background-color":"var(--ast-global-color-4)","background-image":"","background-repeat":"repeat","background-position":"center center","background-size":"auto","background-attachment":"scroll","background-type":"","background-media":"","overlay-type":"","overlay-color":"","overlay-opacity":"","overlay-gradient":""}}},"product_brand":[],"product_cat":[59,62,72,57],"product_tag":[190,204],"class_list":{"0":"post-5502","1":"product","2":"type-product","3":"status-publish","4":"has-post-thumbnail","6":"product_cat-glass-dropper-bottles","7":"product_cat-cosmetic-containers","8":"product_cat-cosmetic-packaging","9":"product_cat-essential-oil-bottles","10":"product_tag-cosmetic-pots-with-lids","11":"product_tag-frosted-cosmetic-jars","12":"desktop-align-left","13":"tablet-align-left","14":"mobile-align-left","16":"first","17":"instock","18":"shipping-taxable","19":"product-type-simple"},"acf":[],"jetpack_sharing_enabled":true,"_links":{"self":[{"href":"https:\/\/theperfumebottles.com\/ro\/wp-json\/wp\/v2\/product\/5502","targetHints":{"allow":["GET"]}}],"collection":[{"href":"https:\/\/theperfumebottles.com\/ro\/wp-json\/wp\/v2\/product"}],"about":[{"href":"https:\/\/theperfumebottles.com\/ro\/wp-json\/wp\/v2\/types\/product"}],"replies":[{"embeddable":true,"href":"https:\/\/theperfumebottles.com\/ro\/wp-json\/wp\/v2\/comments?post=5502"}],"wp:featuredmedia":[{"embeddable":true,"href":"https:\/\/theperfumebottles.com\/ro\/wp-json\/wp\/v2\/media\/7479"}],"wp:attachment":[{"href":"https:\/\/theperfumebottles.com\/ro\/wp-json\/wp\/v2\/media?parent=5502"}],"wp:term":[{"taxonomy":"product_brand","embeddable":true,"href":"https:\/\/theperfumebottles.com\/ro\/wp-json\/wp\/v2\/product_brand?post=5502"},{"taxonomy":"product_cat","embeddable":true,"href":"https:\/\/theperfumebottles.com\/ro\/wp-json\/wp\/v2\/product_cat?post=5502"},{"taxonomy":"product_tag","embeddable":true,"href":"https:\/\/theperfumebottles.com\/ro\/wp-json\/wp\/v2\/product_tag?post=5502"}],"curies":[{"name":"wp","href":"https:\/\/api.w.org\/{rel}","templated":true}]}}