{"id":5550,"date":"2025-08-12T18:02:21","date_gmt":"2025-08-12T10:02:21","guid":{"rendered":"https:\/\/theperfumebottles.com\/?post_type=product&#038;p=5550"},"modified":"2026-03-30T17:01:35","modified_gmt":"2026-03-30T09:01:35","slug":"bamboo-dropper-bottles-wholesale-dropper-glass-bottles","status":"publish","type":"product","link":"https:\/\/theperfumebottles.com\/ro\/produs\/bamboo-dropper-bottles-wholesale-dropper-glass-bottles\/","title":{"rendered":"Sticle cu pipet\u0103 din bambus en-gros \u2013 Sticle cu pipet\u0103 din sticl\u0103 10ml\u201350ml"},"content":{"rendered":"<p>Aceast\u0103 serie de sticle cu pipet\u0103 din bambus prezint\u0103 o carcas\u0103 exterioar\u0103 din bambus natural, combinat\u0103 cu o sticl\u0103 interioar\u0103 din sticl\u0103 cu pipet\u0103, oferind at\u00e2t protec\u021bie, c\u00e2t \u0219i estetic\u0103 premium. Fa\u021bada este reprezentat\u0103 de o structur\u0103 elegant\u0103, cilindric\u0103 \u0219i expus\u0103 din bambus, oferind o senza\u021bie organic\u0103 pl\u0103cut\u0103, congruent\u0103 cu brandingul ecologic. Fiecare sticl\u0103 poate fi ata\u0219at\u0103 la o pipet\u0103 de precizie din sticl\u0103 (un capac cu pipet\u0103 cu filet, \u00een diferite finisaje, cu bulb din cauciuc negru sau alb). Are capacit\u0103\u021bi de la 10 ml la 50 ml, cu propor\u021bii de design similare pentru a se potrivi diferitelor dimensiuni, ceea ce o face o linie de produse congruent\u0103 \u00een standurile de v\u00e2nzare cu am\u0103nuntul.<\/p>\n<h2>Specifica\u021bii cheie<\/h2>\n<table style=\"border-collapse: collapse; margin-left: auto; margin-right: auto; width: 80%;\" border=\"0\" width=\"411\" cellspacing=\"0\" cellpadding=\"0\">\n<tbody>\n<tr style=\"height: 13.50pt;\">\n<td style=\"height: 13.50pt; width: 107.25pt;\" width=\"143\" height=\"18\">Caracteristic\u0103<\/td>\n<td style=\"width: 201.00pt;\" width=\"268\">Detaliu<\/td>\n<\/tr>\n<tr style=\"height: 13.50pt;\">\n<td style=\"height: 13.50pt;\" height=\"18\">Capacitate<\/td>\n<td>10 ml, 15 ml, 20 ml, 30 ml, 50 ml, 100 ml<\/td>\n<\/tr>\n<tr style=\"height: 13.50pt;\">\n<td style=\"height: 13.50pt;\" height=\"18\">Material<\/td>\n<td>Sticl\u0103 sodo-calcic\u0103 brun\u0103<\/td>\n<\/tr>\n<tr style=\"height: 13.50pt;\">\n<td style=\"height: 13.50pt;\" height=\"18\">Procesul de fabrica\u021bie<\/td>\n<td>Suflat la ma\u0219in\u0103<\/td>\n<\/tr>\n<tr style=\"height: 13.50pt;\">\n<td style=\"height: 13.50pt;\" height=\"18\">Form\u0103<\/td>\n<td>Cilindric<\/td>\n<\/tr>\n<tr style=\"height: 13.50pt;\">\n<td style=\"height: 13.50pt;\" height=\"18\">Op\u021biuni de finisare a suprafe\u021bei<\/td>\n<td>Gravur\u0103 cu laser<\/td>\n<\/tr>\n<tr style=\"height: 13.50pt;\">\n<td style=\"height: 13.50pt;\" height=\"18\">V\u00e2rf pipet\u0103<\/td>\n<td>pipet\u0103 din bambus cu negru\/alb<\/td>\n<\/tr>\n<tr style=\"height: 13.50pt;\">\n<td style=\"height: 13.50pt;\" height=\"18\">Cel mai bun caz de utilizare<\/td>\n<td>\u00cengrijirea pielii, Wellness<\/td>\n<\/tr>\n<\/tbody>\n<\/table>\n<h2>Aplica\u021bii<\/h2>\n<p>Aceste sticle de sticl\u0103 cu pipet\u0103 sunt utilizate pe scar\u0103 larg\u0103 pentru uleiuri esen\u021biale, seruri, uleiuri CBD, extracte din plante \u0219i alte formul\u0103ri lichide care necesit\u0103 dozare controlat\u0103. Stabilitatea chimic\u0103 \u0219i compatibilitatea cu formul\u0103rile delicate sunt asigurate de recipientul interior din sticl\u0103, iar exteriorul din bambus ofer\u0103 o diferen\u021biere mai mare a produsului pe pie\u021bele produselor de \u00eenalt\u0103 calitate \u0219i naturale.<\/p>\n<h2>Succes real: De la concept la raft \u00een 6 s\u0103pt\u0103m\u00e2ni<\/h2>\n<p>O companie european\u0103 de \u00eengrijire a pielii avea nevoie de sticle goale cu pipet\u0103 en-gros pentru linia sa de seruri faciale organice. \u00ce\u0219i doreau ceva ecologic, dar de \u00eenalt\u0103 calitate. Le-am sugerat sticlele noastre din sticl\u0103 cu pipet\u0103 de 30 ml, \u00eenvelite \u00een bambus, cu capace negre mate. Am ajustat debitul pipetei capacului pentru un control mai fin - ideal pentru seruri. \u00cen mai pu\u021bin de dou\u0103 luni, au lansat cu 10.000 de unit\u0103\u021bi. Clien\u021bii lor au fost \u00eenc\u00e2nta\u021bi de \u201edespachetarea ca la spa\u201d.<\/p>\n<h2>Vrei s\u0103-l personalizezi? Iat\u0103 cum s\u0103 \u00eencepi<\/h2>\n<ul>\n<li>G\u00e2nde\u0219te-te mai \u00eent\u00e2i la lichidul t\u0103u. Este un ulei gros sau o tinctur\u0103 u\u0219oar\u0103? Pentru uleiuri, alege un v\u00e2rf de pipet\u0103 mai larg. Pentru seruri de precizie, un v\u00e2rf mai fin func\u021bioneaz\u0103 mai bine.<\/li>\n<li>Apoi, alege volumul. Majoritatea m\u0103rcilor \u00eencep cu 30 ml sau 50 ml - suficient de mare pentru a fi generos, suficient de mic pentru a r\u0103m\u00e2ne proasp\u0103t.<\/li>\n<li>Vrei ca brandul t\u0103u s\u0103 ias\u0103 \u00een eviden\u021b\u0103? Putem grava logo-ul t\u0103u cu laser pe bambus sau putem ad\u0103uga capace personalizate \u00een culori. Chiar \u0219i cutia poate transmite povestea ta.<\/li>\n<\/ul>\n<p>\u0218i da - ne ocup\u0103m de tot. De la selec\u021bia dimensiunilor sticlelor de sticl\u0103 cu pipet\u0103 p\u00e2n\u0103 la ambalarea ideal\u0103 complet\u0103 a sticlelor de sticl\u0103 cu pipet\u0103, v\u0103 st\u0103m la dispozi\u021bie.<\/p>","protected":false},"excerpt":{"rendered":"<p>Sticl\u0103 pipet\u0103 premium din bambus cu interior din sticl\u0103. Sticle pipet\u0103 ideale pentru \u00eengrijirea pielii \u0219i uleiuri. Disponibile en-gros pentru sticle pipet\u0103, cu branding personalizat.<\/p>","protected":false},"featured_media":7505,"comment_status":"closed","ping_status":"closed","template":"","meta":{"_acf_changed":false,"site-sidebar-layout":"default","site-content-layout":"","ast-site-content-layout":"default","site-content-style":"default","site-sidebar-style":"default","ast-global-header-display":"","ast-banner-title-visibility":"","ast-main-header-display":"","ast-hfb-above-header-display":"","ast-hfb-below-header-display":"","ast-hfb-mobile-header-display":"","site-post-title":"","ast-breadcrumbs-content":"","ast-featured-img":"","footer-sml-layout":"","ast-disable-related-posts":"","theme-transparent-header-meta":"default","adv-header-id-meta":"","stick-header-meta":"","header-above-stick-meta":"","header-main-stick-meta":"","header-below-stick-meta":"","astra-migrate-meta-layouts":"set","ast-page-background-enabled":"default","ast-page-background-meta":{"desktop":{"background-color":"var(--ast-global-color-5)","background-image":"","background-repeat":"repeat","background-position":"center center","background-size":"auto","background-attachment":"scroll","background-type":"","background-media":"","overlay-type":"","overlay-color":"","overlay-opacity":"","overlay-gradient":""},"tablet":{"background-color":"","background-image":"","background-repeat":"repeat","background-position":"center center","background-size":"auto","background-attachment":"scroll","background-type":"","background-media":"","overlay-type":"","overlay-color":"","overlay-opacity":"","overlay-gradient":""},"mobile":{"background-color":"","background-image":"","background-repeat":"repeat","background-position":"center center","background-size":"auto","background-attachment":"scroll","background-type":"","background-media":"","overlay-type":"","overlay-color":"","overlay-opacity":"","overlay-gradient":""}},"ast-content-background-meta":{"desktop":{"background-color":"var(--ast-global-color-4)","background-image":"","background-repeat":"repeat","background-position":"center center","background-size":"auto","background-attachment":"scroll","background-type":"","background-media":"","overlay-type":"","overlay-color":"","overlay-opacity":"","overlay-gradient":""},"tablet":{"background-color":"var(--ast-global-color-4)","background-image":"","background-repeat":"repeat","background-position":"center center","background-size":"auto","background-attachment":"scroll","background-type":"","background-media":"","overlay-type":"","overlay-color":"","overlay-opacity":"","overlay-gradient":""},"mobile":{"background-color":"var(--ast-global-color-4)","background-image":"","background-repeat":"repeat","background-position":"center center","background-size":"auto","background-attachment":"scroll","background-type":"","background-media":"","overlay-type":"","overlay-color":"","overlay-opacity":"","overlay-gradient":""}}},"product_brand":[],"product_cat":[59,62,72,57],"product_tag":[190,204],"class_list":{"0":"post-5550","1":"product","2":"type-product","3":"status-publish","4":"has-post-thumbnail","6":"product_cat-glass-dropper-bottles","7":"product_cat-cosmetic-containers","8":"product_cat-cosmetic-packaging","9":"product_cat-essential-oil-bottles","10":"product_tag-cosmetic-pots-with-lids","11":"product_tag-frosted-cosmetic-jars","12":"desktop-align-left","13":"tablet-align-left","14":"mobile-align-left","16":"first","17":"instock","18":"shipping-taxable","19":"product-type-simple"},"acf":[],"jetpack_sharing_enabled":true,"_links":{"self":[{"href":"https:\/\/theperfumebottles.com\/ro\/wp-json\/wp\/v2\/product\/5550","targetHints":{"allow":["GET"]}}],"collection":[{"href":"https:\/\/theperfumebottles.com\/ro\/wp-json\/wp\/v2\/product"}],"about":[{"href":"https:\/\/theperfumebottles.com\/ro\/wp-json\/wp\/v2\/types\/product"}],"replies":[{"embeddable":true,"href":"https:\/\/theperfumebottles.com\/ro\/wp-json\/wp\/v2\/comments?post=5550"}],"wp:featuredmedia":[{"embeddable":true,"href":"https:\/\/theperfumebottles.com\/ro\/wp-json\/wp\/v2\/media\/7505"}],"wp:attachment":[{"href":"https:\/\/theperfumebottles.com\/ro\/wp-json\/wp\/v2\/media?parent=5550"}],"wp:term":[{"taxonomy":"product_brand","embeddable":true,"href":"https:\/\/theperfumebottles.com\/ro\/wp-json\/wp\/v2\/product_brand?post=5550"},{"taxonomy":"product_cat","embeddable":true,"href":"https:\/\/theperfumebottles.com\/ro\/wp-json\/wp\/v2\/product_cat?post=5550"},{"taxonomy":"product_tag","embeddable":true,"href":"https:\/\/theperfumebottles.com\/ro\/wp-json\/wp\/v2\/product_tag?post=5550"}],"curies":[{"name":"wp","href":"https:\/\/api.w.org\/{rel}","templated":true}]}}