{"id":5606,"date":"2025-08-13T18:02:24","date_gmt":"2025-08-13T10:02:24","guid":{"rendered":"https:\/\/theperfumebottles.com\/?post_type=product&#038;p=5606"},"modified":"2026-03-26T17:26:36","modified_gmt":"2026-03-26T09:26:36","slug":"custom-glass-serum-bottles-clear-bottle-with-glass-dropper","status":"publish","type":"product","link":"https:\/\/theperfumebottles.com\/ro\/produs\/custom-glass-serum-bottles-clear-bottle-with-glass-dropper\/","title":{"rendered":"Sticle de ser din sticl\u0103 personalizate | Sticl\u0103 transparent\u0103 cu pipet\u0103 de sticl\u0103 15ml 30ml"},"content":{"rendered":"<p>Aceste sticle de ser din sticl\u0103 sunt prev\u0103zute cu un set de sticle de ulei esen\u021bial, cu un corp din sticl\u0103 transparent\u0103, rotunjit, \u00een form\u0103 de cupol\u0103 \u0219i o baz\u0103 groas\u0103 \u0219i stabil\u0103. Lichidul din interior este accentuat de suprafa\u021ba neted\u0103 \u0219i clar\u0103, fiind astfel potrivit pentru formulele de \u00eenalt\u0103 calitate. Pipeta este asortat\u0103 cu un pipet\u0103 realizat\u0103 dintr-un bec moale din cauciuc alb \u0219i o pipet\u0103 dreapt\u0103 din sticl\u0103, care distribuie con\u021binutul cu precizie. Gulerul poate fi realizat \u00een finisaje metalice, precum auriu \u0219i argintiu, \u0219i are detalii texturate care ofer\u0103 un contrast elegant al imaginii. Dimensiunile mici ale ambelor dimensiuni de 15 ml \u0219i 30 ml sunt concepute astfel \u00eenc\u00e2t s\u0103 arate echilibrate \u0219i elegante, f\u0103c\u00e2ndu-le totodat\u0103 portabile.<\/p>\n<h2>Specifica\u021bii cheie<\/h2>\n<table style=\"border-collapse: collapse; margin-left: auto; margin-right: auto; width: 80%;\" border=\"0\" width=\"812\" cellspacing=\"0\" cellpadding=\"0\">\n<tbody>\n<tr style=\"height: 13.50pt;\">\n<td style=\"height: 13.50pt; width: 136.50pt;\" width=\"182\" height=\"18\">Caracteristic\u0103<\/td>\n<td style=\"width: 472.50pt;\" width=\"630\">Detalii<\/td>\n<\/tr>\n<tr style=\"height: 13.50pt;\">\n<td style=\"height: 13.50pt;\" height=\"18\">Capacit\u0103\u021bi disponibile<\/td>\n<td>15 ml, 30 ml<\/td>\n<\/tr>\n<tr style=\"height: 13.50pt;\">\n<td style=\"height: 13.50pt;\" height=\"18\">Material<\/td>\n<td>Sticl\u0103 de \u00eenalt\u0103 calitate (clar\u0103, transparen\u021b\u0103 premium)<\/td>\n<\/tr>\n<tr style=\"height: 13.50pt;\">\n<td style=\"height: 13.50pt;\" height=\"18\">Op\u021biuni de culoare<\/td>\n<td>Standard transparent; personalizabil (de exemplu, mat, nuan\u021bat)<\/td>\n<\/tr>\n<tr style=\"height: 13.50pt;\">\n<td style=\"height: 13.50pt;\" height=\"18\">Form\u0103 de sticl\u0103<\/td>\n<td>Design rotunjit cu baz\u0103 lat\u0103 \u0219i g\u00e2t scurt \u2013 ofer\u0103 stabilitate \u0219i profil elegant<\/td>\n<\/tr>\n<tr style=\"height: 13.50pt;\">\n<td style=\"height: 13.50pt;\" height=\"18\">Ideal pentru<\/td>\n<td>Tincturi din plante Uleiuri esen\u021biale, Seruri faciale \u0219i produse de \u00eengrijire a pielii<\/td>\n<\/tr>\n<\/tbody>\n<\/table>\n<h2>Poveste de succes<\/h2>\n<p>Un furnizor de extracte din plante a trecut la aceast\u0103 sticl\u0103 cu pipet\u0103 de sticl\u0103 pentru linia sa de produse en-gros pentru ultimele 12 luni. Le-a pl\u0103cut designul evident, care nu numai c\u0103 eviden\u021biaz\u0103 culoarea vegetal\u0103 a produsului, dar \u0219i sigiliul anti-scurgere care garanteaz\u0103 c\u0103 produsul r\u0103m\u00e2ne intact. \u00cen trei luni, au observat o cre\u0219tere cu 20% a num\u0103rului de clien\u021bi fideli, iar clien\u021bilor lor le-a pl\u0103cut \u0219i calitatea \u00eembun\u0103t\u0103\u021bit\u0103.<\/p>\n<h2>Sfaturi de personalizare<\/h2>\n<p>Vrei s\u0103 profi\u021bi la maximum de sticla ta cu pipet\u0103 de sticl\u0103? \u00cencearc\u0103 aceste sfaturi:<\/p>\n<ul>\n<li>Pentru formulele sensibile la lumin\u0103, folosi\u021bi sticle din sticl\u0103 mat\u0103. Aceasta ofer\u0103 protec\u021bie \u0219i creeaz\u0103 un aspect delicat, de lux.<\/li>\n<li>\u00cenlocuie\u0219te-\u021bi capacul metalic texturat cu un finisaj mat sau periat pentru a-\u021bi completa linia de produse de lux pentru \u00eengrijirea pielii.<\/li>\n<li>Pentru tratamente suplimentare de suprafa\u021b\u0103, oferim \u0219tan\u021bare la cald, serigrafie, acoperire \u0219i multe altele.<\/li>\n<\/ul>\n<p>Sunte\u021bi gata s\u0103 g\u0103si\u021bi sticle de sticl\u0103 fiabile, cu o gam\u0103 larg\u0103 de culori \u0219i livrare rapid\u0103? Contacta\u021bi-ne. Ajut\u0103m cump\u0103r\u0103torii B2B s\u0103 construiasc\u0103 linii de produse puternice \u0219i consecvente - de fiecare dat\u0103.<\/p>","protected":false},"excerpt":{"rendered":"<p>Sticlu\u021be transparente cu pipet\u0103 pentru uleiuri esen\u021biale de 15 ml \u0219i 30 ml, cu pipet\u0103 de sticl\u0103 \u0219i guler metalic. Sticlu\u021be ideale pentru ser din sticl\u0103 pentru m\u0103rci de \u00eengrijire a pielii \u0219i aromaterapie.<\/p>","protected":false},"featured_media":5607,"comment_status":"closed","ping_status":"closed","template":"","meta":{"_acf_changed":false,"site-sidebar-layout":"default","site-content-layout":"","ast-site-content-layout":"default","site-content-style":"default","site-sidebar-style":"default","ast-global-header-display":"","ast-banner-title-visibility":"","ast-main-header-display":"","ast-hfb-above-header-display":"","ast-hfb-below-header-display":"","ast-hfb-mobile-header-display":"","site-post-title":"","ast-breadcrumbs-content":"","ast-featured-img":"","footer-sml-layout":"","ast-disable-related-posts":"","theme-transparent-header-meta":"default","adv-header-id-meta":"","stick-header-meta":"","header-above-stick-meta":"","header-main-stick-meta":"","header-below-stick-meta":"","astra-migrate-meta-layouts":"set","ast-page-background-enabled":"default","ast-page-background-meta":{"desktop":{"background-color":"var(--ast-global-color-5)","background-image":"","background-repeat":"repeat","background-position":"center center","background-size":"auto","background-attachment":"scroll","background-type":"","background-media":"","overlay-type":"","overlay-color":"","overlay-opacity":"","overlay-gradient":""},"tablet":{"background-color":"","background-image":"","background-repeat":"repeat","background-position":"center center","background-size":"auto","background-attachment":"scroll","background-type":"","background-media":"","overlay-type":"","overlay-color":"","overlay-opacity":"","overlay-gradient":""},"mobile":{"background-color":"","background-image":"","background-repeat":"repeat","background-position":"center center","background-size":"auto","background-attachment":"scroll","background-type":"","background-media":"","overlay-type":"","overlay-color":"","overlay-opacity":"","overlay-gradient":""}},"ast-content-background-meta":{"desktop":{"background-color":"var(--ast-global-color-4)","background-image":"","background-repeat":"repeat","background-position":"center center","background-size":"auto","background-attachment":"scroll","background-type":"","background-media":"","overlay-type":"","overlay-color":"","overlay-opacity":"","overlay-gradient":""},"tablet":{"background-color":"var(--ast-global-color-4)","background-image":"","background-repeat":"repeat","background-position":"center center","background-size":"auto","background-attachment":"scroll","background-type":"","background-media":"","overlay-type":"","overlay-color":"","overlay-opacity":"","overlay-gradient":""},"mobile":{"background-color":"var(--ast-global-color-4)","background-image":"","background-repeat":"repeat","background-position":"center center","background-size":"auto","background-attachment":"scroll","background-type":"","background-media":"","overlay-type":"","overlay-color":"","overlay-opacity":"","overlay-gradient":""}}},"product_brand":[],"product_cat":[59,62,72,57],"product_tag":[190,204],"class_list":{"0":"post-5606","1":"product","2":"type-product","3":"status-publish","4":"has-post-thumbnail","6":"product_cat-glass-dropper-bottles","7":"product_cat-cosmetic-containers","8":"product_cat-cosmetic-packaging","9":"product_cat-essential-oil-bottles","10":"product_tag-cosmetic-pots-with-lids","11":"product_tag-frosted-cosmetic-jars","12":"desktop-align-left","13":"tablet-align-left","14":"mobile-align-left","16":"first","17":"instock","18":"shipping-taxable","19":"product-type-simple"},"acf":[],"jetpack_sharing_enabled":true,"_links":{"self":[{"href":"https:\/\/theperfumebottles.com\/ro\/wp-json\/wp\/v2\/product\/5606","targetHints":{"allow":["GET"]}}],"collection":[{"href":"https:\/\/theperfumebottles.com\/ro\/wp-json\/wp\/v2\/product"}],"about":[{"href":"https:\/\/theperfumebottles.com\/ro\/wp-json\/wp\/v2\/types\/product"}],"replies":[{"embeddable":true,"href":"https:\/\/theperfumebottles.com\/ro\/wp-json\/wp\/v2\/comments?post=5606"}],"wp:featuredmedia":[{"embeddable":true,"href":"https:\/\/theperfumebottles.com\/ro\/wp-json\/wp\/v2\/media\/5607"}],"wp:attachment":[{"href":"https:\/\/theperfumebottles.com\/ro\/wp-json\/wp\/v2\/media?parent=5606"}],"wp:term":[{"taxonomy":"product_brand","embeddable":true,"href":"https:\/\/theperfumebottles.com\/ro\/wp-json\/wp\/v2\/product_brand?post=5606"},{"taxonomy":"product_cat","embeddable":true,"href":"https:\/\/theperfumebottles.com\/ro\/wp-json\/wp\/v2\/product_cat?post=5606"},{"taxonomy":"product_tag","embeddable":true,"href":"https:\/\/theperfumebottles.com\/ro\/wp-json\/wp\/v2\/product_tag?post=5606"}],"curies":[{"name":"wp","href":"https:\/\/api.w.org\/{rel}","templated":true}]}}