{"id":5616,"date":"2025-08-13T18:02:54","date_gmt":"2025-08-13T10:02:54","guid":{"rendered":"https:\/\/theperfumebottles.com\/?post_type=product&#038;p=5616"},"modified":"2026-04-01T12:39:23","modified_gmt":"2026-04-01T04:39:23","slug":"wholesale-15ml-dropper-bottles-for-cosmetic-packaging","status":"publish","type":"product","link":"https:\/\/theperfumebottles.com\/ro\/produs\/wholesale-15ml-dropper-bottles-for-cosmetic-packaging\/","title":{"rendered":"Sticle cu pipet\u0103 de 15 ml en-gros pentru ambalaje cosmetice"},"content":{"rendered":"<p>Indiferent dac\u0103 lansa\u021bi o nou\u0103 linie de produse sau v\u0103 extinde\u021bi linia de produse en-gros, aceast\u0103 sticl\u0103 cu pipet\u0103 de 15 ml are un design cilindric elegant pentru simplitate, elegan\u021b\u0103 \u0219i etichetare u\u0219oar\u0103. Este func\u021bional\u0103, dar f\u0103r\u0103 preten\u021bii.<\/p>\n<h2>Specifica\u021bii cheie<\/h2>\n<table style=\"border-collapse: collapse; margin-left: auto; margin-right: auto; width: 80%;\" border=\"0\" width=\"632\" cellspacing=\"0\" cellpadding=\"0\">\n<tbody>\n<tr style=\"height: 13.50pt;\">\n<td style=\"height: 13.50pt; width: 120.75pt;\" width=\"161\" height=\"18\">Caracteristic\u0103<\/td>\n<td style=\"width: 353.25pt;\" width=\"471\">Detalii<\/td>\n<\/tr>\n<tr style=\"height: 13.50pt;\">\n<td style=\"height: 13.50pt;\" height=\"18\">Capacitate<\/td>\n<td>15 ml<\/td>\n<\/tr>\n<tr style=\"height: 13.50pt;\">\n<td style=\"height: 13.50pt;\" height=\"18\">Form\u0103 de sticl\u0103<\/td>\n<td>Cilindric<\/td>\n<\/tr>\n<tr style=\"height: 13.50pt;\">\n<td style=\"height: 13.50pt;\" height=\"18\">Material<\/td>\n<td>Sticl\u0103 de \u00eenalt\u0103 calitate<\/td>\n<\/tr>\n<tr style=\"height: 13.50pt;\">\n<td style=\"height: 13.50pt;\" height=\"18\">Op\u021biuni de finisare a corpului<\/td>\n<td>Mat (semitransparent) sau alb solid, personalizabil<\/td>\n<\/tr>\n<tr style=\"height: 13.50pt;\">\n<td style=\"height: 13.50pt;\" height=\"18\">Op\u021biuni de culoare<\/td>\n<td>Culori \u0219i etichete personalizabile pentru capace<\/td>\n<\/tr>\n<tr style=\"height: 13.50pt;\">\n<td style=\"height: 13.50pt;\" height=\"18\">Dimensiunea ambalajului<\/td>\n<td>20 \u00d7 20 \u00d7 20 cm per unitate de expediere<\/td>\n<\/tr>\n<tr style=\"height: 13.50pt;\">\n<td style=\"height: 13.50pt;\" height=\"18\">Rezisten\u021b\u0103 la scurgeri<\/td>\n<td>Sigilarea sigur\u0103 a pipetei reduce riscul de scurgeri \u00een timpul transportului<\/td>\n<\/tr>\n<\/tbody>\n<\/table>\n<h2>Studiu de caz real: O inova\u021bie \u00een domeniul ambalajelor pentru un startup de wellness<\/h2>\n<p>Un mic brand de produse wellness folosise anterior sticle de sticl\u0103 transparent\u0103 pentru linia sa de tincturi din plante. Produsele lor erau eficiente, dar aspectul era destul de obi\u0219nuit. Au ales s\u0103 personalizeze sticla noastr\u0103 mat\u0103 cu pipet\u0103 de 15 ml cu sigla \u0219i capacele lor, \u00eentr-un verde lini\u0219titor. Clien\u021bilor le-a pl\u0103cut aspectul premium, iar v\u00e2nz\u0103rile lor de tincturi au crescut cu 30%! Ulterior, au ad\u0103ugat o versiune alb\u0103 pur\u0103 la o alt\u0103 linie de produse. Acum, \u00eentreaga lor linie de produse folose\u0219te ambele materiale pentru a crea o ierarhie vizual\u0103.<\/p>\n<h2>Sfaturi de personalizare<\/h2>\n<p>Vrei s\u0103 ie\u0219i \u00een eviden\u021b\u0103 f\u0103r\u0103 a complica prea mult produsul? \u00cencearc\u0103 aceste sfaturi:<\/p>\n<ul>\n<li>Folose\u0219te versiunea mat\u0103 pentru formulele tale premium \u0219i versiunea alb\u0103 pentru uz zilnic. Aceasta va transmite clar povestea produsului t\u0103u.<\/li>\n<li>Asorteaz\u0103 flaconul cu pipet\u0103 de 15 ml cu un capac colorat, precum un trandafir pal sau negru mat, pentru a-l face s\u0103 ias\u0103 \u00een eviden\u021b\u0103 pe raftul aglomerat.<\/li>\n<li>Aceast\u0103 sticl\u0103 cu pipet\u0103 este disponibil\u0103 \u00eentr-o varietate de finisaje, inclusiv \u0219tan\u021bare la cald, serigrafie, acoperire, glazurare \u0219i decalcomanii.<\/li>\n<\/ul>\n<p>Ambalarea mai multor sticle cu pipet\u0103 din sticl\u0103 \u00eentr-o cutie cadou este perfect\u0103 pentru partenerii angro \u0219i cu am\u0103nuntul. Aceast\u0103 sticl\u0103 cu pipet\u0103 este mai mult dec\u00e2t un simplu recipient; este un instrument practic.<\/p>","protected":false},"excerpt":{"rendered":"<p>Sticl\u0103 cu pipet\u0103 en-gros pentru uleiuri esen\u021biale, seruri \u0219i cosmetice. Durabil\u0103, personalizabil\u0103, ideal\u0103 pentru comenzi \u00een vrac.<\/p>","protected":false},"featured_media":5620,"comment_status":"closed","ping_status":"closed","template":"","meta":{"_acf_changed":false,"site-sidebar-layout":"default","site-content-layout":"","ast-site-content-layout":"default","site-content-style":"default","site-sidebar-style":"default","ast-global-header-display":"","ast-banner-title-visibility":"","ast-main-header-display":"","ast-hfb-above-header-display":"","ast-hfb-below-header-display":"","ast-hfb-mobile-header-display":"","site-post-title":"","ast-breadcrumbs-content":"","ast-featured-img":"","footer-sml-layout":"","ast-disable-related-posts":"","theme-transparent-header-meta":"default","adv-header-id-meta":"","stick-header-meta":"","header-above-stick-meta":"","header-main-stick-meta":"","header-below-stick-meta":"","astra-migrate-meta-layouts":"set","ast-page-background-enabled":"default","ast-page-background-meta":{"desktop":{"background-color":"var(--ast-global-color-5)","background-image":"","background-repeat":"repeat","background-position":"center center","background-size":"auto","background-attachment":"scroll","background-type":"","background-media":"","overlay-type":"","overlay-color":"","overlay-opacity":"","overlay-gradient":""},"tablet":{"background-color":"","background-image":"","background-repeat":"repeat","background-position":"center center","background-size":"auto","background-attachment":"scroll","background-type":"","background-media":"","overlay-type":"","overlay-color":"","overlay-opacity":"","overlay-gradient":""},"mobile":{"background-color":"","background-image":"","background-repeat":"repeat","background-position":"center center","background-size":"auto","background-attachment":"scroll","background-type":"","background-media":"","overlay-type":"","overlay-color":"","overlay-opacity":"","overlay-gradient":""}},"ast-content-background-meta":{"desktop":{"background-color":"var(--ast-global-color-4)","background-image":"","background-repeat":"repeat","background-position":"center center","background-size":"auto","background-attachment":"scroll","background-type":"","background-media":"","overlay-type":"","overlay-color":"","overlay-opacity":"","overlay-gradient":""},"tablet":{"background-color":"var(--ast-global-color-4)","background-image":"","background-repeat":"repeat","background-position":"center center","background-size":"auto","background-attachment":"scroll","background-type":"","background-media":"","overlay-type":"","overlay-color":"","overlay-opacity":"","overlay-gradient":""},"mobile":{"background-color":"var(--ast-global-color-4)","background-image":"","background-repeat":"repeat","background-position":"center center","background-size":"auto","background-attachment":"scroll","background-type":"","background-media":"","overlay-type":"","overlay-color":"","overlay-opacity":"","overlay-gradient":""}}},"product_brand":[],"product_cat":[59,72,62,57],"product_tag":[190,204],"class_list":{"0":"post-5616","1":"product","2":"type-product","3":"status-publish","4":"has-post-thumbnail","6":"product_cat-glass-dropper-bottles","7":"product_cat-cosmetic-packaging","8":"product_cat-cosmetic-containers","9":"product_cat-essential-oil-bottles","10":"product_tag-cosmetic-pots-with-lids","11":"product_tag-frosted-cosmetic-jars","12":"desktop-align-left","13":"tablet-align-left","14":"mobile-align-left","16":"first","17":"instock","18":"shipping-taxable","19":"product-type-simple"},"acf":[],"jetpack_sharing_enabled":true,"_links":{"self":[{"href":"https:\/\/theperfumebottles.com\/ro\/wp-json\/wp\/v2\/product\/5616","targetHints":{"allow":["GET"]}}],"collection":[{"href":"https:\/\/theperfumebottles.com\/ro\/wp-json\/wp\/v2\/product"}],"about":[{"href":"https:\/\/theperfumebottles.com\/ro\/wp-json\/wp\/v2\/types\/product"}],"replies":[{"embeddable":true,"href":"https:\/\/theperfumebottles.com\/ro\/wp-json\/wp\/v2\/comments?post=5616"}],"wp:featuredmedia":[{"embeddable":true,"href":"https:\/\/theperfumebottles.com\/ro\/wp-json\/wp\/v2\/media\/5620"}],"wp:attachment":[{"href":"https:\/\/theperfumebottles.com\/ro\/wp-json\/wp\/v2\/media?parent=5616"}],"wp:term":[{"taxonomy":"product_brand","embeddable":true,"href":"https:\/\/theperfumebottles.com\/ro\/wp-json\/wp\/v2\/product_brand?post=5616"},{"taxonomy":"product_cat","embeddable":true,"href":"https:\/\/theperfumebottles.com\/ro\/wp-json\/wp\/v2\/product_cat?post=5616"},{"taxonomy":"product_tag","embeddable":true,"href":"https:\/\/theperfumebottles.com\/ro\/wp-json\/wp\/v2\/product_tag?post=5616"}],"curies":[{"name":"wp","href":"https:\/\/api.w.org\/{rel}","templated":true}]}}