{"id":5625,"date":"2025-08-14T18:00:02","date_gmt":"2025-08-14T10:00:02","guid":{"rendered":"https:\/\/theperfumebottles.com\/?post_type=product&#038;p=5625"},"modified":"2025-08-25T17:58:23","modified_gmt":"2025-08-25T09:58:23","slug":"wholesale-flat-square-amber-bottles-with-dropper","status":"publish","type":"product","link":"https:\/\/theperfumebottles.com\/ro\/produs\/wholesale-flat-square-amber-bottles-with-dropper\/","title":{"rendered":"Sticle de chihlimbar p\u0103trate plate de 30 ml, en-gros, cu pipet\u0103"},"content":{"rendered":"<p><span class=\"diff-highlight\">Sunt<\/span> <span class=\"diff-highlight\">tu<\/span> <span class=\"diff-highlight\">c\u0103ut\u00e2nd<\/span> pentru un stilat \u0219i <span class=\"diff-highlight\">func\u0163ional<\/span> modalitate de a p\u0103stra uleiurile esen\u021biale sau <span class=\"diff-highlight\">ser<\/span>Sticlele noastre de culoarea chihlimbarului cu pipet\u0103 sunt perfecte <span class=\"diff-highlight\">pentru<\/span> <span class=\"diff-highlight\">tu<\/span><span class=\"diff-highlight\">!<\/span> <span class=\"diff-highlight\">F\u0103cut<\/span> din sticl\u0103 de calitate, <span class=\"diff-highlight\">noastre<\/span> <span class=\"diff-highlight\">chihlimbar<\/span> <span class=\"diff-highlight\">sticle<\/span> <span class=\"diff-highlight\">a preveni<\/span> <span class=\"diff-highlight\">cel\/cea\/cei\/cele<\/span> <span class=\"diff-highlight\">scurgere<\/span> <span class=\"diff-highlight\">de<\/span> <span class=\"diff-highlight\">d\u0103un\u0103tor<\/span> <span class=\"diff-highlight\">UV<\/span> <span class=\"diff-highlight\">raze<\/span><span class=\"diff-highlight\">.<\/span> <span class=\"diff-highlight\">\u00cen plus<\/span>, <span class=\"diff-highlight\">cu<\/span> <span class=\"diff-highlight\">cel\/cea\/cei\/cele<\/span> <span class=\"diff-highlight\">pipet\u0103<\/span><span class=\"diff-highlight\">,<\/span> <span class=\"diff-highlight\">tu<\/span> <span class=\"diff-highlight\">poate<\/span> <span class=\"diff-highlight\">distribui<\/span> cel\/cea\/cei\/cele <span class=\"diff-highlight\">perfect<\/span> sum\u0103 de fiecare dat\u0103.<\/p>\n<h2>Specifica\u021bii cheie<\/h2>\n<table style=\"border-collapse: collapse;margin-left: auto;margin-right: auto;width: 80%\" border=\"0\" width=\"537\" cellspacing=\"0\" cellpadding=\"0\">\n<tbody>\n<tr style=\"height: 13.50pt\">\n<td style=\"height: 13.50pt;width: 111.00pt\" width=\"148\" height=\"18\">Caracteristic\u0103<\/td>\n<td style=\"width: 291.75pt\" width=\"389\">Detalii<\/td>\n<\/tr>\n<tr style=\"height: 13.50pt\">\n<td style=\"height: 13.50pt\" height=\"18\">M\u0103rimi disponibile<\/td>\n<td>30 ml<\/td>\n<\/tr>\n<tr style=\"height: 13.50pt\">\n<td style=\"height: 13.50pt\" height=\"18\">Material<\/td>\n<td>Sticl\u0103 de \u00eenalt\u0103 calitate<\/td>\n<\/tr>\n<tr style=\"height: 13.50pt\">\n<td style=\"height: 13.50pt\" height=\"18\">Culoare<\/td>\n<td>Standard transparent, chihlimbar, roz (op\u021biuni de culoare personalizate disponibile)<\/td>\n<\/tr>\n<tr style=\"height: 13.50pt\">\n<td style=\"height: 13.50pt\" height=\"18\">Termina<\/td>\n<td>Senin sau \u00eenghe\u021bat (la cerere)<\/td>\n<\/tr>\n<tr style=\"height: 13.50pt\">\n<td style=\"height: 13.50pt\" height=\"18\">Caz de utilizare<\/td>\n<td>Tincturi, uleiuri esen\u021biale, seruri<\/td>\n<\/tr>\n<\/tbody>\n<\/table>\n<h2>Victorie \u00een lumea real\u0103: De la branding aglomerat la branding clar<\/h2>\n<p>O marc\u0103 de produse naturale a trecut de la sticlele din sticl\u0103 transparent\u0103 la sticle cu pipet\u0103 de culoare chihlimbar, de 30 ml, pentru tincturile sale din plante. Sticla chihlimbar\u0103 a rezolvat problemele legate de expunerea la lumin\u0103, men\u021bin\u00e2nd formula proasp\u0103t\u0103 mai mult timp. \u00cen plus, clien\u021bii au considerat sticlele cu pipet\u0103 de culoare chihlimbar\u0103 mai fiabile, inelul auriu ad\u0103ug\u00e2nd o senza\u021bie premium, iar marginile plate sporesc aderen\u021ba \u0219i u\u0219urin\u021ba de etichetare.<\/p>\n<h2>Sfaturi inteligente de personalizare pentru comanda dvs.<\/h2>\n<p>Vrei s\u0103-\u021bi faci brandul s\u0103 ias\u0103 \u00een eviden\u021b\u0103? \u00cencearc\u0103 aceste idei:<\/p>\n<ul>\n<li>Folose\u0219te finisajul \u00eenghe\u021bat pe sticla chihlimbar\u0103 pentru un aspect organic, mai delicat - excelent pentru finisaje curate sau linii ecologice.<\/li>\n<li>\u00cenlocuie\u0219te inelul de aur cu negru mat sau argintiu periat, pentru a se potrivi cu atmosfera brandului t\u0103u.<\/li>\n<li>Pune\u021bi mai multe sticlu\u021be chihlimbar cu pipet\u0103 \u00eentr-o cutie personalizat\u0103. Excelent pentru partenerii de v\u00e2nzare cu am\u0103nuntul en-gros sau seturi cadou.<\/li>\n<\/ul>\n<p>De la startup-uri angro la mari distribuitori, aceste sticle din sticl\u0103 chihlimbar se adapteaz\u0103 odat\u0103 cu dumneavoastr\u0103. Se potrivesc at\u00e2t testelor de serie mic\u0103, c\u00e2t \u0219i comenzilor masive - f\u0103r\u0103 a sacrifica standardele \u00eenalte de calitate.<\/p>","protected":false},"excerpt":{"rendered":"<p>Sticle en-gros de culoarea chihlimbarului cu pipet\u0103 pentru uleiuri esen\u021biale, seruri \u0219i cosmetice. Sticl\u0103 rezistent\u0103, personalizabil\u0103, perfect\u0103 pentru comenzi \u00een vrac.<\/p>","protected":false},"featured_media":5641,"comment_status":"closed","ping_status":"closed","template":"","meta":{"_acf_changed":false,"site-sidebar-layout":"default","site-content-layout":"","ast-site-content-layout":"default","site-content-style":"default","site-sidebar-style":"default","ast-global-header-display":"","ast-banner-title-visibility":"","ast-main-header-display":"","ast-hfb-above-header-display":"","ast-hfb-below-header-display":"","ast-hfb-mobile-header-display":"","site-post-title":"","ast-breadcrumbs-content":"","ast-featured-img":"","footer-sml-layout":"","ast-disable-related-posts":"","theme-transparent-header-meta":"default","adv-header-id-meta":"","stick-header-meta":"","header-above-stick-meta":"","header-main-stick-meta":"","header-below-stick-meta":"","astra-migrate-meta-layouts":"set","ast-page-background-enabled":"default","ast-page-background-meta":{"desktop":{"background-color":"var(--ast-global-color-5)","background-image":"","background-repeat":"repeat","background-position":"center center","background-size":"auto","background-attachment":"scroll","background-type":"","background-media":"","overlay-type":"","overlay-color":"","overlay-opacity":"","overlay-gradient":""},"tablet":{"background-color":"","background-image":"","background-repeat":"repeat","background-position":"center center","background-size":"auto","background-attachment":"scroll","background-type":"","background-media":"","overlay-type":"","overlay-color":"","overlay-opacity":"","overlay-gradient":""},"mobile":{"background-color":"","background-image":"","background-repeat":"repeat","background-position":"center center","background-size":"auto","background-attachment":"scroll","background-type":"","background-media":"","overlay-type":"","overlay-color":"","overlay-opacity":"","overlay-gradient":""}},"ast-content-background-meta":{"desktop":{"background-color":"var(--ast-global-color-4)","background-image":"","background-repeat":"repeat","background-position":"center center","background-size":"auto","background-attachment":"scroll","background-type":"","background-media":"","overlay-type":"","overlay-color":"","overlay-opacity":"","overlay-gradient":""},"tablet":{"background-color":"var(--ast-global-color-4)","background-image":"","background-repeat":"repeat","background-position":"center center","background-size":"auto","background-attachment":"scroll","background-type":"","background-media":"","overlay-type":"","overlay-color":"","overlay-opacity":"","overlay-gradient":""},"mobile":{"background-color":"var(--ast-global-color-4)","background-image":"","background-repeat":"repeat","background-position":"center center","background-size":"auto","background-attachment":"scroll","background-type":"","background-media":"","overlay-type":"","overlay-color":"","overlay-opacity":"","overlay-gradient":""}}},"product_brand":[],"product_cat":[62,72,57,59],"product_tag":[190,204],"class_list":{"0":"post-5625","1":"product","2":"type-product","3":"status-publish","4":"has-post-thumbnail","6":"product_cat-cosmetic-containers","7":"product_cat-cosmetic-packaging","8":"product_cat-essential-oil-bottles","9":"product_cat-glass-dropper-bottles","10":"product_tag-cosmetic-pots-with-lids","11":"product_tag-frosted-cosmetic-jars","12":"desktop-align-left","13":"tablet-align-left","14":"mobile-align-left","16":"first","17":"instock","18":"shipping-taxable","19":"product-type-simple"},"acf":[],"jetpack_sharing_enabled":true,"_links":{"self":[{"href":"https:\/\/theperfumebottles.com\/ro\/wp-json\/wp\/v2\/product\/5625","targetHints":{"allow":["GET"]}}],"collection":[{"href":"https:\/\/theperfumebottles.com\/ro\/wp-json\/wp\/v2\/product"}],"about":[{"href":"https:\/\/theperfumebottles.com\/ro\/wp-json\/wp\/v2\/types\/product"}],"replies":[{"embeddable":true,"href":"https:\/\/theperfumebottles.com\/ro\/wp-json\/wp\/v2\/comments?post=5625"}],"wp:featuredmedia":[{"embeddable":true,"href":"https:\/\/theperfumebottles.com\/ro\/wp-json\/wp\/v2\/media\/5641"}],"wp:attachment":[{"href":"https:\/\/theperfumebottles.com\/ro\/wp-json\/wp\/v2\/media?parent=5625"}],"wp:term":[{"taxonomy":"product_brand","embeddable":true,"href":"https:\/\/theperfumebottles.com\/ro\/wp-json\/wp\/v2\/product_brand?post=5625"},{"taxonomy":"product_cat","embeddable":true,"href":"https:\/\/theperfumebottles.com\/ro\/wp-json\/wp\/v2\/product_cat?post=5625"},{"taxonomy":"product_tag","embeddable":true,"href":"https:\/\/theperfumebottles.com\/ro\/wp-json\/wp\/v2\/product_tag?post=5625"}],"curies":[{"name":"wp","href":"https:\/\/api.w.org\/{rel}","templated":true}]}}