{"id":6374,"date":"2025-09-15T18:04:21","date_gmt":"2025-09-15T10:04:21","guid":{"rendered":"https:\/\/theperfumebottles.com\/?post_type=product&#038;p=6374"},"modified":"2026-03-26T14:54:19","modified_gmt":"2026-03-26T06:54:19","slug":"cosmetic-glass-containers-with-gold-trim-design-bulk","status":"publish","type":"product","link":"https:\/\/theperfumebottles.com\/ro\/produs\/cosmetic-glass-containers-with-gold-trim-design-bulk\/","title":{"rendered":"Recipiente cosmetice din sticl\u0103, 30 ml - 130 ml, cu design auriu, vrac"},"content":{"rendered":"<p>Fiecare produs din acest set de recipiente cosmetice din sticl\u0103 are o baz\u0103 triunghiular\u0103 impresionant\u0103 - robust\u0103, stabil\u0103 \u0219i atr\u0103g\u0103toare instantaneu. Sticlele albe imaculate contrasteaz\u0103 cu accentele aurii de pe capac \u0219i centru, oferind fiec\u0103rei sticle \u0219i borcan un aspect premium. Setul include borcane pentru crem\u0103 \u0219i sticle cu pomp\u0103 de diferite dimensiuni.<\/p>\n<h2>Specifica\u021bii cheie<\/h2>\n<table style=\"border-collapse: collapse; margin-left: auto; margin-right: auto; width: 504.02pt;\" border=\"0\" width=\"672\" cellspacing=\"0\" cellpadding=\"0\">\n<tbody>\n<tr style=\"height: 13.50pt;\">\n<td class=\"et3\" style=\"height: 13.5pt; width: 121.5pt; text-align: center;\" width=\"162\" height=\"18\"><strong>Capacitate (ml)<\/strong><\/td>\n<td class=\"et3\" style=\"width: 76.5pt; text-align: center;\" width=\"102\"><strong>30<\/strong><\/td>\n<td class=\"et3\" style=\"width: 76.5pt; text-align: center;\" width=\"102\"><strong>45<\/strong><\/td>\n<td class=\"et3\" style=\"width: 76.5pt; text-align: center;\" width=\"102\"><strong>50<\/strong><\/td>\n<td class=\"et3\" style=\"width: 76.5pt; text-align: center;\" width=\"102\"><strong>110<\/strong><\/td>\n<td class=\"et3\" style=\"width: 76.5pt; text-align: center;\" width=\"102\"><strong>130<\/strong><\/td>\n<\/tr>\n<tr style=\"height: 13.50pt;\">\n<td class=\"et2\" style=\"height: 13.5pt; text-align: center;\" height=\"18\">Diametrul g\u00e2tului (mm)<\/td>\n<td class=\"et2\" style=\"text-align: center;\">46<\/td>\n<td class=\"et2\" style=\"text-align: center;\">46<\/td>\n<td class=\"et2\" style=\"text-align: center;\">17<\/td>\n<td class=\"et2\" style=\"text-align: center;\">20<\/td>\n<td class=\"et2\" style=\"text-align: center;\">20<\/td>\n<\/tr>\n<tr style=\"height: 13.50pt;\">\n<td class=\"et2\" style=\"height: 13.5pt; text-align: center;\" height=\"18\">Diametru (mm)<\/td>\n<td class=\"et2\" style=\"text-align: center;\">56<\/td>\n<td class=\"et2\" style=\"text-align: center;\">64<\/td>\n<td class=\"et2\" style=\"text-align: center;\">38<\/td>\n<td class=\"et2\" style=\"text-align: center;\">46<\/td>\n<td class=\"et2\" style=\"text-align: center;\">48<\/td>\n<\/tr>\n<tr style=\"height: 13.50pt;\">\n<td class=\"et2\" style=\"height: 13.5pt; text-align: center;\" height=\"18\">\u00cen\u0103l\u021bimea sticlei (mm)<\/td>\n<td class=\"et2\" style=\"text-align: center;\">42<\/td>\n<td class=\"et2\" style=\"text-align: center;\">46<\/td>\n<td class=\"et2\" style=\"text-align: center;\">106<\/td>\n<td class=\"et2\" style=\"text-align: center;\">142<\/td>\n<td class=\"et2\" style=\"text-align: center;\">162<\/td>\n<\/tr>\n<tr style=\"height: 13.50pt;\">\n<td class=\"et2\" style=\"height: 13.5pt; text-align: center;\" height=\"18\">\u00cen\u0103l\u021bime total\u0103 (mm)<\/td>\n<td class=\"et2\" style=\"text-align: center;\">50<\/td>\n<td class=\"et2\" style=\"text-align: center;\">60<\/td>\n<td class=\"et2\" style=\"text-align: center;\">140<\/td>\n<td class=\"et2\" style=\"text-align: center;\">182<\/td>\n<td class=\"et2\" style=\"text-align: center;\">200<\/td>\n<\/tr>\n<tr style=\"height: 13.50pt;\">\n<td class=\"et2\" style=\"height: 13.5pt; text-align: center;\" height=\"18\">Material<\/td>\n<td class=\"et2\" style=\"text-align: center;\" colspan=\"5\">Cristal<\/td>\n<\/tr>\n<tr style=\"height: 13.50pt;\">\n<td class=\"et2\" style=\"height: 13.50pt;\" height=\"18\">Op\u021biuni personalizate<\/td>\n<td class=\"et2\" style=\"text-align: center;\" colspan=\"5\">Tratament de suprafa\u021b\u0103, culoare, dimensiune, form\u0103, logo, accesorii<\/td>\n<\/tr>\n<tr style=\"height: 13.50pt;\">\n<td class=\"et2\" style=\"height: 13.5pt; text-align: center;\" height=\"18\">Ideal pentru<\/td>\n<td class=\"et2\" style=\"text-align: center;\" colspan=\"5\">Seturi de \u00eengrijire a pielii, demachiant, ap\u0103 cu esen\u021b\u0103, lo\u021biune\/crem\u0103 cu esen\u021b\u0103<\/td>\n<\/tr>\n<\/tbody>\n<\/table>\n<h2>Caz de succes<\/h2>\n<p>Unul dintre cele mai exclusiviste branduri de \u00eengrijire a pielii din Coreea de Sud a ales \u00een cele din urm\u0103 setul nostru de sticle din sticl\u0103 alb\u0103 \u0219i apoi l-a personalizat intens conform sensibilit\u0103\u021bii sale minimaliste: o sticl\u0103 alb\u0103 mat\u0103 cu un inel electrolizat auriu-\u0219ampanie gravat \u00eentr-un contrast de \u00eenalt\u0103 calitate; are un dozator cu pomp\u0103 personalizat pentru a regla cantitatea de lo\u021biune \u0219i ser distribuit\u0103. \u00cen plus, am imprimat sigla brandului pe celule folosind \u0219tan\u021bare la cald pentru a le face durabile, precum \u0219i pentru a le oferi un aspect neted \u0219i elegant.<\/p>\n<p>Odat\u0103 cu introducerea ambalajului reproiectat, v\u00e2nz\u0103rile au crescut cu 28% \u00een dou\u0103 luni. Clientul a fost foarte mul\u021bumit de calitatea ambalajului \u0219i de reac\u021bia pie\u021bei, iar acest lucru a dus la cre\u0219terea num\u0103rului de comenzi \u0219i la extinderea acestui tip de ambalaj la alte linii de produse de \u00eengrijire a pielii.<\/p>\n<h2>Sfaturi de personalizare<\/h2>\n<p>Vrei s\u0103-\u021bi personalizezi cu adev\u0103rat acest recipient cosmetic din sticl\u0103?<\/p>\n<ul>\n<li>Ajusta\u021bi finisajul g\u00e2tului \u2013 potrivi\u021bi-v\u0103 cu linia de pilire existent\u0103 select\u00e2nd o dimensiune specific\u0103 a firului.<\/li>\n<li>Schimba\u021bi culoarea sticlei \u2013 \u00cenlocui\u021bi-o pentru o protec\u021bie UV suplimentar\u0103 sau \u00eenlocui\u021bi-o cu albastru cobalt.<\/li>\n<li>Laser - Adaug\u0103 o rafinament subtil\u0103 a m\u0103rcii direct pe sticla cu logo.<\/li>\n<li>Optimiza\u021bi designul marginii borcanului \u2013 Alege\u021bi o margine neted\u0103 sau abraziv\u0103 pentru a \u00eembun\u0103t\u0103\u021bi integritatea etan\u0219\u0103rii \u00een timpul transportului \u00een vrac.<\/li>\n<\/ul>\n<p>Acestea nu sunt doar ni\u0219te mici detalii \u2013 sunt \u00eembun\u0103t\u0103\u021biri strategice care transform\u0103 un container standard \u00een elementul distinctiv al m\u0103rcii dumneavoastr\u0103.<\/p>","protected":false},"excerpt":{"rendered":"<p>Recipiente cosmetice din sticl\u0103 alb\u0103 cu accente aurii. Seturi de sticle de sticl\u0103 en-gros, potrivite pentru creme, seruri \u0219i ambalaje cosmetice de lux. Livrare rapid\u0103.<\/p>","protected":false},"featured_media":6380,"comment_status":"closed","ping_status":"closed","template":"","meta":{"_acf_changed":false,"site-sidebar-layout":"default","site-content-layout":"","ast-site-content-layout":"default","site-content-style":"default","site-sidebar-style":"default","ast-global-header-display":"","ast-banner-title-visibility":"","ast-main-header-display":"","ast-hfb-above-header-display":"","ast-hfb-below-header-display":"","ast-hfb-mobile-header-display":"","site-post-title":"","ast-breadcrumbs-content":"","ast-featured-img":"","footer-sml-layout":"","ast-disable-related-posts":"","theme-transparent-header-meta":"default","adv-header-id-meta":"","stick-header-meta":"","header-above-stick-meta":"","header-main-stick-meta":"","header-below-stick-meta":"","astra-migrate-meta-layouts":"set","ast-page-background-enabled":"default","ast-page-background-meta":{"desktop":{"background-color":"var(--ast-global-color-5)","background-image":"","background-repeat":"repeat","background-position":"center center","background-size":"auto","background-attachment":"scroll","background-type":"","background-media":"","overlay-type":"","overlay-color":"","overlay-opacity":"","overlay-gradient":""},"tablet":{"background-color":"","background-image":"","background-repeat":"repeat","background-position":"center center","background-size":"auto","background-attachment":"scroll","background-type":"","background-media":"","overlay-type":"","overlay-color":"","overlay-opacity":"","overlay-gradient":""},"mobile":{"background-color":"","background-image":"","background-repeat":"repeat","background-position":"center center","background-size":"auto","background-attachment":"scroll","background-type":"","background-media":"","overlay-type":"","overlay-color":"","overlay-opacity":"","overlay-gradient":""}},"ast-content-background-meta":{"desktop":{"background-color":"var(--ast-global-color-4)","background-image":"","background-repeat":"repeat","background-position":"center center","background-size":"auto","background-attachment":"scroll","background-type":"","background-media":"","overlay-type":"","overlay-color":"","overlay-opacity":"","overlay-gradient":""},"tablet":{"background-color":"var(--ast-global-color-4)","background-image":"","background-repeat":"repeat","background-position":"center center","background-size":"auto","background-attachment":"scroll","background-type":"","background-media":"","overlay-type":"","overlay-color":"","overlay-opacity":"","overlay-gradient":""},"mobile":{"background-color":"var(--ast-global-color-4)","background-image":"","background-repeat":"repeat","background-position":"center center","background-size":"auto","background-attachment":"scroll","background-type":"","background-media":"","overlay-type":"","overlay-color":"","overlay-opacity":"","overlay-gradient":""}}},"product_brand":[],"product_cat":[236,62,72],"product_tag":[226,220],"class_list":{"0":"post-6374","1":"product","2":"type-product","3":"status-publish","4":"has-post-thumbnail","6":"product_cat-cosmetic-container-set","7":"product_cat-cosmetic-containers","8":"product_cat-cosmetic-packaging","9":"product_tag-clear-glass-roller-bottles","10":"product_tag-glass-roll-on-bottles","11":"desktop-align-left","12":"tablet-align-left","13":"mobile-align-left","15":"first","16":"instock","17":"shipping-taxable","18":"product-type-simple"},"acf":[],"jetpack_sharing_enabled":true,"_links":{"self":[{"href":"https:\/\/theperfumebottles.com\/ro\/wp-json\/wp\/v2\/product\/6374","targetHints":{"allow":["GET"]}}],"collection":[{"href":"https:\/\/theperfumebottles.com\/ro\/wp-json\/wp\/v2\/product"}],"about":[{"href":"https:\/\/theperfumebottles.com\/ro\/wp-json\/wp\/v2\/types\/product"}],"replies":[{"embeddable":true,"href":"https:\/\/theperfumebottles.com\/ro\/wp-json\/wp\/v2\/comments?post=6374"}],"wp:featuredmedia":[{"embeddable":true,"href":"https:\/\/theperfumebottles.com\/ro\/wp-json\/wp\/v2\/media\/6380"}],"wp:attachment":[{"href":"https:\/\/theperfumebottles.com\/ro\/wp-json\/wp\/v2\/media?parent=6374"}],"wp:term":[{"taxonomy":"product_brand","embeddable":true,"href":"https:\/\/theperfumebottles.com\/ro\/wp-json\/wp\/v2\/product_brand?post=6374"},{"taxonomy":"product_cat","embeddable":true,"href":"https:\/\/theperfumebottles.com\/ro\/wp-json\/wp\/v2\/product_cat?post=6374"},{"taxonomy":"product_tag","embeddable":true,"href":"https:\/\/theperfumebottles.com\/ro\/wp-json\/wp\/v2\/product_tag?post=6374"}],"curies":[{"name":"wp","href":"https:\/\/api.w.org\/{rel}","templated":true}]}}