{"id":6381,"date":"2025-09-16T10:07:06","date_gmt":"2025-09-16T02:07:06","guid":{"rendered":"https:\/\/theperfumebottles.com\/?post_type=product&#038;p=6381"},"modified":"2025-09-17T11:40:08","modified_gmt":"2025-09-17T03:40:08","slug":"wholesale-beige-glass-cosmetic-bottle-and-cream-jar-set","status":"publish","type":"product","link":"https:\/\/theperfumebottles.com\/ro\/produs\/wholesale-beige-glass-cosmetic-bottle-and-cream-jar-set\/","title":{"rendered":"Set de sticl\u0103 cosmetic\u0103 din sticl\u0103 bej, en-gros, \u0219i borcan de crem\u0103"},"content":{"rendered":"<p>Aceast\u0103 colec\u021bie de sticle cosmetice din sticl\u0103 \u0219i borcane de crem\u0103 din sticl\u0103 v\u0103 va atrage cu siguran\u021b\u0103 aten\u021bia. Sticlele au o culoare bej moale \u0219i cald\u0103, iar capacele faciliteaz\u0103 o textur\u0103 cu nervuri verticale pentru o prindere confortabil\u0103 \u0219i elegant\u0103. Accentele aurii sub\u021biri de pe g\u00e2t \u0219i capac creeaz\u0103 o form\u0103 sofisticat\u0103 \u0219i \u00een\u021beleg\u0103toare. Acest set de \u00eengrijire a pielii include borcane de crem\u0103 \u0219i sticle cu pomp\u0103 de diferite dimensiuni.<\/p>\n<h2>Specifica\u021bii cheie<\/h2>\n<table style=\"border-collapse: collapse;width: 448.52pt;margin-left: auto;margin-right: auto\" border=\"0\" width=\"598\" cellspacing=\"0\" cellpadding=\"0\">\n<tbody>\n<tr style=\"height: 13.50pt\">\n<td class=\"et2\" style=\"height: 13.50pt;width: 116.25pt\" width=\"155\" height=\"18\">Capacitate (ml)<\/td>\n<td class=\"et3\" style=\"width: 58.50pt\" width=\"78\">15<\/td>\n<td class=\"et3\" style=\"width: 57.75pt\" width=\"77\">25<\/td>\n<td class=\"et3\" style=\"width: 54.00pt\" width=\"72\">40<\/td>\n<td class=\"et3\" style=\"width: 54.00pt\" width=\"72\">45<\/td>\n<td class=\"et3\" style=\"width: 54.00pt\" width=\"72\">105<\/td>\n<td class=\"et3\" style=\"width: 54.00pt\" width=\"72\">130<\/td>\n<\/tr>\n<tr style=\"height: 13.50pt\">\n<td class=\"et2\" style=\"height: 13.50pt\" height=\"18\">Diametrul g\u00e2tului (mm)<\/td>\n<td class=\"et3\">46<\/td>\n<td class=\"et3\">46<\/td>\n<td class=\"et3\">52<\/td>\n<td class=\"et3\">20<\/td>\n<td class=\"et3\">20<\/td>\n<td class=\"et3\">20<\/td>\n<\/tr>\n<tr style=\"height: 13.50pt\">\n<td class=\"et2\" style=\"height: 13.50pt\" height=\"18\">Diametru (mm)<\/td>\n<td class=\"et3\">58<\/td>\n<td class=\"et3\">58<\/td>\n<td class=\"et3\">64<\/td>\n<td class=\"et3\">41<\/td>\n<td class=\"et3\">42<\/td>\n<td class=\"et3\">42<\/td>\n<\/tr>\n<tr style=\"height: 13.50pt\">\n<td class=\"et2\" style=\"height: 13.50pt\" height=\"18\">\u00cen\u0103l\u021bimea sticlei (mm)<\/td>\n<td class=\"et3\">33<\/td>\n<td class=\"et3\">37<\/td>\n<td class=\"et3\">41<\/td>\n<td class=\"et3\">87<\/td>\n<td class=\"et3\">127<\/td>\n<td class=\"et3\">142<\/td>\n<\/tr>\n<tr style=\"height: 13.50pt\">\n<td class=\"et2\" style=\"height: 13.50pt\" height=\"18\">\u00cen\u0103l\u021bime total\u0103 (mm)<\/td>\n<td class=\"et3\">42<\/td>\n<td class=\"et3\">46<\/td>\n<td class=\"et3\">52<\/td>\n<td class=\"et3\">120<\/td>\n<td class=\"et3\">162<\/td>\n<td class=\"et3\">178<\/td>\n<\/tr>\n<tr style=\"height: 13.50pt\">\n<td class=\"et2\" style=\"height: 13.50pt\" height=\"18\">Material<\/td>\n<td class=\"et3\" colspan=\"6\">Cristal<\/td>\n<\/tr>\n<tr style=\"height: 13.50pt\">\n<td class=\"et2\" style=\"height: 13.50pt\" height=\"18\">Op\u021biuni personalizate<\/td>\n<td class=\"et3\" colspan=\"6\">Forma sticlei, gura sticlei, culoarea, tratamentul suprafe\u021bei, dimensiunea, capacul sticlei, accesoriile, sigla<\/td>\n<\/tr>\n<tr style=\"height: 13.50pt\">\n<td class=\"et2\" style=\"height: 13.50pt\" height=\"18\">Ideal pentru<\/td>\n<td class=\"et3\" colspan=\"6\">Demachiant, esen\u021b\u0103, lo\u021biune, crem\u0103, seturi de \u00eengrijire a pielii<\/td>\n<\/tr>\n<\/tbody>\n<\/table>\n<h2>Cum \u0219i-a dublat un brand num\u0103rul de clien\u021bi<\/h2>\n<p>Un brand de produse pentru s\u0103n\u0103tate a lansat o nou\u0103 linie de creme, care include acest borcan de sticl\u0103 pentru crem\u0103 \u0219i o sticl\u0103 toner din sticl\u0103 asortat\u0103. A ales o dimensiune de 50 ml cu o pomp\u0103 cu prindere u\u0219oar\u0103. \u00cen decurs de trei luni, r\u0103spunsul clien\u021bilor a dezv\u0103luit o surpriz\u0103 nea\u0219teptat\u0103: 68% dintre cump\u0103r\u0103tori au men\u021bionat ambalajul \u00een recenziile lor. Comentarii precum \u201epare fantastic\u201d \u0219i \u201e\u00cel expun ca pe o oper\u0103 de art\u0103 pe tejgheaua dumneavoastr\u0103\u201d. Rata lor de r\u0103scump\u0103rare a crescut cu 92%. Motivul? Pentru c\u0103 oamenii au \u00eencredere \u00een aspectul \u0219i senza\u021bia la atingere, concepute cu grij\u0103. \u00cen loc s\u0103 ascund\u0103 produsul, acest ambalaj cosmetic \u00eel scoate \u00een eviden\u021b\u0103.<\/p>\n<h2>Set personalizat de \u00eengrijire a pielii<\/h2>\n<p>Vrei s\u0103 faci acest recipient cosmetic din sticl\u0103 unic?<\/p>\n<ul>\n<li>Ajusta\u021bi culoarea sticlei de sticl\u0103 - alege\u021bi o culoare mai \u00eenchis\u0103 pentru o protec\u021bie UV \u00eembun\u0103t\u0103\u021bit\u0103 sau o culoare mai deschis\u0103 pentru un aspect curat \u0219i aerisit.<\/li>\n<li>Personaliza\u021bi ad\u00e2ncimea nervurilor capacului - canelurile mai ad\u00e2nci adaug\u0103 textur\u0103 \u0219i aderen\u021b\u0103 - perfect pentru utilizarea la du\u0219.<\/li>\n<li>Marca\u021bi cu laser linia de capacitate \u2014 un indicator microgravat \u00een interiorul sticlei faciliteaz\u0103 umplerea precis\u0103.<\/li>\n<\/ul>\n<p>Aceste op\u021biuni de personalizare v\u0103 permit s\u0103 regla\u021bi fin performan\u021ba \u0219i aspectul - nu este necesar\u0103 nicio etichet\u0103.<\/p>","protected":false},"excerpt":{"rendered":"<p>Sticle cosmetice elegante din sticl\u0103 bej \u0219i borcane de crem\u0103 din sticl\u0103, en-gros, cu accente aurii, pentru ambalaje premium. Mostre gratuite \u0219i livrare rapid\u0103.<\/p>","protected":false},"featured_media":6383,"comment_status":"closed","ping_status":"closed","template":"","meta":{"_acf_changed":false,"site-sidebar-layout":"default","site-content-layout":"","ast-site-content-layout":"default","site-content-style":"default","site-sidebar-style":"default","ast-global-header-display":"","ast-banner-title-visibility":"","ast-main-header-display":"","ast-hfb-above-header-display":"","ast-hfb-below-header-display":"","ast-hfb-mobile-header-display":"","site-post-title":"","ast-breadcrumbs-content":"","ast-featured-img":"","footer-sml-layout":"","ast-disable-related-posts":"","theme-transparent-header-meta":"default","adv-header-id-meta":"","stick-header-meta":"","header-above-stick-meta":"","header-main-stick-meta":"","header-below-stick-meta":"","astra-migrate-meta-layouts":"set","ast-page-background-enabled":"default","ast-page-background-meta":{"desktop":{"background-color":"var(--ast-global-color-5)","background-image":"","background-repeat":"repeat","background-position":"center center","background-size":"auto","background-attachment":"scroll","background-type":"","background-media":"","overlay-type":"","overlay-color":"","overlay-opacity":"","overlay-gradient":""},"tablet":{"background-color":"","background-image":"","background-repeat":"repeat","background-position":"center center","background-size":"auto","background-attachment":"scroll","background-type":"","background-media":"","overlay-type":"","overlay-color":"","overlay-opacity":"","overlay-gradient":""},"mobile":{"background-color":"","background-image":"","background-repeat":"repeat","background-position":"center center","background-size":"auto","background-attachment":"scroll","background-type":"","background-media":"","overlay-type":"","overlay-color":"","overlay-opacity":"","overlay-gradient":""}},"ast-content-background-meta":{"desktop":{"background-color":"var(--ast-global-color-4)","background-image":"","background-repeat":"repeat","background-position":"center center","background-size":"auto","background-attachment":"scroll","background-type":"","background-media":"","overlay-type":"","overlay-color":"","overlay-opacity":"","overlay-gradient":""},"tablet":{"background-color":"var(--ast-global-color-4)","background-image":"","background-repeat":"repeat","background-position":"center center","background-size":"auto","background-attachment":"scroll","background-type":"","background-media":"","overlay-type":"","overlay-color":"","overlay-opacity":"","overlay-gradient":""},"mobile":{"background-color":"var(--ast-global-color-4)","background-image":"","background-repeat":"repeat","background-position":"center center","background-size":"auto","background-attachment":"scroll","background-type":"","background-media":"","overlay-type":"","overlay-color":"","overlay-opacity":"","overlay-gradient":""}}},"product_brand":[],"product_cat":[72,236,62],"product_tag":[226,220],"class_list":{"0":"post-6381","1":"product","2":"type-product","3":"status-publish","4":"has-post-thumbnail","6":"product_cat-cosmetic-packaging","7":"product_cat-cosmetic-container-set","8":"product_cat-cosmetic-containers","9":"product_tag-clear-glass-roller-bottles","10":"product_tag-glass-roll-on-bottles","11":"desktop-align-left","12":"tablet-align-left","13":"mobile-align-left","15":"first","16":"instock","17":"shipping-taxable","18":"product-type-simple"},"acf":[],"jetpack_sharing_enabled":true,"_links":{"self":[{"href":"https:\/\/theperfumebottles.com\/ro\/wp-json\/wp\/v2\/product\/6381","targetHints":{"allow":["GET"]}}],"collection":[{"href":"https:\/\/theperfumebottles.com\/ro\/wp-json\/wp\/v2\/product"}],"about":[{"href":"https:\/\/theperfumebottles.com\/ro\/wp-json\/wp\/v2\/types\/product"}],"replies":[{"embeddable":true,"href":"https:\/\/theperfumebottles.com\/ro\/wp-json\/wp\/v2\/comments?post=6381"}],"wp:featuredmedia":[{"embeddable":true,"href":"https:\/\/theperfumebottles.com\/ro\/wp-json\/wp\/v2\/media\/6383"}],"wp:attachment":[{"href":"https:\/\/theperfumebottles.com\/ro\/wp-json\/wp\/v2\/media?parent=6381"}],"wp:term":[{"taxonomy":"product_brand","embeddable":true,"href":"https:\/\/theperfumebottles.com\/ro\/wp-json\/wp\/v2\/product_brand?post=6381"},{"taxonomy":"product_cat","embeddable":true,"href":"https:\/\/theperfumebottles.com\/ro\/wp-json\/wp\/v2\/product_cat?post=6381"},{"taxonomy":"product_tag","embeddable":true,"href":"https:\/\/theperfumebottles.com\/ro\/wp-json\/wp\/v2\/product_tag?post=6381"}],"curies":[{"name":"wp","href":"https:\/\/api.w.org\/{rel}","templated":true}]}}