{"id":6388,"date":"2025-09-16T10:37:07","date_gmt":"2025-09-16T02:37:07","guid":{"rendered":"https:\/\/theperfumebottles.com\/?post_type=product&#038;p=6388"},"modified":"2025-09-17T11:39:39","modified_gmt":"2025-09-17T03:39:39","slug":"bulk-white-skincare-bottle-and-cream-jars-with-diagonal-texture","status":"publish","type":"product","link":"https:\/\/theperfumebottles.com\/ro\/produs\/bulk-white-skincare-bottle-and-cream-jars-with-diagonal-texture\/","title":{"rendered":"Sticl\u0103 \u0219i borcane pentru crem\u0103 \u00een vrac cu textur\u0103 diagonal\u0103"},"content":{"rendered":"<p>Imagineaz\u0103-\u021bi: O sticl\u0103 de \u00eengrijire a pielii de un alb imaculat, cu margini diagonale delicate. Capacul este la fel de simplu \u0219i sofisticat: un inel sub\u021bire de aur \u00eempodobe\u0219te g\u00e2tul, iar un accent metalic \u00eempodobe\u0219te partea superioar\u0103. Acest set de \u00eengrijire a pielii include sticle cu pomp\u0103 de diferite dimensiuni \u0219i un borcan pentru crem\u0103 de fa\u021b\u0103.<\/p>\n<h2>Specifica\u021bii cheie<\/h2>\n<table style=\"border-collapse: collapse;margin-left: auto;margin-right: auto;width: 546.77pt\" border=\"0\" width=\"729\" cellspacing=\"0\" cellpadding=\"0\">\n<tbody>\n<tr style=\"height: 13.50pt\">\n<td class=\"et2\" style=\"height: 13.50pt;width: 117.75pt\" width=\"157\" height=\"18\">Capacitate (ml)<\/td>\n<td class=\"et3\" style=\"width: 119.25pt\" width=\"159\">105<\/td>\n<td class=\"et3\" style=\"width: 119.25pt\" width=\"159\">40<\/td>\n<td class=\"et3\" style=\"width: 96.75pt\" width=\"129\">105<\/td>\n<td class=\"et3\" style=\"width: 93.75pt\" width=\"125\">125<\/td>\n<\/tr>\n<tr style=\"height: 13.50pt\">\n<td class=\"et2\" style=\"height: 13.50pt\" height=\"18\">Diametrul g\u00e2tului (mm)<\/td>\n<td class=\"et3\">51<\/td>\n<td class=\"et3\">20<\/td>\n<td class=\"et3\">20<\/td>\n<td class=\"et3\">20<\/td>\n<\/tr>\n<tr style=\"height: 13.50pt\">\n<td class=\"et2\" style=\"height: 13.50pt\" height=\"18\">Diametru (mm)<\/td>\n<td class=\"et3\">75<\/td>\n<td class=\"et3\">40<\/td>\n<td class=\"et3\">45<\/td>\n<td class=\"et3\">46<\/td>\n<\/tr>\n<tr style=\"height: 13.50pt\">\n<td class=\"et2\" style=\"height: 13.50pt\" height=\"18\">\u00cen\u0103l\u021bimea sticlei (mm)<\/td>\n<td class=\"et3\">56<\/td>\n<td class=\"et3\">84<\/td>\n<td class=\"et3\">125<\/td>\n<td class=\"et3\">142<\/td>\n<\/tr>\n<tr style=\"height: 13.50pt\">\n<td class=\"et2\" style=\"height: 13.50pt\" height=\"18\">Material<\/td>\n<td class=\"et3\" colspan=\"4\">Cristal<\/td>\n<\/tr>\n<tr style=\"height: 13.50pt\">\n<td class=\"et2\" style=\"height: 13.50pt\" height=\"18\">Op\u021biuni personalizate<\/td>\n<td class=\"et3\" colspan=\"4\">Dimensiune, culoare, form\u0103 sticlei, tratament de suprafa\u021b\u0103, capac sticlei, accesorii, logo<\/td>\n<\/tr>\n<tr style=\"height: 13.50pt\">\n<td class=\"et2\" style=\"height: 13.50pt\" height=\"18\">Ideal pentru<\/td>\n<td class=\"et3\" colspan=\"4\">Demachiant, crem\u0103 hidratant\u0103, esen\u021b\u0103, crem\u0103, seturi de \u00eengrijire a pielii<\/td>\n<\/tr>\n<\/tbody>\n<\/table>\n<h2>Cum pot brandurile s\u0103 c\u00e2\u0219tige spa\u021biu pe raft f\u0103r\u0103 un buget publicitar masiv<\/h2>\n<p>O nou\u0103 linie de produse organice ofer\u0103 doar trei produse: un ser, o crem\u0103 de zi \u0219i o lo\u021biune hidratant\u0103. Ei folosesc aceste sticlu\u021be de \u00eengrijire a pielii pentru a con\u021bine serurile \u0219i borcanele de crem\u0103 de \u00eenfrumuse\u021bare asortate. F\u0103r\u0103 logo-uri stridente, doar un recipient alb curat, cu laterale texturate \u0219i accente aurii. Cump\u0103r\u0103torii cu am\u0103nuntul au fost \u00eenc\u00e2nta\u021bi. Un cump\u0103r\u0103tor a comentat: \u201ePare scump, dar nu este deloc strident.\u201d \u00cen patru luni, linia a fost disponibil\u0103 \u00een dou\u0103 lan\u021buri mari de magazine de lux. Motivul? Pentru c\u0103 ambalajele cosmetice de \u00eenalt\u0103 calitate rezist\u0103 - devin parte a experien\u021bei utilizatorului.<\/p>\n<h2>Cum s\u0103 personalizezi ambalajele cosmeticelor?<\/h2>\n<p>Vrei s\u0103 personalizezi cu adev\u0103rat acest recipient? Iat\u0103 cum - f\u0103r\u0103 a atinge m\u0103car ambalajul:<\/p>\n<ul>\n<li>Ajusta\u021bi unghiul fibrei diagonale - liniile mai abrupte creeaz\u0103 o senza\u021bie mai dinamic\u0103. Liniile mai fine creeaz\u0103 o senza\u021bie mai calm\u0103.<\/li>\n<li>Ad\u0103uga\u021bi un strat intern de protec\u021bie UV \u2013 oferi\u021bi protec\u021bie suplimentar\u0103 pentru ingredientele active instabile din lo\u021biune sau ser.<\/li>\n<li>Personaliza\u021bi logo-ul \u0219i elementele de branding: Integra\u021bi sloganul \u00een numele m\u0103rcii, logo \u0219i designul sticlei.<\/li>\n<\/ul>\n<p>Aceste op\u021biuni de adaptare v\u0103 permit s\u0103 optimiza\u021bi performan\u021ba \u0219i experien\u021ba din interior.<\/p>","protected":false},"excerpt":{"rendered":"<p>Sticl\u0103 elegant\u0103 alb\u0103 pentru \u00eengrijirea pielii \u0219i borcane pentru crem\u0103 de \u00eenfrumuse\u021bare, cu textur\u0103 diagonal\u0103 \u0219i accente aurii, perfecte pentru ambalaje de lux \u0219i comenzi en-gros.<\/p>","protected":false},"featured_media":6393,"comment_status":"closed","ping_status":"closed","template":"","meta":{"_acf_changed":false,"site-sidebar-layout":"default","site-content-layout":"","ast-site-content-layout":"default","site-content-style":"default","site-sidebar-style":"default","ast-global-header-display":"","ast-banner-title-visibility":"","ast-main-header-display":"","ast-hfb-above-header-display":"","ast-hfb-below-header-display":"","ast-hfb-mobile-header-display":"","site-post-title":"","ast-breadcrumbs-content":"","ast-featured-img":"","footer-sml-layout":"","ast-disable-related-posts":"","theme-transparent-header-meta":"default","adv-header-id-meta":"","stick-header-meta":"","header-above-stick-meta":"","header-main-stick-meta":"","header-below-stick-meta":"","astra-migrate-meta-layouts":"set","ast-page-background-enabled":"default","ast-page-background-meta":{"desktop":{"background-color":"var(--ast-global-color-5)","background-image":"","background-repeat":"repeat","background-position":"center center","background-size":"auto","background-attachment":"scroll","background-type":"","background-media":"","overlay-type":"","overlay-color":"","overlay-opacity":"","overlay-gradient":""},"tablet":{"background-color":"","background-image":"","background-repeat":"repeat","background-position":"center center","background-size":"auto","background-attachment":"scroll","background-type":"","background-media":"","overlay-type":"","overlay-color":"","overlay-opacity":"","overlay-gradient":""},"mobile":{"background-color":"","background-image":"","background-repeat":"repeat","background-position":"center center","background-size":"auto","background-attachment":"scroll","background-type":"","background-media":"","overlay-type":"","overlay-color":"","overlay-opacity":"","overlay-gradient":""}},"ast-content-background-meta":{"desktop":{"background-color":"var(--ast-global-color-4)","background-image":"","background-repeat":"repeat","background-position":"center center","background-size":"auto","background-attachment":"scroll","background-type":"","background-media":"","overlay-type":"","overlay-color":"","overlay-opacity":"","overlay-gradient":""},"tablet":{"background-color":"var(--ast-global-color-4)","background-image":"","background-repeat":"repeat","background-position":"center center","background-size":"auto","background-attachment":"scroll","background-type":"","background-media":"","overlay-type":"","overlay-color":"","overlay-opacity":"","overlay-gradient":""},"mobile":{"background-color":"var(--ast-global-color-4)","background-image":"","background-repeat":"repeat","background-position":"center center","background-size":"auto","background-attachment":"scroll","background-type":"","background-media":"","overlay-type":"","overlay-color":"","overlay-opacity":"","overlay-gradient":""}}},"product_brand":[],"product_cat":[72,236,62],"product_tag":[226,220],"class_list":{"0":"post-6388","1":"product","2":"type-product","3":"status-publish","4":"has-post-thumbnail","6":"product_cat-cosmetic-packaging","7":"product_cat-cosmetic-container-set","8":"product_cat-cosmetic-containers","9":"product_tag-clear-glass-roller-bottles","10":"product_tag-glass-roll-on-bottles","11":"desktop-align-left","12":"tablet-align-left","13":"mobile-align-left","15":"first","16":"instock","17":"shipping-taxable","18":"product-type-simple"},"acf":[],"jetpack_sharing_enabled":true,"_links":{"self":[{"href":"https:\/\/theperfumebottles.com\/ro\/wp-json\/wp\/v2\/product\/6388","targetHints":{"allow":["GET"]}}],"collection":[{"href":"https:\/\/theperfumebottles.com\/ro\/wp-json\/wp\/v2\/product"}],"about":[{"href":"https:\/\/theperfumebottles.com\/ro\/wp-json\/wp\/v2\/types\/product"}],"replies":[{"embeddable":true,"href":"https:\/\/theperfumebottles.com\/ro\/wp-json\/wp\/v2\/comments?post=6388"}],"wp:featuredmedia":[{"embeddable":true,"href":"https:\/\/theperfumebottles.com\/ro\/wp-json\/wp\/v2\/media\/6393"}],"wp:attachment":[{"href":"https:\/\/theperfumebottles.com\/ro\/wp-json\/wp\/v2\/media?parent=6388"}],"wp:term":[{"taxonomy":"product_brand","embeddable":true,"href":"https:\/\/theperfumebottles.com\/ro\/wp-json\/wp\/v2\/product_brand?post=6388"},{"taxonomy":"product_cat","embeddable":true,"href":"https:\/\/theperfumebottles.com\/ro\/wp-json\/wp\/v2\/product_cat?post=6388"},{"taxonomy":"product_tag","embeddable":true,"href":"https:\/\/theperfumebottles.com\/ro\/wp-json\/wp\/v2\/product_tag?post=6388"}],"curies":[{"name":"wp","href":"https:\/\/api.w.org\/{rel}","templated":true}]}}