{"id":6455,"date":"2025-09-18T16:44:11","date_gmt":"2025-09-18T08:44:11","guid":{"rendered":"https:\/\/theperfumebottles.com\/?post_type=product&#038;p=6455"},"modified":"2026-03-26T14:53:28","modified_gmt":"2026-03-26T06:53:28","slug":"glass-skincare-packaging-set-for-brands-bulk","status":"publish","type":"product","link":"https:\/\/theperfumebottles.com\/ro\/produs\/glass-skincare-packaging-set-for-brands-bulk\/","title":{"rendered":"Set de ambalaje din sticl\u0103 pentru \u00eengrijirea pielii de 30-125 ml pentru m\u0103rci \u00een vrac"},"content":{"rendered":"<p>\u00ce\u021bi dore\u0219ti recipiente de sticl\u0103 pentru produse de \u00eengrijire a pielii care s\u0103 \u021bin\u0103 pasul cu luxul f\u0103r\u0103 a fi o avere? Cre\u0103m o colec\u021bie precis\u0103 de sticle de sticl\u0103 \u00een gradient negru, cu capace elegante - perfecte pentru ambalarea lo\u021biunilor, cremelor, serurilor \u0219i uleiurilor esen\u021biale. Aceste recipiente \u00ee\u021bi p\u0103streaz\u0103 formulele cosmetice proaspete datorit\u0103 protec\u021biei UV. Comenzile \u00een vrac beneficiaz\u0103 de op\u021biuni personalizate pentru a se potrivi cu atmosfera brandului t\u0103u.<\/p>\n<h2><strong data-spm-anchor-id=\"5176.28103460.0.i18.29ab2e31QyfPr1\">Specifica\u021bii cheie<\/strong><\/h2>\n<table style=\"border-collapse: collapse; width: 80%; margin-left: auto; margin-right: auto;\" border=\"0\" width=\"648\" cellspacing=\"0\" cellpadding=\"0\">\n<tbody>\n<tr style=\"height: 13.50pt;\">\n<td style=\"height: 13.5pt; text-align: center;\" width=\"72\" height=\"18\">Capacitate (ml)<\/td>\n<td style=\"width: 54pt; text-align: center;\" width=\"72\">Form\u0103<\/td>\n<td style=\"width: 54pt; text-align: center;\" width=\"72\">Diametrul gurii (mm)<\/td>\n<td style=\"width: 54pt; text-align: center;\" width=\"72\">Diametrul sticlei (mm)<\/td>\n<td style=\"width: 54pt; text-align: center;\" width=\"72\">\u00cen\u0103l\u021bimea sticlei (mm)<\/td>\n<td style=\"width: 54pt; text-align: center;\" width=\"72\">\u00cen\u0103l\u021bime total\u0103 cu capac (mm)<\/td>\n<td style=\"width: 54pt; text-align: center;\" width=\"72\">Culoare<\/td>\n<td style=\"width: 54pt; text-align: center;\" width=\"72\">Op\u021biuni personalizate<\/td>\n<td style=\"width: 54pt; text-align: center;\" width=\"72\">Utilizare<\/td>\n<\/tr>\n<tr style=\"height: 13.50pt;\">\n<td style=\"height: 13.5pt; text-align: center;\" height=\"18\">125<\/td>\n<td class=\"et2\" style=\"text-align: center;\" rowspan=\"4\">Cu laturi drepte<\/td>\n<td style=\"text-align: center;\">20<\/td>\n<td style=\"text-align: center;\">41&#215;41<\/td>\n<td style=\"text-align: center;\">130<\/td>\n<td style=\"text-align: center;\">180<\/td>\n<td class=\"et2\" style=\"text-align: center;\" rowspan=\"6\">Gradient negru<\/td>\n<td class=\"et2\" style=\"text-align: center;\" rowspan=\"6\">Tratament de suprafa\u021b\u0103, culoare, dimensiune, form\u0103, \u00eenveli\u0219, accesorii<\/td>\n<td class=\"et2\" style=\"text-align: center;\" rowspan=\"6\">Lo\u021biuni, creme, esen\u021be etc.<\/td>\n<\/tr>\n<tr style=\"height: 13.50pt;\">\n<td style=\"height: 13.5pt; text-align: center;\" height=\"18\">105<\/td>\n<td style=\"text-align: center;\">20<\/td>\n<td style=\"text-align: center;\">41&#215;41<\/td>\n<td style=\"text-align: center;\">150<\/td>\n<td style=\"text-align: center;\">160<\/td>\n<\/tr>\n<tr style=\"height: 13.50pt;\">\n<td style=\"height: 13.5pt; text-align: center;\" height=\"18\">50<\/td>\n<td style=\"text-align: center;\">20<\/td>\n<td style=\"text-align: center;\">37&#215;37<\/td>\n<td style=\"text-align: center;\">88<\/td>\n<td style=\"text-align: center;\">120<\/td>\n<\/tr>\n<tr style=\"height: 13.50pt;\">\n<td style=\"height: 13.5pt; text-align: center;\" height=\"18\">30<\/td>\n<td style=\"text-align: center;\">20<\/td>\n<td style=\"text-align: center;\">37&#215;37<\/td>\n<td style=\"text-align: center;\">75<\/td>\n<td style=\"text-align: center;\">105<\/td>\n<\/tr>\n<tr style=\"height: 13.50pt;\">\n<td style=\"height: 13.5pt; text-align: center;\" height=\"18\">40<\/td>\n<td class=\"et2\" style=\"text-align: center;\" rowspan=\"2\">P\u0103trat<\/td>\n<td style=\"text-align: center;\">49<\/td>\n<td style=\"text-align: center;\">64&#215;64<\/td>\n<td style=\"text-align: center;\">40<\/td>\n<td style=\"text-align: center;\">52<\/td>\n<\/tr>\n<tr style=\"height: 13.50pt;\">\n<td style=\"height: 13.5pt; text-align: center;\" height=\"18\">30<\/td>\n<td style=\"text-align: center;\">49<\/td>\n<td style=\"text-align: center;\">60&#215;60<\/td>\n<td style=\"text-align: center;\">37<\/td>\n<td style=\"text-align: center;\">50<\/td>\n<\/tr>\n<\/tbody>\n<\/table>\n<h2>Poveste de succes<\/h2>\n<p>Ambalajul nostru din sticl\u0103 neagr\u0103 pentru \u00eengrijirea pielii a fost selectat de un produs de \u00eenfrumuse\u021bare coreean de lux. Capacele sunt proiectate \u00eentr-o form\u0103 ergonomic\u0103, turnat\u0103 personalizat, pentru a se potrivi cerin\u021belor personale ale clientului \u0219i au, de asemenea, g\u00e2turi electrolizate. \u00cen plus, acest set va veni cu o serie de capete de pomp\u0103 \u0219i pipetoare de diferite dimensiuni, devenind astfel un recipient din sticl\u0103 multifa\u021betat c\u00e2nd vine vorba de produse de \u00eengrijire a pielii.<\/p>\n<p>V\u00e2nz\u0103rile au \u00eenregistrat o cre\u0219tere de 36% \u00een doar dou\u0103 luni de la lansare, ceea ce a determinat o alt\u0103 comand\u0103 de 65.000 de seturi pentru a permite dezvoltarea online \u0219i offline.<\/p>\n<h2>Ghidul t\u0103u de personalizare<\/h2>\n<ol>\n<li><strong>Potrivirea culorilor:<\/strong> \u00cenlocui\u021bi gradien\u021bii de negru cu nuan\u021be personalizate care s\u0103 se potriveasc\u0103 paletei de culori a m\u0103rcii dvs. - f\u0103r\u0103 costuri suplimentare pentru vrac.<\/li>\n<li><strong>Stiluri CAP:<\/strong> Alege\u021bi capacul Gold Accent sau Mat pentru un finisaj premium al sticlelor dumneavoastr\u0103 de sticl\u0103.<\/li>\n<li><strong>Integrare etichete:<\/strong> Ad\u0103uga\u021bi sigla dvs. pe un recipient - recunoa\u0219tere instantanee a m\u0103rcii pentru ambalajele cosmetice.<\/li>\n<\/ol>","protected":false},"excerpt":{"rendered":"<p>Cre\u0219te\u021bi v\u00e2nz\u0103rile cu ambalaje personalizate din sticl\u0103 neagr\u0103 gradient pentru produse de \u00eengrijire a pielii, pentru creme \u0219i seruri. Ambalaje premium, durabile, en-gros, care asigur\u0103 prospe\u021bime \u0219i elegan\u021b\u0103.<\/p>","protected":false},"featured_media":6456,"comment_status":"closed","ping_status":"closed","template":"","meta":{"_acf_changed":false,"site-sidebar-layout":"default","site-content-layout":"","ast-site-content-layout":"default","site-content-style":"default","site-sidebar-style":"default","ast-global-header-display":"","ast-banner-title-visibility":"","ast-main-header-display":"","ast-hfb-above-header-display":"","ast-hfb-below-header-display":"","ast-hfb-mobile-header-display":"","site-post-title":"","ast-breadcrumbs-content":"","ast-featured-img":"","footer-sml-layout":"","ast-disable-related-posts":"","theme-transparent-header-meta":"default","adv-header-id-meta":"","stick-header-meta":"","header-above-stick-meta":"","header-main-stick-meta":"","header-below-stick-meta":"","astra-migrate-meta-layouts":"set","ast-page-background-enabled":"default","ast-page-background-meta":{"desktop":{"background-color":"var(--ast-global-color-5)","background-image":"","background-repeat":"repeat","background-position":"center center","background-size":"auto","background-attachment":"scroll","background-type":"","background-media":"","overlay-type":"","overlay-color":"","overlay-opacity":"","overlay-gradient":""},"tablet":{"background-color":"","background-image":"","background-repeat":"repeat","background-position":"center center","background-size":"auto","background-attachment":"scroll","background-type":"","background-media":"","overlay-type":"","overlay-color":"","overlay-opacity":"","overlay-gradient":""},"mobile":{"background-color":"","background-image":"","background-repeat":"repeat","background-position":"center center","background-size":"auto","background-attachment":"scroll","background-type":"","background-media":"","overlay-type":"","overlay-color":"","overlay-opacity":"","overlay-gradient":""}},"ast-content-background-meta":{"desktop":{"background-color":"var(--ast-global-color-4)","background-image":"","background-repeat":"repeat","background-position":"center center","background-size":"auto","background-attachment":"scroll","background-type":"","background-media":"","overlay-type":"","overlay-color":"","overlay-opacity":"","overlay-gradient":""},"tablet":{"background-color":"var(--ast-global-color-4)","background-image":"","background-repeat":"repeat","background-position":"center center","background-size":"auto","background-attachment":"scroll","background-type":"","background-media":"","overlay-type":"","overlay-color":"","overlay-opacity":"","overlay-gradient":""},"mobile":{"background-color":"var(--ast-global-color-4)","background-image":"","background-repeat":"repeat","background-position":"center center","background-size":"auto","background-attachment":"scroll","background-type":"","background-media":"","overlay-type":"","overlay-color":"","overlay-opacity":"","overlay-gradient":""}}},"product_brand":[],"product_cat":[236,62,72],"product_tag":[],"class_list":{"0":"post-6455","1":"product","2":"type-product","3":"status-publish","4":"has-post-thumbnail","6":"product_cat-cosmetic-container-set","7":"product_cat-cosmetic-containers","8":"product_cat-cosmetic-packaging","9":"desktop-align-left","10":"tablet-align-left","11":"mobile-align-left","13":"first","14":"instock","15":"shipping-taxable","16":"product-type-simple"},"acf":[],"jetpack_sharing_enabled":true,"_links":{"self":[{"href":"https:\/\/theperfumebottles.com\/ro\/wp-json\/wp\/v2\/product\/6455","targetHints":{"allow":["GET"]}}],"collection":[{"href":"https:\/\/theperfumebottles.com\/ro\/wp-json\/wp\/v2\/product"}],"about":[{"href":"https:\/\/theperfumebottles.com\/ro\/wp-json\/wp\/v2\/types\/product"}],"replies":[{"embeddable":true,"href":"https:\/\/theperfumebottles.com\/ro\/wp-json\/wp\/v2\/comments?post=6455"}],"wp:featuredmedia":[{"embeddable":true,"href":"https:\/\/theperfumebottles.com\/ro\/wp-json\/wp\/v2\/media\/6456"}],"wp:attachment":[{"href":"https:\/\/theperfumebottles.com\/ro\/wp-json\/wp\/v2\/media?parent=6455"}],"wp:term":[{"taxonomy":"product_brand","embeddable":true,"href":"https:\/\/theperfumebottles.com\/ro\/wp-json\/wp\/v2\/product_brand?post=6455"},{"taxonomy":"product_cat","embeddable":true,"href":"https:\/\/theperfumebottles.com\/ro\/wp-json\/wp\/v2\/product_cat?post=6455"},{"taxonomy":"product_tag","embeddable":true,"href":"https:\/\/theperfumebottles.com\/ro\/wp-json\/wp\/v2\/product_tag?post=6455"}],"curies":[{"name":"wp","href":"https:\/\/api.w.org\/{rel}","templated":true}]}}