{"id":6477,"date":"2025-09-18T17:19:24","date_gmt":"2025-09-18T09:19:24","guid":{"rendered":"https:\/\/theperfumebottles.com\/?post_type=product&#038;p=6477"},"modified":"2026-03-26T15:44:04","modified_gmt":"2026-03-26T07:44:04","slug":"black-glass-skincare-bottles-and-jars-sets-wholesale","status":"publish","type":"product","link":"https:\/\/theperfumebottles.com\/ro\/produs\/black-glass-skincare-bottles-and-jars-sets-wholesale\/","title":{"rendered":"Seturi de sticle \u0219i borcane din sticl\u0103 neagr\u0103 pentru \u00eengrijirea pielii, 15 ml - 125 ml, en-gros"},"content":{"rendered":"<p>Nu te mul\u021bumi cu ambalaje plictisitoare. Cre\u0103m o colec\u021bie precis\u0103 de sticle \u0219i borcane din sticl\u0103 neagr\u0103, concepute pentru brandurile de \u00eengrijire a pielii care cer lux f\u0103r\u0103 compromisuri. Recipientele din sticl\u0103 p\u0103streaz\u0103 crema, lo\u021biunea \u0219i esen\u021ba proaspete - f\u0103r\u0103 daune UV, f\u0103r\u0103 alterare. Comenzile \u00een vrac primesc capace personalizate pentru a se potrivi cu atmosfera brandului t\u0103u.<\/p>\n<h2><strong data-spm-anchor-id=\"5176.28103460.0.i9.29ab2e31KYNL5F\">Specifica\u021bii cheie<\/strong><\/h2>\n<table style=\"border-collapse: collapse; width: 80%; margin-left: auto; margin-right: auto;\" border=\"0\" width=\"648\" cellspacing=\"0\" cellpadding=\"0\">\n<tbody>\n<tr style=\"height: 13.50pt;\">\n<td style=\"height: 13.5pt; width: 54pt; text-align: center;\" width=\"72\" height=\"18\">Capacitate (ml)<\/td>\n<td style=\"width: 54pt; text-align: center;\" width=\"72\">Form\u0103<\/td>\n<td style=\"width: 54pt; text-align: center;\" width=\"72\">Diametrul gurii (mm)<\/td>\n<td style=\"width: 54pt; text-align: center;\" width=\"72\">Diametrul sticlei (mm)<\/td>\n<td style=\"width: 54pt; text-align: center;\" width=\"72\">\u00cen\u0103l\u021bime (mm)<\/td>\n<td style=\"width: 54pt; text-align: center;\" width=\"72\">\u00cen\u0103l\u021bime cu capac (mm)<\/td>\n<td style=\"width: 54pt; text-align: center;\" width=\"72\">Culoare<\/td>\n<td style=\"width: 54pt; text-align: center;\" width=\"72\">Op\u021biune personalizat\u0103<\/td>\n<td style=\"width: 54pt; text-align: center;\" width=\"72\">Ideal pentru<\/td>\n<\/tr>\n<tr style=\"height: 13.50pt;\">\n<td style=\"height: 13.5pt; text-align: center;\" height=\"18\">125<\/td>\n<td class=\"et2\" style=\"text-align: center;\" rowspan=\"3\">Cu laturi drepte<\/td>\n<td style=\"text-align: center;\">20<\/td>\n<td style=\"text-align: center;\">53<\/td>\n<td style=\"text-align: center;\">142<\/td>\n<td style=\"text-align: center;\">180<\/td>\n<td class=\"et2\" style=\"text-align: center;\" rowspan=\"5\">Negru<\/td>\n<td class=\"et2\" style=\"text-align: center;\" rowspan=\"5\">Tratament de suprafa\u021b\u0103, culoare, logo, accesorii<\/td>\n<td class=\"et2\" style=\"text-align: center;\" rowspan=\"5\">Seturi de \u00eengrijire a pielii, demachiant, ap\u0103 cu esen\u021b\u0103, lo\u021biune\/crem\u0103 cu esen\u021b\u0103<\/td>\n<\/tr>\n<tr style=\"height: 13.50pt;\">\n<td style=\"height: 13.5pt; text-align: center;\" height=\"18\">105<\/td>\n<td style=\"text-align: center;\">20<\/td>\n<td style=\"text-align: center;\">47<\/td>\n<td style=\"text-align: center;\">127<\/td>\n<td style=\"text-align: center;\">165<\/td>\n<\/tr>\n<tr style=\"height: 13.50pt;\">\n<td style=\"height: 13.5pt; text-align: center;\" height=\"18\">45<\/td>\n<td style=\"text-align: center;\">20<\/td>\n<td style=\"text-align: center;\">41<\/td>\n<td style=\"text-align: center;\">86<\/td>\n<td style=\"text-align: center;\">120<\/td>\n<\/tr>\n<tr style=\"height: 13.50pt;\">\n<td style=\"height: 13.5pt; text-align: center;\" height=\"18\">40<\/td>\n<td class=\"et2\" rowspan=\"2\">Rund\u0103<\/td>\n<td style=\"text-align: center;\">52<\/td>\n<td style=\"text-align: center;\">64<\/td>\n<td style=\"text-align: center;\">42<\/td>\n<td style=\"text-align: center;\">70<\/td>\n<\/tr>\n<tr style=\"height: 13.50pt;\">\n<td style=\"height: 13.5pt; text-align: center;\" height=\"18\">15<\/td>\n<td style=\"text-align: center;\">47<\/td>\n<td style=\"text-align: center;\">58<\/td>\n<td style=\"text-align: center;\">32<\/td>\n<td style=\"text-align: center;\">60<\/td>\n<\/tr>\n<\/tbody>\n<\/table>\n<h2>Poveste de succes<\/h2>\n<p>Unul dintre brandurile europene de \u00eengrijire a pielii a decis s\u0103 utilizeze setul nostru de top, format din borcan \u0219i sticl\u0103 neagr\u0103 pentru \u00eengrijirea pielii. Sticlele sunt produse cu un finisaj UV lucios, care, \u00eempreun\u0103 cu capacul metalic acoperit cu vid, creeaz\u0103 un contrast izbitor \u0219i o senza\u021bie de lux pentru a se potrivi nevoilor individuale ale clientului. Sticla este serigrafiat\u0103 cu logo-ul brandului, a c\u0103rui culoare argintie reflect\u0103, de asemenea, designul \u0219i contribuie la efectul general.<\/p>\n<p>De la lansarea noului set de sticle \u0219i borcane cosmetice, v\u00e2nz\u0103rile au crescut cu 32% \u00een doar dou\u0103 luni, iar alte 55.000 de seturi au fost comandate pentru a satisface cerin\u021bele tot mai mari ale distribuitorilor.<\/p>\n<h2>Op\u021biunea dumneavoastr\u0103 de adaptare<\/h2>\n<ol>\n<li><strong>Alternative de finisaj pentru capac:<\/strong> Oferi\u021bi finisaje lucioase, mate, metalice periate sau din oglind\u0103, galvanizate pentru a se potrivi diferitelor stiluri de marc\u0103.<\/li>\n<li><strong>Tehnici de decorare:<\/strong> Serigrafie, \u0219tan\u021bare la cald, pulverizare \u00een gradient sau etichetare pot fi combinate \u00een mai multe straturi pentru a crea efecte de branding.<\/li>\n<li><strong>Designul ambalajului secundar:<\/strong> Ad\u0103uga\u021bi o prezentare de v\u00e2nzare cu am\u0103nuntul a produsului prin proiectarea de cutii personalizate, cutii magnetice sau ambalaje tip sertar.<\/li>\n<\/ol>","protected":false},"excerpt":{"rendered":"<p>Sticle \u0219i borcane premium pentru \u00eengrijirea pielii, pentru setul t\u0103u de sticle cosmetice. Recipiente personalizate din sticl\u0103 neagr\u0103. V\u00e2nzare en-gros. Ambalaje etan\u0219e, care blocheaz\u0103 lumina.<\/p>","protected":false},"featured_media":6478,"comment_status":"closed","ping_status":"closed","template":"","meta":{"_acf_changed":false,"site-sidebar-layout":"default","site-content-layout":"","ast-site-content-layout":"default","site-content-style":"default","site-sidebar-style":"default","ast-global-header-display":"","ast-banner-title-visibility":"","ast-main-header-display":"","ast-hfb-above-header-display":"","ast-hfb-below-header-display":"","ast-hfb-mobile-header-display":"","site-post-title":"","ast-breadcrumbs-content":"","ast-featured-img":"","footer-sml-layout":"","ast-disable-related-posts":"","theme-transparent-header-meta":"default","adv-header-id-meta":"","stick-header-meta":"","header-above-stick-meta":"","header-main-stick-meta":"","header-below-stick-meta":"","astra-migrate-meta-layouts":"set","ast-page-background-enabled":"default","ast-page-background-meta":{"desktop":{"background-color":"var(--ast-global-color-5)","background-image":"","background-repeat":"repeat","background-position":"center center","background-size":"auto","background-attachment":"scroll","background-type":"","background-media":"","overlay-type":"","overlay-color":"","overlay-opacity":"","overlay-gradient":""},"tablet":{"background-color":"","background-image":"","background-repeat":"repeat","background-position":"center center","background-size":"auto","background-attachment":"scroll","background-type":"","background-media":"","overlay-type":"","overlay-color":"","overlay-opacity":"","overlay-gradient":""},"mobile":{"background-color":"","background-image":"","background-repeat":"repeat","background-position":"center center","background-size":"auto","background-attachment":"scroll","background-type":"","background-media":"","overlay-type":"","overlay-color":"","overlay-opacity":"","overlay-gradient":""}},"ast-content-background-meta":{"desktop":{"background-color":"var(--ast-global-color-4)","background-image":"","background-repeat":"repeat","background-position":"center center","background-size":"auto","background-attachment":"scroll","background-type":"","background-media":"","overlay-type":"","overlay-color":"","overlay-opacity":"","overlay-gradient":""},"tablet":{"background-color":"var(--ast-global-color-4)","background-image":"","background-repeat":"repeat","background-position":"center center","background-size":"auto","background-attachment":"scroll","background-type":"","background-media":"","overlay-type":"","overlay-color":"","overlay-opacity":"","overlay-gradient":""},"mobile":{"background-color":"var(--ast-global-color-4)","background-image":"","background-repeat":"repeat","background-position":"center center","background-size":"auto","background-attachment":"scroll","background-type":"","background-media":"","overlay-type":"","overlay-color":"","overlay-opacity":"","overlay-gradient":""}}},"product_brand":[],"product_cat":[236,62,72],"product_tag":[],"class_list":{"0":"post-6477","1":"product","2":"type-product","3":"status-publish","4":"has-post-thumbnail","6":"product_cat-cosmetic-container-set","7":"product_cat-cosmetic-containers","8":"product_cat-cosmetic-packaging","9":"desktop-align-left","10":"tablet-align-left","11":"mobile-align-left","13":"first","14":"instock","15":"shipping-taxable","16":"product-type-simple"},"acf":[],"jetpack_sharing_enabled":true,"_links":{"self":[{"href":"https:\/\/theperfumebottles.com\/ro\/wp-json\/wp\/v2\/product\/6477","targetHints":{"allow":["GET"]}}],"collection":[{"href":"https:\/\/theperfumebottles.com\/ro\/wp-json\/wp\/v2\/product"}],"about":[{"href":"https:\/\/theperfumebottles.com\/ro\/wp-json\/wp\/v2\/types\/product"}],"replies":[{"embeddable":true,"href":"https:\/\/theperfumebottles.com\/ro\/wp-json\/wp\/v2\/comments?post=6477"}],"wp:featuredmedia":[{"embeddable":true,"href":"https:\/\/theperfumebottles.com\/ro\/wp-json\/wp\/v2\/media\/6478"}],"wp:attachment":[{"href":"https:\/\/theperfumebottles.com\/ro\/wp-json\/wp\/v2\/media?parent=6477"}],"wp:term":[{"taxonomy":"product_brand","embeddable":true,"href":"https:\/\/theperfumebottles.com\/ro\/wp-json\/wp\/v2\/product_brand?post=6477"},{"taxonomy":"product_cat","embeddable":true,"href":"https:\/\/theperfumebottles.com\/ro\/wp-json\/wp\/v2\/product_cat?post=6477"},{"taxonomy":"product_tag","embeddable":true,"href":"https:\/\/theperfumebottles.com\/ro\/wp-json\/wp\/v2\/product_tag?post=6477"}],"curies":[{"name":"wp","href":"https:\/\/api.w.org\/{rel}","templated":true}]}}