{"id":6517,"date":"2025-09-22T12:52:43","date_gmt":"2025-09-22T04:52:43","guid":{"rendered":"https:\/\/theperfumebottles.com\/?post_type=product&#038;p=6517"},"modified":"2025-09-22T13:28:19","modified_gmt":"2025-09-22T05:28:19","slug":"wholesale-5ml-9ml-refill-perfume-bottles","status":"publish","type":"product","link":"https:\/\/theperfumebottles.com\/ro\/produs\/wholesale-5ml-9ml-refill-perfume-bottles\/","title":{"rendered":"Sticle de parfum de reumplere en-gros de 5ml \u0219i 9ml"},"content":{"rendered":"<h2>Descoperi\u021bi atomizorul nostru de parfum premium re\u00eenc\u0103rcabil<\/h2>\n<p>Sticla noastr\u0103 inovatoare de parfum cu reumplere este conceput\u0103 pentru a satisface cerin\u021bele c\u0103l\u0103toriilor moderne, oferind confort, stil \u0219i performan\u021b\u0103 superioar\u0103. Perfect pentru cei afla\u021bi \u00een mi\u0219care, acest mini atomizor portabil este alegerea ideal\u0103 pentru linia dumneavoastr\u0103 de produse.<\/p>\n<h2>Specifica\u021bii cheie:<\/h2>\n<table style=\"border-collapse: collapse; width: 486.77pt; margin-left: auto; margin-right: auto;\" border=\"0\" width=\"649\" cellspacing=\"0\" cellpadding=\"0\">\n<tbody>\n<tr style=\"height: 13.50pt;\">\n<td style=\"height: 13.50pt; width: 94.50pt;\" width=\"126\" height=\"18\">Caracteristic\u0103<\/td>\n<td style=\"width: 392.25pt;\" width=\"523\">Detaliu<\/td>\n<\/tr>\n<tr style=\"height: 13.50pt;\">\n<td style=\"height: 13.50pt;\" height=\"18\">Material<\/td>\n<td>Baz\u0103 anti-scurgere PCTG + cupru pur, carcas\u0103 din aluminiu electrolizat<\/td>\n<\/tr>\n<tr style=\"height: 13.50pt;\">\n<td style=\"height: 13.50pt;\" height=\"18\">Capacitate<\/td>\n<td>5 ml (1,8 * 8,7 cm), 9 ml (2,2 * 10 cm)<\/td>\n<\/tr>\n<tr style=\"height: 13.50pt;\">\n<td style=\"height: 13.50pt;\" height=\"18\">Form\u0103<\/td>\n<td>Cilindric<\/td>\n<\/tr>\n<tr style=\"height: 13.50pt;\">\n<td style=\"height: 13.50pt;\" height=\"18\">Metoda de umplere<\/td>\n<td>Umplere de jos<\/td>\n<\/tr>\n<tr style=\"height: 13.50pt;\">\n<td style=\"height: 13.50pt;\" height=\"18\">Sticl\u0103 interioar\u0103<\/td>\n<td>Clar, transparen\u021b\u0103 ridicat\u0103, etan\u0219are bun\u0103, nevolatil<\/td>\n<\/tr>\n<tr style=\"height: 13.50pt;\">\n<td style=\"height: 13.50pt;\" height=\"18\">Utilizare<\/td>\n<td>Distribuirea parfumului, alcoolului, apei de toalet\u0103<\/td>\n<\/tr>\n<\/tbody>\n<\/table>\n<h2>Poveste de succes:<\/h2>\n<p>Un brand de parfumuri boutique a integrat recent sticla noastr\u0103 de parfum de 5 ml \u00een colec\u021bia sa de produse de c\u0103l\u0103torie. Acesta a raportat o cre\u0219tere de 40% a v\u00e2nz\u0103rilor setului s\u0103u de parfumuri \u00een form\u0103 de c\u0103l\u0103torie \u00een primul trimestru, ceea ce a dus la o utilizare mai u\u0219oar\u0103 a sticlei \u0219i la o senza\u021bie premium. Clien\u021bii au fost \u00eenc\u00e2nta\u021bi s\u0103 aib\u0103 parfumul lor preferat \u00eentr-o sticl\u0103 de arom\u0103 portabil\u0103 \u0219i reflex\u0103.<\/p>\n<h2>Adaptare \u0219i oportunitate de v\u00e2nzare cu ridicata:<\/h2>\n<p>\u00cen calitate de produc\u0103tor important \u0219i furnizor angro, \u00een\u021belegem nevoia dumneavoastr\u0103 de un branding unic. Oferim o gam\u0103 larg\u0103 de op\u021biuni personalizate pentru sticlele dumneavoastr\u0103 de reumplere pentru parfumuri, inclusiv diferite op\u021biuni de culoare, finisaj de suprafa\u021b\u0103 \u0219i capacitate specific\u0103. Indiferent dac\u0103 ave\u021bi nevoie de o comand\u0103 mic\u0103 sau de un volum en-gros, suntem aici pentru a v\u0103 sus\u021bine viziunea brandului dumneavoastr\u0103. Alege\u021bi-ne ca furnizor de \u00eencredere pentru op\u021biunea de sticle de parfum din sticl\u0103 \u0219i atmosfer\u0103 inovatoare.<\/p>\n<h2>Ob\u021bine\u021bi mostra gratuit\u0103 ast\u0103zi!<\/h2>\n<p>Calitatea este ner\u0103bd\u0103toare s\u0103 fie v\u0103zut\u0103 de prima dat\u0103? Sunt disponibile mostre gratuite pentru solicit\u0103ri en-gros calificate. <a href=\"https:\/\/theperfumebottles.com\/ro\/contact\/\">Contacta\u0163i-ne<\/a> ast\u0103zi pentru a discuta cerin\u021bele dumneavoastr\u0103 de adaptare, op\u021biunile de livrare \u0219i distribu\u021bie. \u00cembun\u0103t\u0103\u021bi\u021bi-v\u0103 brandul cu solu\u021biile noastre premium de sticle cu pulverizator.<\/p>","protected":false},"excerpt":{"rendered":"<p>Descoperi\u021bi calitatea noastr\u0103 \u00eenalt\u0103 <strong>sticl\u0103 de parfum de reumplere<\/strong>, perfect pentru c\u0103l\u0103torii \u0219i ideal pentru brandurile care caut\u0103 atomizoare portabile en-gros cu op\u021biuni personalizate.<\/p>","protected":false},"featured_media":6520,"comment_status":"closed","ping_status":"closed","template":"","meta":{"_acf_changed":false,"site-sidebar-layout":"default","site-content-layout":"","ast-site-content-layout":"default","site-content-style":"default","site-sidebar-style":"default","ast-global-header-display":"","ast-banner-title-visibility":"","ast-main-header-display":"","ast-hfb-above-header-display":"","ast-hfb-below-header-display":"","ast-hfb-mobile-header-display":"","site-post-title":"","ast-breadcrumbs-content":"","ast-featured-img":"","footer-sml-layout":"","ast-disable-related-posts":"","theme-transparent-header-meta":"default","adv-header-id-meta":"","stick-header-meta":"","header-above-stick-meta":"","header-main-stick-meta":"","header-below-stick-meta":"","astra-migrate-meta-layouts":"set","ast-page-background-enabled":"default","ast-page-background-meta":{"desktop":{"background-color":"var(--ast-global-color-5)","background-image":"","background-repeat":"repeat","background-position":"center center","background-size":"auto","background-attachment":"scroll","background-type":"","background-media":"","overlay-type":"","overlay-color":"","overlay-opacity":"","overlay-gradient":""},"tablet":{"background-color":"","background-image":"","background-repeat":"repeat","background-position":"center center","background-size":"auto","background-attachment":"scroll","background-type":"","background-media":"","overlay-type":"","overlay-color":"","overlay-opacity":"","overlay-gradient":""},"mobile":{"background-color":"","background-image":"","background-repeat":"repeat","background-position":"center center","background-size":"auto","background-attachment":"scroll","background-type":"","background-media":"","overlay-type":"","overlay-color":"","overlay-opacity":"","overlay-gradient":""}},"ast-content-background-meta":{"desktop":{"background-color":"var(--ast-global-color-4)","background-image":"","background-repeat":"repeat","background-position":"center center","background-size":"auto","background-attachment":"scroll","background-type":"","background-media":"","overlay-type":"","overlay-color":"","overlay-opacity":"","overlay-gradient":""},"tablet":{"background-color":"var(--ast-global-color-4)","background-image":"","background-repeat":"repeat","background-position":"center center","background-size":"auto","background-attachment":"scroll","background-type":"","background-media":"","overlay-type":"","overlay-color":"","overlay-opacity":"","overlay-gradient":""},"mobile":{"background-color":"var(--ast-global-color-4)","background-image":"","background-repeat":"repeat","background-position":"center center","background-size":"auto","background-attachment":"scroll","background-type":"","background-media":"","overlay-type":"","overlay-color":"","overlay-opacity":"","overlay-gradient":""}}},"product_brand":[],"product_cat":[72,90,41],"product_tag":[],"class_list":{"0":"post-6517","1":"product","2":"type-product","3":"status-publish","4":"has-post-thumbnail","6":"product_cat-cosmetic-packaging","7":"product_cat-refillable-perfume-bottles","8":"product_cat-perfume-bottles","9":"desktop-align-left","10":"tablet-align-left","11":"mobile-align-left","13":"first","14":"instock","15":"shipping-taxable","16":"product-type-simple"},"acf":[],"jetpack_sharing_enabled":true,"_links":{"self":[{"href":"https:\/\/theperfumebottles.com\/ro\/wp-json\/wp\/v2\/product\/6517","targetHints":{"allow":["GET"]}}],"collection":[{"href":"https:\/\/theperfumebottles.com\/ro\/wp-json\/wp\/v2\/product"}],"about":[{"href":"https:\/\/theperfumebottles.com\/ro\/wp-json\/wp\/v2\/types\/product"}],"replies":[{"embeddable":true,"href":"https:\/\/theperfumebottles.com\/ro\/wp-json\/wp\/v2\/comments?post=6517"}],"wp:featuredmedia":[{"embeddable":true,"href":"https:\/\/theperfumebottles.com\/ro\/wp-json\/wp\/v2\/media\/6520"}],"wp:attachment":[{"href":"https:\/\/theperfumebottles.com\/ro\/wp-json\/wp\/v2\/media?parent=6517"}],"wp:term":[{"taxonomy":"product_brand","embeddable":true,"href":"https:\/\/theperfumebottles.com\/ro\/wp-json\/wp\/v2\/product_brand?post=6517"},{"taxonomy":"product_cat","embeddable":true,"href":"https:\/\/theperfumebottles.com\/ro\/wp-json\/wp\/v2\/product_cat?post=6517"},{"taxonomy":"product_tag","embeddable":true,"href":"https:\/\/theperfumebottles.com\/ro\/wp-json\/wp\/v2\/product_tag?post=6517"}],"curies":[{"name":"wp","href":"https:\/\/api.w.org\/{rel}","templated":true}]}}