{"id":6531,"date":"2025-09-22T17:19:57","date_gmt":"2025-09-22T09:19:57","guid":{"rendered":"https:\/\/theperfumebottles.com\/?post_type=product&#038;p=6531"},"modified":"2025-09-22T17:29:48","modified_gmt":"2025-09-22T09:29:48","slug":"glass-skincare-bottles-packaging-set","status":"publish","type":"product","link":"https:\/\/theperfumebottles.com\/ro\/produs\/glass-skincare-bottles-packaging-set\/","title":{"rendered":"Sticle \u0219i borcane din sticl\u0103 pentru \u00eengrijirea pielii \u2013 Set elegant de ambalaje pentru \u00eengrijirea pielii cu gradient verde"},"content":{"rendered":"<p>Te-ai s\u0103turat de ambalaje plictisitoare care ascund produsele tale premium de \u00eengrijire a pielii? Cre\u0103m sticle goale pentru \u00eengrijirea pielii care \u00ee\u021bi prezint\u0103 crema, lo\u021biunea \u0219i uleiul esen\u021bial ca pe o oper\u0103 de art\u0103 lichid\u0103. Sticlele din sticl\u0103 pentru \u00eengrijirea pielii, cu finisaj verde \u00een gradient, blocheaz\u0103 razele UV - f\u0103r\u0103 alterare, f\u0103r\u0103 compromisuri. Comenzile \u00een vrac primesc capace personalizate care s\u0103 se potriveasc\u0103 cu sufletul brandului t\u0103u.<\/p>\n<h2>Specifica\u021bii cheie<\/h2>\n<table style=\"border-collapse: collapse;width: 85%;margin-left: auto;margin-right: auto\" border=\"0\" width=\"648\" cellspacing=\"0\" cellpadding=\"0\">\n<tbody>\n<tr style=\"height: 13.50pt\">\n<td style=\"height: 13.50pt;width: 54.00pt\" width=\"72\" height=\"18\">Capacitate (ml)<\/td>\n<td style=\"width: 54.00pt\" width=\"72\">Form\u0103<\/td>\n<td style=\"width: 54.00pt\" width=\"72\">Diametrul gurii (mm)<\/td>\n<td style=\"width: 54.00pt\" width=\"72\">Diametrul sticlei (mm)<\/td>\n<td style=\"width: 54.00pt\" width=\"72\">\u00cen\u0103l\u021bime total\u0103 cu capac (mm)<\/td>\n<td style=\"width: 54.00pt\" width=\"72\">\u00cen\u0103l\u021bime total\u0103 cu capac (mm)<\/td>\n<td style=\"width: 54.00pt\" width=\"72\">Culoare<\/td>\n<td style=\"width: 54.00pt\" width=\"72\">Op\u021biuni personalizate<\/td>\n<td style=\"width: 54.00pt\" width=\"72\">Utilizare<\/td>\n<\/tr>\n<tr style=\"height: 13.50pt\">\n<td style=\"height: 13.50pt\" height=\"18\">125<\/td>\n<td class=\"et2\" rowspan=\"5\">Turn<\/td>\n<td>20<\/td>\n<td>49&#215;49<\/td>\n<td>146<\/td>\n<td>180<\/td>\n<td class=\"et2\" rowspan=\"5\">Gradient verde<\/td>\n<td class=\"et2\" rowspan=\"5\">Tratament de suprafa\u021b\u0103, culoare<\/td>\n<td class=\"et2\" rowspan=\"5\">Lo\u021biuni, creme, esen\u021be etc.<\/td>\n<\/tr>\n<tr style=\"height: 13.50pt\">\n<td style=\"height: 13.50pt\" height=\"18\">105<\/td>\n<td>20<\/td>\n<td>49&#215;49<\/td>\n<td>130<\/td>\n<td>165<\/td>\n<\/tr>\n<tr style=\"height: 13.50pt\">\n<td style=\"height: 13.50pt\" height=\"18\">45<\/td>\n<td>20<\/td>\n<td>45&#215;45<\/td>\n<td>81<\/td>\n<td>115<\/td>\n<\/tr>\n<tr style=\"height: 13.50pt\">\n<td style=\"height: 13.50pt\" height=\"18\">90<\/td>\n<td>50<\/td>\n<td>69&#215;69<\/td>\n<td>70<\/td>\n<td>85<\/td>\n<\/tr>\n<tr style=\"height: 13.50pt\">\n<td style=\"height: 13.50pt\" height=\"18\">55<\/td>\n<td>50<\/td>\n<td>65&#215;65<\/td>\n<td>52<\/td>\n<td>65<\/td>\n<\/tr>\n<\/tbody>\n<\/table>\n<h2>Poveste de succes: Cum a dob\u00e2ndit dezvoltare o afacere de dimensiuni medii<\/h2>\n<p>O afacere de dimensiuni medii a creat un set de \u201eritual verde\u201d folosind sticlele noastre de \u00eengrijire a pielii din sticl\u0103: o sticl\u0103 p\u0103trat\u0103 de 15 ml pentru crem\u0103 \u0219i o sticl\u0103 dreapt\u0103 de 55 ml pentru lo\u021biune. Rezultat? 82% dintre clien\u021bii care au v\u0103zut sticle cu gradient verde pe Instagram au cump\u0103rat \u00eentreaga gam\u0103. Regiunea? El a sim\u021bit: \u201eA fost ca un dar de la natur\u0103.\u201d<\/p>\n<h2>Ghidul t\u0103u de personalizare<\/h2>\n<ol>\n<li><strong>Potrivire colorat\u0103:<\/strong>\u00cenlocui\u021bi gradien\u021bii de verde cu nuan\u021ba \u201eForest Mist\u201d pentru brandul dvs. Exemplu: Deep Chaiti cu linia \u201eForest Mist\u201d.<\/li>\n<li><strong>Integrarea pompei:<\/strong>Ad\u0103uga\u021bi dozatorul cu pomp\u0103 direct pe sticle - absolut pentru prad\u0103. V\u00e2nz\u0103torii cu am\u0103nuntul \u00eel v\u00e2nd rapid.<\/li>\n<\/ol>","protected":false},"excerpt":{"rendered":"<p>Sticle \u0219i borcane premium din sticl\u0103 verde gradient pentru \u00eengrijirea pielii. Ambalaje personalizate, protejate \u00eempotriva UV, etan\u0219e, cu dozatoare cu pomp\u0103. V\u00e2nzare en-gros pentru m\u0103rci de cosmetice de lux.<\/p>","protected":false},"featured_media":6532,"comment_status":"closed","ping_status":"closed","template":"","meta":{"_acf_changed":false,"site-sidebar-layout":"default","site-content-layout":"","ast-site-content-layout":"default","site-content-style":"default","site-sidebar-style":"default","ast-global-header-display":"","ast-banner-title-visibility":"","ast-main-header-display":"","ast-hfb-above-header-display":"","ast-hfb-below-header-display":"","ast-hfb-mobile-header-display":"","site-post-title":"","ast-breadcrumbs-content":"","ast-featured-img":"","footer-sml-layout":"","ast-disable-related-posts":"","theme-transparent-header-meta":"default","adv-header-id-meta":"","stick-header-meta":"","header-above-stick-meta":"","header-main-stick-meta":"","header-below-stick-meta":"","astra-migrate-meta-layouts":"set","ast-page-background-enabled":"default","ast-page-background-meta":{"desktop":{"background-color":"var(--ast-global-color-5)","background-image":"","background-repeat":"repeat","background-position":"center center","background-size":"auto","background-attachment":"scroll","background-type":"","background-media":"","overlay-type":"","overlay-color":"","overlay-opacity":"","overlay-gradient":""},"tablet":{"background-color":"","background-image":"","background-repeat":"repeat","background-position":"center center","background-size":"auto","background-attachment":"scroll","background-type":"","background-media":"","overlay-type":"","overlay-color":"","overlay-opacity":"","overlay-gradient":""},"mobile":{"background-color":"","background-image":"","background-repeat":"repeat","background-position":"center center","background-size":"auto","background-attachment":"scroll","background-type":"","background-media":"","overlay-type":"","overlay-color":"","overlay-opacity":"","overlay-gradient":""}},"ast-content-background-meta":{"desktop":{"background-color":"var(--ast-global-color-4)","background-image":"","background-repeat":"repeat","background-position":"center center","background-size":"auto","background-attachment":"scroll","background-type":"","background-media":"","overlay-type":"","overlay-color":"","overlay-opacity":"","overlay-gradient":""},"tablet":{"background-color":"var(--ast-global-color-4)","background-image":"","background-repeat":"repeat","background-position":"center center","background-size":"auto","background-attachment":"scroll","background-type":"","background-media":"","overlay-type":"","overlay-color":"","overlay-opacity":"","overlay-gradient":""},"mobile":{"background-color":"var(--ast-global-color-4)","background-image":"","background-repeat":"repeat","background-position":"center center","background-size":"auto","background-attachment":"scroll","background-type":"","background-media":"","overlay-type":"","overlay-color":"","overlay-opacity":"","overlay-gradient":""}}},"product_brand":[],"product_cat":[236,72,37,62],"product_tag":[],"class_list":{"0":"post-6531","1":"product","2":"type-product","3":"status-publish","4":"has-post-thumbnail","6":"product_cat-cosmetic-container-set","7":"product_cat-cosmetic-packaging","8":"product_cat-uncategorized","9":"product_cat-cosmetic-containers","10":"desktop-align-left","11":"tablet-align-left","12":"mobile-align-left","14":"first","15":"instock","16":"shipping-taxable","17":"product-type-simple"},"acf":[],"jetpack_sharing_enabled":true,"_links":{"self":[{"href":"https:\/\/theperfumebottles.com\/ro\/wp-json\/wp\/v2\/product\/6531","targetHints":{"allow":["GET"]}}],"collection":[{"href":"https:\/\/theperfumebottles.com\/ro\/wp-json\/wp\/v2\/product"}],"about":[{"href":"https:\/\/theperfumebottles.com\/ro\/wp-json\/wp\/v2\/types\/product"}],"replies":[{"embeddable":true,"href":"https:\/\/theperfumebottles.com\/ro\/wp-json\/wp\/v2\/comments?post=6531"}],"wp:featuredmedia":[{"embeddable":true,"href":"https:\/\/theperfumebottles.com\/ro\/wp-json\/wp\/v2\/media\/6532"}],"wp:attachment":[{"href":"https:\/\/theperfumebottles.com\/ro\/wp-json\/wp\/v2\/media?parent=6531"}],"wp:term":[{"taxonomy":"product_brand","embeddable":true,"href":"https:\/\/theperfumebottles.com\/ro\/wp-json\/wp\/v2\/product_brand?post=6531"},{"taxonomy":"product_cat","embeddable":true,"href":"https:\/\/theperfumebottles.com\/ro\/wp-json\/wp\/v2\/product_cat?post=6531"},{"taxonomy":"product_tag","embeddable":true,"href":"https:\/\/theperfumebottles.com\/ro\/wp-json\/wp\/v2\/product_tag?post=6531"}],"curies":[{"name":"wp","href":"https:\/\/api.w.org\/{rel}","templated":true}]}}