{"id":7021,"date":"2025-11-11T13:12:13","date_gmt":"2025-11-11T05:12:13","guid":{"rendered":"https:\/\/theperfumebottles.com\/?post_type=product&#038;p=7021"},"modified":"2025-12-10T11:40:29","modified_gmt":"2025-12-10T03:40:29","slug":"perfume-refill-bottles-wholesaler","status":"publish","type":"product","link":"https:\/\/theperfumebottles.com\/ro\/produs\/perfume-refill-bottles-wholesaler\/","title":{"rendered":"Sticle de parfum de 8 ml, reumplere en-gros, pentru c\u0103l\u0103torii, uz zilnic"},"content":{"rendered":"<p>Exploreaz\u0103 sticlele noastre de parfum re\u00eenc\u0103rcabile din sticl\u0103, concepute pentru a impresiona prezentarea brandului t\u0103u. Confec\u021bion\u0103m fiecare sticl\u0103 astfel \u00eenc\u00e2t parfumul t\u0103u s\u0103 fie punctul culminant \u0219i s\u0103 ofere \u00een acela\u0219i timp clien\u021bilor t\u0103i un articol frumos \u0219i func\u021bional. Opteaz\u0103 pentru tipul care spune povestea brandului t\u0103u f\u0103r\u0103 cuvinte.<\/p>\n<h2>Specifica\u021bii cheie<\/h2>\n<table style=\"border-collapse: collapse; width: 80%; margin-left: auto; margin-right: auto;\" border=\"0\" width=\"144\" cellspacing=\"0\" cellpadding=\"0\">\n<tbody>\n<tr style=\"height: 13.50pt;\">\n<td style=\"height: 13.5pt; width: 54pt; text-align: center;\" width=\"72\" height=\"18\">Caracteristic\u0103<\/td>\n<td style=\"width: 54pt; text-align: center;\" width=\"72\">Detalii<\/td>\n<\/tr>\n<tr style=\"height: 13.50pt;\">\n<td style=\"height: 13.5pt; text-align: center;\" height=\"18\">Capacitate<\/td>\n<td style=\"text-align: center;\">8 ml<\/td>\n<\/tr>\n<tr style=\"height: 13.50pt;\">\n<td style=\"height: 13.5pt; text-align: center;\" height=\"18\">Dimensiuni<\/td>\n<td style=\"text-align: center;\">1,7 * 8,4 cm<\/td>\n<\/tr>\n<tr style=\"height: 13.50pt;\">\n<td style=\"height: 13.5pt; text-align: center;\" height=\"18\">Materialul sticlei<\/td>\n<td style=\"text-align: center;\">Sticl\u0103 transparent\u0103<\/td>\n<\/tr>\n<tr style=\"height: 13.50pt;\">\n<td style=\"height: 13.5pt; text-align: center;\" height=\"18\">Op\u021biuni plafon<\/td>\n<td style=\"text-align: center;\">Auriu, Argintiu, Albastru, Roz, Negru<\/td>\n<\/tr>\n<tr style=\"height: 13.50pt;\">\n<td style=\"height: 13.5pt; text-align: center;\" height=\"18\">Tip de etan\u0219are<\/td>\n<td style=\"text-align: center;\">Spray cu pomp\u0103<\/td>\n<\/tr>\n<tr style=\"height: 13.50pt;\">\n<td style=\"height: 13.5pt; text-align: center;\" height=\"18\">Cel mai bun pentru<\/td>\n<td style=\"text-align: center;\">Parfum, Uleiuri esen\u021biale, Spray-uri parfumate<\/td>\n<\/tr>\n<\/tbody>\n<\/table>\n<h2>Caz de succes<\/h2>\n<p>Unul dintre sticlu\u021bele noastre de parfum re\u00eenc\u0103rcabile de 8 ml a fost selectat de un brand de parfumuri de tip boutique la mod\u0103 pentru a face parte din colec\u021bia lor de seturi de c\u0103l\u0103torie. V\u00e2nz\u0103rile lor de seturi de c\u0103l\u0103torie au crescut cu 35% \u00een doar trei luni - designul re\u00eenc\u0103rcabil le permite utilizatorilor s\u0103 aib\u0103 \u00eentotdeauna parfumurile preferate cu ei, iar designul duzei de pulverizare ajut\u0103 la reducerea scurgerilor \u0219i ofer\u0103 o cea\u021b\u0103 pl\u0103cut\u0103.<\/p>\n<h2>\u00cendrum\u0103ri pentru personalizare<\/h2>\n<ol>\n<li><strong>Tratament de suprafa\u021b\u0103:<\/strong> Diferite tratamente de suprafa\u021b\u0103, cum ar fi galvanizarea mat\u0103, transparent\u0103 \u0219i \u00een gradient, pot fi personalizate pentru a produce efecte vizuale unice.<\/li>\n<li><strong>Designul capacului de sticl\u0103:<\/strong> Capacele din aluminiu, din plastic sau metalice pot fi personalizate, cu finisaj lucios sau mat, la alegere.<\/li>\n<li><strong>Imprimare color \u0219i logo:<\/strong> Exist\u0103 o mul\u021bime de culori din care pute\u021bi alege pentru a corespunde schemei de culori a brandului dvs., cum ar fi auriu electrolizat, auriu roz, argintiu, negru \u0219i albastru.<\/li>\n<\/ol>","protected":false},"excerpt":{"rendered":"<p>Descoperi\u021bi sticlu\u021be elegante de parfum re\u00eenc\u0103rcabile cu capace metalice. Sticlu\u021bele noastre de parfum re\u00eenc\u0103rcabile sunt perfecte pentru c\u0103l\u0103torii, u\u0219or de utilizat \u0219i ecologice.<\/p>","protected":false},"featured_media":7191,"comment_status":"open","ping_status":"closed","template":"","meta":{"_acf_changed":false,"site-sidebar-layout":"default","site-content-layout":"","ast-site-content-layout":"default","site-content-style":"default","site-sidebar-style":"default","ast-global-header-display":"","ast-banner-title-visibility":"","ast-main-header-display":"","ast-hfb-above-header-display":"","ast-hfb-below-header-display":"","ast-hfb-mobile-header-display":"","site-post-title":"","ast-breadcrumbs-content":"","ast-featured-img":"","footer-sml-layout":"","ast-disable-related-posts":"","theme-transparent-header-meta":"default","adv-header-id-meta":"","stick-header-meta":"","header-above-stick-meta":"","header-main-stick-meta":"","header-below-stick-meta":"","astra-migrate-meta-layouts":"set","ast-page-background-enabled":"default","ast-page-background-meta":{"desktop":{"background-color":"var(--ast-global-color-5)","background-image":"","background-repeat":"repeat","background-position":"center center","background-size":"auto","background-attachment":"scroll","background-type":"","background-media":"","overlay-type":"","overlay-color":"","overlay-opacity":"","overlay-gradient":""},"tablet":{"background-color":"","background-image":"","background-repeat":"repeat","background-position":"center center","background-size":"auto","background-attachment":"scroll","background-type":"","background-media":"","overlay-type":"","overlay-color":"","overlay-opacity":"","overlay-gradient":""},"mobile":{"background-color":"","background-image":"","background-repeat":"repeat","background-position":"center center","background-size":"auto","background-attachment":"scroll","background-type":"","background-media":"","overlay-type":"","overlay-color":"","overlay-opacity":"","overlay-gradient":""}},"ast-content-background-meta":{"desktop":{"background-color":"var(--ast-global-color-4)","background-image":"","background-repeat":"repeat","background-position":"center center","background-size":"auto","background-attachment":"scroll","background-type":"","background-media":"","overlay-type":"","overlay-color":"","overlay-opacity":"","overlay-gradient":""},"tablet":{"background-color":"var(--ast-global-color-4)","background-image":"","background-repeat":"repeat","background-position":"center center","background-size":"auto","background-attachment":"scroll","background-type":"","background-media":"","overlay-type":"","overlay-color":"","overlay-opacity":"","overlay-gradient":""},"mobile":{"background-color":"var(--ast-global-color-4)","background-image":"","background-repeat":"repeat","background-position":"center center","background-size":"auto","background-attachment":"scroll","background-type":"","background-media":"","overlay-type":"","overlay-color":"","overlay-opacity":"","overlay-gradient":""}}},"product_brand":[],"product_cat":[90,41],"product_tag":[],"class_list":{"0":"post-7021","1":"product","2":"type-product","3":"status-publish","4":"has-post-thumbnail","6":"product_cat-refillable-perfume-bottles","7":"product_cat-perfume-bottles","8":"desktop-align-left","9":"tablet-align-left","10":"mobile-align-left","12":"first","13":"instock","14":"shipping-taxable","15":"product-type-simple"},"acf":[],"jetpack_sharing_enabled":true,"_links":{"self":[{"href":"https:\/\/theperfumebottles.com\/ro\/wp-json\/wp\/v2\/product\/7021","targetHints":{"allow":["GET"]}}],"collection":[{"href":"https:\/\/theperfumebottles.com\/ro\/wp-json\/wp\/v2\/product"}],"about":[{"href":"https:\/\/theperfumebottles.com\/ro\/wp-json\/wp\/v2\/types\/product"}],"replies":[{"embeddable":true,"href":"https:\/\/theperfumebottles.com\/ro\/wp-json\/wp\/v2\/comments?post=7021"}],"wp:featuredmedia":[{"embeddable":true,"href":"https:\/\/theperfumebottles.com\/ro\/wp-json\/wp\/v2\/media\/7191"}],"wp:attachment":[{"href":"https:\/\/theperfumebottles.com\/ro\/wp-json\/wp\/v2\/media?parent=7021"}],"wp:term":[{"taxonomy":"product_brand","embeddable":true,"href":"https:\/\/theperfumebottles.com\/ro\/wp-json\/wp\/v2\/product_brand?post=7021"},{"taxonomy":"product_cat","embeddable":true,"href":"https:\/\/theperfumebottles.com\/ro\/wp-json\/wp\/v2\/product_cat?post=7021"},{"taxonomy":"product_tag","embeddable":true,"href":"https:\/\/theperfumebottles.com\/ro\/wp-json\/wp\/v2\/product_tag?post=7021"}],"curies":[{"name":"wp","href":"https:\/\/api.w.org\/{rel}","templated":true}]}}