{"id":7026,"date":"2025-11-11T14:11:22","date_gmt":"2025-11-11T06:11:22","guid":{"rendered":"https:\/\/theperfumebottles.com\/?post_type=product&#038;p=7026"},"modified":"2025-11-11T14:23:34","modified_gmt":"2025-11-11T06:23:34","slug":"perfume-refill-bottle-bulk-order","status":"publish","type":"product","link":"https:\/\/theperfumebottles.com\/ro\/produs\/perfume-refill-bottle-bulk-order\/","title":{"rendered":"Sticl\u0103 de parfum de 5 ml pentru uz zilnic, comand\u0103 \u00een vrac"},"content":{"rendered":"<p>Sunte\u021bi\u200d\u200d\u200d\u200d\u200d\u200d \u00een c\u0103utarea unei sticle de parfum care s\u0103 ridice perfect atractivitatea vizual\u0103 a brandului dvs. Sticla noastr\u0103 de parfum de reumplere de 5 ml este cu siguran\u021b\u0103 cea potrivit\u0103! Este f\u0103cut\u0103 pentru a l\u0103sa parfumul dvs. s\u0103 fie \u00een centrul aten\u021biei \u0219i s\u0103 ofere \u00een continuare o frumuse\u021be frumoas\u0103 \u0219i la \u00eendem\u00e2n\u0103 clien\u021bilor dvs. Este greu s\u0103 rezista\u021bi stilului \u0219i func\u021biei care merg m\u00e2n\u0103 \u00een m\u00e2n\u0103 \u00een acest produs de linie de ambalare.<\/p>\n<h2>Specifica\u021bii cheie<\/h2>\n<table style=\"border-collapse: collapse;width: 80%;margin-left: auto;margin-right: auto\" border=\"0\" width=\"144\" cellspacing=\"0\" cellpadding=\"0\">\n<tbody>\n<tr style=\"height: 13.50pt\">\n<td style=\"height: 13.5pt;width: 54pt;text-align: center\" width=\"72\" height=\"18\">Caracteristic\u0103<\/td>\n<td style=\"width: 54pt;text-align: center\" width=\"72\">Detalii<\/td>\n<\/tr>\n<tr style=\"height: 13.50pt\">\n<td style=\"height: 13.5pt;text-align: center\" height=\"18\">Capacitate<\/td>\n<td style=\"text-align: center\">5 ml<\/td>\n<\/tr>\n<tr style=\"height: 13.50pt\">\n<td style=\"height: 13.5pt;text-align: center\" height=\"18\">Dimensiuni<\/td>\n<td style=\"text-align: center\">1.7 * 8.1cm<\/td>\n<\/tr>\n<tr style=\"height: 13.50pt\">\n<td style=\"height: 13.5pt;text-align: center\" height=\"18\">Material<\/td>\n<td style=\"text-align: center\">Aluminiu cu fereastr\u0103 din sticl\u0103 transparent\u0103<\/td>\n<\/tr>\n<tr style=\"height: 13.50pt\">\n<td style=\"height: 13.5pt;text-align: center\" height=\"18\">Op\u021biuni de culoare<\/td>\n<td style=\"text-align: center\">Albastru, verde, ro\u0219u, galben, violet<\/td>\n<\/tr>\n<tr style=\"height: 13.50pt\">\n<td style=\"height: 13.5pt;text-align: center\" height=\"18\">Cel mai bun pentru<\/td>\n<td style=\"text-align: center\">Parfum, Uleiuri esen\u021biale, Spray-uri parfumate<\/td>\n<\/tr>\n<\/tbody>\n<\/table>\n<h2>Caz de succes<\/h2>\n<p>Un brand francez de parfumuri ne-a contactat pentru a personaliza aceast\u0103 sticl\u0103 de reumplere a parfumului cu carcas\u0103 din aluminiu pentru linia lor portabil\u0103, cu o fereastr\u0103 transparent\u0103 pentru vizualizarea u\u0219oar\u0103 a cantit\u0103\u021bii r\u0103mase. Sticla utilizeaz\u0103 un proces de anodizare pentru a ob\u021bine o varietate de culori vibrante \u0219i este gravat\u0103 cu logo-ul m\u0103rcii.<\/p>\n<p>\u00cen urma lans\u0103rii noului ambalaj, v\u00e2nz\u0103rile liniei portabile a m\u0103rcii au crescut cu 38%.<\/p>\n<h2>Personalizeaz\u0103-\u021bi sticla<\/h2>\n<ol>\n<li><strong>Material\u200d\u200d\u200d\u200d\u200d\u200d \u0219i op\u021biuni de capacitate:<\/strong> Combina\u021bia dintre o carcas\u0103 exterioar\u0103 din aluminiu \u0219i o sticl\u0103 interioar\u0103 din sticl\u0103 sau plastic face un produs care este at\u00e2t u\u0219or \u00een greutate, c\u00e2t \u0219i puternic. Capacit\u0103\u021bile de 5 ml, 8 ml \u0219i 10 ml sunt disponibile pentru a putea acoperi diferite situa\u021bii (c\u0103l\u0103torie, transport zilnic etc.).<\/li>\n<li><strong>Designul duzei:<\/strong> Pute\u021bi opta pentru o duz\u0103 de cea\u021b\u0103 fin\u0103 care poate fi rafinat\u0103 \u00een continuare pentru o atomizare mai fin\u0103; sau pur \u0219i simplu alege\u021bi un mecanism de blocare rotativ pentru a preveni pulverizarea accidental\u0103 \u0219i pentru a face dispozitivul mai portabil.<\/li>\n<li><strong>Forma \u0219i transparen\u021ba ferestrei:<\/strong> Exist\u0103 ferestre de vizualizare personalizabile \u00een diferite forme (band\u0103, oval, inim\u0103 etc.) cu transparen\u021b\u0103 variabil\u0103 pentru a fi \u0219ic, precum \u0219i \u200d\u200d\u200d\u200d\u200d\u200d util.<\/li>\n<\/ol>","protected":false},"excerpt":{"rendered":"<p>Sticl\u0103 u\u0219oar\u0103 de reumplere parfum cu design cu fereastr\u0103 transparent\u0103. Sticl\u0103 de parfum de reumplere perfect\u0103 pentru c\u0103l\u0103torii, u\u0219or de transportat \u0219i de reumplet oric\u00e2nd.<\/p>","protected":false},"featured_media":7027,"comment_status":"open","ping_status":"closed","template":"","meta":{"_acf_changed":false,"site-sidebar-layout":"default","site-content-layout":"","ast-site-content-layout":"default","site-content-style":"default","site-sidebar-style":"default","ast-global-header-display":"","ast-banner-title-visibility":"","ast-main-header-display":"","ast-hfb-above-header-display":"","ast-hfb-below-header-display":"","ast-hfb-mobile-header-display":"","site-post-title":"","ast-breadcrumbs-content":"","ast-featured-img":"","footer-sml-layout":"","ast-disable-related-posts":"","theme-transparent-header-meta":"default","adv-header-id-meta":"","stick-header-meta":"","header-above-stick-meta":"","header-main-stick-meta":"","header-below-stick-meta":"","astra-migrate-meta-layouts":"set","ast-page-background-enabled":"default","ast-page-background-meta":{"desktop":{"background-color":"var(--ast-global-color-5)","background-image":"","background-repeat":"repeat","background-position":"center center","background-size":"auto","background-attachment":"scroll","background-type":"","background-media":"","overlay-type":"","overlay-color":"","overlay-opacity":"","overlay-gradient":""},"tablet":{"background-color":"","background-image":"","background-repeat":"repeat","background-position":"center center","background-size":"auto","background-attachment":"scroll","background-type":"","background-media":"","overlay-type":"","overlay-color":"","overlay-opacity":"","overlay-gradient":""},"mobile":{"background-color":"","background-image":"","background-repeat":"repeat","background-position":"center center","background-size":"auto","background-attachment":"scroll","background-type":"","background-media":"","overlay-type":"","overlay-color":"","overlay-opacity":"","overlay-gradient":""}},"ast-content-background-meta":{"desktop":{"background-color":"var(--ast-global-color-4)","background-image":"","background-repeat":"repeat","background-position":"center center","background-size":"auto","background-attachment":"scroll","background-type":"","background-media":"","overlay-type":"","overlay-color":"","overlay-opacity":"","overlay-gradient":""},"tablet":{"background-color":"var(--ast-global-color-4)","background-image":"","background-repeat":"repeat","background-position":"center center","background-size":"auto","background-attachment":"scroll","background-type":"","background-media":"","overlay-type":"","overlay-color":"","overlay-opacity":"","overlay-gradient":""},"mobile":{"background-color":"var(--ast-global-color-4)","background-image":"","background-repeat":"repeat","background-position":"center center","background-size":"auto","background-attachment":"scroll","background-type":"","background-media":"","overlay-type":"","overlay-color":"","overlay-opacity":"","overlay-gradient":""}}},"product_brand":[],"product_cat":[72,90],"product_tag":[],"class_list":{"0":"post-7026","1":"product","2":"type-product","3":"status-publish","4":"has-post-thumbnail","6":"product_cat-cosmetic-packaging","7":"product_cat-refillable-perfume-bottles","8":"desktop-align-left","9":"tablet-align-left","10":"mobile-align-left","12":"first","13":"instock","14":"shipping-taxable","15":"product-type-simple"},"acf":[],"jetpack_sharing_enabled":true,"_links":{"self":[{"href":"https:\/\/theperfumebottles.com\/ro\/wp-json\/wp\/v2\/product\/7026","targetHints":{"allow":["GET"]}}],"collection":[{"href":"https:\/\/theperfumebottles.com\/ro\/wp-json\/wp\/v2\/product"}],"about":[{"href":"https:\/\/theperfumebottles.com\/ro\/wp-json\/wp\/v2\/types\/product"}],"replies":[{"embeddable":true,"href":"https:\/\/theperfumebottles.com\/ro\/wp-json\/wp\/v2\/comments?post=7026"}],"wp:featuredmedia":[{"embeddable":true,"href":"https:\/\/theperfumebottles.com\/ro\/wp-json\/wp\/v2\/media\/7027"}],"wp:attachment":[{"href":"https:\/\/theperfumebottles.com\/ro\/wp-json\/wp\/v2\/media?parent=7026"}],"wp:term":[{"taxonomy":"product_brand","embeddable":true,"href":"https:\/\/theperfumebottles.com\/ro\/wp-json\/wp\/v2\/product_brand?post=7026"},{"taxonomy":"product_cat","embeddable":true,"href":"https:\/\/theperfumebottles.com\/ro\/wp-json\/wp\/v2\/product_cat?post=7026"},{"taxonomy":"product_tag","embeddable":true,"href":"https:\/\/theperfumebottles.com\/ro\/wp-json\/wp\/v2\/product_tag?post=7026"}],"curies":[{"name":"wp","href":"https:\/\/api.w.org\/{rel}","templated":true}]}}