{"id":7031,"date":"2025-11-11T15:55:53","date_gmt":"2025-11-11T07:55:53","guid":{"rendered":"https:\/\/theperfumebottles.com\/?post_type=product&#038;p=7031"},"modified":"2025-11-11T17:29:30","modified_gmt":"2025-11-11T09:29:30","slug":"10ml-double-end-perfume-bottles-wholesaler","status":"publish","type":"product","link":"https:\/\/theperfumebottles.com\/ro\/produs\/10ml-double-end-perfume-bottles-wholesaler\/","title":{"rendered":"Sticle de parfum cu cap\u0103t dublu de 10 ml pentru parfumuri de c\u0103l\u0103torie \u00een vrac"},"content":{"rendered":"<p>F\u0103r\u0103 a pierde din stil, \u00ee\u021bi dore\u0219ti un borcan de parfum care s\u0103 poat\u0103 \u00eendeplini dou\u0103 func\u021bii \u00een acela\u0219i timp. Sticlu\u021bele noastre de parfum cu cap\u0103t dublu de 10 ml sunt exact cele care ofer\u0103 acest rezultat - concepute pentru frumuse\u021be \u0219i confort zilnic. Una dintre aceste sticlu\u021be 2 \u00een 1 \u00ee\u021bi va schimba complet experien\u021ba parfumurilor \u0219i vei fi uimit\u0103.<\/p>\n<h2>Specifica\u021bii cheie<\/h2>\n<table style=\"border-collapse: collapse;width: 80%;margin-left: auto;margin-right: auto\" border=\"0\" width=\"144\" cellspacing=\"0\" cellpadding=\"0\">\n<tbody>\n<tr style=\"height: 13.50pt\">\n<td style=\"height: 13.5pt;width: 54pt;text-align: center\" width=\"72\" height=\"18\">Caracteristic\u0103<\/td>\n<td style=\"width: 54pt;text-align: center\" width=\"72\">Detalii<\/td>\n<\/tr>\n<tr style=\"height: 13.50pt\">\n<td style=\"height: 13.5pt;text-align: center\" height=\"18\">Capacitate<\/td>\n<td style=\"text-align: center\">10 ml<\/td>\n<\/tr>\n<tr style=\"height: 13.50pt\">\n<td style=\"height: 13.5pt;text-align: center\" height=\"18\">Dimensiuni<\/td>\n<td style=\"text-align: center\">1,9 * 10,5 cm<\/td>\n<\/tr>\n<tr style=\"height: 13.50pt\">\n<td style=\"height: 13.5pt;text-align: center\" height=\"18\">Op\u021biuni de sticl\u0103<\/td>\n<td style=\"text-align: center\">Transparent sau chihlimbar<\/td>\n<\/tr>\n<tr style=\"height: 13.50pt\">\n<td style=\"height: 13.5pt;text-align: center\" height=\"18\">Culorile capacelor<\/td>\n<td style=\"text-align: center\">Negru, Argintiu, Auriu (Personalizabil)<\/td>\n<\/tr>\n<tr style=\"height: 13.50pt\">\n<td style=\"height: 13.5pt;text-align: center\" height=\"18\">Tipuri de atomizoare<\/td>\n<td style=\"text-align: center\">Spray &amp; Roll-On (Cap Dublu)<\/td>\n<\/tr>\n<tr style=\"height: 13.50pt\">\n<td style=\"height: 13.5pt;text-align: center\" height=\"18\">Cel mai bun pentru<\/td>\n<td style=\"text-align: center\">Parfum, Uleiuri esen\u021biale, Spray-uri de corp<\/td>\n<\/tr>\n<\/tbody>\n<\/table>\n<h2>Caz de succes<\/h2>\n<p>Am fost contacta\u021bi de un brand spaniol de parfumuri pentru a personaliza aceast\u0103 sticl\u0103 de reumplere cu dou\u0103 capete, al c\u0103rei cap\u0103t este practic o duz\u0103 de pulverizare fin\u0103, iar cel\u0103lalt este un roll-on din o\u021bel inoxidabil pentru o aplicare precis\u0103. Alegerea lor a fost un finisaj gradient de chihlimbar, iar sigla brandului a fost gravat\u0103 cu laser pe capacul metalic, astfel \u00eenc\u00e2t estetica lor minimalist\u0103, dar luxoas\u0103, a fost perfect\u0103 pentru ei.<\/p>\n<p>Aceast\u0103 mic\u0103 idee ingenioas\u0103 a fost foarte c\u0103utat\u0103 de clien\u021bi \u0219i, prin urmare, v\u00e2nz\u0103rile produselor de format c\u0103l\u0103torie au crescut cu 30% dup\u0103 lansare.<\/p>\n<h2>Personalizeaz\u0103-\u021bi sticla<\/h2>\n<ol>\n<li><strong>Personalizare culoare sticl\u0103:<\/strong> Alege dintre nuan\u021be transparente, maro, gradient sau mate pentru a se coordona cu linia de parfumuri sau tema sezonier\u0103 a m\u0103rcii tale.<\/li>\n<li><strong>Materialul \u0219i culoarea capacului:<\/strong> Prezint\u0103 diferite aspecte metalice, cum ar fi aur electrolizat, argint, negru \u0219i aur roz, care \u00eembun\u0103t\u0103\u021besc nivelul general al produsului.<\/li>\n<li><strong>Combina\u021bie de pulverizator \u0219i duz\u0103 cu bil\u0103:<\/strong> O duz\u0103 de pulverizare personalizat\u0103 cu o singur\u0103 pulverizare, design cu cap dublu sau structur\u0103 deta\u0219abil\u0103 pentru umplere u\u0219oar\u0103 \u0219i utilizare multifunc\u021bional\u0103.<\/li>\n<\/ol>","protected":false},"excerpt":{"rendered":"<p>Sticlu\u021be de parfum elegante cu dou\u0103 capete, fabricate dintr-un design durabil de sticl\u0103 2 \u00een 1, perfecte pentru a con\u021bine dou\u0103 parfumuri \u00eentr-un singur recipient compact \u0219i etan\u0219.<\/p>","protected":false},"featured_media":7033,"comment_status":"open","ping_status":"closed","template":"","meta":{"_acf_changed":false,"site-sidebar-layout":"default","site-content-layout":"","ast-site-content-layout":"default","site-content-style":"default","site-sidebar-style":"default","ast-global-header-display":"","ast-banner-title-visibility":"","ast-main-header-display":"","ast-hfb-above-header-display":"","ast-hfb-below-header-display":"","ast-hfb-mobile-header-display":"","site-post-title":"","ast-breadcrumbs-content":"","ast-featured-img":"","footer-sml-layout":"","ast-disable-related-posts":"","theme-transparent-header-meta":"default","adv-header-id-meta":"","stick-header-meta":"","header-above-stick-meta":"","header-main-stick-meta":"","header-below-stick-meta":"","astra-migrate-meta-layouts":"set","ast-page-background-enabled":"default","ast-page-background-meta":{"desktop":{"background-color":"var(--ast-global-color-5)","background-image":"","background-repeat":"repeat","background-position":"center center","background-size":"auto","background-attachment":"scroll","background-type":"","background-media":"","overlay-type":"","overlay-color":"","overlay-opacity":"","overlay-gradient":""},"tablet":{"background-color":"","background-image":"","background-repeat":"repeat","background-position":"center center","background-size":"auto","background-attachment":"scroll","background-type":"","background-media":"","overlay-type":"","overlay-color":"","overlay-opacity":"","overlay-gradient":""},"mobile":{"background-color":"","background-image":"","background-repeat":"repeat","background-position":"center center","background-size":"auto","background-attachment":"scroll","background-type":"","background-media":"","overlay-type":"","overlay-color":"","overlay-opacity":"","overlay-gradient":""}},"ast-content-background-meta":{"desktop":{"background-color":"var(--ast-global-color-4)","background-image":"","background-repeat":"repeat","background-position":"center center","background-size":"auto","background-attachment":"scroll","background-type":"","background-media":"","overlay-type":"","overlay-color":"","overlay-opacity":"","overlay-gradient":""},"tablet":{"background-color":"var(--ast-global-color-4)","background-image":"","background-repeat":"repeat","background-position":"center center","background-size":"auto","background-attachment":"scroll","background-type":"","background-media":"","overlay-type":"","overlay-color":"","overlay-opacity":"","overlay-gradient":""},"mobile":{"background-color":"var(--ast-global-color-4)","background-image":"","background-repeat":"repeat","background-position":"center center","background-size":"auto","background-attachment":"scroll","background-type":"","background-media":"","overlay-type":"","overlay-color":"","overlay-opacity":"","overlay-gradient":""}}},"product_brand":[],"product_cat":[72,90,41],"product_tag":[],"class_list":{"0":"post-7031","1":"product","2":"type-product","3":"status-publish","4":"has-post-thumbnail","6":"product_cat-cosmetic-packaging","7":"product_cat-refillable-perfume-bottles","8":"product_cat-perfume-bottles","9":"desktop-align-left","10":"tablet-align-left","11":"mobile-align-left","13":"first","14":"instock","15":"shipping-taxable","16":"product-type-simple"},"acf":[],"jetpack_sharing_enabled":true,"_links":{"self":[{"href":"https:\/\/theperfumebottles.com\/ro\/wp-json\/wp\/v2\/product\/7031","targetHints":{"allow":["GET"]}}],"collection":[{"href":"https:\/\/theperfumebottles.com\/ro\/wp-json\/wp\/v2\/product"}],"about":[{"href":"https:\/\/theperfumebottles.com\/ro\/wp-json\/wp\/v2\/types\/product"}],"replies":[{"embeddable":true,"href":"https:\/\/theperfumebottles.com\/ro\/wp-json\/wp\/v2\/comments?post=7031"}],"wp:featuredmedia":[{"embeddable":true,"href":"https:\/\/theperfumebottles.com\/ro\/wp-json\/wp\/v2\/media\/7033"}],"wp:attachment":[{"href":"https:\/\/theperfumebottles.com\/ro\/wp-json\/wp\/v2\/media?parent=7031"}],"wp:term":[{"taxonomy":"product_brand","embeddable":true,"href":"https:\/\/theperfumebottles.com\/ro\/wp-json\/wp\/v2\/product_brand?post=7031"},{"taxonomy":"product_cat","embeddable":true,"href":"https:\/\/theperfumebottles.com\/ro\/wp-json\/wp\/v2\/product_cat?post=7031"},{"taxonomy":"product_tag","embeddable":true,"href":"https:\/\/theperfumebottles.com\/ro\/wp-json\/wp\/v2\/product_tag?post=7031"}],"curies":[{"name":"wp","href":"https:\/\/api.w.org\/{rel}","templated":true}]}}