{"id":7062,"date":"2025-11-20T11:41:58","date_gmt":"2025-11-20T03:41:58","guid":{"rendered":"https:\/\/theperfumebottles.com\/?post_type=product&#038;p=7062"},"modified":"2025-11-20T17:15:55","modified_gmt":"2025-11-20T09:15:55","slug":"2-in-1-spray-bottle-with-roller-ball-wholesale","status":"publish","type":"product","link":"https:\/\/theperfumebottles.com\/ro\/produs\/2-in-1-spray-bottle-with-roller-ball-wholesale\/","title":{"rendered":"Sticl\u0103 pulverizatoare 2 \u00een 1 cu bil\u0103 rotativ\u0103, en-gros, 10 ml"},"content":{"rendered":"<p>Sticlu\u021ba de parfum pe care \u021bi-o dore\u0219ti nu trebuie doar s\u0103 fie eficient\u0103, ci \u0219i atractiv\u0103. Sticlu\u021bele noastre mici cu rol\u0103 din sticl\u0103 de 10 ml sunt exact ceea ce c\u0103utai - o experien\u021b\u0103 autentic\u0103 de pulverizare 2 \u00een 1, perfect\u0103 pentru linia ta de parfumuri. Aceast\u0103 sticl\u0103 de parfum din sticl\u0103 va face, f\u0103r\u0103 \u00eendoial\u0103, brandul t\u0103u s\u0103 str\u0103luceasc\u0103, iar acesta este un lucru c\u0103ruia nu po\u021bi rezista.<\/p>\n<h2>Specifica\u021bii cheie<\/h2>\n<table style=\"border-collapse: collapse;width: 80%;margin-left: auto;margin-right: auto\" border=\"0\" width=\"144\" cellspacing=\"0\" cellpadding=\"0\">\n<tbody>\n<tr style=\"height: 13.50pt\">\n<td style=\"height: 13.5pt;width: 54pt;text-align: center\" width=\"72\" height=\"18\">Caracteristic\u0103<\/td>\n<td style=\"width: 54pt;text-align: center\" width=\"72\">Detalii<\/td>\n<\/tr>\n<tr style=\"height: 13.50pt\">\n<td style=\"height: 13.5pt;text-align: center\" height=\"18\">Capacitate<\/td>\n<td style=\"text-align: center\">10 ml<\/td>\n<\/tr>\n<tr style=\"height: 13.50pt\">\n<td style=\"height: 13.5pt;text-align: center\" height=\"18\">Dimensiuni<\/td>\n<td style=\"text-align: center\">1,6 * 10,0 cm<\/td>\n<\/tr>\n<tr style=\"height: 13.50pt\">\n<td style=\"height: 13.5pt;text-align: center\" height=\"18\">Culori<\/td>\n<td style=\"text-align: center\">Argintiu, Negru, Auriu (Personalizabil)<\/td>\n<\/tr>\n<tr style=\"height: 13.50pt\">\n<td style=\"height: 13.5pt;text-align: center\" height=\"18\">Pulverizator<\/td>\n<td style=\"text-align: center\">Pulverizare \u0219i rol\u0103 (cap dublu)<\/td>\n<\/tr>\n<tr style=\"height: 13.50pt\">\n<td style=\"height: 13.5pt;text-align: center\" height=\"18\">Cel mai bun pentru<\/td>\n<td style=\"text-align: center\">Parfum, Uleiuri esen\u021biale, Spray-uri parfumate<\/td>\n<\/tr>\n<\/tbody>\n<\/table>\n<h2>Caz de succes<\/h2>\n<p>Am fost aborda\u021bi de o companie canadian\u0103 de parfumuri care dorea o op\u021biune de ambalaj portabil care s\u0103 poat\u0103 con\u021bine at\u00e2t o cea\u021b\u0103 fin\u0103 de parfum, c\u00e2t \u0219i un amestec de uleiuri naturale. Solu\u021bia noastr\u0103 a fost o sticl\u0103 cu pulverizator 2 \u00een 1, cu un exterior metalic elegant \u0219i un mic aplicator cu roll-on din sticl\u0103 \u00eencorporat. Dup\u0103 personalizarea culorii sticlei \u0219i modernizarea pompei de pulverizare pentru o cea\u021b\u0103 mai delicat\u0103, brandul a lansat o colec\u021bie de dimensiuni reduse, care a devenit \u00een cel mai scurt timp cadoul lor de succes.<\/p>\n<p>Volumul comenzilor pentru cantit\u0103\u021bi mari a crescut cu 40% \u00een doar dou\u0103 luni.<\/p>\n<h2>Personalizeaz\u0103-\u021bi sticla de pulverizare 2 \u00een 1<\/h2>\n<ol>\n<li><strong>Culoare galvanizare reglabil\u0103:<\/strong> Alege\u021bi culoarea galvaniz\u0103rii, cum ar fi auriu, argintiu, auriu roz, bronz \u00eenchis sau orice alta, pentru a oferi brandului dvs. un aspect mai uniform.<\/li>\n<li><strong>Diferite materiale pentru rulmentul cu bile:<\/strong> Oferi\u021bi diferite tipuri de rulmen\u021bi cu bile, cum ar fi sticl\u0103, o\u021bel inoxidabil \u0219i ceramic\u0103, pentru a se potrivi cu textura uleiurilor esen\u021biale sau a parfumurilor.<\/li>\n<li><strong>Branding \u0219i model decorativ:<\/strong> Aleg\u00e2nd \u00eentre serigrafie, gravare cu laser, \u0219tan\u021bare la cald \u0219i alte tehnici pentru a v\u0103 identifica marca \u0219i a cre\u0219te recunoa\u0219terea acesteia.<\/li>\n<\/ol>","protected":false},"excerpt":{"rendered":"<p>Sticl\u0103 pulverizatoare versatil\u0103 2 \u00een 1, cu bil\u0103 roll-on, ideal\u0103 pentru parfumuri sau uleiuri. Livrare direct\u0103 din fabric\u0103, cu op\u021biuni personalizate. Disponibil\u0103 pentru livrare imediat\u0103.<\/p>","protected":false},"featured_media":7063,"comment_status":"open","ping_status":"closed","template":"","meta":{"_acf_changed":false,"site-sidebar-layout":"default","site-content-layout":"","ast-site-content-layout":"default","site-content-style":"default","site-sidebar-style":"default","ast-global-header-display":"","ast-banner-title-visibility":"","ast-main-header-display":"","ast-hfb-above-header-display":"","ast-hfb-below-header-display":"","ast-hfb-mobile-header-display":"","site-post-title":"","ast-breadcrumbs-content":"","ast-featured-img":"","footer-sml-layout":"","ast-disable-related-posts":"","theme-transparent-header-meta":"default","adv-header-id-meta":"","stick-header-meta":"","header-above-stick-meta":"","header-main-stick-meta":"","header-below-stick-meta":"","astra-migrate-meta-layouts":"set","ast-page-background-enabled":"default","ast-page-background-meta":{"desktop":{"background-color":"var(--ast-global-color-5)","background-image":"","background-repeat":"repeat","background-position":"center center","background-size":"auto","background-attachment":"scroll","background-type":"","background-media":"","overlay-type":"","overlay-color":"","overlay-opacity":"","overlay-gradient":""},"tablet":{"background-color":"","background-image":"","background-repeat":"repeat","background-position":"center center","background-size":"auto","background-attachment":"scroll","background-type":"","background-media":"","overlay-type":"","overlay-color":"","overlay-opacity":"","overlay-gradient":""},"mobile":{"background-color":"","background-image":"","background-repeat":"repeat","background-position":"center center","background-size":"auto","background-attachment":"scroll","background-type":"","background-media":"","overlay-type":"","overlay-color":"","overlay-opacity":"","overlay-gradient":""}},"ast-content-background-meta":{"desktop":{"background-color":"var(--ast-global-color-4)","background-image":"","background-repeat":"repeat","background-position":"center center","background-size":"auto","background-attachment":"scroll","background-type":"","background-media":"","overlay-type":"","overlay-color":"","overlay-opacity":"","overlay-gradient":""},"tablet":{"background-color":"var(--ast-global-color-4)","background-image":"","background-repeat":"repeat","background-position":"center center","background-size":"auto","background-attachment":"scroll","background-type":"","background-media":"","overlay-type":"","overlay-color":"","overlay-opacity":"","overlay-gradient":""},"mobile":{"background-color":"var(--ast-global-color-4)","background-image":"","background-repeat":"repeat","background-position":"center center","background-size":"auto","background-attachment":"scroll","background-type":"","background-media":"","overlay-type":"","overlay-color":"","overlay-opacity":"","overlay-gradient":""}}},"product_brand":[],"product_cat":[72,90,41],"product_tag":[],"class_list":{"0":"post-7062","1":"product","2":"type-product","3":"status-publish","4":"has-post-thumbnail","6":"product_cat-cosmetic-packaging","7":"product_cat-refillable-perfume-bottles","8":"product_cat-perfume-bottles","9":"desktop-align-left","10":"tablet-align-left","11":"mobile-align-left","13":"first","14":"instock","15":"shipping-taxable","16":"product-type-simple"},"acf":[],"jetpack_sharing_enabled":true,"_links":{"self":[{"href":"https:\/\/theperfumebottles.com\/ro\/wp-json\/wp\/v2\/product\/7062","targetHints":{"allow":["GET"]}}],"collection":[{"href":"https:\/\/theperfumebottles.com\/ro\/wp-json\/wp\/v2\/product"}],"about":[{"href":"https:\/\/theperfumebottles.com\/ro\/wp-json\/wp\/v2\/types\/product"}],"replies":[{"embeddable":true,"href":"https:\/\/theperfumebottles.com\/ro\/wp-json\/wp\/v2\/comments?post=7062"}],"wp:featuredmedia":[{"embeddable":true,"href":"https:\/\/theperfumebottles.com\/ro\/wp-json\/wp\/v2\/media\/7063"}],"wp:attachment":[{"href":"https:\/\/theperfumebottles.com\/ro\/wp-json\/wp\/v2\/media?parent=7062"}],"wp:term":[{"taxonomy":"product_brand","embeddable":true,"href":"https:\/\/theperfumebottles.com\/ro\/wp-json\/wp\/v2\/product_brand?post=7062"},{"taxonomy":"product_cat","embeddable":true,"href":"https:\/\/theperfumebottles.com\/ro\/wp-json\/wp\/v2\/product_cat?post=7062"},{"taxonomy":"product_tag","embeddable":true,"href":"https:\/\/theperfumebottles.com\/ro\/wp-json\/wp\/v2\/product_tag?post=7062"}],"curies":[{"name":"wp","href":"https:\/\/api.w.org\/{rel}","templated":true}]}}