{"id":3,"date":"2024-12-05T06:22:48","date_gmt":"2024-12-05T06:22:48","guid":{"rendered":"https:\/\/theperfumebottles.com\/?page_id=3"},"modified":"2025-10-31T10:10:35","modified_gmt":"2025-10-31T02:10:35","slug":"privacy-policy","status":"publish","type":"page","link":"https:\/\/theperfumebottles.com\/sv\/privacy-policy\/","title":{"rendered":"Integritetspolicy"},"content":{"rendered":"<div data-elementor-type=\"wp-page\" data-elementor-id=\"3\" class=\"elementor elementor-3\" data-elementor-settings=\"{&quot;ha_cmc_init_switcher&quot;:&quot;no&quot;}\" data-elementor-post-type=\"page\">\n\t\t\t\t<div class=\"elementor-element elementor-element-7292605e e-flex e-con-boxed e-con e-parent\" data-id=\"7292605e\" data-element_type=\"container\" data-e-type=\"container\" data-settings=\"{&quot;_ha_eqh_enable&quot;:false}\">\n\t\t\t\t\t<div class=\"e-con-inner\">\n\t\t\t\t<div class=\"elementor-element elementor-element-23aa057f elementor-widget elementor-widget-text-editor\" data-id=\"23aa057f\" data-element_type=\"widget\" data-e-type=\"widget\" data-widget_type=\"text-editor.default\">\n\t\t\t\t<div class=\"elementor-widget-container\">\n\t\t\t\t\t\t\t\t\t<p>Denna sekretesspolicy beskriver hur din personliga information samlas in, anv\u00e4nds och delas n\u00e4r du bes\u00f6ker eller g\u00f6r ett k\u00f6p fr\u00e5n theperfumebottles.com (\"webbplatsen\").<\/p>\n<p><span style=\"color: #002b5b;\"><strong>PERSONLIG INFORMATION SOM VI SAMLAR IN<\/strong><\/span><\/p>\n<p>N\u00e4r du bes\u00f6ker webbplatsen samlar vi automatiskt in viss information om din enhet, inklusive information om din webbl\u00e4sare, IP-adress, tidszon och n\u00e5gra av de cookies som \u00e4r installerade p\u00e5 din enhet. N\u00e4r du surfar p\u00e5 webbplatsen samlar vi dessutom in information om de enskilda webbsidor eller produkter som du tittar p\u00e5, vilka webbplatser eller s\u00f6ktermer som h\u00e4nvisade dig till webbplatsen och information om hur du interagerar med webbplatsen. Vi kallar denna automatiskt insamlade information f\u00f6r \"enhetsinformation\".<\/p>\n<p>Vi samlar in enhetsinformation med hj\u00e4lp av f\u00f6ljande tekniker:<br \/>- \"Cookies\" \u00e4r datafiler som placeras p\u00e5 din enhet eller dator och som ofta inneh\u00e5ller en anonym unik identifierare. F\u00f6r mer information om cookies och hur du inaktiverar cookies, bes\u00f6k http:\/\/www.allaboutcookies.org.<br \/>- \"Loggfiler\" sp\u00e5rar \u00e5tg\u00e4rder som sker p\u00e5 webbplatsen och samlar in data inklusive din IP-adress, webbl\u00e4sartyp, Internetleverant\u00f6r, h\u00e4nvisnings-\/utg\u00e5ngssidor och datum-\/tidsst\u00e4mplar.<br \/>- \"Web beacons\", \"tags\" och \"pixels\" \u00e4r elektroniska filer som anv\u00e4nds f\u00f6r att registrera information om hur du surfar p\u00e5 webbplatsen.<\/p>\n<p>N\u00e4r du g\u00f6r ett k\u00f6p eller f\u00f6rs\u00f6ker g\u00f6ra ett k\u00f6p via webbplatsen samlar vi dessutom in viss information fr\u00e5n dig, inklusive ditt namn, faktureringsadress, leveransadress, betalningsinformation, e-postadress och telefonnummer. Vi kallar denna information f\u00f6r \"Orderinformation\".<\/p>\n<p>N\u00e4r vi talar om \"Personuppgifter\" i denna Integritetspolicy talar vi b\u00e5de om Enhetsinformation och Orderinformation.<\/p>\n<p><span style=\"color: #002b5b;\"><strong>HUR ANV\u00c4NDER VI DIN PERSONLIGA INFORMATION?<\/strong><\/span><\/p>\n<p>Vi anv\u00e4nder den Orderinformation som vi samlar in i allm\u00e4nhet f\u00f6r att fullg\u00f6ra alla best\u00e4llningar som g\u00f6rs via Webbplatsen (inklusive att behandla din betalningsinformation, ordna med frakt och f\u00f6rse dig med fakturor och\/eller orderbekr\u00e4ftelser). Dessutom anv\u00e4nder vi denna Orderinformation f\u00f6r att:<br \/>- Kommunicera med dig;<br \/>- Granska v\u00e5ra best\u00e4llningar f\u00f6r att uppt\u00e4cka potentiella risker eller bedr\u00e4gerier; <br \/>- I enlighet med de preferenser du har delat med oss, f\u00f6rse dig med information eller reklam som r\u00f6r v\u00e5ra produkter eller tj\u00e4nster.<\/p>\n<p>Vi anv\u00e4nder den enhetsinformation som vi samlar in f\u00f6r att hj\u00e4lpa oss att uppt\u00e4cka potentiella risker och bedr\u00e4gerier (i synnerhet din IP-adress) och mer allm\u00e4nt f\u00f6r att f\u00f6rb\u00e4ttra och optimera v\u00e5r webbplats (till exempel genom att generera analyser om hur v\u00e5ra kunder surfar och interagerar med webbplatsen och f\u00f6r att bed\u00f6ma hur framg\u00e5ngsrika v\u00e5ra marknadsf\u00f6rings- och reklamkampanjer \u00e4r).<\/p>\n<p><span style=\"color: #002b5b;\"><strong>DELA DIN PERSONLIGA INFORMATION<\/strong><\/span><\/p>\n<p>Vi delar din personliga information med tredje part f\u00f6r att hj\u00e4lpa oss att anv\u00e4nda din personliga information, enligt beskrivningen ovan. <br \/>Vi anv\u00e4nder Google Analytics f\u00f6r att hj\u00e4lpa oss att f\u00f6rst\u00e5 hur v\u00e5ra kunder anv\u00e4nder webbplatsen - du kan l\u00e4sa mer om hur Google anv\u00e4nder dina personuppgifter h\u00e4r: https:\/\/www.google.com\/intl\/en\/policies\/privacy\/. Du kan ocks\u00e5 v\u00e4lja bort Google Analytics h\u00e4r: https:\/\/tools.google.com\/dlpage\/gaoptout\/.<\/p>\n<p>Slutligen kan vi ocks\u00e5 dela dina personuppgifter f\u00f6r att f\u00f6lja till\u00e4mpliga lagar och f\u00f6rordningar, f\u00f6r att svara p\u00e5 en st\u00e4mning, husrannsakan eller andra lagliga f\u00f6rfr\u00e5gningar om information som vi f\u00e5r, eller f\u00f6r att p\u00e5 annat s\u00e4tt skydda v\u00e5ra r\u00e4ttigheter.<\/p>\n<p><span style=\"color: #002b5b;\"><strong>SP\u00c5RAR INTE<\/strong><\/span><\/p>\n<p>Observera att vi inte \u00e4ndrar v\u00e5r webbplats datainsamling och anv\u00e4ndningspraxis n\u00e4r vi ser en Do Not Track-signal fr\u00e5n din webbl\u00e4sare.<\/p>\n<p><span style=\"color: #002b5b;\"><strong>DINA R\u00c4TTIGHETER<\/strong><\/span><\/p>\n<p>Om du \u00e4r bosatt i Europa har du r\u00e4tt att f\u00e5 tillg\u00e5ng till de personuppgifter vi har om dig och att beg\u00e4ra att dina personuppgifter korrigeras, uppdateras eller raderas. Om du vill ut\u00f6va denna r\u00e4ttighet, v\u00e4nligen kontakta oss via kontaktuppgifterna nedan.<\/p>\n<p>Om du \u00e4r bosatt i Europa noterar vi dessutom att vi behandlar din information f\u00f6r att fullg\u00f6ra avtal som vi kan ha med dig (till exempel om du g\u00f6r en best\u00e4llning via webbplatsen), eller p\u00e5 annat s\u00e4tt f\u00f6r att fullf\u00f6lja v\u00e5ra legitima aff\u00e4rsintressen som anges ovan. Observera dessutom att din information kommer att \u00f6verf\u00f6ras utanf\u00f6r Europa, inklusive till Kanada och USA.<\/p>\n<p><span style=\"color: #002b5b;\"><strong>BEVARANDE AV UPPGIFTER<\/strong><\/span><\/p>\n<p>N\u00e4r du g\u00f6r en best\u00e4llning via webbplatsen kommer vi att beh\u00e5lla din best\u00e4llningsinformation i v\u00e5ra register s\u00e5vida inte och tills du ber oss att radera denna information.<\/p>\n<p><span style=\"color: #002b5b;\"><strong>F\u00d6R\u00c4NDRINGAR<\/strong><\/span><\/p>\n<p>Vi kan komma att uppdatera denna integritetspolicy fr\u00e5n tid till annan f\u00f6r att till exempel \u00e5terspegla \u00e4ndringar i v\u00e5r praxis eller av andra operativa, juridiska eller regleringsm\u00e4ssiga sk\u00e4l.<\/p>\n<p><span style=\"color: #002b5b;\"><strong>Detalii<\/strong><\/span><\/p>\n<p>Webbplatsen \u00e4r inte avsedd f\u00f6r personer under 18 \u00e5r.<\/p>\n<p><span style=\"color: #002b5b;\"><strong>KONTAKTA OSS<\/strong><\/span><\/p>\n<p>Kontakta oss om du vill ha mer information om v\u00e5ra integritetsrutiner, om du har fr\u00e5gor eller om du vill l\u00e4mna in ett klagom\u00e5l.<\/p>\t\t\t\t\t\t\t\t<\/div>\n\t\t\t\t<\/div>\n\t\t\t\t\t<\/div>\n\t\t\t\t<\/div>\n\t\t\t\t<\/div>","protected":false},"excerpt":{"rendered":"<p>Denna integritetspolicy beskriver hur dina personuppgifter samlas in, anv\u00e4nds och delas n\u00e4r du bes\u00f6ker eller g\u00f6r en k\u00f6p [\u2026]<\/p>","protected":false},"author":1,"featured_media":0,"parent":0,"menu_order":111,"comment_status":"closed","ping_status":"closed","template":"","meta":{"_acf_changed":false,"site-sidebar-layout":"default","site-content-layout":"","ast-site-content-layout":"default","site-content-style":"default","site-sidebar-style":"default","ast-global-header-display":"","ast-banner-title-visibility":"","ast-main-header-display":"","ast-hfb-above-header-display":"","ast-hfb-below-header-display":"","ast-hfb-mobile-header-display":"","site-post-title":"","ast-breadcrumbs-content":"","ast-featured-img":"","footer-sml-layout":"","ast-disable-related-posts":"","theme-transparent-header-meta":"","adv-header-id-meta":"","stick-header-meta":"","header-above-stick-meta":"","header-main-stick-meta":"","header-below-stick-meta":"","astra-migrate-meta-layouts":"default","ast-page-background-enabled":"default","ast-page-background-meta":{"desktop":{"background-color":"var(--ast-global-color-5)","background-image":"","background-repeat":"repeat","background-position":"center center","background-size":"auto","background-attachment":"scroll","background-type":"","background-media":"","overlay-type":"","overlay-color":"","overlay-opacity":"","overlay-gradient":""},"tablet":{"background-color":"","background-image":"","background-repeat":"repeat","background-position":"center center","background-size":"auto","background-attachment":"scroll","background-type":"","background-media":"","overlay-type":"","overlay-color":"","overlay-opacity":"","overlay-gradient":""},"mobile":{"background-color":"","background-image":"","background-repeat":"repeat","background-position":"center center","background-size":"auto","background-attachment":"scroll","background-type":"","background-media":"","overlay-type":"","overlay-color":"","overlay-opacity":"","overlay-gradient":""}},"ast-content-background-meta":{"desktop":{"background-color":"var(--ast-global-color-4)","background-image":"","background-repeat":"repeat","background-position":"center center","background-size":"auto","background-attachment":"scroll","background-type":"","background-media":"","overlay-type":"","overlay-color":"","overlay-opacity":"","overlay-gradient":""},"tablet":{"background-color":"var(--ast-global-color-4)","background-image":"","background-repeat":"repeat","background-position":"center center","background-size":"auto","background-attachment":"scroll","background-type":"","background-media":"","overlay-type":"","overlay-color":"","overlay-opacity":"","overlay-gradient":""},"mobile":{"background-color":"var(--ast-global-color-4)","background-image":"","background-repeat":"repeat","background-position":"center center","background-size":"auto","background-attachment":"scroll","background-type":"","background-media":"","overlay-type":"","overlay-color":"","overlay-opacity":"","overlay-gradient":""}},"footnotes":""},"class_list":["post-3","page","type-page","status-publish","hentry"],"acf":[],"jetpack_sharing_enabled":true,"_links":{"self":[{"href":"https:\/\/theperfumebottles.com\/sv\/wp-json\/wp\/v2\/pages\/3","targetHints":{"allow":["GET"]}}],"collection":[{"href":"https:\/\/theperfumebottles.com\/sv\/wp-json\/wp\/v2\/pages"}],"about":[{"href":"https:\/\/theperfumebottles.com\/sv\/wp-json\/wp\/v2\/types\/page"}],"author":[{"embeddable":true,"href":"https:\/\/theperfumebottles.com\/sv\/wp-json\/wp\/v2\/users\/1"}],"replies":[{"embeddable":true,"href":"https:\/\/theperfumebottles.com\/sv\/wp-json\/wp\/v2\/comments?post=3"}],"version-history":[{"count":5,"href":"https:\/\/theperfumebottles.com\/sv\/wp-json\/wp\/v2\/pages\/3\/revisions"}],"predecessor-version":[{"id":2216,"href":"https:\/\/theperfumebottles.com\/sv\/wp-json\/wp\/v2\/pages\/3\/revisions\/2216"}],"wp:attachment":[{"href":"https:\/\/theperfumebottles.com\/sv\/wp-json\/wp\/v2\/media?parent=3"}],"curies":[{"name":"wp","href":"https:\/\/api.w.org\/{rel}","templated":true}]}}