{"id":1827,"date":"2025-02-10T09:15:47","date_gmt":"2025-02-10T09:15:47","guid":{"rendered":"https:\/\/theperfumebottles.com\/?post_type=product&#038;p=1827"},"modified":"2025-05-29T13:08:36","modified_gmt":"2025-05-29T05:08:36","slug":"100ml-personalized-cologne-bottle","status":"publish","type":"product","link":"https:\/\/theperfumebottles.com\/sv\/produkt\/100ml-personalized-cologne-bottle\/","title":{"rendered":"100ml personlig parfymflaska med silverlock"},"content":{"rendered":"<p>Vi presenterar en 100 ml (3,4 oz) personlig parfymflaska som \u00e4r b\u00e5de elegant och praktisk. Denna parfymflaska f\u00f6r m\u00e4n \u00e4r inspirerad av en snygg rektangel med eleganta avfasade linjer, och kollisionen mellan svart och transparent visar tidl\u00f6s charm. Det finns tv\u00e5 f\u00e4rger att v\u00e4lja mellan: lugnt svart och transparent kristall, och flaskans silverlock \u00e4r lika skarpt som byggnadens h\u00f6rn. Den avfasade flaskkroppen skiner under ljuset, den svarta modellen visar gentlemannam\u00e4ssigt uppf\u00f6rande och kristallmodellen \u00e4r lika kristallklar som b\u00e4rnsten. Varje sida \u00e4r en visuell konst.<\/p>\n<h2>Viktiga specifikationer f\u00f6r personlig K\u00f6lnflaska<\/h2>\n<table style=\"border-collapse: collapse;margin-left: auto;margin-right: auto;width: 327.77pt\" border=\"0\" width=\"437\" cellspacing=\"0\" cellpadding=\"0\">\n<tbody>\n<tr style=\"height: 18.00pt\">\n<td class=\"et2\" style=\"height: 18.00pt;width: 114.00pt\" width=\"152\" height=\"24\">Modellnummer<\/td>\n<td class=\"et2\" style=\"width: 213.75pt\" width=\"285\">PB-BF03<\/td>\n<\/tr>\n<tr style=\"height: 18.00pt\">\n<td class=\"et2\" style=\"height: 18.00pt;width: 114.00pt\" width=\"152\" height=\"24\">Kapacitet<\/td>\n<td class=\"et2\" style=\"width: 213.75pt\" width=\"285\">100 ml<\/td>\n<\/tr>\n<tr style=\"height: 18.00pt\">\n<td class=\"et2\" style=\"height: 18.00pt;width: 114.00pt\" width=\"152\" height=\"24\">Kaliber<\/td>\n<td class=\"et2\" style=\"width: 213.75pt\" width=\"285\">15 mm<\/td>\n<\/tr>\n<tr style=\"height: 18.00pt\">\n<td class=\"et2\" style=\"height: 18.00pt;width: 114.00pt\" width=\"152\" height=\"24\">Glasdimension<\/td>\n<td class=\"et2\" style=\"width: 213.75pt\" width=\"285\">69 mm * 32 mm * 110 mm<\/td>\n<\/tr>\n<tr style=\"height: 18.00pt\">\n<td class=\"et2\" style=\"height: 18.00pt;width: 114.00pt\" width=\"152\" height=\"24\">F\u00e4rg<\/td>\n<td class=\"et2\" style=\"width: 213.75pt\" width=\"285\">Transparent med silverlock<\/td>\n<\/tr>\n<tr style=\"height: 18.00pt\">\n<td class=\"et2\" style=\"height: 18.00pt;width: 114.00pt\" width=\"152\" height=\"24\">Material<\/td>\n<td class=\"et2\" style=\"width: 213.75pt\" width=\"285\">H\u00f6gkvalitativt kristallglas<\/td>\n<\/tr>\n<tr style=\"height: 18.00pt\">\n<td class=\"et2\" style=\"height: 18.00pt;width: 114.00pt\" width=\"152\" height=\"24\">T\u00e4tningstyp<\/td>\n<td class=\"et2\" style=\"width: 213.75pt\" width=\"285\">Pumpspruta + lock<\/td>\n<\/tr>\n<\/tbody>\n<\/table>\n<h2>Fullst\u00e4ndig scenanpassning:<\/h2>\n<ul>\n<li><strong>Varum\u00e4rke:<\/strong> Skapa en avancerad parfymserie f\u00f6r m\u00e4n, st\u00f6d LOGO lasergravyr + flaska 3D-l\u00e4ttnad<\/li>\n<li><strong>Grossist:<\/strong> Anpassa sig till dagliga kemiska kanaler \/ tullfri butiksdisplay, kostnaden per flaska \u00e4r 15% l\u00e4gre \u00e4n liknande produkter<\/li>\n<li><strong>Privat anpassning:<\/strong> Fr\u00e5n dofter f\u00f6r br\u00f6llopstema till privata samlingar, tillgodose olika behov<\/li>\n<\/ul>\n<p>L\u00e5t den h\u00e4r parfymflaskan som kombinerar sk\u00f6nhet och funktionalitet ge nytt liv \u00e5t ditt varum\u00e4rke. Kontakta oss nu f\u00f6r att f\u00e5 exklusiva skr\u00e4ddarsydda l\u00f6sningar och \u00f6ppna ett nytt kapitel i din doftestetik!<\/p>","protected":false},"excerpt":{"rendered":"<p>Vi presenterar till dig en 100 ml (3.4 oz) personlig doft\u00f6lja som \u00e4r b\u00e5de elegans och praktisk. Denna herr-\u2026<\/p>","protected":false},"featured_media":2325,"comment_status":"open","ping_status":"closed","template":"","meta":{"_acf_changed":false,"site-sidebar-layout":"default","site-content-layout":"","ast-site-content-layout":"default","site-content-style":"default","site-sidebar-style":"default","ast-global-header-display":"","ast-banner-title-visibility":"","ast-main-header-display":"","ast-hfb-above-header-display":"","ast-hfb-below-header-display":"","ast-hfb-mobile-header-display":"","site-post-title":"","ast-breadcrumbs-content":"","ast-featured-img":"","footer-sml-layout":"","ast-disable-related-posts":"","theme-transparent-header-meta":"default","adv-header-id-meta":"","stick-header-meta":"","header-above-stick-meta":"","header-main-stick-meta":"","header-below-stick-meta":"","astra-migrate-meta-layouts":"set","ast-page-background-enabled":"default","ast-page-background-meta":{"desktop":{"background-color":"var(--ast-global-color-5)","background-image":"","background-repeat":"repeat","background-position":"center center","background-size":"auto","background-attachment":"scroll","background-type":"","background-media":"","overlay-type":"","overlay-color":"","overlay-opacity":"","overlay-gradient":""},"tablet":{"background-color":"","background-image":"","background-repeat":"repeat","background-position":"center center","background-size":"auto","background-attachment":"scroll","background-type":"","background-media":"","overlay-type":"","overlay-color":"","overlay-opacity":"","overlay-gradient":""},"mobile":{"background-color":"","background-image":"","background-repeat":"repeat","background-position":"center center","background-size":"auto","background-attachment":"scroll","background-type":"","background-media":"","overlay-type":"","overlay-color":"","overlay-opacity":"","overlay-gradient":""}},"ast-content-background-meta":{"desktop":{"background-color":"var(--ast-global-color-4)","background-image":"","background-repeat":"repeat","background-position":"center center","background-size":"auto","background-attachment":"scroll","background-type":"","background-media":"","overlay-type":"","overlay-color":"","overlay-opacity":"","overlay-gradient":""},"tablet":{"background-color":"var(--ast-global-color-4)","background-image":"","background-repeat":"repeat","background-position":"center center","background-size":"auto","background-attachment":"scroll","background-type":"","background-media":"","overlay-type":"","overlay-color":"","overlay-opacity":"","overlay-gradient":""},"mobile":{"background-color":"var(--ast-global-color-4)","background-image":"","background-repeat":"repeat","background-position":"center center","background-size":"auto","background-attachment":"scroll","background-type":"","background-media":"","overlay-type":"","overlay-color":"","overlay-opacity":"","overlay-gradient":""}}},"product_brand":[],"product_cat":[41,72],"product_tag":[],"class_list":{"0":"post-1827","1":"product","2":"type-product","3":"status-publish","4":"has-post-thumbnail","6":"product_cat-perfume-bottles","7":"product_cat-cosmetic-packaging","8":"desktop-align-left","9":"tablet-align-left","10":"mobile-align-left","12":"first","13":"instock","14":"shipping-taxable","15":"product-type-simple"},"acf":[],"jetpack_sharing_enabled":true,"_links":{"self":[{"href":"https:\/\/theperfumebottles.com\/sv\/wp-json\/wp\/v2\/product\/1827","targetHints":{"allow":["GET"]}}],"collection":[{"href":"https:\/\/theperfumebottles.com\/sv\/wp-json\/wp\/v2\/product"}],"about":[{"href":"https:\/\/theperfumebottles.com\/sv\/wp-json\/wp\/v2\/types\/product"}],"replies":[{"embeddable":true,"href":"https:\/\/theperfumebottles.com\/sv\/wp-json\/wp\/v2\/comments?post=1827"}],"wp:featuredmedia":[{"embeddable":true,"href":"https:\/\/theperfumebottles.com\/sv\/wp-json\/wp\/v2\/media\/2325"}],"wp:attachment":[{"href":"https:\/\/theperfumebottles.com\/sv\/wp-json\/wp\/v2\/media?parent=1827"}],"wp:term":[{"taxonomy":"product_brand","embeddable":true,"href":"https:\/\/theperfumebottles.com\/sv\/wp-json\/wp\/v2\/product_brand?post=1827"},{"taxonomy":"product_cat","embeddable":true,"href":"https:\/\/theperfumebottles.com\/sv\/wp-json\/wp\/v2\/product_cat?post=1827"},{"taxonomy":"product_tag","embeddable":true,"href":"https:\/\/theperfumebottles.com\/sv\/wp-json\/wp\/v2\/product_tag?post=1827"}],"curies":[{"name":"wp","href":"https:\/\/api.w.org\/{rel}","templated":true}]}}