{"id":1835,"date":"2025-02-12T08:36:19","date_gmt":"2025-02-12T08:36:19","guid":{"rendered":"https:\/\/theperfumebottles.com\/?post_type=product&#038;p=1835"},"modified":"2025-05-29T14:46:40","modified_gmt":"2025-05-29T06:46:40","slug":"20g-eco-friendly-cosmetic-jars","status":"publish","type":"product","link":"https:\/\/theperfumebottles.com\/sv\/produkt\/20g-eco-friendly-cosmetic-jars\/","title":{"rendered":"20g milj\u00f6v\u00e4nliga kosmetiska burkar"},"content":{"rendered":"<p>Denna runda glasburk PB-GS20 \u00e4r inspirerad av kapaciteten p\u00e5 20 gram och kombinerar perfekt enkel estetik med h\u00e5llbara koncept. Det transparenta glaset visar produktens sanna f\u00e4rg som ett f\u00f6nster. Oavsett om det \u00e4r en fuktgivande kr\u00e4m, en l\u00e4tt lotion eller en lyxig essens, kan den skydda ingrediensernas aktivitet med massivt glas, samtidigt som den lyser upp toalettbordet med en retro rund form.<\/p>\n<h2>Viktiga specifikationer f\u00f6r Thess Eco Friendly Cosmetic Jars<\/h2>\n<p>&nbsp;<\/p>\n<table style=\"border-collapse: collapse;margin-left: auto;margin-right: auto;width: 459.02pt\" border=\"0\" width=\"612\" cellspacing=\"0\" cellpadding=\"0\">\n<tbody>\n<tr style=\"height: 15.00pt\">\n<td style=\"height: 15.00pt;width: 122.25pt\" width=\"163\" height=\"20\">Modellnummer<\/td>\n<td style=\"width: 336.75pt\" width=\"449\">PB-GS20<\/td>\n<\/tr>\n<tr style=\"height: 15.00pt\">\n<td style=\"height: 15.00pt\" height=\"20\">Nettoinneh\u00e5ll<\/td>\n<td>20 g<\/td>\n<\/tr>\n<tr style=\"height: 15.00pt\">\n<td style=\"height: 15.00pt\" height=\"20\">Lock<\/td>\n<td>Plastskruvlock och innerh\u00f6lje<\/td>\n<\/tr>\n<tr style=\"height: 15.00pt\">\n<td style=\"height: 15.00pt\" height=\"20\">Form<\/td>\n<td>Runda<\/td>\n<\/tr>\n<tr style=\"height: 15.00pt\">\n<td style=\"height: 15.00pt\" height=\"20\">Anv\u00e4ndande<\/td>\n<td>Kr\u00e4m, kosmetiska produkter<\/td>\n<\/tr>\n<tr style=\"height: 15.00pt\">\n<td style=\"height: 15.00pt\" height=\"20\">Industriell anv\u00e4ndning<\/td>\n<td>F\u00f6rpackningar f\u00f6r kosmetika<\/td>\n<\/tr>\n<tr style=\"height: 15.00pt\">\n<td style=\"height: 15.00pt\" height=\"20\">Material f\u00f6r krage<\/td>\n<td>Glas<\/td>\n<\/tr>\n<tr style=\"height: 15.00pt\">\n<td style=\"height: 15.00pt\" height=\"20\">Ytbehandling<\/td>\n<td>Frostat, dekaler, polish, f\u00e4rg, f\u00e4rgspray etc.<\/td>\n<\/tr>\n<tr style=\"height: 15.00pt\">\n<td style=\"height: 15.00pt\" height=\"20\">Logotyp<\/td>\n<td>Godtagbar kundlogotyp<\/td>\n<\/tr>\n<tr style=\"height: 15.00pt\">\n<td style=\"height: 15.00pt\" height=\"20\">Prov<\/td>\n<td>Tillhandah\u00e5lls fritt<\/td>\n<\/tr>\n<tr style=\"height: 15.00pt\">\n<td style=\"height: 15.00pt\" height=\"20\">F\u00f6rpackning<\/td>\n<td>Anpassad Acceptabel<\/td>\n<\/tr>\n<tr style=\"height: 15.00pt\">\n<td style=\"height: 15.00pt\" height=\"20\">F\u00e4rg<\/td>\n<td>Anpassad f\u00e4rg<\/td>\n<\/tr>\n<\/tbody>\n<\/table>\n<h2>M\u00e5ngsidiga beh\u00e5llare som uppfyller flera behov<\/h2>\n<p>Denna 20-grams glasburk \u00e4r din universella partner f\u00f6r kosmetikf\u00f6rpackningar - oavsett om det handlar om fuktgivande kr\u00e4mer, l\u00e4tta lotioner eller h\u00f6gkoncentrerade essenser, mjuka l\u00e4ppstift, kan den skydda aktiviteten hos varje droppe essens med transparent glas. F\u00f6r varum\u00e4rken \u00e4r det en elegant b\u00e4rare f\u00f6r att skapa begr\u00e4nsade presentaskar; f\u00f6r grossister \u00e4r det ett idealiskt val f\u00f6r att utveckla milj\u00f6v\u00e4nliga temaupps\u00e4ttningar; och f\u00f6retagskunder kan anv\u00e4nda den f\u00f6r att designa kreativa resepaket, s\u00e5 att produkterna kan f\u00e5nga kundernas hj\u00e4rtan i upplevelsen.<\/p>\n<p>Prata med v\u00e5rt designteam nu och l\u00e5t denna vackra och h\u00e5llbara glasburk bli den b\u00e4sta historieber\u00e4ttaren i ditt produktsortiment!<\/p>","protected":false},"excerpt":{"rendered":"<p>V\u00e5r kosmetikburk PB-GS20 \u00e4r en rund 20 g kosmetikburk i glas som \u00e4r utformad med b\u00e5de elegans och h\u00e5llbarhet i \u00e5tanke.<\/p>","protected":false},"featured_media":1836,"comment_status":"open","ping_status":"closed","template":"","meta":{"_acf_changed":false,"site-sidebar-layout":"default","site-content-layout":"","ast-site-content-layout":"default","site-content-style":"default","site-sidebar-style":"default","ast-global-header-display":"","ast-banner-title-visibility":"","ast-main-header-display":"","ast-hfb-above-header-display":"","ast-hfb-below-header-display":"","ast-hfb-mobile-header-display":"","site-post-title":"","ast-breadcrumbs-content":"","ast-featured-img":"","footer-sml-layout":"","ast-disable-related-posts":"","theme-transparent-header-meta":"default","adv-header-id-meta":"","stick-header-meta":"","header-above-stick-meta":"","header-main-stick-meta":"","header-below-stick-meta":"","astra-migrate-meta-layouts":"set","ast-page-background-enabled":"default","ast-page-background-meta":{"desktop":{"background-color":"var(--ast-global-color-5)","background-image":"","background-repeat":"repeat","background-position":"center center","background-size":"auto","background-attachment":"scroll","background-type":"","background-media":"","overlay-type":"","overlay-color":"","overlay-opacity":"","overlay-gradient":""},"tablet":{"background-color":"","background-image":"","background-repeat":"repeat","background-position":"center center","background-size":"auto","background-attachment":"scroll","background-type":"","background-media":"","overlay-type":"","overlay-color":"","overlay-opacity":"","overlay-gradient":""},"mobile":{"background-color":"","background-image":"","background-repeat":"repeat","background-position":"center center","background-size":"auto","background-attachment":"scroll","background-type":"","background-media":"","overlay-type":"","overlay-color":"","overlay-opacity":"","overlay-gradient":""}},"ast-content-background-meta":{"desktop":{"background-color":"var(--ast-global-color-4)","background-image":"","background-repeat":"repeat","background-position":"center center","background-size":"auto","background-attachment":"scroll","background-type":"","background-media":"","overlay-type":"","overlay-color":"","overlay-opacity":"","overlay-gradient":""},"tablet":{"background-color":"var(--ast-global-color-4)","background-image":"","background-repeat":"repeat","background-position":"center center","background-size":"auto","background-attachment":"scroll","background-type":"","background-media":"","overlay-type":"","overlay-color":"","overlay-opacity":"","overlay-gradient":""},"mobile":{"background-color":"var(--ast-global-color-4)","background-image":"","background-repeat":"repeat","background-position":"center center","background-size":"auto","background-attachment":"scroll","background-type":"","background-media":"","overlay-type":"","overlay-color":"","overlay-opacity":"","overlay-gradient":""}}},"product_brand":[],"product_cat":[56,62,72],"product_tag":[],"class_list":{"0":"post-1835","1":"product","2":"type-product","3":"status-publish","4":"has-post-thumbnail","6":"product_cat-cosmetic-jars","7":"product_cat-cosmetic-containers","8":"product_cat-cosmetic-packaging","9":"desktop-align-left","10":"tablet-align-left","11":"mobile-align-left","13":"first","14":"instock","15":"shipping-taxable","16":"product-type-simple"},"acf":[],"jetpack_sharing_enabled":true,"_links":{"self":[{"href":"https:\/\/theperfumebottles.com\/sv\/wp-json\/wp\/v2\/product\/1835","targetHints":{"allow":["GET"]}}],"collection":[{"href":"https:\/\/theperfumebottles.com\/sv\/wp-json\/wp\/v2\/product"}],"about":[{"href":"https:\/\/theperfumebottles.com\/sv\/wp-json\/wp\/v2\/types\/product"}],"replies":[{"embeddable":true,"href":"https:\/\/theperfumebottles.com\/sv\/wp-json\/wp\/v2\/comments?post=1835"}],"wp:featuredmedia":[{"embeddable":true,"href":"https:\/\/theperfumebottles.com\/sv\/wp-json\/wp\/v2\/media\/1836"}],"wp:attachment":[{"href":"https:\/\/theperfumebottles.com\/sv\/wp-json\/wp\/v2\/media?parent=1835"}],"wp:term":[{"taxonomy":"product_brand","embeddable":true,"href":"https:\/\/theperfumebottles.com\/sv\/wp-json\/wp\/v2\/product_brand?post=1835"},{"taxonomy":"product_cat","embeddable":true,"href":"https:\/\/theperfumebottles.com\/sv\/wp-json\/wp\/v2\/product_cat?post=1835"},{"taxonomy":"product_tag","embeddable":true,"href":"https:\/\/theperfumebottles.com\/sv\/wp-json\/wp\/v2\/product_tag?post=1835"}],"curies":[{"name":"wp","href":"https:\/\/api.w.org\/{rel}","templated":true}]}}