{"id":1842,"date":"2025-02-13T08:27:09","date_gmt":"2025-02-13T08:27:09","guid":{"rendered":"https:\/\/theperfumebottles.com\/?post_type=product&#038;p=1842"},"modified":"2025-05-29T15:36:33","modified_gmt":"2025-05-29T07:36:33","slug":"wholesale-30ml-glass-lotion-bottles","status":"publish","type":"product","link":"https:\/\/theperfumebottles.com\/sv\/produkt\/wholesale-30ml-glass-lotion-bottles\/","title":{"rendered":"Partihandel 30 ml glaslotionflaskor"},"content":{"rendered":"<p>PB-RY30 lotionflaskorna (30 ml) blandar modern estetik med praktisk design genom sina eleganta kurvor och frostade finish \u2013 den fyrkantiga flaskan \u00e4r lika snygg som arkitektoniska linjer, och det svarta pumphuvudet \u00e4r som en tyst palett som exakt kan t\u00f6mma v\u00e4tska med ett l\u00e4tt tryck och s\u00e4ga adj\u00f6 till besv\u00e4ret med droppande. Oavsett om den \u00e4r fylld med \u00e5terfuktande lotion eller koncentrerad essens, kan den skydda varje droppe aktiva ingredienser med en s\u00f6ml\u00f6s t\u00e4tningsdesign. F\u00f6r varum\u00e4rken som str\u00e4var efter kvalitet \u00e4r det en elegant beh\u00e5llare f\u00f6r att skapa en minimalistisk hudv\u00e5rdsserie; f\u00f6r grossister \u00e4r det ett idealiskt val f\u00f6r att balansera kostnad och textur. I det \u00f6gonblick du skruvar av flaskans kork ackompanjeras den uppfriskande doften av ljudet fr\u00e5n pumphuvudet, vilket f\u00f6rvandlar hudv\u00e5rdstiden till en mild sj\u00e4lvv\u00e5rd.<\/p>\n<h2>Viktiga specifikationer f\u00f6r dessa glaslotionflaskor<\/h2>\n<table style=\"border-collapse: collapse;margin-left: auto;margin-right: auto;width: 330.02pt\" border=\"0\" width=\"440\" cellspacing=\"0\" cellpadding=\"0\">\n<tbody>\n<tr style=\"height: 13.50pt\">\n<td style=\"height: 13.50pt;width: 111.00pt\" width=\"148\" height=\"18\">Modellnummer<\/td>\n<td style=\"width: 219.00pt\" width=\"292\">PB-RY30<\/td>\n<\/tr>\n<tr style=\"height: 13.50pt\">\n<td style=\"height: 13.50pt\" height=\"18\">T\u00e4tningstyp<\/td>\n<td>Pumpspruta<\/td>\n<\/tr>\n<tr style=\"height: 13.50pt\">\n<td style=\"height: 13.50pt\" height=\"18\">Material<\/td>\n<td>Glas och PET<\/td>\n<\/tr>\n<tr style=\"height: 13.50pt\">\n<td style=\"height: 13.50pt\" height=\"18\">Anv\u00e4ndande<\/td>\n<td>Kosmetisk f\u00f6rpackning<\/td>\n<\/tr>\n<tr style=\"height: 13.50pt\">\n<td style=\"height: 13.50pt\" height=\"18\">F\u00e4rg<\/td>\n<td>Klart glas med svart\/vit topp<\/td>\n<\/tr>\n<tr style=\"height: 13.50pt\">\n<td style=\"height: 13.50pt\" height=\"18\">Form<\/td>\n<td>Fyrkant<\/td>\n<\/tr>\n<tr style=\"height: 13.50pt\">\n<td style=\"height: 13.50pt\" height=\"18\">Kapacitet<\/td>\n<td>30 ml<\/td>\n<\/tr>\n<tr style=\"height: 13.50pt\">\n<td style=\"height: 13.50pt\" height=\"18\">Betalningsvillkor<\/td>\n<td>30% T\/T-deposition<\/td>\n<\/tr>\n<tr style=\"height: 13.50pt\">\n<td style=\"height: 13.50pt\" height=\"18\">F\u00f6rpackning<\/td>\n<td>Tr\u00e4pall och kartonger<\/td>\n<\/tr>\n<\/tbody>\n<\/table>\n<h2>Idealisk f\u00f6r olika kosmetika<\/h2>\n<p>Denna 30 ml pumpflaska \u00e4r din intima partner f\u00f6r kosmetika \u2013 den transparenta flaskan passar f\u00f6r en m\u00e4ngd olika formler som lotioner, essenser, eteriska oljor etc. Den fyrkantiga formen och det sl\u00e4ta pumphuvudet m\u00f6jligg\u00f6r exakt v\u00e4tskeutmatning varje g\u00e5ng du trycker. Den lilla storleken \u00e4r l\u00e4mplig f\u00f6r resor och kan \u00e4ven anv\u00e4ndas f\u00f6r att testa nya produkter, s\u00e5 att kunderna enkelt kan uppleva charmen hos dina produkter.<\/p>\n<h2>Samarbeta med oss \u200b\u200bf\u00f6r dina behov av kosmetiska f\u00f6rpackningar<\/h2>\n<p>Som partner med fokus p\u00e5 f\u00f6rpackningar erbjuder vi ett komplett utbud av l\u00f6sningar, fr\u00e5n pumpflaskor i glas till sprayflaskor. Oavsett om du beh\u00f6ver k\u00f6pa i bulk eller specialanpassa, kommer v\u00e5rt professionella team att matcha dig med den mest l\u00e4mpliga f\u00f6rpackningsl\u00f6sningen. Kontakta oss nu och l\u00e5t denna eleganta lilla flaska ge dina produkter praktiska och snygga l\u00f6sningar!<\/p>","protected":false},"excerpt":{"rendered":"<p>Vi presenterar v\u00e5ra premiumglasflaskor med lotion, en elegant och m\u00e5ngsidig 30 ml pumpflaska utformad f\u00f6r att m\u00f6ta kosmetikaindustrins olika behov.<\/p>","protected":false},"featured_media":1845,"comment_status":"open","ping_status":"closed","template":"","meta":{"_acf_changed":false,"site-sidebar-layout":"default","site-content-layout":"","ast-site-content-layout":"default","site-content-style":"default","site-sidebar-style":"default","ast-global-header-display":"","ast-banner-title-visibility":"","ast-main-header-display":"","ast-hfb-above-header-display":"","ast-hfb-below-header-display":"","ast-hfb-mobile-header-display":"","site-post-title":"","ast-breadcrumbs-content":"","ast-featured-img":"","footer-sml-layout":"","ast-disable-related-posts":"","theme-transparent-header-meta":"default","adv-header-id-meta":"","stick-header-meta":"","header-above-stick-meta":"","header-main-stick-meta":"","header-below-stick-meta":"","astra-migrate-meta-layouts":"set","ast-page-background-enabled":"default","ast-page-background-meta":{"desktop":{"background-color":"var(--ast-global-color-5)","background-image":"","background-repeat":"repeat","background-position":"center center","background-size":"auto","background-attachment":"scroll","background-type":"","background-media":"","overlay-type":"","overlay-color":"","overlay-opacity":"","overlay-gradient":""},"tablet":{"background-color":"","background-image":"","background-repeat":"repeat","background-position":"center center","background-size":"auto","background-attachment":"scroll","background-type":"","background-media":"","overlay-type":"","overlay-color":"","overlay-opacity":"","overlay-gradient":""},"mobile":{"background-color":"","background-image":"","background-repeat":"repeat","background-position":"center center","background-size":"auto","background-attachment":"scroll","background-type":"","background-media":"","overlay-type":"","overlay-color":"","overlay-opacity":"","overlay-gradient":""}},"ast-content-background-meta":{"desktop":{"background-color":"var(--ast-global-color-4)","background-image":"","background-repeat":"repeat","background-position":"center center","background-size":"auto","background-attachment":"scroll","background-type":"","background-media":"","overlay-type":"","overlay-color":"","overlay-opacity":"","overlay-gradient":""},"tablet":{"background-color":"var(--ast-global-color-4)","background-image":"","background-repeat":"repeat","background-position":"center center","background-size":"auto","background-attachment":"scroll","background-type":"","background-media":"","overlay-type":"","overlay-color":"","overlay-opacity":"","overlay-gradient":""},"mobile":{"background-color":"var(--ast-global-color-4)","background-image":"","background-repeat":"repeat","background-position":"center center","background-size":"auto","background-attachment":"scroll","background-type":"","background-media":"","overlay-type":"","overlay-color":"","overlay-opacity":"","overlay-gradient":""}}},"product_brand":[],"product_cat":[62,72,71],"product_tag":[87,86],"class_list":{"0":"post-1842","1":"product","2":"type-product","3":"status-publish","4":"has-post-thumbnail","6":"product_cat-cosmetic-containers","7":"product_cat-cosmetic-packaging","8":"product_cat-glass-lotion-bottles","9":"product_tag-glass-bottles","10":"product_tag-lotion-bottles","11":"desktop-align-left","12":"tablet-align-left","13":"mobile-align-left","15":"first","16":"instock","17":"shipping-taxable","18":"product-type-simple"},"acf":[],"jetpack_sharing_enabled":true,"_links":{"self":[{"href":"https:\/\/theperfumebottles.com\/sv\/wp-json\/wp\/v2\/product\/1842","targetHints":{"allow":["GET"]}}],"collection":[{"href":"https:\/\/theperfumebottles.com\/sv\/wp-json\/wp\/v2\/product"}],"about":[{"href":"https:\/\/theperfumebottles.com\/sv\/wp-json\/wp\/v2\/types\/product"}],"replies":[{"embeddable":true,"href":"https:\/\/theperfumebottles.com\/sv\/wp-json\/wp\/v2\/comments?post=1842"}],"wp:featuredmedia":[{"embeddable":true,"href":"https:\/\/theperfumebottles.com\/sv\/wp-json\/wp\/v2\/media\/1845"}],"wp:attachment":[{"href":"https:\/\/theperfumebottles.com\/sv\/wp-json\/wp\/v2\/media?parent=1842"}],"wp:term":[{"taxonomy":"product_brand","embeddable":true,"href":"https:\/\/theperfumebottles.com\/sv\/wp-json\/wp\/v2\/product_brand?post=1842"},{"taxonomy":"product_cat","embeddable":true,"href":"https:\/\/theperfumebottles.com\/sv\/wp-json\/wp\/v2\/product_cat?post=1842"},{"taxonomy":"product_tag","embeddable":true,"href":"https:\/\/theperfumebottles.com\/sv\/wp-json\/wp\/v2\/product_tag?post=1842"}],"curies":[{"name":"wp","href":"https:\/\/api.w.org\/{rel}","templated":true}]}}