{"id":1846,"date":"2025-02-13T09:27:43","date_gmt":"2025-02-13T09:27:43","guid":{"rendered":"https:\/\/theperfumebottles.com\/?post_type=product&#038;p=1846"},"modified":"2025-05-29T16:07:24","modified_gmt":"2025-05-29T08:07:24","slug":"roller-bottles-for-essential-oils","status":"publish","type":"product","link":"https:\/\/theperfumebottles.com\/sv\/produkt\/roller-bottles-for-essential-oils\/","title":{"rendered":"Uts\u00f6kta \u00e5ttkantiga glasflaskor f\u00f6r roll-on eteriska oljor"},"content":{"rendered":"<p>Dessa PB-OC312 glasrullflaskor sticker ut med sin \u00e5ttkantiga form inspirerad av arkitektoniska kanter och kombinerar modern geometri med funktionell design f\u00f6r eteriska oljor. Det transparenta glaset reflekterar delikat ljus under ljuset, vilket g\u00f6r \u00f6gonblicket att anv\u00e4nda rullen med eteriska oljor, parfymer eller hudv\u00e5rdsessenser full av ritual. Oavsett om den \u00e4r fylld med helande eteriska oljor, skr\u00e4ddarsydda parfymer eller blandar exklusiva hudv\u00e5rdsformler, kan den skydda varje droppe dyrbar v\u00e4tska med en s\u00f6ml\u00f6s t\u00e4tningsdesign. Som en partner med fokus p\u00e5 kosmetikaf\u00f6rpackningar erbjuder vi kostnadseffektiva l\u00f6sningar f\u00f6r bulkleveranser, vilket g\u00f6r denna eleganta och praktiska glasflaska till en fantastisk \"tyst stj\u00e4rna\" i ditt produktsortiment.<\/p>\n<h2>Viktiga specifikationer f\u00f6r dessa rullflaskor<\/h2>\n<table style=\"border-collapse: collapse;margin-left: auto;margin-right: auto;width: 522.02pt\" border=\"0\" width=\"696\" cellspacing=\"0\" cellpadding=\"0\">\n<tbody>\n<tr style=\"height: 13.50pt\">\n<td style=\"height: 13.50pt;width: 111.00pt\" width=\"148\" height=\"18\">Modellnummer<\/td>\n<td style=\"width: 411.00pt\" width=\"548\">PB-OC312<\/td>\n<\/tr>\n<tr style=\"height: 13.50pt\">\n<td style=\"height: 13.50pt\" height=\"18\">Kapacitet<\/td>\n<td>3ml, 6ml, 9ml, 12ml. (anpassningsbar)<\/td>\n<\/tr>\n<tr style=\"height: 13.50pt\">\n<td style=\"height: 13.50pt\" height=\"18\">F\u00e4rg<\/td>\n<td>Klar, rosa (anpassningsbar)<\/td>\n<\/tr>\n<tr style=\"height: 13.50pt\">\n<td style=\"height: 13.50pt\" height=\"18\">Form<\/td>\n<td>Oktagonal<\/td>\n<\/tr>\n<tr style=\"height: 13.50pt\">\n<td style=\"height: 13.50pt\" height=\"18\">Material<\/td>\n<td>Glaskropp, lock av anodiserat aluminium, glaskula, plastbas<\/td>\n<\/tr>\n<tr style=\"height: 13.50pt\">\n<td style=\"height: 13.50pt\" height=\"18\">Ytbehandling<\/td>\n<td>Silkscreentryck, frostat, dekal, f\u00e4rgspray, etikett etc.<\/td>\n<\/tr>\n<\/tbody>\n<\/table>\n<h2>M\u00e5ngsidig<\/h2>\n<p>Dessa uts\u00f6kta glasflaskor \u00e4r l\u00e4mpliga f\u00f6r en m\u00e4ngd olika anv\u00e4ndningsomr\u00e5den, inklusive:<\/p>\n<ul>\n<li><strong>Rullar med eteriska oljor:<\/strong> Applicera direkt p\u00e5 huden och f\u00e5 den l\u00e4kande formulan till hands.<\/li>\n<li><strong>Aromaterapeutiska f\u00f6reningar:<\/strong> Fr\u00e5n parfymer till f\u00f6rpackningar, skydda doftens renhet.<\/li>\n<li><strong>Parfym\/lipgloss:<\/strong> Roll-on f\u00f6r exakt makeup, daglig v\u00e5rd och uppgraderingsritual.<\/li>\n<\/ul>\n<p>Oavsett om du beh\u00f6ver en rullflaska f\u00f6r eterisk olja eller andra kosmetiska beh\u00e5llare \u00e4r vi din enda l\u00f6sning - kontakta oss nu och l\u00e5t den eleganta flaskan g\u00f6ra dina produkter mer attraktiva!<\/p>","protected":false},"excerpt":{"rendered":"<p>V\u00e5ra \u00e5ttkantiga glasrullflaskor \u00e4r utformade med b\u00e5de estetik och funktionalitet i \u00e5tanke.<\/p>","protected":false},"featured_media":1849,"comment_status":"open","ping_status":"closed","template":"","meta":{"_acf_changed":false,"site-sidebar-layout":"default","site-content-layout":"","ast-site-content-layout":"default","site-content-style":"default","site-sidebar-style":"default","ast-global-header-display":"","ast-banner-title-visibility":"","ast-main-header-display":"","ast-hfb-above-header-display":"","ast-hfb-below-header-display":"","ast-hfb-mobile-header-display":"","site-post-title":"","ast-breadcrumbs-content":"","ast-featured-img":"","footer-sml-layout":"","ast-disable-related-posts":"","theme-transparent-header-meta":"default","adv-header-id-meta":"","stick-header-meta":"","header-above-stick-meta":"","header-main-stick-meta":"","header-below-stick-meta":"","astra-migrate-meta-layouts":"set","ast-page-background-enabled":"default","ast-page-background-meta":{"desktop":{"background-color":"var(--ast-global-color-5)","background-image":"","background-repeat":"repeat","background-position":"center center","background-size":"auto","background-attachment":"scroll","background-type":"","background-media":"","overlay-type":"","overlay-color":"","overlay-opacity":"","overlay-gradient":""},"tablet":{"background-color":"","background-image":"","background-repeat":"repeat","background-position":"center center","background-size":"auto","background-attachment":"scroll","background-type":"","background-media":"","overlay-type":"","overlay-color":"","overlay-opacity":"","overlay-gradient":""},"mobile":{"background-color":"","background-image":"","background-repeat":"repeat","background-position":"center center","background-size":"auto","background-attachment":"scroll","background-type":"","background-media":"","overlay-type":"","overlay-color":"","overlay-opacity":"","overlay-gradient":""}},"ast-content-background-meta":{"desktop":{"background-color":"var(--ast-global-color-4)","background-image":"","background-repeat":"repeat","background-position":"center center","background-size":"auto","background-attachment":"scroll","background-type":"","background-media":"","overlay-type":"","overlay-color":"","overlay-opacity":"","overlay-gradient":""},"tablet":{"background-color":"var(--ast-global-color-4)","background-image":"","background-repeat":"repeat","background-position":"center center","background-size":"auto","background-attachment":"scroll","background-type":"","background-media":"","overlay-type":"","overlay-color":"","overlay-opacity":"","overlay-gradient":""},"mobile":{"background-color":"var(--ast-global-color-4)","background-image":"","background-repeat":"repeat","background-position":"center center","background-size":"auto","background-attachment":"scroll","background-type":"","background-media":"","overlay-type":"","overlay-color":"","overlay-opacity":"","overlay-gradient":""}}},"product_brand":[],"product_cat":[60,72,62,57],"product_tag":[88],"class_list":{"0":"post-1846","1":"product","2":"type-product","3":"status-publish","4":"has-post-thumbnail","6":"product_cat-roller-bottles","7":"product_cat-cosmetic-packaging","8":"product_cat-cosmetic-containers","9":"product_cat-essential-oil-bottles","10":"product_tag-roller-bottles","11":"desktop-align-left","12":"tablet-align-left","13":"mobile-align-left","15":"first","16":"instock","17":"shipping-taxable","18":"product-type-simple"},"acf":[],"jetpack_sharing_enabled":true,"_links":{"self":[{"href":"https:\/\/theperfumebottles.com\/sv\/wp-json\/wp\/v2\/product\/1846","targetHints":{"allow":["GET"]}}],"collection":[{"href":"https:\/\/theperfumebottles.com\/sv\/wp-json\/wp\/v2\/product"}],"about":[{"href":"https:\/\/theperfumebottles.com\/sv\/wp-json\/wp\/v2\/types\/product"}],"replies":[{"embeddable":true,"href":"https:\/\/theperfumebottles.com\/sv\/wp-json\/wp\/v2\/comments?post=1846"}],"wp:featuredmedia":[{"embeddable":true,"href":"https:\/\/theperfumebottles.com\/sv\/wp-json\/wp\/v2\/media\/1849"}],"wp:attachment":[{"href":"https:\/\/theperfumebottles.com\/sv\/wp-json\/wp\/v2\/media?parent=1846"}],"wp:term":[{"taxonomy":"product_brand","embeddable":true,"href":"https:\/\/theperfumebottles.com\/sv\/wp-json\/wp\/v2\/product_brand?post=1846"},{"taxonomy":"product_cat","embeddable":true,"href":"https:\/\/theperfumebottles.com\/sv\/wp-json\/wp\/v2\/product_cat?post=1846"},{"taxonomy":"product_tag","embeddable":true,"href":"https:\/\/theperfumebottles.com\/sv\/wp-json\/wp\/v2\/product_tag?post=1846"}],"curies":[{"name":"wp","href":"https:\/\/api.w.org\/{rel}","templated":true}]}}