{"id":1899,"date":"2025-02-17T02:24:51","date_gmt":"2025-02-17T02:24:51","guid":{"rendered":"https:\/\/theperfumebottles.com\/?post_type=product&#038;p=1899"},"modified":"2025-05-29T16:24:46","modified_gmt":"2025-05-29T08:24:46","slug":"50ml-luxury-small-cologne-bottles-wholesale","status":"publish","type":"product","link":"https:\/\/theperfumebottles.com\/sv\/produkt\/50ml-luxury-small-cologne-bottles-wholesale\/","title":{"rendered":"50ml lyxiga sm\u00e5 cologneflaskor grossist"},"content":{"rendered":"<p>Denna 50 ml rektangul\u00e4ra parfymflaska tolkar modern minimalistisk estetik med transparent glas - snygga linjer och beige flasklock, precis som att kondensera morgonljuset i ett litet utrymme. N\u00e4r solen skiner genom flaskan fl\u00f6dar den kristallklara v\u00e4tskan i ljus och skugga, vilket g\u00f6r varje spray till ett rituellt \u00f6gonblick med fina minnen.<\/p>\n<h2>Viktiga specifikationer\uff1a<\/h2>\n<table style=\"border-collapse: collapse;margin-left: auto;margin-right: auto;width: 506.27pt\" border=\"0\" width=\"675\" cellspacing=\"0\" cellpadding=\"0\">\n<tbody>\n<tr style=\"height: 13.50pt\">\n<td style=\"height: 13.50pt;width: 130.50pt\" width=\"174\" height=\"18\">Modellnummer<\/td>\n<td style=\"width: 375.75pt\" width=\"501\">PB-BF04<\/td>\n<\/tr>\n<tr style=\"height: 13.50pt\">\n<td style=\"height: 13.50pt\" height=\"18\">Kapacitet<\/td>\n<td>50 ml<\/td>\n<\/tr>\n<tr style=\"height: 13.50pt\">\n<td style=\"height: 13.50pt\" height=\"18\">Sticle de parfum de lux personalizate en-gros de 100 ml<\/td>\n<td>3,4 oz:n kaari-suorakulmion tuoksupullojen tukkumyynti<\/td>\n<\/tr>\n<tr style=\"height: 13.50pt\">\n<td style=\"height: 13.50pt\" height=\"18\">F\u00e4rg<\/td>\n<td>Klarglas med beige lock<\/td>\n<\/tr>\n<tr style=\"height: 13.50pt\">\n<td style=\"height: 13.50pt\" height=\"18\">Storlek p\u00e5 glas<\/td>\n<td>39 mm * 25 mm * 115 mm<\/td>\n<\/tr>\n<tr style=\"height: 13.50pt\">\n<td style=\"height: 13.50pt\" height=\"18\">Form<\/td>\n<td>Rektangul\u00e4r<\/td>\n<\/tr>\n<tr style=\"height: 13.50pt\">\n<td style=\"height: 13.50pt\" height=\"18\">Material<\/td>\n<td>H\u00f6gkvalitativt kristallglas, PET<\/td>\n<\/tr>\n<tr style=\"height: 13.50pt\">\n<td style=\"height: 13.50pt\" height=\"18\">Logotyp<\/td>\n<td>Anpassningsbar<\/td>\n<\/tr>\n<tr style=\"height: 13.50pt\">\n<td style=\"height: 13.50pt\" height=\"18\">Ytbehandling<\/td>\n<td>Silkscreentryck\/frostad\/dekal\/f\u00e4rgspray\/etikett etc.<\/td>\n<\/tr>\n<\/tbody>\n<\/table>\n<h2>Anv\u00e4ndningsomr\u00e5den f\u00f6r v\u00e5ra sm\u00e5 K\u00f6ln-flaskor<\/h2>\n<p>Denna 50 ml parfymflaska \u00e4r en n\u00e4ra v\u00e4n till doft\u00e4lskare - det genomskinliga glaset \u00e4r l\u00e4mpligt f\u00f6r parfym, eau de cologne eller eterisk olja, och den lilla storleken kan enkelt l\u00e4ggas i en resv\u00e4ska eller ficka, vilket \u00e4r perfekt f\u00f6r resor eller daglig doft.<\/p>\n<h2>Lyft ditt varum\u00e4rke med v\u00e5ra premiumparfymflaskor<\/h2>\n<p>Vi vet att en bra parfym inte bara handlar om doften, utan ocks\u00e5 om ritualen att r\u00f6ra vid flaskan varje g\u00e5ng. Som en partner som fokuserar p\u00e5 avancerade doftf\u00f6rpackningar, oavsett om du k\u00f6per i bulk eller skapar ditt eget varum\u00e4rkesavtryck (fr\u00e5n varmst\u00e4mpling av LOGO till gradientflaska), kan vi anv\u00e4nda en m\u00e4ngd olika kreativa l\u00f6sningar f\u00f6r att f\u00e5 varje detalj att b\u00e4ra din historia. Kontakta v\u00e5rt designteam nu och l\u00e5t denna eleganta lilla flaska tillf\u00f6ra stil och funktionalitet till din doft!<\/p>","protected":false},"excerpt":{"rendered":"<p>V\u00e5ra sm\u00e5 cologne-flaskor \u00e4r utformade f\u00f6r att f\u00e5nga uppm\u00e4rksamheten med sin eleganta, rektangul\u00e4ra silhuett och kristallklara glaskonstruktion.<\/p>","protected":false},"featured_media":2332,"comment_status":"open","ping_status":"closed","template":"","meta":{"_acf_changed":false,"site-sidebar-layout":"default","site-content-layout":"","ast-site-content-layout":"default","site-content-style":"default","site-sidebar-style":"default","ast-global-header-display":"","ast-banner-title-visibility":"","ast-main-header-display":"","ast-hfb-above-header-display":"","ast-hfb-below-header-display":"","ast-hfb-mobile-header-display":"","site-post-title":"","ast-breadcrumbs-content":"","ast-featured-img":"","footer-sml-layout":"","ast-disable-related-posts":"","theme-transparent-header-meta":"default","adv-header-id-meta":"","stick-header-meta":"","header-above-stick-meta":"","header-main-stick-meta":"","header-below-stick-meta":"","astra-migrate-meta-layouts":"set","ast-page-background-enabled":"default","ast-page-background-meta":{"desktop":{"background-color":"var(--ast-global-color-5)","background-image":"","background-repeat":"repeat","background-position":"center center","background-size":"auto","background-attachment":"scroll","background-type":"","background-media":"","overlay-type":"","overlay-color":"","overlay-opacity":"","overlay-gradient":""},"tablet":{"background-color":"","background-image":"","background-repeat":"repeat","background-position":"center center","background-size":"auto","background-attachment":"scroll","background-type":"","background-media":"","overlay-type":"","overlay-color":"","overlay-opacity":"","overlay-gradient":""},"mobile":{"background-color":"","background-image":"","background-repeat":"repeat","background-position":"center center","background-size":"auto","background-attachment":"scroll","background-type":"","background-media":"","overlay-type":"","overlay-color":"","overlay-opacity":"","overlay-gradient":""}},"ast-content-background-meta":{"desktop":{"background-color":"var(--ast-global-color-4)","background-image":"","background-repeat":"repeat","background-position":"center center","background-size":"auto","background-attachment":"scroll","background-type":"","background-media":"","overlay-type":"","overlay-color":"","overlay-opacity":"","overlay-gradient":""},"tablet":{"background-color":"var(--ast-global-color-4)","background-image":"","background-repeat":"repeat","background-position":"center center","background-size":"auto","background-attachment":"scroll","background-type":"","background-media":"","overlay-type":"","overlay-color":"","overlay-opacity":"","overlay-gradient":""},"mobile":{"background-color":"var(--ast-global-color-4)","background-image":"","background-repeat":"repeat","background-position":"center center","background-size":"auto","background-attachment":"scroll","background-type":"","background-media":"","overlay-type":"","overlay-color":"","overlay-opacity":"","overlay-gradient":""}}},"product_brand":[],"product_cat":[41,72],"product_tag":[],"class_list":{"0":"post-1899","1":"product","2":"type-product","3":"status-publish","4":"has-post-thumbnail","6":"product_cat-perfume-bottles","7":"product_cat-cosmetic-packaging","8":"desktop-align-left","9":"tablet-align-left","10":"mobile-align-left","12":"first","13":"instock","14":"shipping-taxable","15":"product-type-simple"},"acf":[],"jetpack_sharing_enabled":true,"_links":{"self":[{"href":"https:\/\/theperfumebottles.com\/sv\/wp-json\/wp\/v2\/product\/1899","targetHints":{"allow":["GET"]}}],"collection":[{"href":"https:\/\/theperfumebottles.com\/sv\/wp-json\/wp\/v2\/product"}],"about":[{"href":"https:\/\/theperfumebottles.com\/sv\/wp-json\/wp\/v2\/types\/product"}],"replies":[{"embeddable":true,"href":"https:\/\/theperfumebottles.com\/sv\/wp-json\/wp\/v2\/comments?post=1899"}],"wp:featuredmedia":[{"embeddable":true,"href":"https:\/\/theperfumebottles.com\/sv\/wp-json\/wp\/v2\/media\/2332"}],"wp:attachment":[{"href":"https:\/\/theperfumebottles.com\/sv\/wp-json\/wp\/v2\/media?parent=1899"}],"wp:term":[{"taxonomy":"product_brand","embeddable":true,"href":"https:\/\/theperfumebottles.com\/sv\/wp-json\/wp\/v2\/product_brand?post=1899"},{"taxonomy":"product_cat","embeddable":true,"href":"https:\/\/theperfumebottles.com\/sv\/wp-json\/wp\/v2\/product_cat?post=1899"},{"taxonomy":"product_tag","embeddable":true,"href":"https:\/\/theperfumebottles.com\/sv\/wp-json\/wp\/v2\/product_tag?post=1899"}],"curies":[{"name":"wp","href":"https:\/\/api.w.org\/{rel}","templated":true}]}}