{"id":1904,"date":"2025-02-17T03:43:41","date_gmt":"2025-02-17T03:43:41","guid":{"rendered":"https:\/\/theperfumebottles.com\/?post_type=product&#038;p=1904"},"modified":"2025-05-29T09:03:10","modified_gmt":"2025-05-29T01:03:10","slug":"wholesale-custom-100ml-luxury-perfume-bottles","status":"publish","type":"product","link":"https:\/\/theperfumebottles.com\/sv\/produkt\/wholesale-custom-100ml-luxury-perfume-bottles\/","title":{"rendered":"Partihandel anpassade 100ml lyxiga parfymflaskor"},"content":{"rendered":"<p>Dessa 100 ml fyrkantiga lyxiga parfymflaskor i glas har en enkel och modern design, transparent material, h\u00f6g igenk\u00e4nning och \u00e4r of\u00f6rgl\u00f6mliga vid f\u00f6rsta anblicken. Flaskans kropp anv\u00e4nder en unik f\u00e4rgningsprocess f\u00f6r att presentera en skiktad bl\u00e5-svart ton. Den har en enast\u00e5ende textur under ljus och en framtr\u00e4dande visuell effekt, vilket hj\u00e4lper till att f\u00f6rb\u00e4ttra varum\u00e4rkesintrycket och minnespunkten. Den \u00e4r s\u00e4rskilt utformad f\u00f6r moderna herrdofter och tar h\u00e4nsyn till b\u00e5de sk\u00f6nhet och praktisk prestanda, vilket hj\u00e4lper varum\u00e4rket att f\u00f6rmedla en raffinerad, \u00e5terh\u00e5llsam och elegant varum\u00e4rkesimage.<\/p>\n<h2>Viktiga specifikationer f\u00f6r v\u00e5ra lyxiga parfymflaskor<\/h2>\n<table style=\"border-collapse: collapse;margin-left: auto;margin-right: auto;width: 354.02pt\" border=\"0\" width=\"472\" cellspacing=\"0\" cellpadding=\"0\">\n<tbody>\n<tr style=\"height: 13.50pt\">\n<td style=\"height: 13.50pt;margin-left: auto;margin-right: auto;width: 130.50pt\" width=\"174\" height=\"18\">Modellnummer<\/td>\n<td style=\"width: 223.50pt\" width=\"298\">PB-BF05<\/td>\n<\/tr>\n<tr style=\"height: 13.50pt\">\n<td style=\"height: 13.50pt\" height=\"18\">Kapacitet<\/td>\n<td>100 ml (3,4 oz)<\/td>\n<\/tr>\n<tr style=\"height: 13.50pt\">\n<td style=\"height: 13.50pt\" height=\"18\">Sticle de parfum de lux personalizate en-gros de 100 ml<\/td>\n<td>3,4 oz:n kaari-suorakulmion tuoksupullojen tukkumyynti<\/td>\n<\/tr>\n<tr style=\"height: 13.50pt\">\n<td style=\"height: 13.50pt\" height=\"18\">F\u00e4rg<\/td>\n<td>Klarglas med bl\u00e5\/svart lock<\/td>\n<\/tr>\n<tr style=\"height: 13.50pt\">\n<td style=\"height: 13.50pt\" height=\"18\">Storlek p\u00e5 glas<\/td>\n<td>sticle de parfum de lux<\/td>\n<\/tr>\n<tr style=\"height: 13.50pt\">\n<td style=\"height: 13.50pt\" height=\"18\">Form<\/td>\n<td>Rektangul\u00e4r<\/td>\n<\/tr>\n<tr style=\"height: 13.50pt\">\n<td style=\"height: 13.50pt\" height=\"18\">Material<\/td>\n<td>H\u00f6gkvalitativt kristallglas<\/td>\n<\/tr>\n<\/tbody>\n<\/table>\n<h2>Anv\u00e4ndningsscenarier<\/h2>\n<p>Denna 100 ml bl\u00e5 parfymflaska \u00e4r utformad f\u00f6r herrdofter, oavsett om det \u00e4r cologne, aftershave eller eau de toilette, kan den enkelt kontrolleras. Oavsett om du \u00e4r en parfymtillverkare som beh\u00f6ver storskaliga f\u00f6rpackningar eller ett varum\u00e4rke som skapar exklusiva dofter. \u00c4ven f\u00f6r nischade varum\u00e4rken eller handgjorda parfym\u00f6rer som str\u00e4var efter ett individuellt uttryck \u00e4r det ett mycket attraktivt val.<\/p>\n<h2>Varf\u00f6r v\u00e4lja oss?<\/h2>\n<p>Som en partner som fokuserar p\u00e5 avancerade parfymflaskor vet vi att varje doftflaska b\u00e4r varum\u00e4rkets historia. Utformningen av denna sprayflaska fokuserar inte bara p\u00e5 utseendet, utan uppm\u00e4rksammar ocks\u00e5 den djupa passformen med varum\u00e4rkestonen - fr\u00e5n glasets rena struktur till den sl\u00e4ta b\u00e5gen p\u00e5 flaskans kropp har varje detalj polerats upprepade g\u00e5nger, bara f\u00f6r att f\u00f6rmedla din str\u00e4van efter kvalitet och sk\u00f6nhet. Oavsett om det \u00e4r den k\u00e4nsliga ber\u00f6ringen eller anv\u00e4ndarv\u00e4nligheten, hoppas vi att det blir den perfekta f\u00f6rl\u00e4ngningen av dina doftprodukter. Oavsett om du beh\u00f6ver k\u00f6pa i bulk eller vill anpassa en unik design, kontakta oss nu f\u00f6r att prata om dina id\u00e9er - l\u00e5t oss anv\u00e4nda uts\u00f6kta f\u00f6rpackningar f\u00f6r att ge din doft en mer r\u00f6rande historia och f\u00e5 ditt varum\u00e4rke att sticka ut p\u00e5 marknaden.<\/p>","protected":false},"excerpt":{"rendered":"<p>V\u00e5ra 100 ml lyxiga parfymflaskor i glas \u00e4r ett bevis p\u00e5 sofistikerad design och premiumkvalitet. N\u00e4r det g\u00e4ller dofter kan r\u00e4tt presentation g\u00f6ra hela skillnaden.<\/p>","protected":false},"featured_media":2335,"comment_status":"open","ping_status":"closed","template":"","meta":{"_acf_changed":false,"site-sidebar-layout":"default","site-content-layout":"","ast-site-content-layout":"default","site-content-style":"default","site-sidebar-style":"default","ast-global-header-display":"","ast-banner-title-visibility":"","ast-main-header-display":"","ast-hfb-above-header-display":"","ast-hfb-below-header-display":"","ast-hfb-mobile-header-display":"","site-post-title":"","ast-breadcrumbs-content":"","ast-featured-img":"","footer-sml-layout":"","ast-disable-related-posts":"","theme-transparent-header-meta":"default","adv-header-id-meta":"","stick-header-meta":"","header-above-stick-meta":"","header-main-stick-meta":"","header-below-stick-meta":"","astra-migrate-meta-layouts":"set","ast-page-background-enabled":"default","ast-page-background-meta":{"desktop":{"background-color":"var(--ast-global-color-5)","background-image":"","background-repeat":"repeat","background-position":"center center","background-size":"auto","background-attachment":"scroll","background-type":"","background-media":"","overlay-type":"","overlay-color":"","overlay-opacity":"","overlay-gradient":""},"tablet":{"background-color":"","background-image":"","background-repeat":"repeat","background-position":"center center","background-size":"auto","background-attachment":"scroll","background-type":"","background-media":"","overlay-type":"","overlay-color":"","overlay-opacity":"","overlay-gradient":""},"mobile":{"background-color":"","background-image":"","background-repeat":"repeat","background-position":"center center","background-size":"auto","background-attachment":"scroll","background-type":"","background-media":"","overlay-type":"","overlay-color":"","overlay-opacity":"","overlay-gradient":""}},"ast-content-background-meta":{"desktop":{"background-color":"var(--ast-global-color-4)","background-image":"","background-repeat":"repeat","background-position":"center center","background-size":"auto","background-attachment":"scroll","background-type":"","background-media":"","overlay-type":"","overlay-color":"","overlay-opacity":"","overlay-gradient":""},"tablet":{"background-color":"var(--ast-global-color-4)","background-image":"","background-repeat":"repeat","background-position":"center center","background-size":"auto","background-attachment":"scroll","background-type":"","background-media":"","overlay-type":"","overlay-color":"","overlay-opacity":"","overlay-gradient":""},"mobile":{"background-color":"var(--ast-global-color-4)","background-image":"","background-repeat":"repeat","background-position":"center center","background-size":"auto","background-attachment":"scroll","background-type":"","background-media":"","overlay-type":"","overlay-color":"","overlay-opacity":"","overlay-gradient":""}}},"product_brand":[],"product_cat":[41,72],"product_tag":[],"class_list":{"0":"post-1904","1":"product","2":"type-product","3":"status-publish","4":"has-post-thumbnail","6":"product_cat-perfume-bottles","7":"product_cat-cosmetic-packaging","8":"desktop-align-left","9":"tablet-align-left","10":"mobile-align-left","12":"first","13":"instock","14":"shipping-taxable","15":"product-type-simple"},"acf":[],"jetpack_sharing_enabled":true,"_links":{"self":[{"href":"https:\/\/theperfumebottles.com\/sv\/wp-json\/wp\/v2\/product\/1904","targetHints":{"allow":["GET"]}}],"collection":[{"href":"https:\/\/theperfumebottles.com\/sv\/wp-json\/wp\/v2\/product"}],"about":[{"href":"https:\/\/theperfumebottles.com\/sv\/wp-json\/wp\/v2\/types\/product"}],"replies":[{"embeddable":true,"href":"https:\/\/theperfumebottles.com\/sv\/wp-json\/wp\/v2\/comments?post=1904"}],"wp:featuredmedia":[{"embeddable":true,"href":"https:\/\/theperfumebottles.com\/sv\/wp-json\/wp\/v2\/media\/2335"}],"wp:attachment":[{"href":"https:\/\/theperfumebottles.com\/sv\/wp-json\/wp\/v2\/media?parent=1904"}],"wp:term":[{"taxonomy":"product_brand","embeddable":true,"href":"https:\/\/theperfumebottles.com\/sv\/wp-json\/wp\/v2\/product_brand?post=1904"},{"taxonomy":"product_cat","embeddable":true,"href":"https:\/\/theperfumebottles.com\/sv\/wp-json\/wp\/v2\/product_cat?post=1904"},{"taxonomy":"product_tag","embeddable":true,"href":"https:\/\/theperfumebottles.com\/sv\/wp-json\/wp\/v2\/product_tag?post=1904"}],"curies":[{"name":"wp","href":"https:\/\/api.w.org\/{rel}","templated":true}]}}