{"id":1909,"date":"2025-02-17T07:16:21","date_gmt":"2025-02-17T07:16:21","guid":{"rendered":"https:\/\/theperfumebottles.com\/?post_type=product&#038;p=1909"},"modified":"2026-04-07T16:33:12","modified_gmt":"2026-04-07T08:33:12","slug":"50ml-fragrance-bottles-wholesale","status":"publish","type":"product","link":"https:\/\/theperfumebottles.com\/sv\/produkt\/50ml-fragrance-bottles-wholesale\/","title":{"rendered":"50ml kristallglas doftflaskor grossist"},"content":{"rendered":"<p data-sourcepos=\"9:1-9:360\">Dessa doftflaskor har en attraktiv fyrkantig design. Flaskans design inkluderar ett diamantslipat kristalllock som sitter p\u00e5 en glashals med en polerad guldmetallring, vilket skapar en attraktiv visuell effekt som \u00f6kar flaskans lyxiga v\u00e4rde.<\/p>\n<p><img fetchpriority=\"high\" decoding=\"async\" class=\"size-medium wp-image-1910 aligncenter\" src=\"https:\/\/theperfumebottles.com\/wp-content\/uploads\/2025\/02\/fragrance-bottles-300x300.jpg\" alt=\"doftflaskor\" width=\"300\" height=\"300\" srcset=\"https:\/\/theperfumebottles.com\/wp-content\/uploads\/2025\/02\/fragrance-bottles-300x300.jpg 300w, https:\/\/theperfumebottles.com\/wp-content\/uploads\/2025\/02\/fragrance-bottles-150x150.jpg 150w, https:\/\/theperfumebottles.com\/wp-content\/uploads\/2025\/02\/fragrance-bottles-768x768.jpg 768w, https:\/\/theperfumebottles.com\/wp-content\/uploads\/2025\/02\/fragrance-bottles-12x12.jpg 12w, https:\/\/theperfumebottles.com\/wp-content\/uploads\/2025\/02\/fragrance-bottles-600x600.jpg 600w, https:\/\/theperfumebottles.com\/wp-content\/uploads\/2025\/02\/fragrance-bottles-100x100.jpg 100w, https:\/\/theperfumebottles.com\/wp-content\/uploads\/2025\/02\/fragrance-bottles.jpg 1000w\" sizes=\"(max-width: 300px) 100vw, 300px\" \/><\/p>\n<h2>Tukkumyynti r\u00e4\u00e4t\u00e4l\u00f6ityj\u00e4 100 ml:n ylellisi\u00e4 hajuvesipulloja<\/h2>\n<table style=\"border-collapse: collapse; margin-left: auto; margin-right: auto; width: 354.02pt;\" border=\"0\" width=\"472\" cellspacing=\"0\" cellpadding=\"0\">\n<tbody>\n<tr style=\"height: 13.50pt;\">\n<td style=\"height: 13.50pt; width: 130.50pt;\" width=\"174\" height=\"18\">Modellnummer<\/td>\n<td style=\"width: 223.50pt;\" width=\"298\">PB-BF0801 \/ PB-BF0802<\/td>\n<\/tr>\n<tr style=\"height: 13.50pt;\">\n<td style=\"height: 13.50pt;\" height=\"18\">Kapacitet<\/td>\n<td>50 ml<\/td>\n<\/tr>\n<tr style=\"height: 13.50pt;\">\n<td style=\"height: 13.50pt;\" height=\"18\">Sticle de parfum de lux personalizate en-gros de 100 ml<\/td>\n<td>3,4 oz:n kaari-suorakulmion tuoksupullojen tukkumyynti<\/td>\n<\/tr>\n<tr style=\"height: 13.50pt;\">\n<td style=\"height: 13.50pt;\" height=\"18\">F\u00e4rg<\/td>\n<td>ylelliset hajuvesipullot<\/td>\n<\/tr>\n<tr style=\"height: 13.50pt;\">\n<td style=\"height: 13.50pt;\" height=\"18\">Glasstorlek<\/td>\n<td>58 mm 33 mm 79 mm \/ 58 mm 35 mm 91 mm<\/td>\n<\/tr>\n<tr style=\"height: 13.50pt;\">\n<td style=\"height: 13.50pt;\" height=\"18\">Form<\/td>\n<td>Rektangul\u00e4r<\/td>\n<\/tr>\n<tr style=\"height: 13.50pt;\">\n<td style=\"height: 13.50pt;\" height=\"18\">Material<\/td>\n<td>H\u00f6gkvalitativt kristallglas<\/td>\n<\/tr>\n<\/tbody>\n<\/table>\n<h2>Framg\u00e5ngssaga: En specialbest\u00e4llning fr\u00e5n ett lyxm\u00e4rke fr\u00e5n Mellan\u00f6stern<\/h2>\n<p>Ett Dubai-baserat parfymm\u00e4rke valde v\u00e5r cologneflaska i guld och specialdesignade en 24K-f\u00f6rgylld hals och en djupbl\u00e5 glaskropp. Den specialdesignade flaskan blev stor succ\u00e9 eftersom 45 % av recensionerna beskrev dess vikt och f\u00e4rg som viktiga indikatorer p\u00e5 lyx, medan kunderna ans\u00e5g att anv\u00e4ndningen av h\u00f6gkvalitativa material h\u00f6jde priset med 15 % j\u00e4mf\u00f6rt med den vanliga kollektionen. F\u00f6retaget best\u00e4llde ytterligare 360 \u200b\u200b000 flaskor f\u00f6r att genomf\u00f6ra sin kommande lansering av oud-doft och f\u00f6r sina exklusiva tullfria produkter p\u00e5 flygplatser.<\/p>\n<h2>Alternativ f\u00f6r anpassning av doftflaskor<\/h2>\n<ul>\n<li>Kombinationer av metallring och m\u00f6ssa: Finns med matchande eller kontrasterande halsringar och metallbaser (rosaguld, gunmetalgr\u00e5, antiksilver).<\/li>\n<li>Material och design f\u00f6r kepsar: F\u00f6retaget erbjuder tre typer av kepsmaterial, inklusive naturkristall, f\u00e4rgat glas och emaljinlagd metall.<\/li>\n<li>Storlek och proportioner: Flaskans design erbjuder en m\u00e4ngd olika h\u00f6jd- och breddalternativ, fr\u00e5n en robust 30 ml till en smal 200 ml, f\u00f6r att m\u00f6ta olika behov.<\/li>\n<\/ul>","protected":false},"excerpt":{"rendered":"<p>Premium doftflaskor i kristallglas med diamantslipat lock och gulddetaljer. Guldf\u00e4rgad design p\u00e5 Cologne-flaskan f\u00f6r lyxm\u00e4rken. Grossistrabatter tillg\u00e4ngliga.<\/p>","protected":false},"featured_media":2339,"comment_status":"open","ping_status":"closed","template":"","meta":{"_acf_changed":false,"site-sidebar-layout":"default","site-content-layout":"","ast-site-content-layout":"default","site-content-style":"default","site-sidebar-style":"default","ast-global-header-display":"","ast-banner-title-visibility":"","ast-main-header-display":"","ast-hfb-above-header-display":"","ast-hfb-below-header-display":"","ast-hfb-mobile-header-display":"","site-post-title":"","ast-breadcrumbs-content":"","ast-featured-img":"","footer-sml-layout":"","ast-disable-related-posts":"","theme-transparent-header-meta":"default","adv-header-id-meta":"","stick-header-meta":"","header-above-stick-meta":"","header-main-stick-meta":"","header-below-stick-meta":"","astra-migrate-meta-layouts":"set","ast-page-background-enabled":"default","ast-page-background-meta":{"desktop":{"background-color":"var(--ast-global-color-5)","background-image":"","background-repeat":"repeat","background-position":"center center","background-size":"auto","background-attachment":"scroll","background-type":"","background-media":"","overlay-type":"","overlay-color":"","overlay-opacity":"","overlay-gradient":""},"tablet":{"background-color":"","background-image":"","background-repeat":"repeat","background-position":"center center","background-size":"auto","background-attachment":"scroll","background-type":"","background-media":"","overlay-type":"","overlay-color":"","overlay-opacity":"","overlay-gradient":""},"mobile":{"background-color":"","background-image":"","background-repeat":"repeat","background-position":"center center","background-size":"auto","background-attachment":"scroll","background-type":"","background-media":"","overlay-type":"","overlay-color":"","overlay-opacity":"","overlay-gradient":""}},"ast-content-background-meta":{"desktop":{"background-color":"var(--ast-global-color-4)","background-image":"","background-repeat":"repeat","background-position":"center center","background-size":"auto","background-attachment":"scroll","background-type":"","background-media":"","overlay-type":"","overlay-color":"","overlay-opacity":"","overlay-gradient":""},"tablet":{"background-color":"var(--ast-global-color-4)","background-image":"","background-repeat":"repeat","background-position":"center center","background-size":"auto","background-attachment":"scroll","background-type":"","background-media":"","overlay-type":"","overlay-color":"","overlay-opacity":"","overlay-gradient":""},"mobile":{"background-color":"var(--ast-global-color-4)","background-image":"","background-repeat":"repeat","background-position":"center center","background-size":"auto","background-attachment":"scroll","background-type":"","background-media":"","overlay-type":"","overlay-color":"","overlay-opacity":"","overlay-gradient":""}}},"product_brand":[],"product_cat":[91,72,41],"product_tag":[],"class_list":{"0":"post-1909","1":"product","2":"type-product","3":"status-publish","4":"has-post-thumbnail","6":"product_cat-custom-perfume-bottles","7":"product_cat-cosmetic-packaging","8":"product_cat-perfume-bottles","9":"desktop-align-left","10":"tablet-align-left","11":"mobile-align-left","13":"first","14":"instock","15":"shipping-taxable","16":"product-type-simple"},"acf":[],"jetpack_sharing_enabled":true,"_links":{"self":[{"href":"https:\/\/theperfumebottles.com\/sv\/wp-json\/wp\/v2\/product\/1909","targetHints":{"allow":["GET"]}}],"collection":[{"href":"https:\/\/theperfumebottles.com\/sv\/wp-json\/wp\/v2\/product"}],"about":[{"href":"https:\/\/theperfumebottles.com\/sv\/wp-json\/wp\/v2\/types\/product"}],"replies":[{"embeddable":true,"href":"https:\/\/theperfumebottles.com\/sv\/wp-json\/wp\/v2\/comments?post=1909"}],"wp:featuredmedia":[{"embeddable":true,"href":"https:\/\/theperfumebottles.com\/sv\/wp-json\/wp\/v2\/media\/2339"}],"wp:attachment":[{"href":"https:\/\/theperfumebottles.com\/sv\/wp-json\/wp\/v2\/media?parent=1909"}],"wp:term":[{"taxonomy":"product_brand","embeddable":true,"href":"https:\/\/theperfumebottles.com\/sv\/wp-json\/wp\/v2\/product_brand?post=1909"},{"taxonomy":"product_cat","embeddable":true,"href":"https:\/\/theperfumebottles.com\/sv\/wp-json\/wp\/v2\/product_cat?post=1909"},{"taxonomy":"product_tag","embeddable":true,"href":"https:\/\/theperfumebottles.com\/sv\/wp-json\/wp\/v2\/product_tag?post=1909"}],"curies":[{"name":"wp","href":"https:\/\/api.w.org\/{rel}","templated":true}]}}