{"id":2550,"date":"2025-03-06T08:49:54","date_gmt":"2025-03-06T08:49:54","guid":{"rendered":"https:\/\/theperfumebottles.com\/?post_type=product&#038;p=2550"},"modified":"2025-05-29T09:15:02","modified_gmt":"2025-05-29T01:15:02","slug":"glass-perfume-bottle-50ml-with-pump","status":"publish","type":"product","link":"https:\/\/theperfumebottles.com\/sv\/produkt\/glass-perfume-bottle-50ml-with-pump\/","title":{"rendered":"Parfymflaska i glas 50ml med pump"},"content":{"rendered":"<h2>Premium parfymflaska 50 ml<\/h2>\n<p>V\u00e5r 50 ml parfymglasflaska \u00e4r sofistikerad och har en elegant rektangul\u00e4r form med skarpa geometriska linjer och sl\u00e4ta kanter.50 ml parfymglasflaskan visar perfekt doftens rena f\u00e4rg med transparent glasmaterial, och det silverf\u00e4rgade flasklocket \u00e4r noggrant polerat och ger en l\u00e5gm\u00e4ld och gl\u00e4nsande modern k\u00e4nsla.Flaskans mun har en smidig sprutdesign som kan sl\u00e4ppa ut doften j\u00e4mnt med varje tryck, och den k\u00e4nns smidig och fastnar inte. Vi har utformat flaskan s\u00e5 att den \u00e4r vattent\u00e4t, s\u00e5 att du och dina kunder kan anv\u00e4nda den med tillf\u00f6rsikt, oavsett oj\u00e4mnheter eller temperaturf\u00f6r\u00e4ndringar.<\/p>\n<h2>M\u00e5ngsidig anpassning f\u00f6r att m\u00f6ta olika behov<\/h2>\n<p>Oavsett om det \u00e4r en avancerad parfym, resestorlek, begr\u00e4nsad upplaga eller eterisk olja f\u00f6r aromaterapi eller hudv\u00e5rd, kan den h\u00e4r flaskan enkelt hantera det. Den lilla kapaciteten \u00e4r praktisk f\u00f6r f\u00f6rvaring p\u00e5 toalettbordet, butikshyllor eller presentaskar, vilket g\u00f6r att din produkt sticker ut i alla sammanhang.<\/p>\n<h2>Viktiga specifikationer<\/h2>\n<table>\n<thead>\n<tr>\n<th><strong>Attribut<\/strong><\/th>\n<th><strong>Detaljer<\/strong><\/th>\n<\/tr>\n<\/thead>\n<tbody>\n<tr>\n<td>Modell<\/td>\n<td>PB-BF07<\/td>\n<\/tr>\n<tr>\n<td>Kapacitet<\/td>\n<td>50 ml<\/td>\n<\/tr>\n<tr>\n<td>Material<\/td>\n<td>Kristallglas + metall + PE<\/td>\n<\/tr>\n<tr>\n<td>M\u00e5tt<\/td>\n<td>41 * <em>30 * <\/em>107 mm<\/td>\n<\/tr>\n<tr>\n<td>T\u00e4tningstyp<\/td>\n<td>Spruttopp (atomizer)<\/td>\n<\/tr>\n<tr>\n<td>F\u00e4rgalternativ<\/td>\n<td>Transparent glas med silverlock<\/td>\n<\/tr>\n<tr>\n<td>Anpassning<\/td>\n<td>Gravyr, UV-tryck, frosting etc.<\/td>\n<\/tr>\n<\/tbody>\n<\/table>\n<h2>F\u00f6rh\u00f6j din doftf\u00f6rpackning<\/h2>\n<p>Skapa ett best\u00e5ende intryck med denna 50 ml parfymflaska. S\u00f6k inte l\u00e4ngre - v\u00e5r fabrik erbjuder stabila leveranser, s\u00e4kra f\u00f6rpackningar och skr\u00e4ddarsydda l\u00f6sningar. V\u00e4lj v\u00e5ra parfymflaskor f\u00f6r att tillgodose din kunds behov av lyx. Kontakta oss idag f\u00f6r att skapa ditt konto och beg\u00e4ra en differentierad offert!<\/p>","protected":false},"excerpt":{"rendered":"<p>V\u00e5r sofistikerade modell \u00e4r tillverkad <strong>50 ml parfymglasflaska<\/strong>\u00a0har en elegant rektangul\u00e4r form med skarpa geometriska linjer och sl\u00e4ta kanter.<\/p>","protected":false},"featured_media":2551,"comment_status":"open","ping_status":"closed","template":"","meta":{"_acf_changed":false,"site-sidebar-layout":"default","site-content-layout":"","ast-site-content-layout":"default","site-content-style":"default","site-sidebar-style":"default","ast-global-header-display":"","ast-banner-title-visibility":"","ast-main-header-display":"","ast-hfb-above-header-display":"","ast-hfb-below-header-display":"","ast-hfb-mobile-header-display":"","site-post-title":"","ast-breadcrumbs-content":"","ast-featured-img":"","footer-sml-layout":"","ast-disable-related-posts":"","theme-transparent-header-meta":"default","adv-header-id-meta":"","stick-header-meta":"","header-above-stick-meta":"","header-main-stick-meta":"","header-below-stick-meta":"","astra-migrate-meta-layouts":"set","ast-page-background-enabled":"default","ast-page-background-meta":{"desktop":{"background-color":"var(--ast-global-color-5)","background-image":"","background-repeat":"repeat","background-position":"center center","background-size":"auto","background-attachment":"scroll","background-type":"","background-media":"","overlay-type":"","overlay-color":"","overlay-opacity":"","overlay-gradient":""},"tablet":{"background-color":"","background-image":"","background-repeat":"repeat","background-position":"center center","background-size":"auto","background-attachment":"scroll","background-type":"","background-media":"","overlay-type":"","overlay-color":"","overlay-opacity":"","overlay-gradient":""},"mobile":{"background-color":"","background-image":"","background-repeat":"repeat","background-position":"center center","background-size":"auto","background-attachment":"scroll","background-type":"","background-media":"","overlay-type":"","overlay-color":"","overlay-opacity":"","overlay-gradient":""}},"ast-content-background-meta":{"desktop":{"background-color":"var(--ast-global-color-4)","background-image":"","background-repeat":"repeat","background-position":"center center","background-size":"auto","background-attachment":"scroll","background-type":"","background-media":"","overlay-type":"","overlay-color":"","overlay-opacity":"","overlay-gradient":""},"tablet":{"background-color":"var(--ast-global-color-4)","background-image":"","background-repeat":"repeat","background-position":"center center","background-size":"auto","background-attachment":"scroll","background-type":"","background-media":"","overlay-type":"","overlay-color":"","overlay-opacity":"","overlay-gradient":""},"mobile":{"background-color":"var(--ast-global-color-4)","background-image":"","background-repeat":"repeat","background-position":"center center","background-size":"auto","background-attachment":"scroll","background-type":"","background-media":"","overlay-type":"","overlay-color":"","overlay-opacity":"","overlay-gradient":""}}},"product_brand":[],"product_cat":[72,41],"product_tag":[89],"class_list":{"0":"post-2550","1":"product","2":"type-product","3":"status-publish","4":"has-post-thumbnail","6":"product_cat-cosmetic-packaging","7":"product_cat-perfume-bottles","8":"product_tag-perfume-bottle","9":"desktop-align-left","10":"tablet-align-left","11":"mobile-align-left","13":"first","14":"instock","15":"shipping-taxable","16":"product-type-simple"},"acf":[],"jetpack_sharing_enabled":true,"_links":{"self":[{"href":"https:\/\/theperfumebottles.com\/sv\/wp-json\/wp\/v2\/product\/2550","targetHints":{"allow":["GET"]}}],"collection":[{"href":"https:\/\/theperfumebottles.com\/sv\/wp-json\/wp\/v2\/product"}],"about":[{"href":"https:\/\/theperfumebottles.com\/sv\/wp-json\/wp\/v2\/types\/product"}],"replies":[{"embeddable":true,"href":"https:\/\/theperfumebottles.com\/sv\/wp-json\/wp\/v2\/comments?post=2550"}],"wp:featuredmedia":[{"embeddable":true,"href":"https:\/\/theperfumebottles.com\/sv\/wp-json\/wp\/v2\/media\/2551"}],"wp:attachment":[{"href":"https:\/\/theperfumebottles.com\/sv\/wp-json\/wp\/v2\/media?parent=2550"}],"wp:term":[{"taxonomy":"product_brand","embeddable":true,"href":"https:\/\/theperfumebottles.com\/sv\/wp-json\/wp\/v2\/product_brand?post=2550"},{"taxonomy":"product_cat","embeddable":true,"href":"https:\/\/theperfumebottles.com\/sv\/wp-json\/wp\/v2\/product_cat?post=2550"},{"taxonomy":"product_tag","embeddable":true,"href":"https:\/\/theperfumebottles.com\/sv\/wp-json\/wp\/v2\/product_tag?post=2550"}],"curies":[{"name":"wp","href":"https:\/\/api.w.org\/{rel}","templated":true}]}}