{"id":2580,"date":"2025-03-10T07:51:08","date_gmt":"2025-03-10T07:51:08","guid":{"rendered":"https:\/\/theperfumebottles.com\/?post_type=product&#038;p=2580"},"modified":"2026-04-08T18:18:42","modified_gmt":"2026-04-08T10:18:42","slug":"custom-glass-fragrance-bottles-bulk-perfume-bottles-set","status":"publish","type":"product","link":"https:\/\/theperfumebottles.com\/sv\/produkt\/custom-glass-fragrance-bottles-bulk-perfume-bottles-set\/","title":{"rendered":"30ml 50ml 100ml Anpassade Glasdoftflaskor \u2013 Parfymflaskor i Storformat"},"content":{"rendered":"<p>Doftflaskorna i glas i den h\u00e4r serien \u00e4r tillverkade av h\u00f6gklart soda-limeglas. De har en rektangul\u00e4r form med vassa kanter och en tjock bas. De \u00e4r mycket stabila och h\u00e5llbara tack vare sin bas. Den rektangul\u00e4ra kroppen och det stora locket g\u00f6r att de ser moderna och lyxiga ut.<\/p>\n<h2>Viktiga specifikationer<\/h2>\n<table style=\"border-collapse: collapse; margin-left: auto; margin-right: auto; width: 80%;\" border=\"0\" width=\"618\" cellspacing=\"0\" cellpadding=\"0\">\n<tbody>\n<tr style=\"height: 19.00pt;\">\n<td class=\"et2\" style=\"height: 19.00pt; width: 117.75pt;\" width=\"157\" height=\"25\">Modell<\/td>\n<td class=\"et3\" style=\"width: 116.25pt;\" width=\"155\">PB-BF1201<\/td>\n<td class=\"et3\" style=\"width: 115.50pt;\" width=\"154\">PB-BF1202<\/td>\n<td class=\"et3\" style=\"width: 114.00pt;\" width=\"152\">PB-BF1203<\/td>\n<\/tr>\n<tr style=\"height: 17.25pt;\">\n<td class=\"et2\" style=\"height: 17.25pt; width: 117.75pt;\" width=\"157\" height=\"23\">Kapacitet<\/td>\n<td class=\"et3\" style=\"width: 116.25pt;\" width=\"155\">30 ml<\/td>\n<td class=\"et3\" style=\"width: 115.50pt;\" width=\"154\">50 ml<\/td>\n<td class=\"et3\" style=\"width: 114.00pt;\" width=\"152\">100 ml<\/td>\n<\/tr>\n<tr style=\"height: 17.25pt;\">\n<td class=\"et2\" style=\"height: 17.25pt; width: 117.75pt;\" width=\"157\" height=\"23\">Kaliber<\/td>\n<td class=\"et3\" style=\"width: 116.25pt;\" width=\"155\">15 mm<\/td>\n<td class=\"et3\" style=\"width: 115.50pt;\" width=\"154\">15 mm<\/td>\n<td class=\"et3\" style=\"width: 114.00pt;\" width=\"152\">15 mm<\/td>\n<\/tr>\n<tr style=\"height: 18.00pt;\">\n<td class=\"et2\" style=\"height: 18.00pt; width: 117.75pt;\" width=\"157\" height=\"24\">M\u00e5tt<\/td>\n<td class=\"et3\" style=\"width: 116.25pt;\" width=\"155\">60 x 32 x 51 \/ mm<\/td>\n<td class=\"et3\" style=\"width: 115.50pt;\" width=\"154\">75 x 35 x 58 \/ mm<\/td>\n<td class=\"et3\" style=\"width: 114.00pt;\" width=\"152\">92 x 45 x 62 \/ mm<\/td>\n<\/tr>\n<tr style=\"height: 17.25pt;\">\n<td class=\"et2\" style=\"height: 17.25pt; width: 117.75pt;\" width=\"157\" height=\"23\">F\u00e4rg p\u00e5 kepsen<\/td>\n<td class=\"et3\" style=\"width: 116.25pt;\" width=\"155\">Svart\/R\u00f6d\/Bl\u00e5<\/td>\n<td class=\"et3\" style=\"width: 115.50pt;\" width=\"154\">Svart\/R\u00f6d\/Bl\u00e5<\/td>\n<td class=\"et3\" style=\"width: 114.00pt;\" width=\"152\">Svart\/R\u00f6d\/Bl\u00e5<\/td>\n<\/tr>\n<\/tbody>\n<\/table>\n<h2 data-start=\"94\" data-end=\"114\"><strong data-start=\"94\" data-end=\"114\">Distribut\u00f6rsfall<\/strong><\/h2>\n<p>En distribut\u00f6r fr\u00e5n Nederl\u00e4nderna k\u00f6pte 10 ml parfymprovflaskor f\u00f6r ett \u00e5r sedan fr\u00e5n oss, som best\u00e4llde dessa rektangul\u00e4ra glasdoftflaskor i alla tre storlekar. Genom att anv\u00e4nda mattsvart sprayning och varmst\u00e4mplingstekniker \u2013 i kombination med korkar som \u00e5terspeglar flaskornas f\u00e4rg \u2013 har de gett dessa rektangul\u00e4ra glasdoftflaskor en verkligt lyxig visuell estetik.<\/p>\n<p>De best\u00e4llde f\u00f6rst en 12-fots container med dessa doftflaskor i glas. De s\u00e5lde doftflaskorna i glas i butiker och online. De nya doftflaskorna i glas s\u00e5g b\u00e4ttre ut p\u00e5 hyllorna, s\u00e5 folk tyckte att m\u00e4rket var mer exklusivt och de s\u00e5lde 35 % mer parfym p\u00e5 bara ett kvartal. F\u00f6retaget gillade doftflaskorna i glas s\u00e5 mycket att de best\u00e4llde fler doftflaskor i glas och b\u00f6rjade anv\u00e4nda dem till fler av sina produkter.<\/p>\n<p>&nbsp;<\/p>\n<p>&nbsp;<\/p>","protected":false},"excerpt":{"rendered":"<p>V\u00e5ra rektangul\u00e4ra parfymflaskor i glas \u00e4r tillverkade f\u00f6r kr\u00e4sna varum\u00e4rken och kombinerar sofistikering och funktionalitet.<\/p>","protected":false},"featured_media":2584,"comment_status":"open","ping_status":"closed","template":"","meta":{"_acf_changed":false,"site-sidebar-layout":"default","site-content-layout":"","ast-site-content-layout":"default","site-content-style":"default","site-sidebar-style":"default","ast-global-header-display":"","ast-banner-title-visibility":"","ast-main-header-display":"","ast-hfb-above-header-display":"","ast-hfb-below-header-display":"","ast-hfb-mobile-header-display":"","site-post-title":"","ast-breadcrumbs-content":"","ast-featured-img":"","footer-sml-layout":"","ast-disable-related-posts":"","theme-transparent-header-meta":"default","adv-header-id-meta":"","stick-header-meta":"","header-above-stick-meta":"","header-main-stick-meta":"","header-below-stick-meta":"","astra-migrate-meta-layouts":"set","ast-page-background-enabled":"default","ast-page-background-meta":{"desktop":{"background-color":"var(--ast-global-color-5)","background-image":"","background-repeat":"repeat","background-position":"center center","background-size":"auto","background-attachment":"scroll","background-type":"","background-media":"","overlay-type":"","overlay-color":"","overlay-opacity":"","overlay-gradient":""},"tablet":{"background-color":"","background-image":"","background-repeat":"repeat","background-position":"center center","background-size":"auto","background-attachment":"scroll","background-type":"","background-media":"","overlay-type":"","overlay-color":"","overlay-opacity":"","overlay-gradient":""},"mobile":{"background-color":"","background-image":"","background-repeat":"repeat","background-position":"center center","background-size":"auto","background-attachment":"scroll","background-type":"","background-media":"","overlay-type":"","overlay-color":"","overlay-opacity":"","overlay-gradient":""}},"ast-content-background-meta":{"desktop":{"background-color":"var(--ast-global-color-4)","background-image":"","background-repeat":"repeat","background-position":"center center","background-size":"auto","background-attachment":"scroll","background-type":"","background-media":"","overlay-type":"","overlay-color":"","overlay-opacity":"","overlay-gradient":""},"tablet":{"background-color":"var(--ast-global-color-4)","background-image":"","background-repeat":"repeat","background-position":"center center","background-size":"auto","background-attachment":"scroll","background-type":"","background-media":"","overlay-type":"","overlay-color":"","overlay-opacity":"","overlay-gradient":""},"mobile":{"background-color":"var(--ast-global-color-4)","background-image":"","background-repeat":"repeat","background-position":"center center","background-size":"auto","background-attachment":"scroll","background-type":"","background-media":"","overlay-type":"","overlay-color":"","overlay-opacity":"","overlay-gradient":""}}},"product_brand":[],"product_cat":[91,72,41],"product_tag":[],"class_list":{"0":"post-2580","1":"product","2":"type-product","3":"status-publish","4":"has-post-thumbnail","6":"product_cat-custom-perfume-bottles","7":"product_cat-cosmetic-packaging","8":"product_cat-perfume-bottles","9":"desktop-align-left","10":"tablet-align-left","11":"mobile-align-left","13":"first","14":"instock","15":"shipping-taxable","16":"product-type-simple"},"acf":[],"jetpack_sharing_enabled":true,"_links":{"self":[{"href":"https:\/\/theperfumebottles.com\/sv\/wp-json\/wp\/v2\/product\/2580","targetHints":{"allow":["GET"]}}],"collection":[{"href":"https:\/\/theperfumebottles.com\/sv\/wp-json\/wp\/v2\/product"}],"about":[{"href":"https:\/\/theperfumebottles.com\/sv\/wp-json\/wp\/v2\/types\/product"}],"replies":[{"embeddable":true,"href":"https:\/\/theperfumebottles.com\/sv\/wp-json\/wp\/v2\/comments?post=2580"}],"wp:featuredmedia":[{"embeddable":true,"href":"https:\/\/theperfumebottles.com\/sv\/wp-json\/wp\/v2\/media\/2584"}],"wp:attachment":[{"href":"https:\/\/theperfumebottles.com\/sv\/wp-json\/wp\/v2\/media?parent=2580"}],"wp:term":[{"taxonomy":"product_brand","embeddable":true,"href":"https:\/\/theperfumebottles.com\/sv\/wp-json\/wp\/v2\/product_brand?post=2580"},{"taxonomy":"product_cat","embeddable":true,"href":"https:\/\/theperfumebottles.com\/sv\/wp-json\/wp\/v2\/product_cat?post=2580"},{"taxonomy":"product_tag","embeddable":true,"href":"https:\/\/theperfumebottles.com\/sv\/wp-json\/wp\/v2\/product_tag?post=2580"}],"curies":[{"name":"wp","href":"https:\/\/api.w.org\/{rel}","templated":true}]}}