{"id":2588,"date":"2025-03-10T09:12:01","date_gmt":"2025-03-10T09:12:01","guid":{"rendered":"https:\/\/theperfumebottles.com\/?post_type=product&#038;p=2588"},"modified":"2025-05-28T18:09:05","modified_gmt":"2025-05-28T10:09:05","slug":"cologne-bottles-wholesale-custom-fragrance-packaging","status":"publish","type":"product","link":"https:\/\/theperfumebottles.com\/sv\/produkt\/cologne-bottles-wholesale-custom-fragrance-packaging\/","title":{"rendered":"60ml 80ml 100ml Cologneflaskor Partihandel"},"content":{"rendered":"<p>V\u00e5r parfymflaska i glas PB-BF13 \u00e4r idealisk f\u00f6r parfymflaskor i grossistledet och \u00e4r utformad f\u00f6r lyxiga parfymm\u00e4rken. Den har en raffinerad rektangul\u00e4r form med klart tjockt kristallglas och ett dj\u00e4rvt svart rektangul\u00e4rt lock. Denna parfymflaska m\u00e4ter 53x35x116mm och kombinerar stabilitet (genom en solid bas) med en modern estetik. Den specialdesignade konkava strukturen p\u00e5 flaskans innerv\u00e4gg g\u00f6r inte bara att v\u00e4tskan kan fl\u00f6da mer naturligt, utan ger ocks\u00e5 flaskan en djup visuell niv\u00e5. Flaskan finns i tre storlekar, 60 ml\/80 ml\/100 ml, och \u00e4r l\u00e4mplig f\u00f6r dagligt bruk, resestorlek och begr\u00e4nsad upplaga f\u00f6r att m\u00f6ta dina olika behov.<\/p>\n<h2>Viktiga specifikationer<\/h2>\n<table style=\"border-collapse: collapse;margin-left: auto;margin-right: auto;width: 384.77pt\" border=\"0\" width=\"513\" cellspacing=\"0\" cellpadding=\"0\">\n<tbody>\n<tr style=\"height: 13.50pt\">\n<td style=\"height: 13.50pt;width: 127.50pt\" width=\"170\" height=\"18\">Attribut<\/td>\n<td style=\"width: 257.25pt\" width=\"343\">Detaljer<\/td>\n<\/tr>\n<tr style=\"height: 13.50pt\">\n<td style=\"height: 13.50pt\" height=\"18\">Modell<\/td>\n<td>PB-BF13<\/td>\n<\/tr>\n<tr style=\"height: 13.50pt\">\n<td style=\"height: 13.50pt\" height=\"18\">Kapacitetsalternativ<\/td>\n<td>60ml, 80ml, 100ml (2 oz cologne-flaska)<\/td>\n<\/tr>\n<tr style=\"height: 13.50pt\">\n<td style=\"height: 13.50pt\" height=\"18\">M\u00e5tt<\/td>\n<td>53 x 35 x 116 mm<\/td>\n<\/tr>\n<tr style=\"height: 13.50pt\">\n<td style=\"height: 13.50pt\" height=\"18\">Material<\/td>\n<td>Kristallglas, svart spraylock<\/td>\n<\/tr>\n<tr style=\"height: 13.50pt\">\n<td style=\"height: 13.50pt\" height=\"18\">F\u00e4rg<\/td>\n<td>Transparent glas, matt svart lock<\/td>\n<\/tr>\n<tr style=\"height: 13.50pt\">\n<td style=\"height: 13.50pt\" height=\"18\">T\u00e4tningstyp<\/td>\n<td>Spray topp<\/td>\n<\/tr>\n<\/tbody>\n<\/table>\n<h2>M\u00e5ngsidiga applikationer f\u00f6r doftvarum\u00e4rken<\/h2>\n<p>Dessa tomma parfymflaskor \u00e4r utformade f\u00f6r lyxiga f\u00f6rpackningar f\u00f6r cologne, parfym eller doftdimma. L\u00e4mplig f\u00f6r resedoft, begr\u00e4nsad samlingsserie eller presentupps\u00e4ttningar f\u00f6r semester. Den universella designen av manliga och kvinnliga dofter kan inte bara s\u00e4tta ig\u00e5ng mjukheten i kvinnors blommiga toner utan ocks\u00e5 b\u00e4ra djupet i herrk\u00f6ln. Den \u00e4r s\u00e4rskilt l\u00e4mplig f\u00f6r avancerade doftm\u00e4rken som str\u00e4var efter en k\u00e4nsla av k\u00f6nsfria gr\u00e4nser och f\u00f6rverkligar en elegant l\u00f6sning med en flaska f\u00f6r flera scenarier.<\/p>\n<h2>Samarbeta med en p\u00e5litlig tillverkare<\/h2>\n<p>F\u00f6rh\u00f6j din doftlinje med dessa premium parfymflaskor i glas. Oavsett om du beh\u00f6ver cologneflaskor grossist, anpassad branding eller 100 ml sprayflaskor bulkbest\u00e4llningar, garanterar v\u00e5r fabrik snabb v\u00e4ndning, s\u00e4ker f\u00f6rpackning och export\u00f6verensst\u00e4mmelse. Kontakta oss idag f\u00f6r att skapa personliga parfymf\u00f6rpackningar som f\u00e4ngslar dina kunder!<\/p>","protected":false},"excerpt":{"rendered":"<p>V\u00e5r modell PB-BF13 parfymflaska i glas \u00e4r utformad f\u00f6r lyxiga doftvarum\u00e4rken och har en raffinerad rektangul\u00e4r form med klart, tjockt kristallglas och ett dj\u00e4rvt svart rektangul\u00e4rt lock.<\/p>","protected":false},"featured_media":2592,"comment_status":"open","ping_status":"closed","template":"","meta":{"_acf_changed":false,"site-sidebar-layout":"default","site-content-layout":"","ast-site-content-layout":"default","site-content-style":"default","site-sidebar-style":"default","ast-global-header-display":"","ast-banner-title-visibility":"","ast-main-header-display":"","ast-hfb-above-header-display":"","ast-hfb-below-header-display":"","ast-hfb-mobile-header-display":"","site-post-title":"","ast-breadcrumbs-content":"","ast-featured-img":"","footer-sml-layout":"","ast-disable-related-posts":"","theme-transparent-header-meta":"default","adv-header-id-meta":"","stick-header-meta":"","header-above-stick-meta":"","header-main-stick-meta":"","header-below-stick-meta":"","astra-migrate-meta-layouts":"set","ast-page-background-enabled":"default","ast-page-background-meta":{"desktop":{"background-color":"var(--ast-global-color-5)","background-image":"","background-repeat":"repeat","background-position":"center center","background-size":"auto","background-attachment":"scroll","background-type":"","background-media":"","overlay-type":"","overlay-color":"","overlay-opacity":"","overlay-gradient":""},"tablet":{"background-color":"","background-image":"","background-repeat":"repeat","background-position":"center center","background-size":"auto","background-attachment":"scroll","background-type":"","background-media":"","overlay-type":"","overlay-color":"","overlay-opacity":"","overlay-gradient":""},"mobile":{"background-color":"","background-image":"","background-repeat":"repeat","background-position":"center center","background-size":"auto","background-attachment":"scroll","background-type":"","background-media":"","overlay-type":"","overlay-color":"","overlay-opacity":"","overlay-gradient":""}},"ast-content-background-meta":{"desktop":{"background-color":"var(--ast-global-color-4)","background-image":"","background-repeat":"repeat","background-position":"center center","background-size":"auto","background-attachment":"scroll","background-type":"","background-media":"","overlay-type":"","overlay-color":"","overlay-opacity":"","overlay-gradient":""},"tablet":{"background-color":"var(--ast-global-color-4)","background-image":"","background-repeat":"repeat","background-position":"center center","background-size":"auto","background-attachment":"scroll","background-type":"","background-media":"","overlay-type":"","overlay-color":"","overlay-opacity":"","overlay-gradient":""},"mobile":{"background-color":"var(--ast-global-color-4)","background-image":"","background-repeat":"repeat","background-position":"center center","background-size":"auto","background-attachment":"scroll","background-type":"","background-media":"","overlay-type":"","overlay-color":"","overlay-opacity":"","overlay-gradient":""}}},"product_brand":[],"product_cat":[41,72],"product_tag":[],"class_list":{"0":"post-2588","1":"product","2":"type-product","3":"status-publish","4":"has-post-thumbnail","6":"product_cat-perfume-bottles","7":"product_cat-cosmetic-packaging","8":"desktop-align-left","9":"tablet-align-left","10":"mobile-align-left","12":"first","13":"instock","14":"shipping-taxable","15":"product-type-simple"},"acf":[],"jetpack_sharing_enabled":true,"_links":{"self":[{"href":"https:\/\/theperfumebottles.com\/sv\/wp-json\/wp\/v2\/product\/2588","targetHints":{"allow":["GET"]}}],"collection":[{"href":"https:\/\/theperfumebottles.com\/sv\/wp-json\/wp\/v2\/product"}],"about":[{"href":"https:\/\/theperfumebottles.com\/sv\/wp-json\/wp\/v2\/types\/product"}],"replies":[{"embeddable":true,"href":"https:\/\/theperfumebottles.com\/sv\/wp-json\/wp\/v2\/comments?post=2588"}],"wp:featuredmedia":[{"embeddable":true,"href":"https:\/\/theperfumebottles.com\/sv\/wp-json\/wp\/v2\/media\/2592"}],"wp:attachment":[{"href":"https:\/\/theperfumebottles.com\/sv\/wp-json\/wp\/v2\/media?parent=2588"}],"wp:term":[{"taxonomy":"product_brand","embeddable":true,"href":"https:\/\/theperfumebottles.com\/sv\/wp-json\/wp\/v2\/product_brand?post=2588"},{"taxonomy":"product_cat","embeddable":true,"href":"https:\/\/theperfumebottles.com\/sv\/wp-json\/wp\/v2\/product_cat?post=2588"},{"taxonomy":"product_tag","embeddable":true,"href":"https:\/\/theperfumebottles.com\/sv\/wp-json\/wp\/v2\/product_tag?post=2588"}],"curies":[{"name":"wp","href":"https:\/\/api.w.org\/{rel}","templated":true}]}}