{"id":2595,"date":"2025-03-11T04:01:42","date_gmt":"2025-03-11T04:01:42","guid":{"rendered":"https:\/\/theperfumebottles.com\/?post_type=product&#038;p=2595"},"modified":"2026-04-08T16:16:49","modified_gmt":"2026-04-08T08:16:49","slug":"glass-cologne-bottles-custom-luxury-fragrance-containers","status":"publish","type":"product","link":"https:\/\/theperfumebottles.com\/sv\/produkt\/glass-cologne-bottles-custom-luxury-fragrance-containers\/","title":{"rendered":"30ml 50ml 100ml anpassade glasflaskor med parfym"},"content":{"rendered":"<p>Dessa rektangul\u00e4ra kristallglas-parfymflaskor kombinerar p\u00e5 ett smart s\u00e4tt modern design med praktiska funktioner. De finns i 30 ml, 50 ml och 100 ml, med ljuslila, ljusgr\u00f6na eller transparenta lock, och flaskans skarpa linjer och de mattfrostade kanterna f\u00f6rmedlar en neutral och elegant stil. De kan perfekt visa charmen hos din parfym eller parfym.<\/p>\n<h2>Flexibel anpassning till en m\u00e4ngd olika scenarier<\/h2>\n<ul>\n<li><strong>30 ml prov: <\/strong>l\u00e4tt och b\u00e4rbar, l\u00e4mplig f\u00f6r provpaket eller snabb erfarenhet i taxfree-butiker p\u00e5 flygplatser.<\/li>\n<li><strong>50 ml presentf\u00f6rpackning: <\/strong>uts\u00f6kt kapacitet, perfekt f\u00f6r julklappar eller exklusiva hotelldofter.<\/li>\n<li><strong>100 ml formal: <\/strong>atmosf\u00e4riska specifikationer och blir en stj\u00e4rnartikel i varum\u00e4rkens flaggskeppsbutiker eller e-handelsplattformar.<\/li>\n<\/ul>\n<h2>Viktiga specifikationer: Lyxiga parfymflaskor<\/h2>\n<p>&nbsp;<\/p>\n<table>\n<thead>\n<tr>\n<th>Modell<\/th>\n<th>Kapacitet<\/th>\n<th>M\u00e5tt (mm)<\/th>\n<th>F\u00e4rgalternativ f\u00f6r keps<\/th>\n<th>Material<\/th>\n<\/tr>\n<\/thead>\n<tbody>\n<tr>\n<td>PB-BF1401<\/td>\n<td>30 ml<\/td>\n<td>36\u00d724\u00d790<\/td>\n<td>Ljuslila, Gr\u00f6n, Transparent<\/td>\n<td>Kristallglas<\/td>\n<\/tr>\n<tr>\n<td>PB-BF1402<\/td>\n<td>50 ml<\/td>\n<td>45\u00d728\u00d7103<\/td>\n<td>Ljuslila, Gr\u00f6n, Transparent<\/td>\n<td>Kristallglas<\/td>\n<\/tr>\n<tr>\n<td>PB-BF1403<\/td>\n<td>100 ml<\/td>\n<td>56\u00d727\u00d7132<\/td>\n<td>Ljuslila, Gr\u00f6n, Transparent<\/td>\n<td>Kristallglas<\/td>\n<\/tr>\n<\/tbody>\n<\/table>\n<p><em>Alla modeller har sprayt\u00e4tning och lock med 15 mm diameter.<\/em><\/p>\n<h2>Framg\u00e5ngssaga: Specialbest\u00e4llning fr\u00e5n ett kaliforniskt herrv\u00e5rdsm\u00e4rke<\/h2>\n<p>Det Kalifornienbaserade varum\u00e4rket f\u00f6r herrparfym valde v\u00e5ra 100 ml glasparfymflaskor som de specialdesignade med ett mattsvart spraymunstycke. Den specialdesignade flaskdesignen ledde till enast\u00e5ende resultat eftersom dess unika konkava form och spraymunstycke i ett stycke gjorde att produkten skilde sig fr\u00e5n konkurrerande varor i butiker, vilket resulterade i en f\u00f6rs\u00e4ljnings\u00f6kning p\u00e5 40 % och den speciella flaskdesignen gav en \u00f6kning p\u00e5 25 % av \u00e5terk\u00f6pen. F\u00f6retaget best\u00e4llde 500 000 flaskor i olika storlekar efter att deras nya tr\u00e4iga\/kryddiga doftlinje blivit succ\u00e9.<\/p>\n<h2>Samarbeta med en betrodd leverant\u00f6r av provflaskor av cologne<\/h2>\n<p>Som ledande tillverkare av parfymflaskor levererar vi kompletta l\u00f6sningar:<\/p>\n<ul>\n<li>Snabb leverans: Lagervaror tillg\u00e4ngliga f\u00f6r br\u00e5dskande best\u00e4llningar<\/li>\n<li>Anpassad design: Skr\u00e4ddarsy former, f\u00e4rger och finishalternativ<\/li>\n<li>S\u00e4ker export: F\u00f6rpackning som uppfyller kraven och rabatter p\u00e5 stora best\u00e4llningar<\/li>\n<\/ul>\n<p>Kontakta oss f\u00f6r att beg\u00e4ra gratisprover eller diskutera specialanpassade parfymflaskor i glas till din parfymlinje. F\u00f6rh\u00f6j din parfymf\u00f6rpackning med fabriksdirektkvalitet och konkurrenskraftiga priser!<\/p>","protected":false},"excerpt":{"rendered":"<p>H\u00f6gkvalitativa parfymflaskor med elegant fyrkantig design. Parfymflaskor i glas l\u00e4mpliga f\u00f6r lyxiga dofter och provparfymflaskor. Gratisprover tillg\u00e4ngliga.<\/p>","protected":false},"featured_media":2599,"comment_status":"open","ping_status":"closed","template":"","meta":{"_acf_changed":false,"site-sidebar-layout":"default","site-content-layout":"","ast-site-content-layout":"default","site-content-style":"default","site-sidebar-style":"default","ast-global-header-display":"","ast-banner-title-visibility":"","ast-main-header-display":"","ast-hfb-above-header-display":"","ast-hfb-below-header-display":"","ast-hfb-mobile-header-display":"","site-post-title":"","ast-breadcrumbs-content":"","ast-featured-img":"","footer-sml-layout":"","ast-disable-related-posts":"","theme-transparent-header-meta":"default","adv-header-id-meta":"","stick-header-meta":"","header-above-stick-meta":"","header-main-stick-meta":"","header-below-stick-meta":"","astra-migrate-meta-layouts":"set","ast-page-background-enabled":"default","ast-page-background-meta":{"desktop":{"background-color":"var(--ast-global-color-5)","background-image":"","background-repeat":"repeat","background-position":"center center","background-size":"auto","background-attachment":"scroll","background-type":"","background-media":"","overlay-type":"","overlay-color":"","overlay-opacity":"","overlay-gradient":""},"tablet":{"background-color":"","background-image":"","background-repeat":"repeat","background-position":"center center","background-size":"auto","background-attachment":"scroll","background-type":"","background-media":"","overlay-type":"","overlay-color":"","overlay-opacity":"","overlay-gradient":""},"mobile":{"background-color":"","background-image":"","background-repeat":"repeat","background-position":"center center","background-size":"auto","background-attachment":"scroll","background-type":"","background-media":"","overlay-type":"","overlay-color":"","overlay-opacity":"","overlay-gradient":""}},"ast-content-background-meta":{"desktop":{"background-color":"var(--ast-global-color-4)","background-image":"","background-repeat":"repeat","background-position":"center center","background-size":"auto","background-attachment":"scroll","background-type":"","background-media":"","overlay-type":"","overlay-color":"","overlay-opacity":"","overlay-gradient":""},"tablet":{"background-color":"var(--ast-global-color-4)","background-image":"","background-repeat":"repeat","background-position":"center center","background-size":"auto","background-attachment":"scroll","background-type":"","background-media":"","overlay-type":"","overlay-color":"","overlay-opacity":"","overlay-gradient":""},"mobile":{"background-color":"var(--ast-global-color-4)","background-image":"","background-repeat":"repeat","background-position":"center center","background-size":"auto","background-attachment":"scroll","background-type":"","background-media":"","overlay-type":"","overlay-color":"","overlay-opacity":"","overlay-gradient":""}}},"product_brand":[],"product_cat":[91,72,41],"product_tag":[],"class_list":{"0":"post-2595","1":"product","2":"type-product","3":"status-publish","4":"has-post-thumbnail","6":"product_cat-custom-perfume-bottles","7":"product_cat-cosmetic-packaging","8":"product_cat-perfume-bottles","9":"desktop-align-left","10":"tablet-align-left","11":"mobile-align-left","13":"first","14":"instock","15":"shipping-taxable","16":"product-type-simple"},"acf":[],"jetpack_sharing_enabled":true,"_links":{"self":[{"href":"https:\/\/theperfumebottles.com\/sv\/wp-json\/wp\/v2\/product\/2595","targetHints":{"allow":["GET"]}}],"collection":[{"href":"https:\/\/theperfumebottles.com\/sv\/wp-json\/wp\/v2\/product"}],"about":[{"href":"https:\/\/theperfumebottles.com\/sv\/wp-json\/wp\/v2\/types\/product"}],"replies":[{"embeddable":true,"href":"https:\/\/theperfumebottles.com\/sv\/wp-json\/wp\/v2\/comments?post=2595"}],"wp:featuredmedia":[{"embeddable":true,"href":"https:\/\/theperfumebottles.com\/sv\/wp-json\/wp\/v2\/media\/2599"}],"wp:attachment":[{"href":"https:\/\/theperfumebottles.com\/sv\/wp-json\/wp\/v2\/media?parent=2595"}],"wp:term":[{"taxonomy":"product_brand","embeddable":true,"href":"https:\/\/theperfumebottles.com\/sv\/wp-json\/wp\/v2\/product_brand?post=2595"},{"taxonomy":"product_cat","embeddable":true,"href":"https:\/\/theperfumebottles.com\/sv\/wp-json\/wp\/v2\/product_cat?post=2595"},{"taxonomy":"product_tag","embeddable":true,"href":"https:\/\/theperfumebottles.com\/sv\/wp-json\/wp\/v2\/product_tag?post=2595"}],"curies":[{"name":"wp","href":"https:\/\/api.w.org\/{rel}","templated":true}]}}