{"id":2622,"date":"2025-03-12T06:50:06","date_gmt":"2025-03-12T06:50:06","guid":{"rendered":"https:\/\/theperfumebottles.com\/?post_type=product&#038;p=2622"},"modified":"2025-05-30T09:44:39","modified_gmt":"2025-05-30T01:44:39","slug":"25ml-silver-topped-mini-fragrance-bottles","status":"publish","type":"product","link":"https:\/\/theperfumebottles.com\/sv\/produkt\/25ml-silver-topped-mini-fragrance-bottles\/","title":{"rendered":"25 ml mini-doftflaskor med silverlock"},"content":{"rendered":"<p>Denna rektangul\u00e4ra parfymflaska i glas p\u00e5 25 ml har en elegant design och fint hantverk, speciellt utformad f\u00f6r moderna exklusiva varum\u00e4rken. Det transparenta kristallglaset med fasade kanter har ett enkelt och snyggt utseende och en bekv\u00e4m k\u00e4nsla. Det svarta eller transparenta spraykorken och det silverf\u00e4rgade flaskkorken \u00e4r enkla och eleganta. Den lilla flaskkroppen och 13 mm flaskhalsen \u00e4r l\u00e4tta att b\u00e4ra och enklare att integrera i olika exklusiva f\u00f6rpackningar. L\u00e4mplig f\u00f6r parfym, cologne eller personlig doft, l\u00e4mplig f\u00f6r b\u00e5de m\u00e4n och kvinnor.<\/p>\n<h2>Ett elegant val f\u00f6r resor, en kvalitetspartner f\u00f6r varum\u00e4rken<\/h2>\n<p>Denna mini-parfymflaska \u00e4r kompakt och b\u00e4rbar, perfekt f\u00f6r resor, provset eller specialdesignade parfymflaskor. Dess sofistikerade utseende kommer att f\u00f6rb\u00e4ttra presentset, prenumerationsboxar och displayer, och \u00e4r \u00e4ven l\u00e4mplig som personliga doftg\u00e5vor f\u00f6r kampanjer, br\u00f6llop eller evenemang.<\/p>\n<h2>Viktiga specifikationer<\/h2>\n<div class=\"hyc-common-markdown__table-wrapper\">\n<table>\n<thead>\n<tr>\n<th>Parameter<\/th>\n<th>Detalj<\/th>\n<\/tr>\n<\/thead>\n<tbody>\n<tr>\n<td>Modell<\/td>\n<td>PB-BF1801<\/td>\n<\/tr>\n<tr>\n<td>Kapacitet<\/td>\n<td>25 ml<\/td>\n<\/tr>\n<tr>\n<td>M\u00e5tt<\/td>\n<td>52x21x68mm<\/td>\n<\/tr>\n<tr>\n<td>Material<\/td>\n<td>H\u00f6gkvalitativt kristallglas<\/td>\n<\/tr>\n<tr>\n<td>M\u00f6ssalternativ<\/td>\n<td>Svart, transparent, silverf\u00e4rgad topp<\/td>\n<\/tr>\n<tr>\n<td>T\u00e4tningstyp<\/td>\n<td>Sprutlock<\/td>\n<\/tr>\n<tr>\n<td>Form<\/td>\n<td>Rektangul\u00e4r med avfasade kanter<\/td>\n<\/tr>\n<\/tbody>\n<\/table>\n<\/div>\n<h2>Arbeta med betrodda leverant\u00f6rer<\/h2>\n<p>Som professionell tillverkare av parfymflaskor \u00e4r vi engagerade i att tillhandah\u00e5lla ett komplett utbud av supporttj\u00e4nster till grossister och varum\u00e4rken:<\/p>\n<ul>\n<li><strong>Lagerklar leverans:<\/strong> st\u00f6dja stora best\u00e4llningar och snabb leverans.<\/li>\n<li><strong>Personlig anpassning:<\/strong> anpassningsbar flaskform, f\u00e4rg, f\u00f6rseglingsmetod och frostningsprocess.<\/li>\n<li><strong>F\u00f6rpackningsst\u00f6d:<\/strong> Vi kan \u00e4ven hj\u00e4lpa till med f\u00f6rpackningsdesign! Vi skapar g\u00e4rna en unik f\u00f6rpackningsl\u00f6sning \u00e5t dig.<\/li>\n<\/ul>\n<p>Vill du specialdesigna en unik parfymflaska? Kontakta oss g\u00e4rna! V\u00e4lj oss f\u00f6r att g\u00f6ra din parfym \u00e4nnu snyggare.<\/p>","protected":false},"excerpt":{"rendered":"<p>Uppt\u00e4ck eleganta 25 ml mini-doftflaskor med silverlock \u2013 premium parfymf\u00f6rpackningar i glas f\u00f6r varum\u00e4rken. Storbest\u00e4llningar och specialdesignade produkter \u00e4r tillg\u00e4ngliga.<\/p>","protected":false},"featured_media":2625,"comment_status":"open","ping_status":"closed","template":"","meta":{"_acf_changed":false,"site-sidebar-layout":"default","site-content-layout":"","ast-site-content-layout":"default","site-content-style":"default","site-sidebar-style":"default","ast-global-header-display":"","ast-banner-title-visibility":"","ast-main-header-display":"","ast-hfb-above-header-display":"","ast-hfb-below-header-display":"","ast-hfb-mobile-header-display":"","site-post-title":"","ast-breadcrumbs-content":"","ast-featured-img":"","footer-sml-layout":"","ast-disable-related-posts":"","theme-transparent-header-meta":"default","adv-header-id-meta":"","stick-header-meta":"","header-above-stick-meta":"","header-main-stick-meta":"","header-below-stick-meta":"","astra-migrate-meta-layouts":"set","ast-page-background-enabled":"default","ast-page-background-meta":{"desktop":{"background-color":"var(--ast-global-color-5)","background-image":"","background-repeat":"repeat","background-position":"center center","background-size":"auto","background-attachment":"scroll","background-type":"","background-media":"","overlay-type":"","overlay-color":"","overlay-opacity":"","overlay-gradient":""},"tablet":{"background-color":"","background-image":"","background-repeat":"repeat","background-position":"center center","background-size":"auto","background-attachment":"scroll","background-type":"","background-media":"","overlay-type":"","overlay-color":"","overlay-opacity":"","overlay-gradient":""},"mobile":{"background-color":"","background-image":"","background-repeat":"repeat","background-position":"center center","background-size":"auto","background-attachment":"scroll","background-type":"","background-media":"","overlay-type":"","overlay-color":"","overlay-opacity":"","overlay-gradient":""}},"ast-content-background-meta":{"desktop":{"background-color":"var(--ast-global-color-4)","background-image":"","background-repeat":"repeat","background-position":"center center","background-size":"auto","background-attachment":"scroll","background-type":"","background-media":"","overlay-type":"","overlay-color":"","overlay-opacity":"","overlay-gradient":""},"tablet":{"background-color":"var(--ast-global-color-4)","background-image":"","background-repeat":"repeat","background-position":"center center","background-size":"auto","background-attachment":"scroll","background-type":"","background-media":"","overlay-type":"","overlay-color":"","overlay-opacity":"","overlay-gradient":""},"mobile":{"background-color":"var(--ast-global-color-4)","background-image":"","background-repeat":"repeat","background-position":"center center","background-size":"auto","background-attachment":"scroll","background-type":"","background-media":"","overlay-type":"","overlay-color":"","overlay-opacity":"","overlay-gradient":""}}},"product_brand":[],"product_cat":[41,72,74],"product_tag":[84],"class_list":{"0":"post-2622","1":"product","2":"type-product","3":"status-publish","4":"has-post-thumbnail","6":"product_cat-perfume-bottles","7":"product_cat-cosmetic-packaging","8":"product_cat-mini-perfume-bottles","9":"product_tag-fragrance-bottles","10":"desktop-align-left","11":"tablet-align-left","12":"mobile-align-left","14":"first","15":"instock","16":"shipping-taxable","17":"product-type-simple"},"acf":[],"jetpack_sharing_enabled":true,"_links":{"self":[{"href":"https:\/\/theperfumebottles.com\/sv\/wp-json\/wp\/v2\/product\/2622","targetHints":{"allow":["GET"]}}],"collection":[{"href":"https:\/\/theperfumebottles.com\/sv\/wp-json\/wp\/v2\/product"}],"about":[{"href":"https:\/\/theperfumebottles.com\/sv\/wp-json\/wp\/v2\/types\/product"}],"replies":[{"embeddable":true,"href":"https:\/\/theperfumebottles.com\/sv\/wp-json\/wp\/v2\/comments?post=2622"}],"wp:featuredmedia":[{"embeddable":true,"href":"https:\/\/theperfumebottles.com\/sv\/wp-json\/wp\/v2\/media\/2625"}],"wp:attachment":[{"href":"https:\/\/theperfumebottles.com\/sv\/wp-json\/wp\/v2\/media?parent=2622"}],"wp:term":[{"taxonomy":"product_brand","embeddable":true,"href":"https:\/\/theperfumebottles.com\/sv\/wp-json\/wp\/v2\/product_brand?post=2622"},{"taxonomy":"product_cat","embeddable":true,"href":"https:\/\/theperfumebottles.com\/sv\/wp-json\/wp\/v2\/product_cat?post=2622"},{"taxonomy":"product_tag","embeddable":true,"href":"https:\/\/theperfumebottles.com\/sv\/wp-json\/wp\/v2\/product_tag?post=2622"}],"curies":[{"name":"wp","href":"https:\/\/api.w.org\/{rel}","templated":true}]}}