{"id":2729,"date":"2025-03-17T06:08:29","date_gmt":"2025-03-17T06:08:29","guid":{"rendered":"https:\/\/theperfumebottles.com\/?post_type=product&#038;p=2729"},"modified":"2025-05-30T10:04:54","modified_gmt":"2025-05-30T02:04:54","slug":"little-perfume-bottles-empty-mini-containers-wholesale","status":"publish","type":"product","link":"https:\/\/theperfumebottles.com\/sv\/produkt\/little-perfume-bottles-empty-mini-containers-wholesale\/","title":{"rendered":"25ml sm\u00e5 parfymflaskor \u2013 Tomma minibeh\u00e5llare grossist"},"content":{"rendered":"<p>Denna mini-parfymflaska p\u00e5 25 ml \u00e4r designad f\u00f6r varum\u00e4rken som str\u00e4var efter kvalitet. Den \u00e4r b\u00e5de modern och praktisk och utstr\u00e5lar en l\u00e4tt lyxig textur i enkelhet. Denna mini-parfymflaska p\u00e5 25 ml finns med tre f\u00e4rger p\u00e5 korkarna: champagneguld, spegelblank silver och mattsvart, l\u00e4mplig f\u00f6r olika m\u00e4rkesstilar. Den transparenta flaskans kropp visar tydligt parfymens f\u00e4rg, och den innovativa munstycksdesignen g\u00f6r sprayen delikat och j\u00e4mn, och den \u00e4r l\u00e4tt att anv\u00e4nda med en hand. Modern l\u00e4tt lyxig design + uts\u00f6kta detaljer \u00e4r idealiska f\u00f6r varum\u00e4rkesanpassning och stork\u00f6p.<\/p>\n<h2>M\u00e5ngsidiga anv\u00e4ndningsomr\u00e5den: Fr\u00e5n provtagning till lyxkollektioner<\/h2>\n<p>Denna mini-parfymflaska \u00e4r som en personlig doftbetj\u00e4nt i fickan \u2013 oavsett om det \u00e4r en reseparfym, en limiterad upplaga av cologne eller ett exklusivt parfymset, \u00e4r den perfekt. Med sin handflatestorlek (41x25x77 mm) rymmer den l\u00e4tt kvinnornas \u00f6mma doft eller m\u00e4nnens lugna andetag. Den passar b\u00e4ttre som den sista touchen p\u00e5 en br\u00f6llopspresentask eller ett m\u00e4rkesset.<\/p>\n<h2>Viktiga specifikationer<\/h2>\n<div class=\"hyc-common-markdown__table-wrapper\">\n<table>\n<thead>\n<tr>\n<th>Parameter<\/th>\n<th>Detalj<\/th>\n<\/tr>\n<\/thead>\n<tbody>\n<tr>\n<td>Modell<\/td>\n<td>PB-BF1901<\/td>\n<\/tr>\n<tr>\n<td>Kapacitet<\/td>\n<td>25 ml<\/td>\n<\/tr>\n<tr>\n<td>M\u00e5tt<\/td>\n<td>41 mm x 25 mm x 77 mm<\/td>\n<\/tr>\n<tr>\n<td>F\u00e4rger p\u00e5 kepsarna<\/td>\n<td>Polerat guld, silver, matt svart<\/td>\n<\/tr>\n<tr>\n<td>Material<\/td>\n<td>H\u00f6gkvalitativt kristallglas<\/td>\n<\/tr>\n<tr>\n<td>St\u00e4ngningstyp<\/td>\n<td>Sprutlock<\/td>\n<\/tr>\n<tr>\n<td>Anpassade alternativ<\/td>\n<td>Gravyr, Etiketter, Frostad yta<\/td>\n<\/tr>\n<\/tbody>\n<\/table>\n<\/div>\n<h2>Kompletta l\u00f6sningar f\u00f6r ditt varum\u00e4rke<\/h2>\n<p>Som en p\u00e5litlig tillverkare av parfymflaskor erbjuder vi flexibilitet vid bulkordrar och lagervaror f\u00f6r snabb leverans. Oavsett om du beh\u00f6ver tomma parfymflaskor i grossistledet eller specialanpassade parfymf\u00f6rpackningar, erbjuder v\u00e5r fabrik kompletta l\u00f6sningar \u2013 fr\u00e5n former och f\u00e4rger till f\u00f6rslutningar och tillbeh\u00f6r.<\/p>\n<h2>Agera idag:<\/h2>\n<ul>\n<li>Beg\u00e4r gratisprover<\/li>\n<li>Utforska alternativ f\u00f6r anpassade ytbehandlingar<\/li>\n<li>K\u00f6p stora kvantiteter med m\u00e4rkesf\u00f6rpackningar<\/li>\n<\/ul>\n<p>F\u00f6rh\u00f6j din doftlinje med en premiumflaska som speglar ditt varum\u00e4rkes sofistikering. Kontakta oss nu f\u00f6r att skapa en tidl\u00f6s kollektion av parfymsprayflaskor!<\/p>","protected":false},"excerpt":{"rendered":"<p>Dessa sm\u00e5 parfymflaskor p\u00e5 25 ml \u00e4r utformade f\u00f6r kr\u00e4sna varum\u00e4rken och kombinerar elegant design med f\u00f6rstklassig funktionalitet.<\/p>","protected":false},"featured_media":2733,"comment_status":"open","ping_status":"closed","template":"","meta":{"_acf_changed":false,"site-sidebar-layout":"default","site-content-layout":"","ast-site-content-layout":"default","site-content-style":"default","site-sidebar-style":"default","ast-global-header-display":"","ast-banner-title-visibility":"","ast-main-header-display":"","ast-hfb-above-header-display":"","ast-hfb-below-header-display":"","ast-hfb-mobile-header-display":"","site-post-title":"","ast-breadcrumbs-content":"","ast-featured-img":"","footer-sml-layout":"","ast-disable-related-posts":"","theme-transparent-header-meta":"default","adv-header-id-meta":"","stick-header-meta":"","header-above-stick-meta":"","header-main-stick-meta":"","header-below-stick-meta":"","astra-migrate-meta-layouts":"set","ast-page-background-enabled":"default","ast-page-background-meta":{"desktop":{"background-color":"var(--ast-global-color-5)","background-image":"","background-repeat":"repeat","background-position":"center center","background-size":"auto","background-attachment":"scroll","background-type":"","background-media":"","overlay-type":"","overlay-color":"","overlay-opacity":"","overlay-gradient":""},"tablet":{"background-color":"","background-image":"","background-repeat":"repeat","background-position":"center center","background-size":"auto","background-attachment":"scroll","background-type":"","background-media":"","overlay-type":"","overlay-color":"","overlay-opacity":"","overlay-gradient":""},"mobile":{"background-color":"","background-image":"","background-repeat":"repeat","background-position":"center center","background-size":"auto","background-attachment":"scroll","background-type":"","background-media":"","overlay-type":"","overlay-color":"","overlay-opacity":"","overlay-gradient":""}},"ast-content-background-meta":{"desktop":{"background-color":"var(--ast-global-color-4)","background-image":"","background-repeat":"repeat","background-position":"center center","background-size":"auto","background-attachment":"scroll","background-type":"","background-media":"","overlay-type":"","overlay-color":"","overlay-opacity":"","overlay-gradient":""},"tablet":{"background-color":"var(--ast-global-color-4)","background-image":"","background-repeat":"repeat","background-position":"center center","background-size":"auto","background-attachment":"scroll","background-type":"","background-media":"","overlay-type":"","overlay-color":"","overlay-opacity":"","overlay-gradient":""},"mobile":{"background-color":"var(--ast-global-color-4)","background-image":"","background-repeat":"repeat","background-position":"center center","background-size":"auto","background-attachment":"scroll","background-type":"","background-media":"","overlay-type":"","overlay-color":"","overlay-opacity":"","overlay-gradient":""}}},"product_brand":[],"product_cat":[72,74,41],"product_tag":[],"class_list":{"0":"post-2729","1":"product","2":"type-product","3":"status-publish","4":"has-post-thumbnail","6":"product_cat-cosmetic-packaging","7":"product_cat-mini-perfume-bottles","8":"product_cat-perfume-bottles","9":"desktop-align-left","10":"tablet-align-left","11":"mobile-align-left","13":"first","14":"instock","15":"shipping-taxable","16":"product-type-simple"},"acf":[],"jetpack_sharing_enabled":true,"_links":{"self":[{"href":"https:\/\/theperfumebottles.com\/sv\/wp-json\/wp\/v2\/product\/2729","targetHints":{"allow":["GET"]}}],"collection":[{"href":"https:\/\/theperfumebottles.com\/sv\/wp-json\/wp\/v2\/product"}],"about":[{"href":"https:\/\/theperfumebottles.com\/sv\/wp-json\/wp\/v2\/types\/product"}],"replies":[{"embeddable":true,"href":"https:\/\/theperfumebottles.com\/sv\/wp-json\/wp\/v2\/comments?post=2729"}],"wp:featuredmedia":[{"embeddable":true,"href":"https:\/\/theperfumebottles.com\/sv\/wp-json\/wp\/v2\/media\/2733"}],"wp:attachment":[{"href":"https:\/\/theperfumebottles.com\/sv\/wp-json\/wp\/v2\/media?parent=2729"}],"wp:term":[{"taxonomy":"product_brand","embeddable":true,"href":"https:\/\/theperfumebottles.com\/sv\/wp-json\/wp\/v2\/product_brand?post=2729"},{"taxonomy":"product_cat","embeddable":true,"href":"https:\/\/theperfumebottles.com\/sv\/wp-json\/wp\/v2\/product_cat?post=2729"},{"taxonomy":"product_tag","embeddable":true,"href":"https:\/\/theperfumebottles.com\/sv\/wp-json\/wp\/v2\/product_tag?post=2729"}],"curies":[{"name":"wp","href":"https:\/\/api.w.org\/{rel}","templated":true}]}}