{"id":2743,"date":"2025-03-18T07:06:07","date_gmt":"2025-03-18T07:06:07","guid":{"rendered":"https:\/\/theperfumebottles.com\/?post_type=product&#038;p=2743"},"modified":"2025-03-18T07:30:54","modified_gmt":"2025-03-18T07:30:54","slug":"mens-cologne-black-square-bottle","status":"publish","type":"product","link":"https:\/\/theperfumebottles.com\/sv\/produkt\/mens-cologne-black-square-bottle\/","title":{"rendered":"30ml 50ml 100ml herrparfym svart fyrkantig flaska"},"content":{"rendered":"<p>Uppt\u00e4ck den svarta fyrkantiga flaskan f\u00f6r herrparfym som \u00e4r utformad f\u00f6r varum\u00e4rken som s\u00f6ker de b\u00e4sta parfymflaskorna f\u00f6r att lyfta sina doftlinjer. V\u00e5ra svarta parfymflaskor \u00e4r tillverkade med precision och kombinerar modern minimalism med tidl\u00f6s sofistikering, perfekt f\u00f6r lyxparfymer och nischkollektioner.<\/p>\n<h2>Produktspecifikationer i korthet<\/h2>\n<div class=\"hyc-common-markdown__table-wrapper\">\n<table>\n<thead>\n<tr>\n<th>Modell<\/th>\n<th>Kapacitet<\/th>\n<th>M\u00e5tt (mm)<\/th>\n<th>Glasf\u00e4rg<\/th>\n<th>F\u00e4rg p\u00e5 kepsen<\/th>\n<th>Material<\/th>\n<\/tr>\n<\/thead>\n<tbody>\n<tr>\n<td>PB-BM0401<\/td>\n<td>30 ml<\/td>\n<td>42\u00d729\u00d777<\/td>\n<td>Matt svart<\/td>\n<td>Polerad<\/td>\n<td>Kristallglas<\/td>\n<\/tr>\n<tr>\n<td>PB-BM0402<\/td>\n<td>50 ml<\/td>\n<td>51\u00d728\u00d792<\/td>\n<td>Matt svart<\/td>\n<td>Polerad<\/td>\n<td>Kristallglas<\/td>\n<\/tr>\n<tr>\n<td>PB-BM0403<\/td>\n<td>100 ml<\/td>\n<td>53\u00d735\u00d7116<\/td>\n<td>Matt svart<\/td>\n<td>Polerad<\/td>\n<td>Kristallglas<\/td>\n<\/tr>\n<\/tbody>\n<\/table>\n<\/div>\n<h2>Skr\u00e4ddarsydda l\u00f6sningar f\u00f6r varum\u00e4rkesframg\u00e5ng<\/h2>\n<p>F\u00f6rvandla dessa tomma parfymbeh\u00e5llare till m\u00e4sterverk med varum\u00e4rkesprofil. V\u00e4lj graverade logotyper, anpassade f\u00e4rger eller exklusiva ytbehandlingsalternativ (t.ex. antika eller genomskinliga effekter). Vi \u00e4r idealiska f\u00f6r grossistpartners och erbjuder konkurrenskraftiga priser p\u00e5 bulkbest\u00e4llningar med flexibla MOQ:er.<\/p>\n<h3>M\u00e5ngsidiga applikationer inom alla doftomr\u00e5den<\/h3>\n<p>Oavsett om du tillverkar cologne f\u00f6r m\u00e4n, parfym f\u00f6r kvinnor eller unisexdofter passar den h\u00e4r fyrkantiga parfymflaskan i glas till alla doftkategorier. Dess eleganta design passar:<\/p>\n<ul>\n<li>Nischade parfymm\u00e4rken i lyxsegmentet<\/li>\n<li>Kollektioner i begr\u00e4nsad upplaga<\/li>\n<li>Personliga presentf\u00f6rpackningar<\/li>\n<li>Premium displayer f\u00f6r detaljhandeln<\/li>\n<\/ul>\n<h2>Varf\u00f6r v\u00e4lja v\u00e5ra svarta fyrkantiga K\u00f6ln-flaskor?<\/h2>\n<p>Som en p\u00e5litlig tillverkare av parfymf\u00f6rpackningar erbjuder vi kompletta l\u00f6sningar fr\u00e5n design till leverans. V\u00e5ra svarta parfymflaskor \u00e4r konstruerade f\u00f6r att:<\/p>\n<ol>\n<li>F\u00f6rb\u00e4ttra det upplevda v\u00e4rdet med lyxig estetik.<\/li>\n<li>Skydda dofterna med UV-best\u00e4ndigt glas.<\/li>\n<li>Effektivisera varum\u00e4rkesarbetet med anpassad gravyr och tillbeh\u00f6r.<\/li>\n<\/ol>\n<h2>Lyft ditt varum\u00e4rke med tidl\u00f6s elegans<\/h2>\n<p>St\u00e5 ut p\u00e5 den konkurrensutsatta doftmarknaden med v\u00e5r svarta fyrkantiga flaska f\u00f6r herrparfym - en toppkandidat bland de b\u00e4sta parfymflaskorna som finns. Optimerad f\u00f6r svarta parfymflaskor grossistpartnerskap, denna design sammanfogar funktionalitet med premium \u00f6verklagande. Kontakta v\u00e5rt team idag f\u00f6r att diskutera anpassade best\u00e4llningar eller rabatter p\u00e5 bulkk\u00f6p!<\/p>\n<p>\u00c4r du redo att skapa en minnesv\u00e4rd doftupplevelse? Beg\u00e4r en offert nu f\u00f6r svarta parfymflaskor grossist och l\u00e5s upp exklusiva varum\u00e4rkesalternativ!<\/p>","protected":false},"excerpt":{"rendered":"<p>Uppt\u00e4ck den svarta fyrkantiga flaskan f\u00f6r herrparfym designad f\u00f6r varum\u00e4rken som s\u00f6ker de b\u00e4sta parfymflaskorna f\u00f6r att lyfta sina doftlinjer. Utformad [...]<\/p>","protected":false},"featured_media":2752,"comment_status":"open","ping_status":"closed","template":"","meta":{"_acf_changed":false,"site-sidebar-layout":"default","site-content-layout":"","ast-site-content-layout":"default","site-content-style":"default","site-sidebar-style":"default","ast-global-header-display":"","ast-banner-title-visibility":"","ast-main-header-display":"","ast-hfb-above-header-display":"","ast-hfb-below-header-display":"","ast-hfb-mobile-header-display":"","site-post-title":"","ast-breadcrumbs-content":"","ast-featured-img":"","footer-sml-layout":"","ast-disable-related-posts":"","theme-transparent-header-meta":"default","adv-header-id-meta":"","stick-header-meta":"","header-above-stick-meta":"","header-main-stick-meta":"","header-below-stick-meta":"","astra-migrate-meta-layouts":"set","ast-page-background-enabled":"default","ast-page-background-meta":{"desktop":{"background-color":"var(--ast-global-color-5)","background-image":"","background-repeat":"repeat","background-position":"center center","background-size":"auto","background-attachment":"scroll","background-type":"","background-media":"","overlay-type":"","overlay-color":"","overlay-opacity":"","overlay-gradient":""},"tablet":{"background-color":"","background-image":"","background-repeat":"repeat","background-position":"center center","background-size":"auto","background-attachment":"scroll","background-type":"","background-media":"","overlay-type":"","overlay-color":"","overlay-opacity":"","overlay-gradient":""},"mobile":{"background-color":"","background-image":"","background-repeat":"repeat","background-position":"center center","background-size":"auto","background-attachment":"scroll","background-type":"","background-media":"","overlay-type":"","overlay-color":"","overlay-opacity":"","overlay-gradient":""}},"ast-content-background-meta":{"desktop":{"background-color":"var(--ast-global-color-4)","background-image":"","background-repeat":"repeat","background-position":"center center","background-size":"auto","background-attachment":"scroll","background-type":"","background-media":"","overlay-type":"","overlay-color":"","overlay-opacity":"","overlay-gradient":""},"tablet":{"background-color":"var(--ast-global-color-4)","background-image":"","background-repeat":"repeat","background-position":"center center","background-size":"auto","background-attachment":"scroll","background-type":"","background-media":"","overlay-type":"","overlay-color":"","overlay-opacity":"","overlay-gradient":""},"mobile":{"background-color":"var(--ast-global-color-4)","background-image":"","background-repeat":"repeat","background-position":"center center","background-size":"auto","background-attachment":"scroll","background-type":"","background-media":"","overlay-type":"","overlay-color":"","overlay-opacity":"","overlay-gradient":""}}},"product_brand":[],"product_cat":[79,72,41],"product_tag":[],"class_list":{"0":"post-2743","1":"product","2":"type-product","3":"status-publish","4":"has-post-thumbnail","6":"product_cat-black-perfume-bottles","7":"product_cat-cosmetic-packaging","8":"product_cat-perfume-bottles","9":"desktop-align-left","10":"tablet-align-left","11":"mobile-align-left","13":"first","14":"instock","15":"shipping-taxable","16":"product-type-simple"},"acf":[],"jetpack_sharing_enabled":true,"_links":{"self":[{"href":"https:\/\/theperfumebottles.com\/sv\/wp-json\/wp\/v2\/product\/2743","targetHints":{"allow":["GET"]}}],"collection":[{"href":"https:\/\/theperfumebottles.com\/sv\/wp-json\/wp\/v2\/product"}],"about":[{"href":"https:\/\/theperfumebottles.com\/sv\/wp-json\/wp\/v2\/types\/product"}],"replies":[{"embeddable":true,"href":"https:\/\/theperfumebottles.com\/sv\/wp-json\/wp\/v2\/comments?post=2743"}],"wp:featuredmedia":[{"embeddable":true,"href":"https:\/\/theperfumebottles.com\/sv\/wp-json\/wp\/v2\/media\/2752"}],"wp:attachment":[{"href":"https:\/\/theperfumebottles.com\/sv\/wp-json\/wp\/v2\/media?parent=2743"}],"wp:term":[{"taxonomy":"product_brand","embeddable":true,"href":"https:\/\/theperfumebottles.com\/sv\/wp-json\/wp\/v2\/product_brand?post=2743"},{"taxonomy":"product_cat","embeddable":true,"href":"https:\/\/theperfumebottles.com\/sv\/wp-json\/wp\/v2\/product_cat?post=2743"},{"taxonomy":"product_tag","embeddable":true,"href":"https:\/\/theperfumebottles.com\/sv\/wp-json\/wp\/v2\/product_tag?post=2743"}],"curies":[{"name":"wp","href":"https:\/\/api.w.org\/{rel}","templated":true}]}}