{"id":2787,"date":"2025-03-19T09:25:42","date_gmt":"2025-03-19T09:25:42","guid":{"rendered":"https:\/\/theperfumebottles.com\/?post_type=product&#038;p=2787"},"modified":"2025-05-30T15:39:08","modified_gmt":"2025-05-30T07:39:08","slug":"luxury-mens-cologne-black-bottles","status":"publish","type":"product","link":"https:\/\/theperfumebottles.com\/sv\/produkt\/luxury-mens-cologne-black-bottles\/","title":{"rendered":"30ml 50ml 100ml Lyxiga Herrparfym Svarta Flaskor"},"content":{"rendered":"<h2>Svarta premiumflaskor f\u00f6r K\u00f6ln: Tidl\u00f6s elegans f\u00f6r moderna varum\u00e4rken<\/h2>\n<p>Denna parfymflaska i matt svart glas \u00e4r som den frusna natten, och flaskans linjer kombineras med tidens struktur och skapar en mystisk beh\u00e5llare f\u00f6r herrparfym. Den genomskinliga djupa f\u00e4rgen g\u00f6r doften hotande, precis som den rena svarta kostymen i en gentlemans garderob som aldrig bleknar, med en l\u00e5g profil och en dold kant. Oavsett om det \u00e4r en kall tr\u00e4ton eller en varm orientalisk doft, kan den bryta k\u00f6nsgr\u00e4nserna och hitta sj\u00e4lslig resonans i djupet av mattsvart. Det anpassningsbara svanhalsmunstycket och det lasergraverade m\u00e4rket g\u00f6r varje detalj till en fotnot i varum\u00e4rkets ber\u00e4ttelse - n\u00e4r de tre kapaciteterna 30\/50\/100 ml m\u00f6ter det geometriska m\u00f6nstret p\u00e5 flasklocket \u00e4r varje flaska p\u00e5 hyllan en tyst kvalitetsdeklaration som g\u00f6r att varum\u00e4rket kan sticka ut p\u00e5 den bullriga marknaden.<\/p>\n<h2>Till\u00e4mpningar och scenarier<\/h2>\n<p><strong>Dessa svarta parfymflaskor \u00e4r utformade f\u00f6r varum\u00e4rken som riktar sig till lyx- och nischmarknader:<\/strong><\/p>\n<ul>\n<li>\u200b<strong>K\u00f6ln f\u00f6r m\u00e4n:<\/strong> Det mattsvarta glaset och den rektangul\u00e4ra formen framkallar maskulinitet och \u00e4r perfekt f\u00f6r kollektioner med svarta parfymflaskor f\u00f6r m\u00e4n.<\/li>\n<li><strong>Parfym f\u00f6r kvinnor:<\/strong> Kombinera med guldaccenter f\u00f6r damparfymer med svarta flaskor.<\/li>\n<li><strong>Begr\u00e4nsade utg\u00e5vor:<\/strong> Anv\u00e4nd anpassad gravyr f\u00f6r s\u00e4songsbetonade eller exklusiva utg\u00e5vor.<\/li>\n<li>\u200b<strong>G\u00e5vor till f\u00f6retag:<\/strong> Bulkbest\u00e4llningar med parfymbeh\u00e5llare med varum\u00e4rke h\u00f6jer B2B-g\u00e5vorna.<\/li>\n<\/ul>\n<h2>Tekniska specifikationer<\/h2>\n<div class=\"hyc-common-markdown__table-wrapper\">\n<table>\n<thead>\n<tr>\n<th>\u200b<strong>Modell<\/strong><\/th>\n<th>Kapacitet<\/th>\n<th>M\u00e5tt (mm)<\/th>\n<th>Glasf\u00e4rg<\/th>\n<th>Kepstyp<\/th>\n<th>Material<\/th>\n<\/tr>\n<\/thead>\n<tbody>\n<tr>\n<td>PB-BM0601<\/td>\n<td>30 ml<\/td>\n<td>42x29x76<\/td>\n<td>Matt svart<\/td>\n<td>Polerad svart<\/td>\n<td>Kristallglas<\/td>\n<\/tr>\n<tr>\n<td>PB-BM0602<\/td>\n<td>50 ml<\/td>\n<td>51x28x91<\/td>\n<td>Matt svart<\/td>\n<td>Polerad svart<\/td>\n<td>Kristallglas<\/td>\n<\/tr>\n<tr>\n<td>PB-BM0603<\/td>\n<td>100 ml<\/td>\n<td>53x36x116<\/td>\n<td>Matt svart<\/td>\n<td>Polerad svart<\/td>\n<td>Kristallglas<\/td>\n<\/tr>\n<\/tbody>\n<\/table>\n<\/div>\n<h2>Anpassning och grossistl\u00f6sningar<\/h2>\n<p>Vi \u00e4r specialiserade p\u00e5<strong>kompletta l\u00f6sningar<\/strong>\u00a0f\u00f6r varum\u00e4rken:<\/p>\n<ul>\n<li>\u200b<strong>MOQ<\/strong>: Flexibla bulkbest\u00e4llningar fr\u00e5n 500 enheter.<\/li>\n<li>\u200b<strong>Varum\u00e4rkesbyggande<\/strong>: V\u00e4lj tryck, gravyr eller pr\u00e4glade logotyper.<\/li>\n<li>\u200b<strong>St\u00e4ngningar<\/strong>: Guld-\/silverlock, magnetiska lock eller anpassade f\u00f6rslutningar.<\/li>\n<li>\u200b<strong>F\u00f6rpackning<\/strong>: Kombinera med lyxiga l\u00e5dor eller milj\u00f6v\u00e4nliga fodral.<\/li>\n<\/ul>\n<h2>Lyft ditt doftvarum\u00e4rke med svarta flaskor<\/h2>\n<p>Fr\u00e5n svarta parfymflaskor f\u00f6r m\u00e4n till svarta parfymflaskor f\u00f6r kvinnor, v\u00e5r design blandar elegant estetik och praktiska egenskaper. Med l\u00e5ga MOQ:er, anpassade f\u00f6rpackningar och h\u00e5llbara parfymflaskor i glas ger vi varum\u00e4rken m\u00f6jlighet att skapa unika premiumdofter som f\u00e4ngslar konsumenterna.<br \/>\nKontakta oss idag f\u00f6r att diskutera grossistpriser och skr\u00e4ddarsydda l\u00f6sningar f\u00f6r parfymsprayflaskor!<\/p>","protected":false},"excerpt":{"rendered":"<p>F\u00f6r varum\u00e4rken som tillverkar svarta parfymflaskor f\u00f6r m\u00e4n eller svarta parfymflaskor, definierar v\u00e5ra mattsvarta glasdesign sofistikeradhet.<\/p>","protected":false},"featured_media":2792,"comment_status":"open","ping_status":"closed","template":"","meta":{"_acf_changed":false,"site-sidebar-layout":"default","site-content-layout":"","ast-site-content-layout":"default","site-content-style":"default","site-sidebar-style":"default","ast-global-header-display":"","ast-banner-title-visibility":"","ast-main-header-display":"","ast-hfb-above-header-display":"","ast-hfb-below-header-display":"","ast-hfb-mobile-header-display":"","site-post-title":"","ast-breadcrumbs-content":"","ast-featured-img":"","footer-sml-layout":"","ast-disable-related-posts":"","theme-transparent-header-meta":"default","adv-header-id-meta":"","stick-header-meta":"","header-above-stick-meta":"","header-main-stick-meta":"","header-below-stick-meta":"","astra-migrate-meta-layouts":"set","ast-page-background-enabled":"default","ast-page-background-meta":{"desktop":{"background-color":"var(--ast-global-color-5)","background-image":"","background-repeat":"repeat","background-position":"center center","background-size":"auto","background-attachment":"scroll","background-type":"","background-media":"","overlay-type":"","overlay-color":"","overlay-opacity":"","overlay-gradient":""},"tablet":{"background-color":"","background-image":"","background-repeat":"repeat","background-position":"center center","background-size":"auto","background-attachment":"scroll","background-type":"","background-media":"","overlay-type":"","overlay-color":"","overlay-opacity":"","overlay-gradient":""},"mobile":{"background-color":"","background-image":"","background-repeat":"repeat","background-position":"center center","background-size":"auto","background-attachment":"scroll","background-type":"","background-media":"","overlay-type":"","overlay-color":"","overlay-opacity":"","overlay-gradient":""}},"ast-content-background-meta":{"desktop":{"background-color":"var(--ast-global-color-4)","background-image":"","background-repeat":"repeat","background-position":"center center","background-size":"auto","background-attachment":"scroll","background-type":"","background-media":"","overlay-type":"","overlay-color":"","overlay-opacity":"","overlay-gradient":""},"tablet":{"background-color":"var(--ast-global-color-4)","background-image":"","background-repeat":"repeat","background-position":"center center","background-size":"auto","background-attachment":"scroll","background-type":"","background-media":"","overlay-type":"","overlay-color":"","overlay-opacity":"","overlay-gradient":""},"mobile":{"background-color":"var(--ast-global-color-4)","background-image":"","background-repeat":"repeat","background-position":"center center","background-size":"auto","background-attachment":"scroll","background-type":"","background-media":"","overlay-type":"","overlay-color":"","overlay-opacity":"","overlay-gradient":""}}},"product_brand":[],"product_cat":[79,72,91,41],"product_tag":[],"class_list":{"0":"post-2787","1":"product","2":"type-product","3":"status-publish","4":"has-post-thumbnail","6":"product_cat-black-perfume-bottles","7":"product_cat-cosmetic-packaging","8":"product_cat-custom-perfume-bottles","9":"product_cat-perfume-bottles","10":"desktop-align-left","11":"tablet-align-left","12":"mobile-align-left","14":"first","15":"instock","16":"shipping-taxable","17":"product-type-simple"},"acf":[],"jetpack_sharing_enabled":true,"_links":{"self":[{"href":"https:\/\/theperfumebottles.com\/sv\/wp-json\/wp\/v2\/product\/2787","targetHints":{"allow":["GET"]}}],"collection":[{"href":"https:\/\/theperfumebottles.com\/sv\/wp-json\/wp\/v2\/product"}],"about":[{"href":"https:\/\/theperfumebottles.com\/sv\/wp-json\/wp\/v2\/types\/product"}],"replies":[{"embeddable":true,"href":"https:\/\/theperfumebottles.com\/sv\/wp-json\/wp\/v2\/comments?post=2787"}],"wp:featuredmedia":[{"embeddable":true,"href":"https:\/\/theperfumebottles.com\/sv\/wp-json\/wp\/v2\/media\/2792"}],"wp:attachment":[{"href":"https:\/\/theperfumebottles.com\/sv\/wp-json\/wp\/v2\/media?parent=2787"}],"wp:term":[{"taxonomy":"product_brand","embeddable":true,"href":"https:\/\/theperfumebottles.com\/sv\/wp-json\/wp\/v2\/product_brand?post=2787"},{"taxonomy":"product_cat","embeddable":true,"href":"https:\/\/theperfumebottles.com\/sv\/wp-json\/wp\/v2\/product_cat?post=2787"},{"taxonomy":"product_tag","embeddable":true,"href":"https:\/\/theperfumebottles.com\/sv\/wp-json\/wp\/v2\/product_tag?post=2787"}],"curies":[{"name":"wp","href":"https:\/\/api.w.org\/{rel}","templated":true}]}}